{"id":9576,"date":"2025-01-20T14:44:11","date_gmt":"2025-01-20T12:44:11","guid":{"rendered":"https:\/\/falco.ee\/product\/sanlida-hero-x8-compound-package\/"},"modified":"2025-01-20T15:45:40","modified_gmt":"2025-01-20T13:45:40","slug":"sanlida-hero-x8-compound-package","status":"publish","type":"product","link":"https:\/\/falco.ee\/et\/toode\/sanlida-hero-x8-compound-package\/","title":{"rendered":"SANLIDA HERO X8 PLOKKVIBU KOMPLEKT"},"content":{"rendered":"<p>&nbsp;<\/p>\n<ul>\n<li>Kaal: 1.72kg<\/li>\n<li>Let-off: 70-80%<\/li>\n<li>N\u00f6\u00f6rivahe: 6.5\u201d<\/li>\n<li>T\u00f5mbetugevus: 10-60lbs<\/li>\n<li>T\u00f5mbepikkus: 18-31\u201d<\/li>\n<li>IBO kiirus: 310fps<\/li>\n<li>Telgede vahe: 30\u201d<\/li>\n<li>P\u00f6\u00f6ratav moodul.<\/li>\n<li>Ainult paremak\u00e4elisele.<\/li>\n<li>Komplekt sisaldab: 1x sihik, 1x optika, 1x noolealus, 1x stabilisaator raskuse ja summutiga, n\u00e4pun\u00f6\u00f6r, n\u00f6\u00f6rivaha &amp; v\u00f5tmekomplekt.<\/li>\n<\/ul>\n","protected":false},"excerpt":{"rendered":"<p>Hind sisaldab 22% KM<\/p>\n","protected":false},"featured_media":9575,"comment_status":"closed","ping_status":"closed","template":"","meta":[],"product_brand":[],"product_cat":[286],"product_tag":[],"class_list":{"0":"post-9576","1":"product","2":"type-product","3":"status-publish","4":"has-post-thumbnail","6":"product_cat-ready-to-shoot-sets-et","8":"first","9":"instock","10":"shipping-taxable","11":"purchasable","12":"product-type-simple"},"acf":[],"yoast_head":"<!-- This site is optimized with the Yoast SEO plugin v27.2 - https:\/\/yoast.com\/product\/yoast-seo-wordpress\/ -->\n<title>SANLIDA HERO X8 PLOKKVIBU KOMPLEKT - Falco vibuvarustus<\/title>\n<meta name=\"robots\" content=\"index, follow, max-snippet:-1, max-image-preview:large, max-video-preview:-1\" \/>\n<link rel=\"canonical\" href=\"https:\/\/falco.ee\/et\/toode\/sanlida-hero-x8-compound-package\/\" \/>\n<meta property=\"og:locale\" content=\"et_EE\" \/>\n<meta property=\"og:type\" content=\"article\" \/>\n<meta property=\"og:title\" content=\"SANLIDA HERO X8 PLOKKVIBU KOMPLEKT - Falco vibuvarustus\" \/>\n<meta property=\"og:description\" content=\"Hind sisaldab 22% KM\" \/>\n<meta property=\"og:url\" content=\"https:\/\/falco.ee\/et\/toode\/sanlida-hero-x8-compound-package\/\" \/>\n<meta property=\"og:site_name\" content=\"Falco vibuvarustus\" \/>\n<meta property=\"article:modified_time\" content=\"2025-01-20T13:45:40+00:00\" \/>\n<meta property=\"og:image\" content=\"https:\/\/falco.ee\/wp-content\/uploads\/2025\/01\/SanlidaHeroX8-1024x916.png\" \/>\n\t<meta property=\"og:image:width\" content=\"1024\" \/>\n\t<meta property=\"og:image:height\" content=\"916\" \/>\n\t<meta property=\"og:image:type\" content=\"image\/png\" \/>\n<meta name=\"twitter:card\" content=\"summary_large_image\" \/>\n<meta name=\"twitter:label1\" content=\"Est. reading time\" \/>\n\t<meta name=\"twitter:data1\" content=\"1 minut\" \/>\n<script type=\"application\/ld+json\" class=\"yoast-schema-graph\">{\"@context\":\"https:\/\/schema.org\",\"@graph\":[{\"@type\":\"WebPage\",\"@id\":\"https:\/\/falco.ee\/et\/toode\/sanlida-hero-x8-compound-package\/\",\"url\":\"https:\/\/falco.ee\/et\/toode\/sanlida-hero-x8-compound-package\/\",\"name\":\"SANLIDA HERO X8 PLOKKVIBU KOMPLEKT - Falco vibuvarustus\",\"isPartOf\":{\"@id\":\"https:\/\/falco.ee\/et\/#website\"},\"primaryImageOfPage\":{\"@id\":\"https:\/\/falco.ee\/et\/toode\/sanlida-hero-x8-compound-package\/#primaryimage\"},\"image\":{\"@id\":\"https:\/\/falco.ee\/et\/toode\/sanlida-hero-x8-compound-package\/#primaryimage\"},\"thumbnailUrl\":\"https:\/\/falco.ee\/wp-content\/uploads\/2025\/01\/SanlidaHeroX8.png\",\"datePublished\":\"2025-01-20T12:44:11+00:00\",\"dateModified\":\"2025-01-20T13:45:40+00:00\",\"breadcrumb\":{\"@id\":\"https:\/\/falco.ee\/et\/toode\/sanlida-hero-x8-compound-package\/#breadcrumb\"},\"inLanguage\":\"et\",\"potentialAction\":[{\"@type\":\"ReadAction\",\"target\":[\"https:\/\/falco.ee\/et\/toode\/sanlida-hero-x8-compound-package\/\"]}]},{\"@type\":\"ImageObject\",\"inLanguage\":\"et\",\"@id\":\"https:\/\/falco.ee\/et\/toode\/sanlida-hero-x8-compound-package\/#primaryimage\",\"url\":\"https:\/\/falco.ee\/wp-content\/uploads\/2025\/01\/SanlidaHeroX8.png\",\"contentUrl\":\"https:\/\/falco.ee\/wp-content\/uploads\/2025\/01\/SanlidaHeroX8.png\",\"width\":4611,\"height\":4126},{\"@type\":\"BreadcrumbList\",\"@id\":\"https:\/\/falco.ee\/et\/toode\/sanlida-hero-x8-compound-package\/#breadcrumb\",\"itemListElement\":[{\"@type\":\"ListItem\",\"position\":1,\"name\":\"Home\",\"item\":\"https:\/\/falco.ee\/et\/\"},{\"@type\":\"ListItem\",\"position\":2,\"name\":\"Shop\",\"item\":\"https:\/\/falco.ee\/shop\/\"},{\"@type\":\"ListItem\",\"position\":3,\"name\":\"SANLIDA HERO X8 PLOKKVIBU KOMPLEKT\"}]},{\"@type\":\"WebSite\",\"@id\":\"https:\/\/falco.ee\/et\/#website\",\"url\":\"https:\/\/falco.ee\/et\/\",\"name\":\"Falco vibuvarustus\",\"description\":\"\",\"potentialAction\":[{\"@type\":\"SearchAction\",\"target\":{\"@type\":\"EntryPoint\",\"urlTemplate\":\"https:\/\/falco.ee\/et\/?s={search_term_string}\"},\"query-input\":{\"@type\":\"PropertyValueSpecification\",\"valueRequired\":true,\"valueName\":\"search_term_string\"}}],\"inLanguage\":\"et\"}]}<\/script>\n<!-- \/ Yoast SEO plugin. -->","yoast_head_json":{"title":"SANLIDA HERO X8 PLOKKVIBU KOMPLEKT - Falco vibuvarustus","robots":{"index":"index","follow":"follow","max-snippet":"max-snippet:-1","max-image-preview":"max-image-preview:large","max-video-preview":"max-video-preview:-1"},"canonical":"https:\/\/falco.ee\/et\/toode\/sanlida-hero-x8-compound-package\/","og_locale":"et_EE","og_type":"article","og_title":"SANLIDA HERO X8 PLOKKVIBU KOMPLEKT - Falco vibuvarustus","og_description":"Hind sisaldab 22% KM","og_url":"https:\/\/falco.ee\/et\/toode\/sanlida-hero-x8-compound-package\/","og_site_name":"Falco vibuvarustus","article_modified_time":"2025-01-20T13:45:40+00:00","og_image":[{"width":1024,"height":916,"url":"https:\/\/falco.ee\/wp-content\/uploads\/2025\/01\/SanlidaHeroX8-1024x916.png","type":"image\/png"}],"twitter_card":"summary_large_image","twitter_misc":{"Est. reading time":"1 minut"},"schema":{"@context":"https:\/\/schema.org","@graph":[{"@type":"WebPage","@id":"https:\/\/falco.ee\/et\/toode\/sanlida-hero-x8-compound-package\/","url":"https:\/\/falco.ee\/et\/toode\/sanlida-hero-x8-compound-package\/","name":"SANLIDA HERO X8 PLOKKVIBU KOMPLEKT - Falco vibuvarustus","isPartOf":{"@id":"https:\/\/falco.ee\/et\/#website"},"primaryImageOfPage":{"@id":"https:\/\/falco.ee\/et\/toode\/sanlida-hero-x8-compound-package\/#primaryimage"},"image":{"@id":"https:\/\/falco.ee\/et\/toode\/sanlida-hero-x8-compound-package\/#primaryimage"},"thumbnailUrl":"https:\/\/falco.ee\/wp-content\/uploads\/2025\/01\/SanlidaHeroX8.png","datePublished":"2025-01-20T12:44:11+00:00","dateModified":"2025-01-20T13:45:40+00:00","breadcrumb":{"@id":"https:\/\/falco.ee\/et\/toode\/sanlida-hero-x8-compound-package\/#breadcrumb"},"inLanguage":"et","potentialAction":[{"@type":"ReadAction","target":["https:\/\/falco.ee\/et\/toode\/sanlida-hero-x8-compound-package\/"]}]},{"@type":"ImageObject","inLanguage":"et","@id":"https:\/\/falco.ee\/et\/toode\/sanlida-hero-x8-compound-package\/#primaryimage","url":"https:\/\/falco.ee\/wp-content\/uploads\/2025\/01\/SanlidaHeroX8.png","contentUrl":"https:\/\/falco.ee\/wp-content\/uploads\/2025\/01\/SanlidaHeroX8.png","width":4611,"height":4126},{"@type":"BreadcrumbList","@id":"https:\/\/falco.ee\/et\/toode\/sanlida-hero-x8-compound-package\/#breadcrumb","itemListElement":[{"@type":"ListItem","position":1,"name":"Home","item":"https:\/\/falco.ee\/et\/"},{"@type":"ListItem","position":2,"name":"Shop","item":"https:\/\/falco.ee\/shop\/"},{"@type":"ListItem","position":3,"name":"SANLIDA HERO X8 PLOKKVIBU KOMPLEKT"}]},{"@type":"WebSite","@id":"https:\/\/falco.ee\/et\/#website","url":"https:\/\/falco.ee\/et\/","name":"Falco vibuvarustus","description":"","potentialAction":[{"@type":"SearchAction","target":{"@type":"EntryPoint","urlTemplate":"https:\/\/falco.ee\/et\/?s={search_term_string}"},"query-input":{"@type":"PropertyValueSpecification","valueRequired":true,"valueName":"search_term_string"}}],"inLanguage":"et"}]}},"_links":{"self":[{"href":"https:\/\/falco.ee\/et\/wp-json\/wp\/v2\/product\/9576","targetHints":{"allow":["GET"]}}],"collection":[{"href":"https:\/\/falco.ee\/et\/wp-json\/wp\/v2\/product"}],"about":[{"href":"https:\/\/falco.ee\/et\/wp-json\/wp\/v2\/types\/product"}],"replies":[{"embeddable":true,"href":"https:\/\/falco.ee\/et\/wp-json\/wp\/v2\/comments?post=9576"}],"wp:featuredmedia":[{"embeddable":true,"href":"https:\/\/falco.ee\/et\/wp-json\/wp\/v2\/media\/9575"}],"wp:attachment":[{"href":"https:\/\/falco.ee\/et\/wp-json\/wp\/v2\/media?parent=9576"}],"wp:term":[{"taxonomy":"product_brand","embeddable":true,"href":"https:\/\/falco.ee\/et\/wp-json\/wp\/v2\/product_brand?post=9576"},{"taxonomy":"product_cat","embeddable":true,"href":"https:\/\/falco.ee\/et\/wp-json\/wp\/v2\/product_cat?post=9576"},{"taxonomy":"product_tag","embeddable":true,"href":"https:\/\/falco.ee\/et\/wp-json\/wp\/v2\/product_tag?post=9576"}],"curies":[{"name":"wp","href":"https:\/\/api.w.org\/{rel}","templated":true}]}}