{"id":7020,"date":"2024-02-03T15:50:52","date_gmt":"2024-02-03T13:50:52","guid":{"rendered":"https:\/\/falco.ee\/product\/hoyt-compound-stratos-hbt\/"},"modified":"2024-02-03T18:06:29","modified_gmt":"2024-02-03T16:06:29","slug":"hoyt-compound-stratos-hbt","status":"publish","type":"product","link":"https:\/\/falco.ee\/et\/toode\/hoyt-compound-stratos-hbt\/","title":{"rendered":"Hoyt plokkvibu Stratos HBT"},"content":{"rendered":"<p>The new Hoyt Stratos raises the industry benchmark to match today\u2019s demands of the world\u2019s best archers. The Stratos features the all-new, extremely adjustable HBT Cam System, an updated riser geometry for optimized center of gravity, 36\u201d or 40\u201d axle-to-axle options, the proven modular grip system, and integrated arrow rest mounting capabilities. Available in CeraKote\u00ae color options, along with three powdercoat options:<\/p>\n<p><img loading=\"lazy\" decoding=\"async\" class=\"alignnone wp-image-7000\" src=\"https:\/\/falco.ee\/wp-content\/uploads\/2024\/02\/colors-220x22.png\" alt=\"\" width=\"570\" height=\"57\" srcset=\"https:\/\/falco.ee\/wp-content\/uploads\/2024\/02\/colors-220x22.png 220w, https:\/\/falco.ee\/wp-content\/uploads\/2024\/02\/colors-600x60.png 600w, https:\/\/falco.ee\/wp-content\/uploads\/2024\/02\/colors.png 649w\" sizes=\"auto, (max-width: 570px) 100vw, 570px\" \/><\/p>\n<p>36&#8243; pikkus &#8211; \u20ac1975<\/p>\n<p>40&#8243; pikkus &#8211; \u20ac2049<\/p>\n","protected":false},"excerpt":{"rendered":"<ul>\n<li>Alates \u20ac1975<\/li>\n<li>Pikkus: 36&#8243; v\u00f5i 40&#8243;<\/li>\n<li>Kiirus: 318fps<\/li>\n<li>T\u00f5mbetugevus: 30-70#<\/li>\n<li>T\u00f5mbepikkus: 25.5&#8243; &#8211; 33&#8243;<\/li>\n<li>Hind sisaldab 22% KM<\/li>\n<\/ul>\n","protected":false},"featured_media":6999,"comment_status":"closed","ping_status":"closed","template":"","meta":[],"product_brand":[],"product_cat":[330],"product_tag":[],"class_list":{"0":"post-7020","1":"product","2":"type-product","3":"status-publish","4":"has-post-thumbnail","6":"product_cat-hoyt-plokkvibud","8":"first","9":"instock","10":"shipping-taxable","11":"purchasable","12":"product-type-simple"},"acf":[],"yoast_head":"<!-- This site is optimized with the Yoast SEO plugin v27.2 - https:\/\/yoast.com\/product\/yoast-seo-wordpress\/ -->\n<title>Hoyt plokkvibu Stratos HBT - Falco vibuvarustus<\/title>\n<meta name=\"robots\" content=\"index, follow, max-snippet:-1, max-image-preview:large, max-video-preview:-1\" \/>\n<link rel=\"canonical\" href=\"https:\/\/falco.ee\/et\/toode\/hoyt-compound-stratos-hbt\/\" \/>\n<meta property=\"og:locale\" content=\"et_EE\" \/>\n<meta property=\"og:type\" content=\"article\" \/>\n<meta property=\"og:title\" content=\"Hoyt plokkvibu Stratos HBT - Falco vibuvarustus\" \/>\n<meta property=\"og:description\" content=\"Alates \u20ac1975  Pikkus: 36&quot; v\u00f5i 40&quot;  Kiirus: 318fps  T\u00f5mbetugevus: 30-70#  T\u00f5mbepikkus: 25.5&quot; - 33&quot;  Hind sisaldab 22% KM\" \/>\n<meta property=\"og:url\" content=\"https:\/\/falco.ee\/et\/toode\/hoyt-compound-stratos-hbt\/\" \/>\n<meta property=\"og:site_name\" content=\"Falco vibuvarustus\" \/>\n<meta property=\"article:modified_time\" content=\"2024-02-03T16:06:29+00:00\" \/>\n<meta property=\"og:image\" content=\"https:\/\/falco.ee\/wp-content\/uploads\/2024\/02\/hoytHBT.png\" \/>\n\t<meta property=\"og:image:width\" content=\"317\" \/>\n\t<meta property=\"og:image:height\" content=\"720\" \/>\n\t<meta property=\"og:image:type\" content=\"image\/png\" \/>\n<meta name=\"twitter:card\" content=\"summary_large_image\" \/>\n<meta name=\"twitter:label1\" content=\"Est. reading time\" \/>\n\t<meta name=\"twitter:data1\" content=\"1 minut\" \/>\n<script type=\"application\/ld+json\" class=\"yoast-schema-graph\">{\"@context\":\"https:\/\/schema.org\",\"@graph\":[{\"@type\":\"WebPage\",\"@id\":\"https:\/\/falco.ee\/et\/toode\/hoyt-compound-stratos-hbt\/\",\"url\":\"https:\/\/falco.ee\/et\/toode\/hoyt-compound-stratos-hbt\/\",\"name\":\"Hoyt plokkvibu Stratos HBT - Falco vibuvarustus\",\"isPartOf\":{\"@id\":\"https:\/\/falco.ee\/et\/#website\"},\"primaryImageOfPage\":{\"@id\":\"https:\/\/falco.ee\/et\/toode\/hoyt-compound-stratos-hbt\/#primaryimage\"},\"image\":{\"@id\":\"https:\/\/falco.ee\/et\/toode\/hoyt-compound-stratos-hbt\/#primaryimage\"},\"thumbnailUrl\":\"https:\/\/falco.ee\/wp-content\/uploads\/2024\/02\/hoytHBT.png\",\"datePublished\":\"2024-02-03T13:50:52+00:00\",\"dateModified\":\"2024-02-03T16:06:29+00:00\",\"breadcrumb\":{\"@id\":\"https:\/\/falco.ee\/et\/toode\/hoyt-compound-stratos-hbt\/#breadcrumb\"},\"inLanguage\":\"et\",\"potentialAction\":[{\"@type\":\"ReadAction\",\"target\":[\"https:\/\/falco.ee\/et\/toode\/hoyt-compound-stratos-hbt\/\"]}]},{\"@type\":\"ImageObject\",\"inLanguage\":\"et\",\"@id\":\"https:\/\/falco.ee\/et\/toode\/hoyt-compound-stratos-hbt\/#primaryimage\",\"url\":\"https:\/\/falco.ee\/wp-content\/uploads\/2024\/02\/hoytHBT.png\",\"contentUrl\":\"https:\/\/falco.ee\/wp-content\/uploads\/2024\/02\/hoytHBT.png\",\"width\":317,\"height\":720},{\"@type\":\"BreadcrumbList\",\"@id\":\"https:\/\/falco.ee\/et\/toode\/hoyt-compound-stratos-hbt\/#breadcrumb\",\"itemListElement\":[{\"@type\":\"ListItem\",\"position\":1,\"name\":\"Home\",\"item\":\"https:\/\/falco.ee\/et\/\"},{\"@type\":\"ListItem\",\"position\":2,\"name\":\"Shop\",\"item\":\"https:\/\/falco.ee\/shop\/\"},{\"@type\":\"ListItem\",\"position\":3,\"name\":\"Hoyt plokkvibu Stratos HBT\"}]},{\"@type\":\"WebSite\",\"@id\":\"https:\/\/falco.ee\/et\/#website\",\"url\":\"https:\/\/falco.ee\/et\/\",\"name\":\"Falco vibuvarustus\",\"description\":\"\",\"potentialAction\":[{\"@type\":\"SearchAction\",\"target\":{\"@type\":\"EntryPoint\",\"urlTemplate\":\"https:\/\/falco.ee\/et\/?s={search_term_string}\"},\"query-input\":{\"@type\":\"PropertyValueSpecification\",\"valueRequired\":true,\"valueName\":\"search_term_string\"}}],\"inLanguage\":\"et\"}]}<\/script>\n<!-- \/ Yoast SEO plugin. -->","yoast_head_json":{"title":"Hoyt plokkvibu Stratos HBT - Falco vibuvarustus","robots":{"index":"index","follow":"follow","max-snippet":"max-snippet:-1","max-image-preview":"max-image-preview:large","max-video-preview":"max-video-preview:-1"},"canonical":"https:\/\/falco.ee\/et\/toode\/hoyt-compound-stratos-hbt\/","og_locale":"et_EE","og_type":"article","og_title":"Hoyt plokkvibu Stratos HBT - Falco vibuvarustus","og_description":"Alates \u20ac1975  Pikkus: 36\" v\u00f5i 40\"  Kiirus: 318fps  T\u00f5mbetugevus: 30-70#  T\u00f5mbepikkus: 25.5\" - 33\"  Hind sisaldab 22% KM","og_url":"https:\/\/falco.ee\/et\/toode\/hoyt-compound-stratos-hbt\/","og_site_name":"Falco vibuvarustus","article_modified_time":"2024-02-03T16:06:29+00:00","og_image":[{"width":317,"height":720,"url":"https:\/\/falco.ee\/wp-content\/uploads\/2024\/02\/hoytHBT.png","type":"image\/png"}],"twitter_card":"summary_large_image","twitter_misc":{"Est. reading time":"1 minut"},"schema":{"@context":"https:\/\/schema.org","@graph":[{"@type":"WebPage","@id":"https:\/\/falco.ee\/et\/toode\/hoyt-compound-stratos-hbt\/","url":"https:\/\/falco.ee\/et\/toode\/hoyt-compound-stratos-hbt\/","name":"Hoyt plokkvibu Stratos HBT - Falco vibuvarustus","isPartOf":{"@id":"https:\/\/falco.ee\/et\/#website"},"primaryImageOfPage":{"@id":"https:\/\/falco.ee\/et\/toode\/hoyt-compound-stratos-hbt\/#primaryimage"},"image":{"@id":"https:\/\/falco.ee\/et\/toode\/hoyt-compound-stratos-hbt\/#primaryimage"},"thumbnailUrl":"https:\/\/falco.ee\/wp-content\/uploads\/2024\/02\/hoytHBT.png","datePublished":"2024-02-03T13:50:52+00:00","dateModified":"2024-02-03T16:06:29+00:00","breadcrumb":{"@id":"https:\/\/falco.ee\/et\/toode\/hoyt-compound-stratos-hbt\/#breadcrumb"},"inLanguage":"et","potentialAction":[{"@type":"ReadAction","target":["https:\/\/falco.ee\/et\/toode\/hoyt-compound-stratos-hbt\/"]}]},{"@type":"ImageObject","inLanguage":"et","@id":"https:\/\/falco.ee\/et\/toode\/hoyt-compound-stratos-hbt\/#primaryimage","url":"https:\/\/falco.ee\/wp-content\/uploads\/2024\/02\/hoytHBT.png","contentUrl":"https:\/\/falco.ee\/wp-content\/uploads\/2024\/02\/hoytHBT.png","width":317,"height":720},{"@type":"BreadcrumbList","@id":"https:\/\/falco.ee\/et\/toode\/hoyt-compound-stratos-hbt\/#breadcrumb","itemListElement":[{"@type":"ListItem","position":1,"name":"Home","item":"https:\/\/falco.ee\/et\/"},{"@type":"ListItem","position":2,"name":"Shop","item":"https:\/\/falco.ee\/shop\/"},{"@type":"ListItem","position":3,"name":"Hoyt plokkvibu Stratos HBT"}]},{"@type":"WebSite","@id":"https:\/\/falco.ee\/et\/#website","url":"https:\/\/falco.ee\/et\/","name":"Falco vibuvarustus","description":"","potentialAction":[{"@type":"SearchAction","target":{"@type":"EntryPoint","urlTemplate":"https:\/\/falco.ee\/et\/?s={search_term_string}"},"query-input":{"@type":"PropertyValueSpecification","valueRequired":true,"valueName":"search_term_string"}}],"inLanguage":"et"}]}},"_links":{"self":[{"href":"https:\/\/falco.ee\/et\/wp-json\/wp\/v2\/product\/7020","targetHints":{"allow":["GET"]}}],"collection":[{"href":"https:\/\/falco.ee\/et\/wp-json\/wp\/v2\/product"}],"about":[{"href":"https:\/\/falco.ee\/et\/wp-json\/wp\/v2\/types\/product"}],"replies":[{"embeddable":true,"href":"https:\/\/falco.ee\/et\/wp-json\/wp\/v2\/comments?post=7020"}],"wp:featuredmedia":[{"embeddable":true,"href":"https:\/\/falco.ee\/et\/wp-json\/wp\/v2\/media\/6999"}],"wp:attachment":[{"href":"https:\/\/falco.ee\/et\/wp-json\/wp\/v2\/media?parent=7020"}],"wp:term":[{"taxonomy":"product_brand","embeddable":true,"href":"https:\/\/falco.ee\/et\/wp-json\/wp\/v2\/product_brand?post=7020"},{"taxonomy":"product_cat","embeddable":true,"href":"https:\/\/falco.ee\/et\/wp-json\/wp\/v2\/product_cat?post=7020"},{"taxonomy":"product_tag","embeddable":true,"href":"https:\/\/falco.ee\/et\/wp-json\/wp\/v2\/product_tag?post=7020"}],"curies":[{"name":"wp","href":"https:\/\/api.w.org\/{rel}","templated":true}]}}