{"id":4747,"date":"2023-08-14T16:19:35","date_gmt":"2023-08-14T13:19:35","guid":{"rendered":"https:\/\/falco.sdhost.eu\/product\/falco-pen-w-falconhead\/"},"modified":"2023-08-28T13:33:35","modified_gmt":"2023-08-28T10:33:35","slug":"falco-pen-w-falconhead","status":"publish","type":"product","link":"https:\/\/falco.ee\/et\/toode\/falco-pen-w-falconhead\/","title":{"rendered":"Falco kullipeaga pastakas"},"content":{"rendered":"<p>Falcol on hea meel esitleda uusimat piiratud tiraa\u017eiga Falco pastakat, mida ehib \u00fches otsas suur kullipea. Pastakas kirjutab siniselt ja selle s\u00fcdamik on vahetatav. Pastaka ehituskvaliteet on suurep\u00e4rane ja v\u00f5ib olla kindel, et see unikaalne kirjutusvahend ei j\u00e4\u00e4 m\u00e4rkamata.<\/p>\n","protected":false},"excerpt":{"rendered":"<p>Falcol on hea meel esitleda uusimat piiratud tiraa\u017eiga Falco pastakat, mida ehib \u00fches otsas suur kullipea. Pastakas kirjutab siniselt ja selle s\u00fcdamik on vahetatav. Pastaka ehituskvaliteet on suurep\u00e4rane ja v\u00f5ib olla kindel, et see unikaalne kirjutusvahend ei j\u00e4\u00e4 m\u00e4rkamata.<\/p>\n","protected":false},"featured_media":2725,"comment_status":"closed","ping_status":"closed","template":"","meta":[],"product_brand":[],"product_cat":[307],"product_tag":[],"class_list":{"0":"post-4747","1":"product","2":"type-product","3":"status-publish","4":"has-post-thumbnail","6":"product_cat-falco-pens-et","8":"first","9":"instock","10":"shipping-taxable","11":"purchasable","12":"product-type-simple"},"acf":[],"yoast_head":"<!-- This site is optimized with the Yoast SEO plugin v27.2 - https:\/\/yoast.com\/product\/yoast-seo-wordpress\/ -->\n<title>Falco kullipeaga pastakas - Falco vibuvarustus<\/title>\n<meta name=\"robots\" content=\"index, follow, max-snippet:-1, max-image-preview:large, max-video-preview:-1\" \/>\n<link rel=\"canonical\" href=\"https:\/\/falco.ee\/et\/toode\/falco-pen-w-falconhead\/\" \/>\n<meta property=\"og:locale\" content=\"et_EE\" \/>\n<meta property=\"og:type\" content=\"article\" \/>\n<meta property=\"og:title\" content=\"Falco kullipeaga pastakas - Falco vibuvarustus\" \/>\n<meta property=\"og:description\" content=\"Falcol on hea meel esitleda uusimat piiratud tiraa\u017eiga Falco pastakat, mida ehib \u00fches otsas suur kullipea. Pastakas kirjutab siniselt ja selle s\u00fcdamik on vahetatav. Pastaka ehituskvaliteet on suurep\u00e4rane ja v\u00f5ib olla kindel, et see unikaalne kirjutusvahend ei j\u00e4\u00e4 m\u00e4rkamata.\" \/>\n<meta property=\"og:url\" content=\"https:\/\/falco.ee\/et\/toode\/falco-pen-w-falconhead\/\" \/>\n<meta property=\"og:site_name\" content=\"Falco vibuvarustus\" \/>\n<meta property=\"article:modified_time\" content=\"2023-08-28T10:33:35+00:00\" \/>\n<meta property=\"og:image\" content=\"https:\/\/falco.ee\/wp-content\/uploads\/2023\/08\/1_4801.jpg\" \/>\n\t<meta property=\"og:image:width\" content=\"644\" \/>\n\t<meta property=\"og:image:height\" content=\"1000\" \/>\n\t<meta property=\"og:image:type\" content=\"image\/jpeg\" \/>\n<meta name=\"twitter:card\" content=\"summary_large_image\" \/>\n<meta name=\"twitter:label1\" content=\"Est. reading time\" \/>\n\t<meta name=\"twitter:data1\" content=\"1 minut\" \/>\n<script type=\"application\/ld+json\" class=\"yoast-schema-graph\">{\"@context\":\"https:\/\/schema.org\",\"@graph\":[{\"@type\":\"WebPage\",\"@id\":\"https:\/\/falco.ee\/et\/toode\/falco-pen-w-falconhead\/\",\"url\":\"https:\/\/falco.ee\/et\/toode\/falco-pen-w-falconhead\/\",\"name\":\"Falco kullipeaga pastakas - Falco vibuvarustus\",\"isPartOf\":{\"@id\":\"https:\/\/falco.ee\/et\/#website\"},\"primaryImageOfPage\":{\"@id\":\"https:\/\/falco.ee\/et\/toode\/falco-pen-w-falconhead\/#primaryimage\"},\"image\":{\"@id\":\"https:\/\/falco.ee\/et\/toode\/falco-pen-w-falconhead\/#primaryimage\"},\"thumbnailUrl\":\"https:\/\/falco.ee\/wp-content\/uploads\/2023\/08\/1_4801.jpg\",\"datePublished\":\"2023-08-14T13:19:35+00:00\",\"dateModified\":\"2023-08-28T10:33:35+00:00\",\"breadcrumb\":{\"@id\":\"https:\/\/falco.ee\/et\/toode\/falco-pen-w-falconhead\/#breadcrumb\"},\"inLanguage\":\"et\",\"potentialAction\":[{\"@type\":\"ReadAction\",\"target\":[\"https:\/\/falco.ee\/et\/toode\/falco-pen-w-falconhead\/\"]}]},{\"@type\":\"ImageObject\",\"inLanguage\":\"et\",\"@id\":\"https:\/\/falco.ee\/et\/toode\/falco-pen-w-falconhead\/#primaryimage\",\"url\":\"https:\/\/falco.ee\/wp-content\/uploads\/2023\/08\/1_4801.jpg\",\"contentUrl\":\"https:\/\/falco.ee\/wp-content\/uploads\/2023\/08\/1_4801.jpg\",\"width\":644,\"height\":1000,\"caption\":\"OLYMPUS DIGITAL CAMERA\"},{\"@type\":\"BreadcrumbList\",\"@id\":\"https:\/\/falco.ee\/et\/toode\/falco-pen-w-falconhead\/#breadcrumb\",\"itemListElement\":[{\"@type\":\"ListItem\",\"position\":1,\"name\":\"Home\",\"item\":\"https:\/\/falco.ee\/et\/\"},{\"@type\":\"ListItem\",\"position\":2,\"name\":\"Shop\",\"item\":\"https:\/\/falco.ee\/shop\/\"},{\"@type\":\"ListItem\",\"position\":3,\"name\":\"Falco kullipeaga pastakas\"}]},{\"@type\":\"WebSite\",\"@id\":\"https:\/\/falco.ee\/et\/#website\",\"url\":\"https:\/\/falco.ee\/et\/\",\"name\":\"Falco vibuvarustus\",\"description\":\"\",\"potentialAction\":[{\"@type\":\"SearchAction\",\"target\":{\"@type\":\"EntryPoint\",\"urlTemplate\":\"https:\/\/falco.ee\/et\/?s={search_term_string}\"},\"query-input\":{\"@type\":\"PropertyValueSpecification\",\"valueRequired\":true,\"valueName\":\"search_term_string\"}}],\"inLanguage\":\"et\"}]}<\/script>\n<!-- \/ Yoast SEO plugin. -->","yoast_head_json":{"title":"Falco kullipeaga pastakas - Falco vibuvarustus","robots":{"index":"index","follow":"follow","max-snippet":"max-snippet:-1","max-image-preview":"max-image-preview:large","max-video-preview":"max-video-preview:-1"},"canonical":"https:\/\/falco.ee\/et\/toode\/falco-pen-w-falconhead\/","og_locale":"et_EE","og_type":"article","og_title":"Falco kullipeaga pastakas - Falco vibuvarustus","og_description":"Falcol on hea meel esitleda uusimat piiratud tiraa\u017eiga Falco pastakat, mida ehib \u00fches otsas suur kullipea. Pastakas kirjutab siniselt ja selle s\u00fcdamik on vahetatav. Pastaka ehituskvaliteet on suurep\u00e4rane ja v\u00f5ib olla kindel, et see unikaalne kirjutusvahend ei j\u00e4\u00e4 m\u00e4rkamata.","og_url":"https:\/\/falco.ee\/et\/toode\/falco-pen-w-falconhead\/","og_site_name":"Falco vibuvarustus","article_modified_time":"2023-08-28T10:33:35+00:00","og_image":[{"width":644,"height":1000,"url":"https:\/\/falco.ee\/wp-content\/uploads\/2023\/08\/1_4801.jpg","type":"image\/jpeg"}],"twitter_card":"summary_large_image","twitter_misc":{"Est. reading time":"1 minut"},"schema":{"@context":"https:\/\/schema.org","@graph":[{"@type":"WebPage","@id":"https:\/\/falco.ee\/et\/toode\/falco-pen-w-falconhead\/","url":"https:\/\/falco.ee\/et\/toode\/falco-pen-w-falconhead\/","name":"Falco kullipeaga pastakas - Falco vibuvarustus","isPartOf":{"@id":"https:\/\/falco.ee\/et\/#website"},"primaryImageOfPage":{"@id":"https:\/\/falco.ee\/et\/toode\/falco-pen-w-falconhead\/#primaryimage"},"image":{"@id":"https:\/\/falco.ee\/et\/toode\/falco-pen-w-falconhead\/#primaryimage"},"thumbnailUrl":"https:\/\/falco.ee\/wp-content\/uploads\/2023\/08\/1_4801.jpg","datePublished":"2023-08-14T13:19:35+00:00","dateModified":"2023-08-28T10:33:35+00:00","breadcrumb":{"@id":"https:\/\/falco.ee\/et\/toode\/falco-pen-w-falconhead\/#breadcrumb"},"inLanguage":"et","potentialAction":[{"@type":"ReadAction","target":["https:\/\/falco.ee\/et\/toode\/falco-pen-w-falconhead\/"]}]},{"@type":"ImageObject","inLanguage":"et","@id":"https:\/\/falco.ee\/et\/toode\/falco-pen-w-falconhead\/#primaryimage","url":"https:\/\/falco.ee\/wp-content\/uploads\/2023\/08\/1_4801.jpg","contentUrl":"https:\/\/falco.ee\/wp-content\/uploads\/2023\/08\/1_4801.jpg","width":644,"height":1000,"caption":"OLYMPUS DIGITAL CAMERA"},{"@type":"BreadcrumbList","@id":"https:\/\/falco.ee\/et\/toode\/falco-pen-w-falconhead\/#breadcrumb","itemListElement":[{"@type":"ListItem","position":1,"name":"Home","item":"https:\/\/falco.ee\/et\/"},{"@type":"ListItem","position":2,"name":"Shop","item":"https:\/\/falco.ee\/shop\/"},{"@type":"ListItem","position":3,"name":"Falco kullipeaga pastakas"}]},{"@type":"WebSite","@id":"https:\/\/falco.ee\/et\/#website","url":"https:\/\/falco.ee\/et\/","name":"Falco vibuvarustus","description":"","potentialAction":[{"@type":"SearchAction","target":{"@type":"EntryPoint","urlTemplate":"https:\/\/falco.ee\/et\/?s={search_term_string}"},"query-input":{"@type":"PropertyValueSpecification","valueRequired":true,"valueName":"search_term_string"}}],"inLanguage":"et"}]}},"_links":{"self":[{"href":"https:\/\/falco.ee\/et\/wp-json\/wp\/v2\/product\/4747","targetHints":{"allow":["GET"]}}],"collection":[{"href":"https:\/\/falco.ee\/et\/wp-json\/wp\/v2\/product"}],"about":[{"href":"https:\/\/falco.ee\/et\/wp-json\/wp\/v2\/types\/product"}],"replies":[{"embeddable":true,"href":"https:\/\/falco.ee\/et\/wp-json\/wp\/v2\/comments?post=4747"}],"wp:featuredmedia":[{"embeddable":true,"href":"https:\/\/falco.ee\/et\/wp-json\/wp\/v2\/media\/2725"}],"wp:attachment":[{"href":"https:\/\/falco.ee\/et\/wp-json\/wp\/v2\/media?parent=4747"}],"wp:term":[{"taxonomy":"product_brand","embeddable":true,"href":"https:\/\/falco.ee\/et\/wp-json\/wp\/v2\/product_brand?post=4747"},{"taxonomy":"product_cat","embeddable":true,"href":"https:\/\/falco.ee\/et\/wp-json\/wp\/v2\/product_cat?post=4747"},{"taxonomy":"product_tag","embeddable":true,"href":"https:\/\/falco.ee\/et\/wp-json\/wp\/v2\/product_tag?post=4747"}],"curies":[{"name":"wp","href":"https:\/\/api.w.org\/{rel}","templated":true}]}}