{"id":4746,"date":"2023-08-14T16:15:04","date_gmt":"2023-08-14T13:15:04","guid":{"rendered":"https:\/\/falco.sdhost.eu\/product\/falco-gift-cards\/"},"modified":"2023-08-28T13:30:59","modified_gmt":"2023-08-28T10:30:59","slug":"falco-gift-cards","status":"publish","type":"product","link":"https:\/\/falco.ee\/et\/toode\/falco-gift-cards\/","title":{"rendered":"Falco kinkekaart"},"content":{"rendered":"<p>Falco pakub n\u00fc\u00fcd ka meie kinkekaarte, mis on\u00a0vibuhuvilisele s\u00f5brale\u00a0suurep\u00e4raseks kingituseks, kui p\u00e4ris t\u00e4pselt ei tea, mida ta k\u00f5ige enam vaja oleks.<\/p>\n<p>Falco kinkekaardid on saadaval standardv\u00e4\u00e4rtustes 30\u20ac, 50\u20ac ja 100\u20ac v\u00f5i teie soovitud erihinnas.<\/p>\n<p>Kinkekaarti saab osta kohapeal, postiga v\u00f5i digitaalselt. Kinkekaarti saab vahetada mis tahes Falco poolt m\u00fc\u00fcdava toote v\u00f5i teenuse vastu. Juhul kui kinkekaardil m\u00e4rgitud v\u00e4\u00e4rtus ei kata toote\/teenuse hinda, v\u00f5imalik maksta juurde.<\/p>\n<p>Kinkekaarti ei saa t\u00fckeldada osadeks, mida kasutada erinevatel aegadel. Kinkekaarti ei saa vahetada raha vastu.<\/p>\n","protected":false},"excerpt":{"rendered":"<p>Falco pakub n\u00fc\u00fcd ka meie kinkekaarte, mis on\u00a0vibuhuvilisele s\u00f5brale\u00a0suurep\u00e4raseks kingituseks, kui p\u00e4ris t\u00e4pselt ei tea, mida ta k\u00f5ige enam vaja oleks. Falco kinkekaardid on saadaval standardv\u00e4\u00e4rtustes 30\u20ac, 50\u20ac ja 100\u20ac v\u00f5i teie soovitud erihinnas. Kinkekaarti saab osta kohapeal, postiga v\u00f5i digitaalselt. Kinkekaarti saab vahetada mis tahes Falco poolt m\u00fc\u00fcdava toote v\u00f5i teenuse vastu. Juhul kui [&hellip;]<\/p>\n","protected":false},"featured_media":2724,"comment_status":"closed","ping_status":"closed","template":"","meta":[],"product_brand":[],"product_cat":[311],"product_tag":[],"class_list":{"0":"post-4746","1":"product","2":"type-product","3":"status-publish","4":"has-post-thumbnail","6":"product_cat-gift-certificates-et","8":"first","9":"instock","10":"shipping-taxable","11":"purchasable","12":"product-type-simple"},"acf":[],"yoast_head":"<!-- This site is optimized with the Yoast SEO plugin v27.2 - https:\/\/yoast.com\/product\/yoast-seo-wordpress\/ -->\n<title>Falco kinkekaart - Falco vibuvarustus<\/title>\n<meta name=\"robots\" content=\"index, follow, max-snippet:-1, max-image-preview:large, max-video-preview:-1\" \/>\n<link rel=\"canonical\" href=\"https:\/\/falco.ee\/et\/toode\/falco-gift-cards\/\" \/>\n<meta property=\"og:locale\" content=\"et_EE\" \/>\n<meta property=\"og:type\" content=\"article\" \/>\n<meta property=\"og:title\" content=\"Falco kinkekaart - Falco vibuvarustus\" \/>\n<meta property=\"og:description\" content=\"Falco pakub n\u00fc\u00fcd ka meie kinkekaarte, mis on\u00a0vibuhuvilisele s\u00f5brale\u00a0suurep\u00e4raseks kingituseks, kui p\u00e4ris t\u00e4pselt ei tea, mida ta k\u00f5ige enam vaja oleks. Falco kinkekaardid on saadaval standardv\u00e4\u00e4rtustes 30\u20ac, 50\u20ac ja 100\u20ac v\u00f5i teie soovitud erihinnas. Kinkekaarti saab osta kohapeal, postiga v\u00f5i digitaalselt. Kinkekaarti saab vahetada mis tahes Falco poolt m\u00fc\u00fcdava toote v\u00f5i teenuse vastu. Juhul kui [&hellip;]\" \/>\n<meta property=\"og:url\" content=\"https:\/\/falco.ee\/et\/toode\/falco-gift-cards\/\" \/>\n<meta property=\"og:site_name\" content=\"Falco vibuvarustus\" \/>\n<meta property=\"article:modified_time\" content=\"2023-08-28T10:30:59+00:00\" \/>\n<meta property=\"og:image\" content=\"https:\/\/falco.ee\/wp-content\/uploads\/2023\/08\/11.png\" \/>\n\t<meta property=\"og:image:width\" content=\"633\" \/>\n\t<meta property=\"og:image:height\" content=\"309\" \/>\n\t<meta property=\"og:image:type\" content=\"image\/png\" \/>\n<meta name=\"twitter:card\" content=\"summary_large_image\" \/>\n<meta name=\"twitter:label1\" content=\"Est. reading time\" \/>\n\t<meta name=\"twitter:data1\" content=\"1 minut\" \/>\n<script type=\"application\/ld+json\" class=\"yoast-schema-graph\">{\"@context\":\"https:\/\/schema.org\",\"@graph\":[{\"@type\":\"WebPage\",\"@id\":\"https:\/\/falco.ee\/et\/toode\/falco-gift-cards\/\",\"url\":\"https:\/\/falco.ee\/et\/toode\/falco-gift-cards\/\",\"name\":\"Falco kinkekaart - Falco vibuvarustus\",\"isPartOf\":{\"@id\":\"https:\/\/falco.ee\/et\/#website\"},\"primaryImageOfPage\":{\"@id\":\"https:\/\/falco.ee\/et\/toode\/falco-gift-cards\/#primaryimage\"},\"image\":{\"@id\":\"https:\/\/falco.ee\/et\/toode\/falco-gift-cards\/#primaryimage\"},\"thumbnailUrl\":\"https:\/\/falco.ee\/wp-content\/uploads\/2023\/08\/11.png\",\"datePublished\":\"2023-08-14T13:15:04+00:00\",\"dateModified\":\"2023-08-28T10:30:59+00:00\",\"breadcrumb\":{\"@id\":\"https:\/\/falco.ee\/et\/toode\/falco-gift-cards\/#breadcrumb\"},\"inLanguage\":\"et\",\"potentialAction\":[{\"@type\":\"ReadAction\",\"target\":[\"https:\/\/falco.ee\/et\/toode\/falco-gift-cards\/\"]}]},{\"@type\":\"ImageObject\",\"inLanguage\":\"et\",\"@id\":\"https:\/\/falco.ee\/et\/toode\/falco-gift-cards\/#primaryimage\",\"url\":\"https:\/\/falco.ee\/wp-content\/uploads\/2023\/08\/11.png\",\"contentUrl\":\"https:\/\/falco.ee\/wp-content\/uploads\/2023\/08\/11.png\",\"width\":633,\"height\":309},{\"@type\":\"BreadcrumbList\",\"@id\":\"https:\/\/falco.ee\/et\/toode\/falco-gift-cards\/#breadcrumb\",\"itemListElement\":[{\"@type\":\"ListItem\",\"position\":1,\"name\":\"Home\",\"item\":\"https:\/\/falco.ee\/et\/\"},{\"@type\":\"ListItem\",\"position\":2,\"name\":\"Shop\",\"item\":\"https:\/\/falco.ee\/shop\/\"},{\"@type\":\"ListItem\",\"position\":3,\"name\":\"Falco kinkekaart\"}]},{\"@type\":\"WebSite\",\"@id\":\"https:\/\/falco.ee\/et\/#website\",\"url\":\"https:\/\/falco.ee\/et\/\",\"name\":\"Falco vibuvarustus\",\"description\":\"\",\"potentialAction\":[{\"@type\":\"SearchAction\",\"target\":{\"@type\":\"EntryPoint\",\"urlTemplate\":\"https:\/\/falco.ee\/et\/?s={search_term_string}\"},\"query-input\":{\"@type\":\"PropertyValueSpecification\",\"valueRequired\":true,\"valueName\":\"search_term_string\"}}],\"inLanguage\":\"et\"}]}<\/script>\n<!-- \/ Yoast SEO plugin. -->","yoast_head_json":{"title":"Falco kinkekaart - Falco vibuvarustus","robots":{"index":"index","follow":"follow","max-snippet":"max-snippet:-1","max-image-preview":"max-image-preview:large","max-video-preview":"max-video-preview:-1"},"canonical":"https:\/\/falco.ee\/et\/toode\/falco-gift-cards\/","og_locale":"et_EE","og_type":"article","og_title":"Falco kinkekaart - Falco vibuvarustus","og_description":"Falco pakub n\u00fc\u00fcd ka meie kinkekaarte, mis on\u00a0vibuhuvilisele s\u00f5brale\u00a0suurep\u00e4raseks kingituseks, kui p\u00e4ris t\u00e4pselt ei tea, mida ta k\u00f5ige enam vaja oleks. Falco kinkekaardid on saadaval standardv\u00e4\u00e4rtustes 30\u20ac, 50\u20ac ja 100\u20ac v\u00f5i teie soovitud erihinnas. Kinkekaarti saab osta kohapeal, postiga v\u00f5i digitaalselt. Kinkekaarti saab vahetada mis tahes Falco poolt m\u00fc\u00fcdava toote v\u00f5i teenuse vastu. Juhul kui [&hellip;]","og_url":"https:\/\/falco.ee\/et\/toode\/falco-gift-cards\/","og_site_name":"Falco vibuvarustus","article_modified_time":"2023-08-28T10:30:59+00:00","og_image":[{"width":633,"height":309,"url":"https:\/\/falco.ee\/wp-content\/uploads\/2023\/08\/11.png","type":"image\/png"}],"twitter_card":"summary_large_image","twitter_misc":{"Est. reading time":"1 minut"},"schema":{"@context":"https:\/\/schema.org","@graph":[{"@type":"WebPage","@id":"https:\/\/falco.ee\/et\/toode\/falco-gift-cards\/","url":"https:\/\/falco.ee\/et\/toode\/falco-gift-cards\/","name":"Falco kinkekaart - Falco vibuvarustus","isPartOf":{"@id":"https:\/\/falco.ee\/et\/#website"},"primaryImageOfPage":{"@id":"https:\/\/falco.ee\/et\/toode\/falco-gift-cards\/#primaryimage"},"image":{"@id":"https:\/\/falco.ee\/et\/toode\/falco-gift-cards\/#primaryimage"},"thumbnailUrl":"https:\/\/falco.ee\/wp-content\/uploads\/2023\/08\/11.png","datePublished":"2023-08-14T13:15:04+00:00","dateModified":"2023-08-28T10:30:59+00:00","breadcrumb":{"@id":"https:\/\/falco.ee\/et\/toode\/falco-gift-cards\/#breadcrumb"},"inLanguage":"et","potentialAction":[{"@type":"ReadAction","target":["https:\/\/falco.ee\/et\/toode\/falco-gift-cards\/"]}]},{"@type":"ImageObject","inLanguage":"et","@id":"https:\/\/falco.ee\/et\/toode\/falco-gift-cards\/#primaryimage","url":"https:\/\/falco.ee\/wp-content\/uploads\/2023\/08\/11.png","contentUrl":"https:\/\/falco.ee\/wp-content\/uploads\/2023\/08\/11.png","width":633,"height":309},{"@type":"BreadcrumbList","@id":"https:\/\/falco.ee\/et\/toode\/falco-gift-cards\/#breadcrumb","itemListElement":[{"@type":"ListItem","position":1,"name":"Home","item":"https:\/\/falco.ee\/et\/"},{"@type":"ListItem","position":2,"name":"Shop","item":"https:\/\/falco.ee\/shop\/"},{"@type":"ListItem","position":3,"name":"Falco kinkekaart"}]},{"@type":"WebSite","@id":"https:\/\/falco.ee\/et\/#website","url":"https:\/\/falco.ee\/et\/","name":"Falco vibuvarustus","description":"","potentialAction":[{"@type":"SearchAction","target":{"@type":"EntryPoint","urlTemplate":"https:\/\/falco.ee\/et\/?s={search_term_string}"},"query-input":{"@type":"PropertyValueSpecification","valueRequired":true,"valueName":"search_term_string"}}],"inLanguage":"et"}]}},"_links":{"self":[{"href":"https:\/\/falco.ee\/et\/wp-json\/wp\/v2\/product\/4746","targetHints":{"allow":["GET"]}}],"collection":[{"href":"https:\/\/falco.ee\/et\/wp-json\/wp\/v2\/product"}],"about":[{"href":"https:\/\/falco.ee\/et\/wp-json\/wp\/v2\/types\/product"}],"replies":[{"embeddable":true,"href":"https:\/\/falco.ee\/et\/wp-json\/wp\/v2\/comments?post=4746"}],"wp:featuredmedia":[{"embeddable":true,"href":"https:\/\/falco.ee\/et\/wp-json\/wp\/v2\/media\/2724"}],"wp:attachment":[{"href":"https:\/\/falco.ee\/et\/wp-json\/wp\/v2\/media?parent=4746"}],"wp:term":[{"taxonomy":"product_brand","embeddable":true,"href":"https:\/\/falco.ee\/et\/wp-json\/wp\/v2\/product_brand?post=4746"},{"taxonomy":"product_cat","embeddable":true,"href":"https:\/\/falco.ee\/et\/wp-json\/wp\/v2\/product_cat?post=4746"},{"taxonomy":"product_tag","embeddable":true,"href":"https:\/\/falco.ee\/et\/wp-json\/wp\/v2\/product_tag?post=4746"}],"curies":[{"name":"wp","href":"https:\/\/api.w.org\/{rel}","templated":true}]}}