{"id":4739,"date":"2023-03-23T09:07:27","date_gmt":"2023-03-23T07:07:27","guid":{"rendered":"https:\/\/falco.sdhost.eu\/product\/falco-ace\/"},"modified":"2026-01-08T17:51:08","modified_gmt":"2026-01-08T15:51:08","slug":"falco-ace","status":"publish","type":"product","link":"https:\/\/falco.ee\/et\/toode\/falco-ace\/","title":{"rendered":"Falco Ace"},"content":{"rendered":"<div class=\"node body\">\n<p>Falcol on hea meel pakkuda mudelit k\u00f5ige pisematele laskuritele. 45&#8243; Ace on kasutatav juba nii noorelt kui 3-aastaselt (ja tavaliselt kuni 7-8 aastani). Siiski, kuigi tegemist on v\u00e4ikese lastevibuga teeme k\u00f5ik Ace vibud k\u00e4sitsi meie P\u00e4rnu t\u00f6\u00f6kojas ja seega vastavad nad Falco k\u00f5rgele kvaliteedinormile. 45&#8243; Ace on sobilik kuni u 24&#8243; t\u00f5mbepikkusele.<\/p>\n<p>Ace on tellitav kolmes kaalukategoorias vastavalt lapse vanusele: S, M ja L. <strong>Ace tuleb komplektis kus on ka kolm laste puunoolt Falco Kids ja Falco Mini nooletupp.<\/strong><\/p>\n<p><strong>Hind: 109\u20ac\/komplekt<\/strong><\/p>\n<p><span class=\"text_exposed_show\">Koos Ace vibuga on hea meel tutvustada Eesti k\u00e4sit\u00f6\u00f6s valminud laste r\u00f5ivaid ettev\u00f5ttelt Tippi &amp; Tim (vt t\u00fcdruku fotodel). Tippi &amp; Tim jakid ja joped valmivad k\u00e4sit\u00f6\u00f6s naturaalsetest ja j\u00e4tkusuutlikest materjalides, peamiselt 100% villast. Vt l\u00e4hemalt: <a class=\"profileLink\" href=\"https:\/\/www.facebook.com\/Tippi-Tim-108241020653437\/?__tn__=K-R&amp;eid=ARC0N1bi6OSP8bL7sD8kBfx4ETQ8T3ubjTf28dilndZTHnHMn_wS0BoMrtPiH4Opnx0exoz6Zaf1cctI&amp;fref=mentions&amp;__xts__%5B0%5D=68.ARDb8GOhq080RnQjBotIzNW9DYbEjAIOgGOmZoNVGw23SGeTZ5YgeMXVI0ZxjEpKmQhzVitgol6dyFjA5ATc2ABZvbqZa6NBAgkSpLQMGy-QTFzmzJduytnxpCtAobBnSwAH9LG9YdM2WfjS8RMXkKSVsDXRwPJ4OdUVnXSygT-S7CMsrFfs6N5iUOlbXK-awWPrba4AH4cwJkM01N5WZjdRlHu2jUpvNBO7BY5D1z8ehWDujOm5eTuLcTNBLjvoOoM5fffGQ_ONQcHsG7CTmqGT-J6GWHLD0jgGAt6bp-Hxa8GewacEkb3LOzMZxlL6azdYz9Oz_YHawMBQQr9vIgd88Q\" data-hovercard=\"\/ajax\/hovercard\/page.php?id=108241020653437&amp;extragetparams=%7B%22__tn__%22%3A%22%2CdK-R-R%22%2C%22eid%22%3A%22ARC0N1bi6OSP8bL7sD8kBfx4ETQ8T3ubjTf28dilndZTHnHMn_wS0BoMrtPiH4Opnx0exoz6Zaf1cctI%22%2C%22fref%22%3A%22mentions%22%7D\" data-hovercard-prefer-more-content-show=\"1\">https:\/\/www.facebook.com\/Tippi-Tim-108241020653437\/<\/a><\/span><\/p>\n<\/div>\n","protected":false},"excerpt":{"rendered":"<ul>\n<li><small><\/small><strong><span style=\"color: #844d2b;\">\u20ac109 \u20ac\/Komplekt<\/span><\/strong><\/li>\n<li>T\u00f5mbepikkus: <span style=\"color: #844d2b;\"><em><strong>kuni 24&#8243;<\/strong><\/em><\/span><\/li>\n<li>Vibu pikkus: <em><strong><span style=\"color: #844d2b;\">45&#8243;<\/span><\/strong><\/em><\/li>\n<li>Hind sisaldab 22% KM<\/li>\n<\/ul>\n","protected":false},"featured_media":2567,"comment_status":"open","ping_status":"closed","template":"","meta":[],"product_brand":[],"product_cat":[304],"product_tag":[],"class_list":{"0":"post-4739","1":"product","2":"type-product","3":"status-publish","4":"has-post-thumbnail","6":"product_cat-falco-longbows-et","8":"first","9":"instock","10":"shipping-taxable","11":"purchasable","12":"product-type-simple"},"acf":[],"yoast_head":"<!-- This site is optimized with the Yoast SEO plugin v27.2 - https:\/\/yoast.com\/product\/yoast-seo-wordpress\/ -->\n<title>Falco Ace - Falco vibuvarustus<\/title>\n<meta name=\"robots\" content=\"index, follow, max-snippet:-1, max-image-preview:large, max-video-preview:-1\" \/>\n<link rel=\"canonical\" href=\"https:\/\/falco.ee\/et\/toode\/falco-ace\/\" \/>\n<meta property=\"og:locale\" content=\"et_EE\" \/>\n<meta property=\"og:type\" content=\"article\" \/>\n<meta property=\"og:title\" content=\"Falco Ace - Falco vibuvarustus\" \/>\n<meta property=\"og:description\" content=\"\u20ac109 \u20ac\/Komplekt  T\u00f5mbepikkus: kuni 24&quot;  Vibu pikkus: 45&quot;  Hind sisaldab 22% KM\" \/>\n<meta property=\"og:url\" content=\"https:\/\/falco.ee\/et\/toode\/falco-ace\/\" \/>\n<meta property=\"og:site_name\" content=\"Falco vibuvarustus\" \/>\n<meta property=\"article:modified_time\" content=\"2026-01-08T15:51:08+00:00\" \/>\n<meta property=\"og:image\" content=\"https:\/\/falco.ee\/wp-content\/uploads\/2023\/03\/bow-template-ACTUAL-Ace_01.png\" \/>\n\t<meta property=\"og:image:width\" content=\"400\" \/>\n\t<meta property=\"og:image:height\" content=\"560\" \/>\n\t<meta property=\"og:image:type\" content=\"image\/png\" \/>\n<meta name=\"twitter:card\" content=\"summary_large_image\" \/>\n<meta name=\"twitter:label1\" content=\"Est. reading time\" \/>\n\t<meta name=\"twitter:data1\" content=\"1 minut\" \/>\n<script type=\"application\/ld+json\" class=\"yoast-schema-graph\">{\"@context\":\"https:\/\/schema.org\",\"@graph\":[{\"@type\":\"WebPage\",\"@id\":\"https:\/\/falco.ee\/et\/toode\/falco-ace\/\",\"url\":\"https:\/\/falco.ee\/et\/toode\/falco-ace\/\",\"name\":\"Falco Ace - Falco vibuvarustus\",\"isPartOf\":{\"@id\":\"https:\/\/falco.ee\/et\/#website\"},\"primaryImageOfPage\":{\"@id\":\"https:\/\/falco.ee\/et\/toode\/falco-ace\/#primaryimage\"},\"image\":{\"@id\":\"https:\/\/falco.ee\/et\/toode\/falco-ace\/#primaryimage\"},\"thumbnailUrl\":\"https:\/\/falco.ee\/wp-content\/uploads\/2023\/03\/bow-template-ACTUAL-Ace_01.png\",\"datePublished\":\"2023-03-23T07:07:27+00:00\",\"dateModified\":\"2026-01-08T15:51:08+00:00\",\"breadcrumb\":{\"@id\":\"https:\/\/falco.ee\/et\/toode\/falco-ace\/#breadcrumb\"},\"inLanguage\":\"et\",\"potentialAction\":[{\"@type\":\"ReadAction\",\"target\":[\"https:\/\/falco.ee\/et\/toode\/falco-ace\/\"]}]},{\"@type\":\"ImageObject\",\"inLanguage\":\"et\",\"@id\":\"https:\/\/falco.ee\/et\/toode\/falco-ace\/#primaryimage\",\"url\":\"https:\/\/falco.ee\/wp-content\/uploads\/2023\/03\/bow-template-ACTUAL-Ace_01.png\",\"contentUrl\":\"https:\/\/falco.ee\/wp-content\/uploads\/2023\/03\/bow-template-ACTUAL-Ace_01.png\",\"width\":400,\"height\":560},{\"@type\":\"BreadcrumbList\",\"@id\":\"https:\/\/falco.ee\/et\/toode\/falco-ace\/#breadcrumb\",\"itemListElement\":[{\"@type\":\"ListItem\",\"position\":1,\"name\":\"Home\",\"item\":\"https:\/\/falco.ee\/et\/\"},{\"@type\":\"ListItem\",\"position\":2,\"name\":\"Shop\",\"item\":\"https:\/\/falco.ee\/shop\/\"},{\"@type\":\"ListItem\",\"position\":3,\"name\":\"Falco Ace\"}]},{\"@type\":\"WebSite\",\"@id\":\"https:\/\/falco.ee\/et\/#website\",\"url\":\"https:\/\/falco.ee\/et\/\",\"name\":\"Falco vibuvarustus\",\"description\":\"\",\"potentialAction\":[{\"@type\":\"SearchAction\",\"target\":{\"@type\":\"EntryPoint\",\"urlTemplate\":\"https:\/\/falco.ee\/et\/?s={search_term_string}\"},\"query-input\":{\"@type\":\"PropertyValueSpecification\",\"valueRequired\":true,\"valueName\":\"search_term_string\"}}],\"inLanguage\":\"et\"}]}<\/script>\n<!-- \/ Yoast SEO plugin. -->","yoast_head_json":{"title":"Falco Ace - Falco vibuvarustus","robots":{"index":"index","follow":"follow","max-snippet":"max-snippet:-1","max-image-preview":"max-image-preview:large","max-video-preview":"max-video-preview:-1"},"canonical":"https:\/\/falco.ee\/et\/toode\/falco-ace\/","og_locale":"et_EE","og_type":"article","og_title":"Falco Ace - Falco vibuvarustus","og_description":"\u20ac109 \u20ac\/Komplekt  T\u00f5mbepikkus: kuni 24\"  Vibu pikkus: 45\"  Hind sisaldab 22% KM","og_url":"https:\/\/falco.ee\/et\/toode\/falco-ace\/","og_site_name":"Falco vibuvarustus","article_modified_time":"2026-01-08T15:51:08+00:00","og_image":[{"width":400,"height":560,"url":"https:\/\/falco.ee\/wp-content\/uploads\/2023\/03\/bow-template-ACTUAL-Ace_01.png","type":"image\/png"}],"twitter_card":"summary_large_image","twitter_misc":{"Est. reading time":"1 minut"},"schema":{"@context":"https:\/\/schema.org","@graph":[{"@type":"WebPage","@id":"https:\/\/falco.ee\/et\/toode\/falco-ace\/","url":"https:\/\/falco.ee\/et\/toode\/falco-ace\/","name":"Falco Ace - Falco vibuvarustus","isPartOf":{"@id":"https:\/\/falco.ee\/et\/#website"},"primaryImageOfPage":{"@id":"https:\/\/falco.ee\/et\/toode\/falco-ace\/#primaryimage"},"image":{"@id":"https:\/\/falco.ee\/et\/toode\/falco-ace\/#primaryimage"},"thumbnailUrl":"https:\/\/falco.ee\/wp-content\/uploads\/2023\/03\/bow-template-ACTUAL-Ace_01.png","datePublished":"2023-03-23T07:07:27+00:00","dateModified":"2026-01-08T15:51:08+00:00","breadcrumb":{"@id":"https:\/\/falco.ee\/et\/toode\/falco-ace\/#breadcrumb"},"inLanguage":"et","potentialAction":[{"@type":"ReadAction","target":["https:\/\/falco.ee\/et\/toode\/falco-ace\/"]}]},{"@type":"ImageObject","inLanguage":"et","@id":"https:\/\/falco.ee\/et\/toode\/falco-ace\/#primaryimage","url":"https:\/\/falco.ee\/wp-content\/uploads\/2023\/03\/bow-template-ACTUAL-Ace_01.png","contentUrl":"https:\/\/falco.ee\/wp-content\/uploads\/2023\/03\/bow-template-ACTUAL-Ace_01.png","width":400,"height":560},{"@type":"BreadcrumbList","@id":"https:\/\/falco.ee\/et\/toode\/falco-ace\/#breadcrumb","itemListElement":[{"@type":"ListItem","position":1,"name":"Home","item":"https:\/\/falco.ee\/et\/"},{"@type":"ListItem","position":2,"name":"Shop","item":"https:\/\/falco.ee\/shop\/"},{"@type":"ListItem","position":3,"name":"Falco Ace"}]},{"@type":"WebSite","@id":"https:\/\/falco.ee\/et\/#website","url":"https:\/\/falco.ee\/et\/","name":"Falco vibuvarustus","description":"","potentialAction":[{"@type":"SearchAction","target":{"@type":"EntryPoint","urlTemplate":"https:\/\/falco.ee\/et\/?s={search_term_string}"},"query-input":{"@type":"PropertyValueSpecification","valueRequired":true,"valueName":"search_term_string"}}],"inLanguage":"et"}]}},"_links":{"self":[{"href":"https:\/\/falco.ee\/et\/wp-json\/wp\/v2\/product\/4739","targetHints":{"allow":["GET"]}}],"collection":[{"href":"https:\/\/falco.ee\/et\/wp-json\/wp\/v2\/product"}],"about":[{"href":"https:\/\/falco.ee\/et\/wp-json\/wp\/v2\/types\/product"}],"replies":[{"embeddable":true,"href":"https:\/\/falco.ee\/et\/wp-json\/wp\/v2\/comments?post=4739"}],"wp:featuredmedia":[{"embeddable":true,"href":"https:\/\/falco.ee\/et\/wp-json\/wp\/v2\/media\/2567"}],"wp:attachment":[{"href":"https:\/\/falco.ee\/et\/wp-json\/wp\/v2\/media?parent=4739"}],"wp:term":[{"taxonomy":"product_brand","embeddable":true,"href":"https:\/\/falco.ee\/et\/wp-json\/wp\/v2\/product_brand?post=4739"},{"taxonomy":"product_cat","embeddable":true,"href":"https:\/\/falco.ee\/et\/wp-json\/wp\/v2\/product_cat?post=4739"},{"taxonomy":"product_tag","embeddable":true,"href":"https:\/\/falco.ee\/et\/wp-json\/wp\/v2\/product_tag?post=4739"}],"curies":[{"name":"wp","href":"https:\/\/api.w.org\/{rel}","templated":true}]}}