{"id":4737,"date":"2023-08-14T16:47:46","date_gmt":"2023-08-14T13:47:46","guid":{"rendered":"https:\/\/falco.sdhost.eu\/product\/falco-vest-women-beige\/"},"modified":"2023-08-28T14:10:36","modified_gmt":"2023-08-28T11:10:36","slug":"falco-vest-women-beige","status":"publish","type":"product","link":"https:\/\/falco.ee\/et\/toode\/falco-vest-women-beige\/","title":{"rendered":"Falco vest naistele bee\u017e"},"content":{"rendered":"<p>High-quality down vest custom made for Falco by the same factory which produces for Japanese brand Uniqlo.<\/p>\n<p>K\u00f5rgkvaliteetne sulevest on Falcole toodetud sama tehase poolt, mis toodab veste ja jopesid jaapani br\u00e4ndile Uniqlo.<\/p>\n<p>Vesti v\u00e4limine kiht on tehtud pol\u00fcestrist ja sisu moodustavad\u00a090% ulatuses pardisuled.<\/p>\n<p><strong>V\u00f5imalikud suurused:<\/strong>\u00a0S, M, L, XL and XXL. On soovitatav valida \u00fcks number suurem versioon kui tavap\u00e4raselt.<\/p>\n","protected":false},"excerpt":{"rendered":"<p>High-quality down vest custom made for Falco by the same factory which produces for Japanese brand Uniqlo. K\u00f5rgkvaliteetne sulevest on Falcole toodetud sama tehase poolt, mis toodab veste ja jopesid jaapani br\u00e4ndile Uniqlo. Vesti v\u00e4limine kiht on tehtud pol\u00fcestrist ja sisu moodustavad\u00a090% ulatuses pardisuled. V\u00f5imalikud suurused:\u00a0S, M, L, XL and XXL. On soovitatav valida \u00fcks [&hellip;]<\/p>\n","protected":false},"featured_media":2748,"comment_status":"closed","ping_status":"closed","template":"","meta":[],"product_brand":[],"product_cat":[280],"product_tag":[],"class_list":{"0":"post-4737","1":"product","2":"type-product","3":"status-publish","4":"has-post-thumbnail","6":"product_cat-down-vests-et","8":"first","9":"instock","10":"shipping-taxable","11":"purchasable","12":"product-type-simple"},"acf":[],"yoast_head":"<!-- This site is optimized with the Yoast SEO plugin v27.2 - https:\/\/yoast.com\/product\/yoast-seo-wordpress\/ -->\n<title>Falco vest naistele bee\u017e - Falco vibuvarustus<\/title>\n<meta name=\"robots\" content=\"index, follow, max-snippet:-1, max-image-preview:large, max-video-preview:-1\" \/>\n<link rel=\"canonical\" href=\"https:\/\/falco.ee\/et\/toode\/falco-vest-women-beige\/\" \/>\n<meta property=\"og:locale\" content=\"et_EE\" \/>\n<meta property=\"og:type\" content=\"article\" \/>\n<meta property=\"og:title\" content=\"Falco vest naistele bee\u017e - Falco vibuvarustus\" \/>\n<meta property=\"og:description\" content=\"High-quality down vest custom made for Falco by the same factory which produces for Japanese brand Uniqlo. K\u00f5rgkvaliteetne sulevest on Falcole toodetud sama tehase poolt, mis toodab veste ja jopesid jaapani br\u00e4ndile Uniqlo. Vesti v\u00e4limine kiht on tehtud pol\u00fcestrist ja sisu moodustavad\u00a090% ulatuses pardisuled. V\u00f5imalikud suurused:\u00a0S, M, L, XL and XXL. On soovitatav valida \u00fcks [&hellip;]\" \/>\n<meta property=\"og:url\" content=\"https:\/\/falco.ee\/et\/toode\/falco-vest-women-beige\/\" \/>\n<meta property=\"og:site_name\" content=\"Falco vibuvarustus\" \/>\n<meta property=\"article:modified_time\" content=\"2023-08-28T11:10:36+00:00\" \/>\n<meta property=\"og:image\" content=\"https:\/\/falco.ee\/wp-content\/uploads\/2023\/08\/81140401-scaled.jpg\" \/>\n\t<meta property=\"og:image:width\" content=\"1920\" \/>\n\t<meta property=\"og:image:height\" content=\"2560\" \/>\n\t<meta property=\"og:image:type\" content=\"image\/jpeg\" \/>\n<meta name=\"twitter:card\" content=\"summary_large_image\" \/>\n<meta name=\"twitter:label1\" content=\"Est. reading time\" \/>\n\t<meta name=\"twitter:data1\" content=\"1 minut\" \/>\n<script type=\"application\/ld+json\" class=\"yoast-schema-graph\">{\"@context\":\"https:\/\/schema.org\",\"@graph\":[{\"@type\":\"WebPage\",\"@id\":\"https:\/\/falco.ee\/et\/toode\/falco-vest-women-beige\/\",\"url\":\"https:\/\/falco.ee\/et\/toode\/falco-vest-women-beige\/\",\"name\":\"Falco vest naistele bee\u017e - Falco vibuvarustus\",\"isPartOf\":{\"@id\":\"https:\/\/falco.ee\/et\/#website\"},\"primaryImageOfPage\":{\"@id\":\"https:\/\/falco.ee\/et\/toode\/falco-vest-women-beige\/#primaryimage\"},\"image\":{\"@id\":\"https:\/\/falco.ee\/et\/toode\/falco-vest-women-beige\/#primaryimage\"},\"thumbnailUrl\":\"https:\/\/falco.ee\/wp-content\/uploads\/2023\/08\/81140401-scaled.jpg\",\"datePublished\":\"2023-08-14T13:47:46+00:00\",\"dateModified\":\"2023-08-28T11:10:36+00:00\",\"breadcrumb\":{\"@id\":\"https:\/\/falco.ee\/et\/toode\/falco-vest-women-beige\/#breadcrumb\"},\"inLanguage\":\"et\",\"potentialAction\":[{\"@type\":\"ReadAction\",\"target\":[\"https:\/\/falco.ee\/et\/toode\/falco-vest-women-beige\/\"]}]},{\"@type\":\"ImageObject\",\"inLanguage\":\"et\",\"@id\":\"https:\/\/falco.ee\/et\/toode\/falco-vest-women-beige\/#primaryimage\",\"url\":\"https:\/\/falco.ee\/wp-content\/uploads\/2023\/08\/81140401-scaled.jpg\",\"contentUrl\":\"https:\/\/falco.ee\/wp-content\/uploads\/2023\/08\/81140401-scaled.jpg\",\"width\":1920,\"height\":2560,\"caption\":\"OLYMPUS DIGITAL CAMERA\"},{\"@type\":\"BreadcrumbList\",\"@id\":\"https:\/\/falco.ee\/et\/toode\/falco-vest-women-beige\/#breadcrumb\",\"itemListElement\":[{\"@type\":\"ListItem\",\"position\":1,\"name\":\"Home\",\"item\":\"https:\/\/falco.ee\/et\/\"},{\"@type\":\"ListItem\",\"position\":2,\"name\":\"Shop\",\"item\":\"https:\/\/falco.ee\/shop\/\"},{\"@type\":\"ListItem\",\"position\":3,\"name\":\"Falco vest naistele bee\u017e\"}]},{\"@type\":\"WebSite\",\"@id\":\"https:\/\/falco.ee\/et\/#website\",\"url\":\"https:\/\/falco.ee\/et\/\",\"name\":\"Falco vibuvarustus\",\"description\":\"\",\"potentialAction\":[{\"@type\":\"SearchAction\",\"target\":{\"@type\":\"EntryPoint\",\"urlTemplate\":\"https:\/\/falco.ee\/et\/?s={search_term_string}\"},\"query-input\":{\"@type\":\"PropertyValueSpecification\",\"valueRequired\":true,\"valueName\":\"search_term_string\"}}],\"inLanguage\":\"et\"}]}<\/script>\n<!-- \/ Yoast SEO plugin. -->","yoast_head_json":{"title":"Falco vest naistele bee\u017e - Falco vibuvarustus","robots":{"index":"index","follow":"follow","max-snippet":"max-snippet:-1","max-image-preview":"max-image-preview:large","max-video-preview":"max-video-preview:-1"},"canonical":"https:\/\/falco.ee\/et\/toode\/falco-vest-women-beige\/","og_locale":"et_EE","og_type":"article","og_title":"Falco vest naistele bee\u017e - Falco vibuvarustus","og_description":"High-quality down vest custom made for Falco by the same factory which produces for Japanese brand Uniqlo. K\u00f5rgkvaliteetne sulevest on Falcole toodetud sama tehase poolt, mis toodab veste ja jopesid jaapani br\u00e4ndile Uniqlo. Vesti v\u00e4limine kiht on tehtud pol\u00fcestrist ja sisu moodustavad\u00a090% ulatuses pardisuled. V\u00f5imalikud suurused:\u00a0S, M, L, XL and XXL. On soovitatav valida \u00fcks [&hellip;]","og_url":"https:\/\/falco.ee\/et\/toode\/falco-vest-women-beige\/","og_site_name":"Falco vibuvarustus","article_modified_time":"2023-08-28T11:10:36+00:00","og_image":[{"width":1920,"height":2560,"url":"https:\/\/falco.ee\/wp-content\/uploads\/2023\/08\/81140401-scaled.jpg","type":"image\/jpeg"}],"twitter_card":"summary_large_image","twitter_misc":{"Est. reading time":"1 minut"},"schema":{"@context":"https:\/\/schema.org","@graph":[{"@type":"WebPage","@id":"https:\/\/falco.ee\/et\/toode\/falco-vest-women-beige\/","url":"https:\/\/falco.ee\/et\/toode\/falco-vest-women-beige\/","name":"Falco vest naistele bee\u017e - Falco vibuvarustus","isPartOf":{"@id":"https:\/\/falco.ee\/et\/#website"},"primaryImageOfPage":{"@id":"https:\/\/falco.ee\/et\/toode\/falco-vest-women-beige\/#primaryimage"},"image":{"@id":"https:\/\/falco.ee\/et\/toode\/falco-vest-women-beige\/#primaryimage"},"thumbnailUrl":"https:\/\/falco.ee\/wp-content\/uploads\/2023\/08\/81140401-scaled.jpg","datePublished":"2023-08-14T13:47:46+00:00","dateModified":"2023-08-28T11:10:36+00:00","breadcrumb":{"@id":"https:\/\/falco.ee\/et\/toode\/falco-vest-women-beige\/#breadcrumb"},"inLanguage":"et","potentialAction":[{"@type":"ReadAction","target":["https:\/\/falco.ee\/et\/toode\/falco-vest-women-beige\/"]}]},{"@type":"ImageObject","inLanguage":"et","@id":"https:\/\/falco.ee\/et\/toode\/falco-vest-women-beige\/#primaryimage","url":"https:\/\/falco.ee\/wp-content\/uploads\/2023\/08\/81140401-scaled.jpg","contentUrl":"https:\/\/falco.ee\/wp-content\/uploads\/2023\/08\/81140401-scaled.jpg","width":1920,"height":2560,"caption":"OLYMPUS DIGITAL CAMERA"},{"@type":"BreadcrumbList","@id":"https:\/\/falco.ee\/et\/toode\/falco-vest-women-beige\/#breadcrumb","itemListElement":[{"@type":"ListItem","position":1,"name":"Home","item":"https:\/\/falco.ee\/et\/"},{"@type":"ListItem","position":2,"name":"Shop","item":"https:\/\/falco.ee\/shop\/"},{"@type":"ListItem","position":3,"name":"Falco vest naistele bee\u017e"}]},{"@type":"WebSite","@id":"https:\/\/falco.ee\/et\/#website","url":"https:\/\/falco.ee\/et\/","name":"Falco vibuvarustus","description":"","potentialAction":[{"@type":"SearchAction","target":{"@type":"EntryPoint","urlTemplate":"https:\/\/falco.ee\/et\/?s={search_term_string}"},"query-input":{"@type":"PropertyValueSpecification","valueRequired":true,"valueName":"search_term_string"}}],"inLanguage":"et"}]}},"_links":{"self":[{"href":"https:\/\/falco.ee\/et\/wp-json\/wp\/v2\/product\/4737","targetHints":{"allow":["GET"]}}],"collection":[{"href":"https:\/\/falco.ee\/et\/wp-json\/wp\/v2\/product"}],"about":[{"href":"https:\/\/falco.ee\/et\/wp-json\/wp\/v2\/types\/product"}],"replies":[{"embeddable":true,"href":"https:\/\/falco.ee\/et\/wp-json\/wp\/v2\/comments?post=4737"}],"wp:featuredmedia":[{"embeddable":true,"href":"https:\/\/falco.ee\/et\/wp-json\/wp\/v2\/media\/2748"}],"wp:attachment":[{"href":"https:\/\/falco.ee\/et\/wp-json\/wp\/v2\/media?parent=4737"}],"wp:term":[{"taxonomy":"product_brand","embeddable":true,"href":"https:\/\/falco.ee\/et\/wp-json\/wp\/v2\/product_brand?post=4737"},{"taxonomy":"product_cat","embeddable":true,"href":"https:\/\/falco.ee\/et\/wp-json\/wp\/v2\/product_cat?post=4737"},{"taxonomy":"product_tag","embeddable":true,"href":"https:\/\/falco.ee\/et\/wp-json\/wp\/v2\/product_tag?post=4737"}],"curies":[{"name":"wp","href":"https:\/\/api.w.org\/{rel}","templated":true}]}}