{"id":4720,"date":"2023-08-15T09:38:00","date_gmt":"2023-08-15T06:38:00","guid":{"rendered":"https:\/\/falco.sdhost.eu\/product\/falco-t-shirt-women-2020\/"},"modified":"2023-08-28T14:14:53","modified_gmt":"2023-08-28T11:14:53","slug":"falco-t-shirt-women-2020","status":"publish","type":"product","link":"https:\/\/falco.ee\/et\/toode\/falco-t-shirt-women-2020\/","title":{"rendered":"Falco T-s\u00e4rk naiste 2020"},"content":{"rendered":"<p>K\u00f5rgkvaliteetne Falco T-s\u00e4rk\u00a0on disainitud hispaania kunstniku\u00a0Medusa Dollmakeri poolt.\u00a0<em>Tight fit\u00a0<\/em>l\u00f5ikega\u00a0s\u00e4rk on toodetud \u00f5lipesu tehnoloogial, mis annab kangale reljeefse mustri.<\/p>\n<p>100% puuvillast tehtud T-s\u00e4rke on valikus erinevates suurustes:\u00a0<strong>S\u00a0&#8211; XL<\/strong>.\u00a0<em>Slim fit\u00a0<\/em>disaini t\u00f5ttu on soovitatav valida \u00fcks number suurem toode, kui seda tavap\u00e4raselt olete harjunud.<\/p>\n<p>V\u00e4rvitoonid:\u00a0<strong>magenta (roosakaspunane)<\/strong>\u00a0ja\u00a0<strong>helehall<\/strong><\/p>\n","protected":false},"excerpt":{"rendered":"<p>K\u00f5rgkvaliteetne Falco T-s\u00e4rk\u00a0on disainitud hispaania kunstniku\u00a0Medusa Dollmakeri poolt.\u00a0Tight fit\u00a0l\u00f5ikega\u00a0s\u00e4rk on toodetud \u00f5lipesu tehnoloogial, mis annab kangale reljeefse mustri. 100% puuvillast tehtud T-s\u00e4rke on valikus erinevates suurustes:\u00a0S\u00a0&#8211; XL.\u00a0Slim fit\u00a0disaini t\u00f5ttu on soovitatav valida \u00fcks number suurem toode, kui seda tavap\u00e4raselt olete harjunud. V\u00e4rvitoonid:\u00a0magenta (roosakaspunane)\u00a0ja\u00a0helehall<\/p>\n","protected":false},"featured_media":2789,"comment_status":"closed","ping_status":"closed","template":"","meta":[],"product_brand":[],"product_cat":[284],"product_tag":[],"class_list":{"0":"post-4720","1":"product","2":"type-product","3":"status-publish","4":"has-post-thumbnail","6":"product_cat-shirts-et","8":"first","9":"instock","10":"shipping-taxable","11":"purchasable","12":"product-type-simple"},"acf":[],"yoast_head":"<!-- This site is optimized with the Yoast SEO plugin v27.2 - https:\/\/yoast.com\/product\/yoast-seo-wordpress\/ -->\n<title>Falco T-s\u00e4rk naiste 2020 - Falco vibuvarustus<\/title>\n<meta name=\"robots\" content=\"index, follow, max-snippet:-1, max-image-preview:large, max-video-preview:-1\" \/>\n<link rel=\"canonical\" href=\"https:\/\/falco.ee\/et\/toode\/falco-t-shirt-women-2020\/\" \/>\n<meta property=\"og:locale\" content=\"et_EE\" \/>\n<meta property=\"og:type\" content=\"article\" \/>\n<meta property=\"og:title\" content=\"Falco T-s\u00e4rk naiste 2020 - Falco vibuvarustus\" \/>\n<meta property=\"og:description\" content=\"K\u00f5rgkvaliteetne Falco T-s\u00e4rk\u00a0on disainitud hispaania kunstniku\u00a0Medusa Dollmakeri poolt.\u00a0Tight fit\u00a0l\u00f5ikega\u00a0s\u00e4rk on toodetud \u00f5lipesu tehnoloogial, mis annab kangale reljeefse mustri. 100% puuvillast tehtud T-s\u00e4rke on valikus erinevates suurustes:\u00a0S\u00a0&#8211; XL.\u00a0Slim fit\u00a0disaini t\u00f5ttu on soovitatav valida \u00fcks number suurem toode, kui seda tavap\u00e4raselt olete harjunud. V\u00e4rvitoonid:\u00a0magenta (roosakaspunane)\u00a0ja\u00a0helehall\" \/>\n<meta property=\"og:url\" content=\"https:\/\/falco.ee\/et\/toode\/falco-t-shirt-women-2020\/\" \/>\n<meta property=\"og:site_name\" content=\"Falco vibuvarustus\" \/>\n<meta property=\"article:modified_time\" content=\"2023-08-28T11:14:53+00:00\" \/>\n<meta property=\"og:image\" content=\"https:\/\/falco.ee\/wp-content\/uploads\/2023\/08\/8103987_01-scaled.jpg\" \/>\n\t<meta property=\"og:image:width\" content=\"1920\" \/>\n\t<meta property=\"og:image:height\" content=\"2560\" \/>\n\t<meta property=\"og:image:type\" content=\"image\/jpeg\" \/>\n<meta name=\"twitter:card\" content=\"summary_large_image\" \/>\n<meta name=\"twitter:label1\" content=\"Est. reading time\" \/>\n\t<meta name=\"twitter:data1\" content=\"1 minut\" \/>\n<script type=\"application\/ld+json\" class=\"yoast-schema-graph\">{\"@context\":\"https:\/\/schema.org\",\"@graph\":[{\"@type\":\"WebPage\",\"@id\":\"https:\/\/falco.ee\/et\/toode\/falco-t-shirt-women-2020\/\",\"url\":\"https:\/\/falco.ee\/et\/toode\/falco-t-shirt-women-2020\/\",\"name\":\"Falco T-s\u00e4rk naiste 2020 - Falco vibuvarustus\",\"isPartOf\":{\"@id\":\"https:\/\/falco.ee\/et\/#website\"},\"primaryImageOfPage\":{\"@id\":\"https:\/\/falco.ee\/et\/toode\/falco-t-shirt-women-2020\/#primaryimage\"},\"image\":{\"@id\":\"https:\/\/falco.ee\/et\/toode\/falco-t-shirt-women-2020\/#primaryimage\"},\"thumbnailUrl\":\"https:\/\/falco.ee\/wp-content\/uploads\/2023\/08\/8103987_01-scaled.jpg\",\"datePublished\":\"2023-08-15T06:38:00+00:00\",\"dateModified\":\"2023-08-28T11:14:53+00:00\",\"breadcrumb\":{\"@id\":\"https:\/\/falco.ee\/et\/toode\/falco-t-shirt-women-2020\/#breadcrumb\"},\"inLanguage\":\"et\",\"potentialAction\":[{\"@type\":\"ReadAction\",\"target\":[\"https:\/\/falco.ee\/et\/toode\/falco-t-shirt-women-2020\/\"]}]},{\"@type\":\"ImageObject\",\"inLanguage\":\"et\",\"@id\":\"https:\/\/falco.ee\/et\/toode\/falco-t-shirt-women-2020\/#primaryimage\",\"url\":\"https:\/\/falco.ee\/wp-content\/uploads\/2023\/08\/8103987_01-scaled.jpg\",\"contentUrl\":\"https:\/\/falco.ee\/wp-content\/uploads\/2023\/08\/8103987_01-scaled.jpg\",\"width\":1920,\"height\":2560,\"caption\":\"OLYMPUS DIGITAL CAMERA\"},{\"@type\":\"BreadcrumbList\",\"@id\":\"https:\/\/falco.ee\/et\/toode\/falco-t-shirt-women-2020\/#breadcrumb\",\"itemListElement\":[{\"@type\":\"ListItem\",\"position\":1,\"name\":\"Home\",\"item\":\"https:\/\/falco.ee\/et\/\"},{\"@type\":\"ListItem\",\"position\":2,\"name\":\"Shop\",\"item\":\"https:\/\/falco.ee\/shop\/\"},{\"@type\":\"ListItem\",\"position\":3,\"name\":\"Falco T-s\u00e4rk naiste 2020\"}]},{\"@type\":\"WebSite\",\"@id\":\"https:\/\/falco.ee\/et\/#website\",\"url\":\"https:\/\/falco.ee\/et\/\",\"name\":\"Falco vibuvarustus\",\"description\":\"\",\"potentialAction\":[{\"@type\":\"SearchAction\",\"target\":{\"@type\":\"EntryPoint\",\"urlTemplate\":\"https:\/\/falco.ee\/et\/?s={search_term_string}\"},\"query-input\":{\"@type\":\"PropertyValueSpecification\",\"valueRequired\":true,\"valueName\":\"search_term_string\"}}],\"inLanguage\":\"et\"}]}<\/script>\n<!-- \/ Yoast SEO plugin. -->","yoast_head_json":{"title":"Falco T-s\u00e4rk naiste 2020 - Falco vibuvarustus","robots":{"index":"index","follow":"follow","max-snippet":"max-snippet:-1","max-image-preview":"max-image-preview:large","max-video-preview":"max-video-preview:-1"},"canonical":"https:\/\/falco.ee\/et\/toode\/falco-t-shirt-women-2020\/","og_locale":"et_EE","og_type":"article","og_title":"Falco T-s\u00e4rk naiste 2020 - Falco vibuvarustus","og_description":"K\u00f5rgkvaliteetne Falco T-s\u00e4rk\u00a0on disainitud hispaania kunstniku\u00a0Medusa Dollmakeri poolt.\u00a0Tight fit\u00a0l\u00f5ikega\u00a0s\u00e4rk on toodetud \u00f5lipesu tehnoloogial, mis annab kangale reljeefse mustri. 100% puuvillast tehtud T-s\u00e4rke on valikus erinevates suurustes:\u00a0S\u00a0&#8211; XL.\u00a0Slim fit\u00a0disaini t\u00f5ttu on soovitatav valida \u00fcks number suurem toode, kui seda tavap\u00e4raselt olete harjunud. V\u00e4rvitoonid:\u00a0magenta (roosakaspunane)\u00a0ja\u00a0helehall","og_url":"https:\/\/falco.ee\/et\/toode\/falco-t-shirt-women-2020\/","og_site_name":"Falco vibuvarustus","article_modified_time":"2023-08-28T11:14:53+00:00","og_image":[{"width":1920,"height":2560,"url":"https:\/\/falco.ee\/wp-content\/uploads\/2023\/08\/8103987_01-scaled.jpg","type":"image\/jpeg"}],"twitter_card":"summary_large_image","twitter_misc":{"Est. reading time":"1 minut"},"schema":{"@context":"https:\/\/schema.org","@graph":[{"@type":"WebPage","@id":"https:\/\/falco.ee\/et\/toode\/falco-t-shirt-women-2020\/","url":"https:\/\/falco.ee\/et\/toode\/falco-t-shirt-women-2020\/","name":"Falco T-s\u00e4rk naiste 2020 - Falco vibuvarustus","isPartOf":{"@id":"https:\/\/falco.ee\/et\/#website"},"primaryImageOfPage":{"@id":"https:\/\/falco.ee\/et\/toode\/falco-t-shirt-women-2020\/#primaryimage"},"image":{"@id":"https:\/\/falco.ee\/et\/toode\/falco-t-shirt-women-2020\/#primaryimage"},"thumbnailUrl":"https:\/\/falco.ee\/wp-content\/uploads\/2023\/08\/8103987_01-scaled.jpg","datePublished":"2023-08-15T06:38:00+00:00","dateModified":"2023-08-28T11:14:53+00:00","breadcrumb":{"@id":"https:\/\/falco.ee\/et\/toode\/falco-t-shirt-women-2020\/#breadcrumb"},"inLanguage":"et","potentialAction":[{"@type":"ReadAction","target":["https:\/\/falco.ee\/et\/toode\/falco-t-shirt-women-2020\/"]}]},{"@type":"ImageObject","inLanguage":"et","@id":"https:\/\/falco.ee\/et\/toode\/falco-t-shirt-women-2020\/#primaryimage","url":"https:\/\/falco.ee\/wp-content\/uploads\/2023\/08\/8103987_01-scaled.jpg","contentUrl":"https:\/\/falco.ee\/wp-content\/uploads\/2023\/08\/8103987_01-scaled.jpg","width":1920,"height":2560,"caption":"OLYMPUS DIGITAL CAMERA"},{"@type":"BreadcrumbList","@id":"https:\/\/falco.ee\/et\/toode\/falco-t-shirt-women-2020\/#breadcrumb","itemListElement":[{"@type":"ListItem","position":1,"name":"Home","item":"https:\/\/falco.ee\/et\/"},{"@type":"ListItem","position":2,"name":"Shop","item":"https:\/\/falco.ee\/shop\/"},{"@type":"ListItem","position":3,"name":"Falco T-s\u00e4rk naiste 2020"}]},{"@type":"WebSite","@id":"https:\/\/falco.ee\/et\/#website","url":"https:\/\/falco.ee\/et\/","name":"Falco vibuvarustus","description":"","potentialAction":[{"@type":"SearchAction","target":{"@type":"EntryPoint","urlTemplate":"https:\/\/falco.ee\/et\/?s={search_term_string}"},"query-input":{"@type":"PropertyValueSpecification","valueRequired":true,"valueName":"search_term_string"}}],"inLanguage":"et"}]}},"_links":{"self":[{"href":"https:\/\/falco.ee\/et\/wp-json\/wp\/v2\/product\/4720","targetHints":{"allow":["GET"]}}],"collection":[{"href":"https:\/\/falco.ee\/et\/wp-json\/wp\/v2\/product"}],"about":[{"href":"https:\/\/falco.ee\/et\/wp-json\/wp\/v2\/types\/product"}],"replies":[{"embeddable":true,"href":"https:\/\/falco.ee\/et\/wp-json\/wp\/v2\/comments?post=4720"}],"wp:featuredmedia":[{"embeddable":true,"href":"https:\/\/falco.ee\/et\/wp-json\/wp\/v2\/media\/2789"}],"wp:attachment":[{"href":"https:\/\/falco.ee\/et\/wp-json\/wp\/v2\/media?parent=4720"}],"wp:term":[{"taxonomy":"product_brand","embeddable":true,"href":"https:\/\/falco.ee\/et\/wp-json\/wp\/v2\/product_brand?post=4720"},{"taxonomy":"product_cat","embeddable":true,"href":"https:\/\/falco.ee\/et\/wp-json\/wp\/v2\/product_cat?post=4720"},{"taxonomy":"product_tag","embeddable":true,"href":"https:\/\/falco.ee\/et\/wp-json\/wp\/v2\/product_tag?post=4720"}],"curies":[{"name":"wp","href":"https:\/\/api.w.org\/{rel}","templated":true}]}}