{"id":4617,"date":"2023-08-15T12:27:38","date_gmt":"2023-08-15T09:27:38","guid":{"rendered":"https:\/\/falco.sdhost.eu\/product\/rinehart-18-rhino-bag-for-crossbow\/"},"modified":"2023-08-29T10:20:20","modified_gmt":"2023-08-29T07:20:20","slug":"rinehart-18-rhino-bag-for-crossbow","status":"publish","type":"product","link":"https:\/\/falco.ee\/et\/toode\/rinehart-18-rhino-bag-for-crossbow\/","title":{"rendered":"Rinehart 18&#8243; Rhino Bag ammulaskmiseks"},"content":{"rendered":"<div class=\"node body\">\n<p>Uus Rinehart 18&#8243; Rhino Bag on valmistatud ilmastikutingimustele vastupidavaks laskmiseks &#8211; kotit\u00fc\u00fcpi vibumati v\u00e4liskiht on tehtud ilmastiku- ja UV-kindlast pol\u00fcprop\u00fcleenkangast. Dual Layered Power Band Technology teeb mati sisemuse ammunoolte peatamiseks tugevaks.<\/p>\n<ul>\n<li>K\u00f5rgus: 18&#8243;<\/li>\n<li>Laius: 18&#8243;<\/li>\n<li>S\u00fcgavus: 12&#8243;<\/li>\n<\/ul>\n<\/div>\n<div class=\"product-request\"><\/div>\n","protected":false},"excerpt":{"rendered":"<p>Uus Rinehart 18&#8243; Rhino Bag on valmistatud ilmastikutingimustele vastupidavaks laskmiseks &#8211; kotit\u00fc\u00fcpi vibumati v\u00e4liskiht on tehtud ilmastiku- ja UV-kindlast pol\u00fcprop\u00fcleenkangast. Dual Layered Power Band Technology teeb mati sisemuse ammunoolte peatamiseks tugevaks. K\u00f5rgus: 18&#8243; Laius: 18&#8243; S\u00fcgavus: 12&#8243;<\/p>\n","protected":false},"featured_media":2913,"comment_status":"closed","ping_status":"closed","template":"","meta":[],"product_brand":[],"product_cat":[254],"product_tag":[],"class_list":{"0":"post-4617","1":"product","2":"type-product","3":"status-publish","4":"has-post-thumbnail","6":"product_cat-blocks-bags","8":"first","9":"instock","10":"shipping-taxable","11":"purchasable","12":"product-type-simple"},"acf":[],"yoast_head":"<!-- This site is optimized with the Yoast SEO plugin v27.2 - https:\/\/yoast.com\/product\/yoast-seo-wordpress\/ -->\n<title>Rinehart 18&quot; Rhino Bag ammulaskmiseks - Falco vibuvarustus<\/title>\n<meta name=\"robots\" content=\"index, follow, max-snippet:-1, max-image-preview:large, max-video-preview:-1\" \/>\n<link rel=\"canonical\" href=\"https:\/\/falco.ee\/et\/toode\/rinehart-18-rhino-bag-for-crossbow\/\" \/>\n<meta property=\"og:locale\" content=\"et_EE\" \/>\n<meta property=\"og:type\" content=\"article\" \/>\n<meta property=\"og:title\" content=\"Rinehart 18&quot; Rhino Bag ammulaskmiseks - Falco vibuvarustus\" \/>\n<meta property=\"og:description\" content=\"Uus Rinehart 18&#8243; Rhino Bag on valmistatud ilmastikutingimustele vastupidavaks laskmiseks &#8211; kotit\u00fc\u00fcpi vibumati v\u00e4liskiht on tehtud ilmastiku- ja UV-kindlast pol\u00fcprop\u00fcleenkangast. Dual Layered Power Band Technology teeb mati sisemuse ammunoolte peatamiseks tugevaks. K\u00f5rgus: 18&#8243; Laius: 18&#8243; S\u00fcgavus: 12&#8243;\" \/>\n<meta property=\"og:url\" content=\"https:\/\/falco.ee\/et\/toode\/rinehart-18-rhino-bag-for-crossbow\/\" \/>\n<meta property=\"og:site_name\" content=\"Falco vibuvarustus\" \/>\n<meta property=\"article:modified_time\" content=\"2023-08-29T07:20:20+00:00\" \/>\n<meta property=\"og:image\" content=\"https:\/\/falco.ee\/wp-content\/uploads\/2023\/08\/rhino-bag-21.jpg\" \/>\n\t<meta property=\"og:image:width\" content=\"450\" \/>\n\t<meta property=\"og:image:height\" content=\"505\" \/>\n\t<meta property=\"og:image:type\" content=\"image\/jpeg\" \/>\n<meta name=\"twitter:card\" content=\"summary_large_image\" \/>\n<meta name=\"twitter:label1\" content=\"Est. reading time\" \/>\n\t<meta name=\"twitter:data1\" content=\"1 minut\" \/>\n<script type=\"application\/ld+json\" class=\"yoast-schema-graph\">{\"@context\":\"https:\/\/schema.org\",\"@graph\":[{\"@type\":\"WebPage\",\"@id\":\"https:\/\/falco.ee\/et\/toode\/rinehart-18-rhino-bag-for-crossbow\/\",\"url\":\"https:\/\/falco.ee\/et\/toode\/rinehart-18-rhino-bag-for-crossbow\/\",\"name\":\"Rinehart 18\\\" Rhino Bag ammulaskmiseks - Falco vibuvarustus\",\"isPartOf\":{\"@id\":\"https:\/\/falco.ee\/et\/#website\"},\"primaryImageOfPage\":{\"@id\":\"https:\/\/falco.ee\/et\/toode\/rinehart-18-rhino-bag-for-crossbow\/#primaryimage\"},\"image\":{\"@id\":\"https:\/\/falco.ee\/et\/toode\/rinehart-18-rhino-bag-for-crossbow\/#primaryimage\"},\"thumbnailUrl\":\"https:\/\/falco.ee\/wp-content\/uploads\/2023\/08\/rhino-bag-21.jpg\",\"datePublished\":\"2023-08-15T09:27:38+00:00\",\"dateModified\":\"2023-08-29T07:20:20+00:00\",\"breadcrumb\":{\"@id\":\"https:\/\/falco.ee\/et\/toode\/rinehart-18-rhino-bag-for-crossbow\/#breadcrumb\"},\"inLanguage\":\"et\",\"potentialAction\":[{\"@type\":\"ReadAction\",\"target\":[\"https:\/\/falco.ee\/et\/toode\/rinehart-18-rhino-bag-for-crossbow\/\"]}]},{\"@type\":\"ImageObject\",\"inLanguage\":\"et\",\"@id\":\"https:\/\/falco.ee\/et\/toode\/rinehart-18-rhino-bag-for-crossbow\/#primaryimage\",\"url\":\"https:\/\/falco.ee\/wp-content\/uploads\/2023\/08\/rhino-bag-21.jpg\",\"contentUrl\":\"https:\/\/falco.ee\/wp-content\/uploads\/2023\/08\/rhino-bag-21.jpg\",\"width\":450,\"height\":505},{\"@type\":\"BreadcrumbList\",\"@id\":\"https:\/\/falco.ee\/et\/toode\/rinehart-18-rhino-bag-for-crossbow\/#breadcrumb\",\"itemListElement\":[{\"@type\":\"ListItem\",\"position\":1,\"name\":\"Home\",\"item\":\"https:\/\/falco.ee\/et\/\"},{\"@type\":\"ListItem\",\"position\":2,\"name\":\"Shop\",\"item\":\"https:\/\/falco.ee\/shop\/\"},{\"@type\":\"ListItem\",\"position\":3,\"name\":\"Rinehart 18&#8243; Rhino Bag ammulaskmiseks\"}]},{\"@type\":\"WebSite\",\"@id\":\"https:\/\/falco.ee\/et\/#website\",\"url\":\"https:\/\/falco.ee\/et\/\",\"name\":\"Falco vibuvarustus\",\"description\":\"\",\"potentialAction\":[{\"@type\":\"SearchAction\",\"target\":{\"@type\":\"EntryPoint\",\"urlTemplate\":\"https:\/\/falco.ee\/et\/?s={search_term_string}\"},\"query-input\":{\"@type\":\"PropertyValueSpecification\",\"valueRequired\":true,\"valueName\":\"search_term_string\"}}],\"inLanguage\":\"et\"}]}<\/script>\n<!-- \/ Yoast SEO plugin. -->","yoast_head_json":{"title":"Rinehart 18\" Rhino Bag ammulaskmiseks - Falco vibuvarustus","robots":{"index":"index","follow":"follow","max-snippet":"max-snippet:-1","max-image-preview":"max-image-preview:large","max-video-preview":"max-video-preview:-1"},"canonical":"https:\/\/falco.ee\/et\/toode\/rinehart-18-rhino-bag-for-crossbow\/","og_locale":"et_EE","og_type":"article","og_title":"Rinehart 18\" Rhino Bag ammulaskmiseks - Falco vibuvarustus","og_description":"Uus Rinehart 18&#8243; Rhino Bag on valmistatud ilmastikutingimustele vastupidavaks laskmiseks &#8211; kotit\u00fc\u00fcpi vibumati v\u00e4liskiht on tehtud ilmastiku- ja UV-kindlast pol\u00fcprop\u00fcleenkangast. Dual Layered Power Band Technology teeb mati sisemuse ammunoolte peatamiseks tugevaks. K\u00f5rgus: 18&#8243; Laius: 18&#8243; S\u00fcgavus: 12&#8243;","og_url":"https:\/\/falco.ee\/et\/toode\/rinehart-18-rhino-bag-for-crossbow\/","og_site_name":"Falco vibuvarustus","article_modified_time":"2023-08-29T07:20:20+00:00","og_image":[{"width":450,"height":505,"url":"https:\/\/falco.ee\/wp-content\/uploads\/2023\/08\/rhino-bag-21.jpg","type":"image\/jpeg"}],"twitter_card":"summary_large_image","twitter_misc":{"Est. reading time":"1 minut"},"schema":{"@context":"https:\/\/schema.org","@graph":[{"@type":"WebPage","@id":"https:\/\/falco.ee\/et\/toode\/rinehart-18-rhino-bag-for-crossbow\/","url":"https:\/\/falco.ee\/et\/toode\/rinehart-18-rhino-bag-for-crossbow\/","name":"Rinehart 18\" Rhino Bag ammulaskmiseks - Falco vibuvarustus","isPartOf":{"@id":"https:\/\/falco.ee\/et\/#website"},"primaryImageOfPage":{"@id":"https:\/\/falco.ee\/et\/toode\/rinehart-18-rhino-bag-for-crossbow\/#primaryimage"},"image":{"@id":"https:\/\/falco.ee\/et\/toode\/rinehart-18-rhino-bag-for-crossbow\/#primaryimage"},"thumbnailUrl":"https:\/\/falco.ee\/wp-content\/uploads\/2023\/08\/rhino-bag-21.jpg","datePublished":"2023-08-15T09:27:38+00:00","dateModified":"2023-08-29T07:20:20+00:00","breadcrumb":{"@id":"https:\/\/falco.ee\/et\/toode\/rinehart-18-rhino-bag-for-crossbow\/#breadcrumb"},"inLanguage":"et","potentialAction":[{"@type":"ReadAction","target":["https:\/\/falco.ee\/et\/toode\/rinehart-18-rhino-bag-for-crossbow\/"]}]},{"@type":"ImageObject","inLanguage":"et","@id":"https:\/\/falco.ee\/et\/toode\/rinehart-18-rhino-bag-for-crossbow\/#primaryimage","url":"https:\/\/falco.ee\/wp-content\/uploads\/2023\/08\/rhino-bag-21.jpg","contentUrl":"https:\/\/falco.ee\/wp-content\/uploads\/2023\/08\/rhino-bag-21.jpg","width":450,"height":505},{"@type":"BreadcrumbList","@id":"https:\/\/falco.ee\/et\/toode\/rinehart-18-rhino-bag-for-crossbow\/#breadcrumb","itemListElement":[{"@type":"ListItem","position":1,"name":"Home","item":"https:\/\/falco.ee\/et\/"},{"@type":"ListItem","position":2,"name":"Shop","item":"https:\/\/falco.ee\/shop\/"},{"@type":"ListItem","position":3,"name":"Rinehart 18&#8243; Rhino Bag ammulaskmiseks"}]},{"@type":"WebSite","@id":"https:\/\/falco.ee\/et\/#website","url":"https:\/\/falco.ee\/et\/","name":"Falco vibuvarustus","description":"","potentialAction":[{"@type":"SearchAction","target":{"@type":"EntryPoint","urlTemplate":"https:\/\/falco.ee\/et\/?s={search_term_string}"},"query-input":{"@type":"PropertyValueSpecification","valueRequired":true,"valueName":"search_term_string"}}],"inLanguage":"et"}]}},"_links":{"self":[{"href":"https:\/\/falco.ee\/et\/wp-json\/wp\/v2\/product\/4617","targetHints":{"allow":["GET"]}}],"collection":[{"href":"https:\/\/falco.ee\/et\/wp-json\/wp\/v2\/product"}],"about":[{"href":"https:\/\/falco.ee\/et\/wp-json\/wp\/v2\/types\/product"}],"replies":[{"embeddable":true,"href":"https:\/\/falco.ee\/et\/wp-json\/wp\/v2\/comments?post=4617"}],"wp:featuredmedia":[{"embeddable":true,"href":"https:\/\/falco.ee\/et\/wp-json\/wp\/v2\/media\/2913"}],"wp:attachment":[{"href":"https:\/\/falco.ee\/et\/wp-json\/wp\/v2\/media?parent=4617"}],"wp:term":[{"taxonomy":"product_brand","embeddable":true,"href":"https:\/\/falco.ee\/et\/wp-json\/wp\/v2\/product_brand?post=4617"},{"taxonomy":"product_cat","embeddable":true,"href":"https:\/\/falco.ee\/et\/wp-json\/wp\/v2\/product_cat?post=4617"},{"taxonomy":"product_tag","embeddable":true,"href":"https:\/\/falco.ee\/et\/wp-json\/wp\/v2\/product_tag?post=4617"}],"curies":[{"name":"wp","href":"https:\/\/api.w.org\/{rel}","templated":true}]}}