{"id":4604,"date":"2023-08-15T12:42:49","date_gmt":"2023-08-15T09:42:49","guid":{"rendered":"https:\/\/falco.sdhost.eu\/product\/straw-matt\/"},"modified":"2023-08-29T10:05:00","modified_gmt":"2023-08-29T07:05:00","slug":"straw-matt","status":"publish","type":"product","link":"https:\/\/falco.ee\/et\/toode\/straw-matt\/","title":{"rendered":"Punutud \u00f5lgmatt"},"content":{"rendered":"<div class=\"node body\">\n<p>Itaalias toodetud stiilsed ja vastupidavad punutud \u00f5lgmatid, mis on ametlikult kasutuses ka FITA tiitliv\u00f5istlustel. Valmistamisel on kasutatud ainulaadest tehnoloogiat, mille k\u00e4igus eelnevalt koostatud ja kokkut\u00f5mmatud \u00f5lgedest &#8220;palmik&#8221; on spiraalselt tihedalt kokku rullitud.<\/p>\n<p><strong>Hinnad:<\/strong><\/p>\n<p><strong>119\u00a0\u20ac<\/strong>\u00a0(diameeter 90 cm)<\/p>\n<p><strong>105 \u20ac\u00a0<\/strong>(diameeter 70 cm)<\/p>\n<\/div>\n","protected":false},"excerpt":{"rendered":"<p>Itaalias toodetud stiilsed ja vastupidavad punutud \u00f5lgmatid, mis on ametlikult kasutuses ka FITA tiitliv\u00f5istlustel. Valmistamisel on kasutatud ainulaadest tehnoloogiat, mille k\u00e4igus eelnevalt koostatud ja kokkut\u00f5mmatud \u00f5lgedest &#8220;palmik&#8221; on spiraalselt tihedalt kokku rullitud. Hinnad: 119\u00a0\u20ac\u00a0(diameeter 90 cm) 105 \u20ac\u00a0(diameeter 70 cm)<\/p>\n","protected":false},"featured_media":2924,"comment_status":"closed","ping_status":"closed","template":"","meta":[],"product_brand":[],"product_cat":[257],"product_tag":[],"class_list":{"0":"post-4604","1":"product","2":"type-product","3":"status-publish","4":"has-post-thumbnail","6":"product_cat-straw-matts-et","8":"first","9":"instock","10":"shipping-taxable","11":"purchasable","12":"product-type-simple"},"acf":[],"yoast_head":"<!-- This site is optimized with the Yoast SEO plugin v27.2 - https:\/\/yoast.com\/product\/yoast-seo-wordpress\/ -->\n<title>Punutud \u00f5lgmatt - Falco vibuvarustus<\/title>\n<meta name=\"robots\" content=\"index, follow, max-snippet:-1, max-image-preview:large, max-video-preview:-1\" \/>\n<link rel=\"canonical\" href=\"https:\/\/falco.ee\/et\/toode\/straw-matt\/\" \/>\n<meta property=\"og:locale\" content=\"et_EE\" \/>\n<meta property=\"og:type\" content=\"article\" \/>\n<meta property=\"og:title\" content=\"Punutud \u00f5lgmatt - Falco vibuvarustus\" \/>\n<meta property=\"og:description\" content=\"Itaalias toodetud stiilsed ja vastupidavad punutud \u00f5lgmatid, mis on ametlikult kasutuses ka FITA tiitliv\u00f5istlustel. Valmistamisel on kasutatud ainulaadest tehnoloogiat, mille k\u00e4igus eelnevalt koostatud ja kokkut\u00f5mmatud \u00f5lgedest &#8220;palmik&#8221; on spiraalselt tihedalt kokku rullitud. Hinnad: 119\u00a0\u20ac\u00a0(diameeter 90 cm) 105 \u20ac\u00a0(diameeter 70 cm)\" \/>\n<meta property=\"og:url\" content=\"https:\/\/falco.ee\/et\/toode\/straw-matt\/\" \/>\n<meta property=\"og:site_name\" content=\"Falco vibuvarustus\" \/>\n<meta property=\"article:modified_time\" content=\"2023-08-29T07:05:00+00:00\" \/>\n<meta property=\"og:image\" content=\"https:\/\/falco.ee\/wp-content\/uploads\/2023\/08\/1_251.jpg\" \/>\n\t<meta property=\"og:image:width\" content=\"350\" \/>\n\t<meta property=\"og:image:height\" content=\"337\" \/>\n\t<meta property=\"og:image:type\" content=\"image\/jpeg\" \/>\n<meta name=\"twitter:card\" content=\"summary_large_image\" \/>\n<meta name=\"twitter:label1\" content=\"Est. reading time\" \/>\n\t<meta name=\"twitter:data1\" content=\"1 minut\" \/>\n<script type=\"application\/ld+json\" class=\"yoast-schema-graph\">{\"@context\":\"https:\/\/schema.org\",\"@graph\":[{\"@type\":\"WebPage\",\"@id\":\"https:\/\/falco.ee\/et\/toode\/straw-matt\/\",\"url\":\"https:\/\/falco.ee\/et\/toode\/straw-matt\/\",\"name\":\"Punutud \u00f5lgmatt - Falco vibuvarustus\",\"isPartOf\":{\"@id\":\"https:\/\/falco.ee\/et\/#website\"},\"primaryImageOfPage\":{\"@id\":\"https:\/\/falco.ee\/et\/toode\/straw-matt\/#primaryimage\"},\"image\":{\"@id\":\"https:\/\/falco.ee\/et\/toode\/straw-matt\/#primaryimage\"},\"thumbnailUrl\":\"https:\/\/falco.ee\/wp-content\/uploads\/2023\/08\/1_251.jpg\",\"datePublished\":\"2023-08-15T09:42:49+00:00\",\"dateModified\":\"2023-08-29T07:05:00+00:00\",\"breadcrumb\":{\"@id\":\"https:\/\/falco.ee\/et\/toode\/straw-matt\/#breadcrumb\"},\"inLanguage\":\"et\",\"potentialAction\":[{\"@type\":\"ReadAction\",\"target\":[\"https:\/\/falco.ee\/et\/toode\/straw-matt\/\"]}]},{\"@type\":\"ImageObject\",\"inLanguage\":\"et\",\"@id\":\"https:\/\/falco.ee\/et\/toode\/straw-matt\/#primaryimage\",\"url\":\"https:\/\/falco.ee\/wp-content\/uploads\/2023\/08\/1_251.jpg\",\"contentUrl\":\"https:\/\/falco.ee\/wp-content\/uploads\/2023\/08\/1_251.jpg\",\"width\":350,\"height\":337,\"caption\":\"OLYMPUS DIGITAL CAMERA\"},{\"@type\":\"BreadcrumbList\",\"@id\":\"https:\/\/falco.ee\/et\/toode\/straw-matt\/#breadcrumb\",\"itemListElement\":[{\"@type\":\"ListItem\",\"position\":1,\"name\":\"Home\",\"item\":\"https:\/\/falco.ee\/et\/\"},{\"@type\":\"ListItem\",\"position\":2,\"name\":\"Shop\",\"item\":\"https:\/\/falco.ee\/shop\/\"},{\"@type\":\"ListItem\",\"position\":3,\"name\":\"Punutud \u00f5lgmatt\"}]},{\"@type\":\"WebSite\",\"@id\":\"https:\/\/falco.ee\/et\/#website\",\"url\":\"https:\/\/falco.ee\/et\/\",\"name\":\"Falco vibuvarustus\",\"description\":\"\",\"potentialAction\":[{\"@type\":\"SearchAction\",\"target\":{\"@type\":\"EntryPoint\",\"urlTemplate\":\"https:\/\/falco.ee\/et\/?s={search_term_string}\"},\"query-input\":{\"@type\":\"PropertyValueSpecification\",\"valueRequired\":true,\"valueName\":\"search_term_string\"}}],\"inLanguage\":\"et\"}]}<\/script>\n<!-- \/ Yoast SEO plugin. -->","yoast_head_json":{"title":"Punutud \u00f5lgmatt - Falco vibuvarustus","robots":{"index":"index","follow":"follow","max-snippet":"max-snippet:-1","max-image-preview":"max-image-preview:large","max-video-preview":"max-video-preview:-1"},"canonical":"https:\/\/falco.ee\/et\/toode\/straw-matt\/","og_locale":"et_EE","og_type":"article","og_title":"Punutud \u00f5lgmatt - Falco vibuvarustus","og_description":"Itaalias toodetud stiilsed ja vastupidavad punutud \u00f5lgmatid, mis on ametlikult kasutuses ka FITA tiitliv\u00f5istlustel. Valmistamisel on kasutatud ainulaadest tehnoloogiat, mille k\u00e4igus eelnevalt koostatud ja kokkut\u00f5mmatud \u00f5lgedest &#8220;palmik&#8221; on spiraalselt tihedalt kokku rullitud. Hinnad: 119\u00a0\u20ac\u00a0(diameeter 90 cm) 105 \u20ac\u00a0(diameeter 70 cm)","og_url":"https:\/\/falco.ee\/et\/toode\/straw-matt\/","og_site_name":"Falco vibuvarustus","article_modified_time":"2023-08-29T07:05:00+00:00","og_image":[{"width":350,"height":337,"url":"https:\/\/falco.ee\/wp-content\/uploads\/2023\/08\/1_251.jpg","type":"image\/jpeg"}],"twitter_card":"summary_large_image","twitter_misc":{"Est. reading time":"1 minut"},"schema":{"@context":"https:\/\/schema.org","@graph":[{"@type":"WebPage","@id":"https:\/\/falco.ee\/et\/toode\/straw-matt\/","url":"https:\/\/falco.ee\/et\/toode\/straw-matt\/","name":"Punutud \u00f5lgmatt - Falco vibuvarustus","isPartOf":{"@id":"https:\/\/falco.ee\/et\/#website"},"primaryImageOfPage":{"@id":"https:\/\/falco.ee\/et\/toode\/straw-matt\/#primaryimage"},"image":{"@id":"https:\/\/falco.ee\/et\/toode\/straw-matt\/#primaryimage"},"thumbnailUrl":"https:\/\/falco.ee\/wp-content\/uploads\/2023\/08\/1_251.jpg","datePublished":"2023-08-15T09:42:49+00:00","dateModified":"2023-08-29T07:05:00+00:00","breadcrumb":{"@id":"https:\/\/falco.ee\/et\/toode\/straw-matt\/#breadcrumb"},"inLanguage":"et","potentialAction":[{"@type":"ReadAction","target":["https:\/\/falco.ee\/et\/toode\/straw-matt\/"]}]},{"@type":"ImageObject","inLanguage":"et","@id":"https:\/\/falco.ee\/et\/toode\/straw-matt\/#primaryimage","url":"https:\/\/falco.ee\/wp-content\/uploads\/2023\/08\/1_251.jpg","contentUrl":"https:\/\/falco.ee\/wp-content\/uploads\/2023\/08\/1_251.jpg","width":350,"height":337,"caption":"OLYMPUS DIGITAL CAMERA"},{"@type":"BreadcrumbList","@id":"https:\/\/falco.ee\/et\/toode\/straw-matt\/#breadcrumb","itemListElement":[{"@type":"ListItem","position":1,"name":"Home","item":"https:\/\/falco.ee\/et\/"},{"@type":"ListItem","position":2,"name":"Shop","item":"https:\/\/falco.ee\/shop\/"},{"@type":"ListItem","position":3,"name":"Punutud \u00f5lgmatt"}]},{"@type":"WebSite","@id":"https:\/\/falco.ee\/et\/#website","url":"https:\/\/falco.ee\/et\/","name":"Falco vibuvarustus","description":"","potentialAction":[{"@type":"SearchAction","target":{"@type":"EntryPoint","urlTemplate":"https:\/\/falco.ee\/et\/?s={search_term_string}"},"query-input":{"@type":"PropertyValueSpecification","valueRequired":true,"valueName":"search_term_string"}}],"inLanguage":"et"}]}},"_links":{"self":[{"href":"https:\/\/falco.ee\/et\/wp-json\/wp\/v2\/product\/4604","targetHints":{"allow":["GET"]}}],"collection":[{"href":"https:\/\/falco.ee\/et\/wp-json\/wp\/v2\/product"}],"about":[{"href":"https:\/\/falco.ee\/et\/wp-json\/wp\/v2\/types\/product"}],"replies":[{"embeddable":true,"href":"https:\/\/falco.ee\/et\/wp-json\/wp\/v2\/comments?post=4604"}],"wp:featuredmedia":[{"embeddable":true,"href":"https:\/\/falco.ee\/et\/wp-json\/wp\/v2\/media\/2924"}],"wp:attachment":[{"href":"https:\/\/falco.ee\/et\/wp-json\/wp\/v2\/media?parent=4604"}],"wp:term":[{"taxonomy":"product_brand","embeddable":true,"href":"https:\/\/falco.ee\/et\/wp-json\/wp\/v2\/product_brand?post=4604"},{"taxonomy":"product_cat","embeddable":true,"href":"https:\/\/falco.ee\/et\/wp-json\/wp\/v2\/product_cat?post=4604"},{"taxonomy":"product_tag","embeddable":true,"href":"https:\/\/falco.ee\/et\/wp-json\/wp\/v2\/product_tag?post=4604"}],"curies":[{"name":"wp","href":"https:\/\/api.w.org\/{rel}","templated":true}]}}