{"id":4386,"date":"2023-08-16T10:43:10","date_gmt":"2023-08-16T07:43:10","guid":{"rendered":"https:\/\/falco.sdhost.eu\/product\/mathews-ultra-rest\/"},"modified":"2023-08-29T16:19:22","modified_gmt":"2023-08-29T13:19:22","slug":"mathews-ultra-rest","status":"publish","type":"product","link":"https:\/\/falco.ee\/et\/toode\/mathews-ultra-rest\/","title":{"rendered":"Mathews Ultra Rest"},"content":{"rendered":"<div class=\"node body\">\n<p>&nbsp;<\/p>\n<\/div>\n<div class=\"product-request\">\n<p>Mathewsi partnerlus noolealuste tootja Quality Archery Designiga (QAD) on \u00fcllitanud taas suurep\u00e4rase noolealuse, mis sobib ise\u00e4ranis jahipidamiseks. Ultra Rest on kukkuv noolealus, mis j\u00e4tab noole trajektoori takistustest vabaks ja tagab puhta lennu esimesest hetkest peale. Tark tehnoloogia teab muuhulgas, millal rest kukutada ja millal seda ei tohiks kukutada, sest olete lasku tagasi laskmas.<\/p>\n<p>&nbsp;<\/p>\n<p><strong>Toode on Falcos laos<\/strong><\/p>\n<\/div>\n","protected":false},"excerpt":{"rendered":"<p>&nbsp; Mathewsi partnerlus noolealuste tootja Quality Archery Designiga (QAD) on \u00fcllitanud taas suurep\u00e4rase noolealuse, mis sobib ise\u00e4ranis jahipidamiseks. Ultra Rest on kukkuv noolealus, mis j\u00e4tab noole trajektoori takistustest vabaks ja tagab puhta lennu esimesest hetkest peale. Tark tehnoloogia teab muuhulgas, millal rest kukutada ja millal seda ei tohiks kukutada, sest olete lasku tagasi laskmas. &nbsp; [&hellip;]<\/p>\n","protected":false},"featured_media":5379,"comment_status":"closed","ping_status":"closed","template":"","meta":[],"product_brand":[],"product_cat":[186],"product_tag":[],"class_list":{"0":"post-4386","1":"product","2":"type-product","3":"status-publish","4":"has-post-thumbnail","6":"product_cat-compound-arrow-rests-et","8":"first","9":"instock","10":"shipping-taxable","11":"purchasable","12":"product-type-simple"},"acf":[],"yoast_head":"<!-- This site is optimized with the Yoast SEO plugin v27.2 - https:\/\/yoast.com\/product\/yoast-seo-wordpress\/ -->\n<title>Mathews Ultra Rest - Falco vibuvarustus<\/title>\n<meta name=\"robots\" content=\"index, follow, max-snippet:-1, max-image-preview:large, max-video-preview:-1\" \/>\n<link rel=\"canonical\" href=\"https:\/\/falco.ee\/et\/toode\/mathews-ultra-rest\/\" \/>\n<meta property=\"og:locale\" content=\"et_EE\" \/>\n<meta property=\"og:type\" content=\"article\" \/>\n<meta property=\"og:title\" content=\"Mathews Ultra Rest - Falco vibuvarustus\" \/>\n<meta property=\"og:description\" content=\"&nbsp; Mathewsi partnerlus noolealuste tootja Quality Archery Designiga (QAD) on \u00fcllitanud taas suurep\u00e4rase noolealuse, mis sobib ise\u00e4ranis jahipidamiseks. Ultra Rest on kukkuv noolealus, mis j\u00e4tab noole trajektoori takistustest vabaks ja tagab puhta lennu esimesest hetkest peale. Tark tehnoloogia teab muuhulgas, millal rest kukutada ja millal seda ei tohiks kukutada, sest olete lasku tagasi laskmas. &nbsp; [&hellip;]\" \/>\n<meta property=\"og:url\" content=\"https:\/\/falco.ee\/et\/toode\/mathews-ultra-rest\/\" \/>\n<meta property=\"og:site_name\" content=\"Falco vibuvarustus\" \/>\n<meta property=\"article:modified_time\" content=\"2023-08-29T13:19:22+00:00\" \/>\n<meta property=\"og:image\" content=\"https:\/\/falco.ee\/wp-content\/uploads\/2023\/08\/1_5121.jpg\" \/>\n\t<meta property=\"og:image:width\" content=\"304\" \/>\n\t<meta property=\"og:image:height\" content=\"330\" \/>\n\t<meta property=\"og:image:type\" content=\"image\/jpeg\" \/>\n<meta name=\"twitter:card\" content=\"summary_large_image\" \/>\n<meta name=\"twitter:label1\" content=\"Est. reading time\" \/>\n\t<meta name=\"twitter:data1\" content=\"1 minut\" \/>\n<script type=\"application\/ld+json\" class=\"yoast-schema-graph\">{\"@context\":\"https:\/\/schema.org\",\"@graph\":[{\"@type\":\"WebPage\",\"@id\":\"https:\/\/falco.ee\/et\/toode\/mathews-ultra-rest\/\",\"url\":\"https:\/\/falco.ee\/et\/toode\/mathews-ultra-rest\/\",\"name\":\"Mathews Ultra Rest - Falco vibuvarustus\",\"isPartOf\":{\"@id\":\"https:\/\/falco.ee\/et\/#website\"},\"primaryImageOfPage\":{\"@id\":\"https:\/\/falco.ee\/et\/toode\/mathews-ultra-rest\/#primaryimage\"},\"image\":{\"@id\":\"https:\/\/falco.ee\/et\/toode\/mathews-ultra-rest\/#primaryimage\"},\"thumbnailUrl\":\"https:\/\/falco.ee\/wp-content\/uploads\/2023\/08\/1_5121.jpg\",\"datePublished\":\"2023-08-16T07:43:10+00:00\",\"dateModified\":\"2023-08-29T13:19:22+00:00\",\"breadcrumb\":{\"@id\":\"https:\/\/falco.ee\/et\/toode\/mathews-ultra-rest\/#breadcrumb\"},\"inLanguage\":\"et\",\"potentialAction\":[{\"@type\":\"ReadAction\",\"target\":[\"https:\/\/falco.ee\/et\/toode\/mathews-ultra-rest\/\"]}]},{\"@type\":\"ImageObject\",\"inLanguage\":\"et\",\"@id\":\"https:\/\/falco.ee\/et\/toode\/mathews-ultra-rest\/#primaryimage\",\"url\":\"https:\/\/falco.ee\/wp-content\/uploads\/2023\/08\/1_5121.jpg\",\"contentUrl\":\"https:\/\/falco.ee\/wp-content\/uploads\/2023\/08\/1_5121.jpg\",\"width\":304,\"height\":330},{\"@type\":\"BreadcrumbList\",\"@id\":\"https:\/\/falco.ee\/et\/toode\/mathews-ultra-rest\/#breadcrumb\",\"itemListElement\":[{\"@type\":\"ListItem\",\"position\":1,\"name\":\"Home\",\"item\":\"https:\/\/falco.ee\/et\/\"},{\"@type\":\"ListItem\",\"position\":2,\"name\":\"Shop\",\"item\":\"https:\/\/falco.ee\/shop\/\"},{\"@type\":\"ListItem\",\"position\":3,\"name\":\"Mathews Ultra Rest\"}]},{\"@type\":\"WebSite\",\"@id\":\"https:\/\/falco.ee\/et\/#website\",\"url\":\"https:\/\/falco.ee\/et\/\",\"name\":\"Falco vibuvarustus\",\"description\":\"\",\"potentialAction\":[{\"@type\":\"SearchAction\",\"target\":{\"@type\":\"EntryPoint\",\"urlTemplate\":\"https:\/\/falco.ee\/et\/?s={search_term_string}\"},\"query-input\":{\"@type\":\"PropertyValueSpecification\",\"valueRequired\":true,\"valueName\":\"search_term_string\"}}],\"inLanguage\":\"et\"}]}<\/script>\n<!-- \/ Yoast SEO plugin. -->","yoast_head_json":{"title":"Mathews Ultra Rest - Falco vibuvarustus","robots":{"index":"index","follow":"follow","max-snippet":"max-snippet:-1","max-image-preview":"max-image-preview:large","max-video-preview":"max-video-preview:-1"},"canonical":"https:\/\/falco.ee\/et\/toode\/mathews-ultra-rest\/","og_locale":"et_EE","og_type":"article","og_title":"Mathews Ultra Rest - Falco vibuvarustus","og_description":"&nbsp; Mathewsi partnerlus noolealuste tootja Quality Archery Designiga (QAD) on \u00fcllitanud taas suurep\u00e4rase noolealuse, mis sobib ise\u00e4ranis jahipidamiseks. Ultra Rest on kukkuv noolealus, mis j\u00e4tab noole trajektoori takistustest vabaks ja tagab puhta lennu esimesest hetkest peale. Tark tehnoloogia teab muuhulgas, millal rest kukutada ja millal seda ei tohiks kukutada, sest olete lasku tagasi laskmas. &nbsp; [&hellip;]","og_url":"https:\/\/falco.ee\/et\/toode\/mathews-ultra-rest\/","og_site_name":"Falco vibuvarustus","article_modified_time":"2023-08-29T13:19:22+00:00","og_image":[{"width":304,"height":330,"url":"https:\/\/falco.ee\/wp-content\/uploads\/2023\/08\/1_5121.jpg","type":"image\/jpeg"}],"twitter_card":"summary_large_image","twitter_misc":{"Est. reading time":"1 minut"},"schema":{"@context":"https:\/\/schema.org","@graph":[{"@type":"WebPage","@id":"https:\/\/falco.ee\/et\/toode\/mathews-ultra-rest\/","url":"https:\/\/falco.ee\/et\/toode\/mathews-ultra-rest\/","name":"Mathews Ultra Rest - Falco vibuvarustus","isPartOf":{"@id":"https:\/\/falco.ee\/et\/#website"},"primaryImageOfPage":{"@id":"https:\/\/falco.ee\/et\/toode\/mathews-ultra-rest\/#primaryimage"},"image":{"@id":"https:\/\/falco.ee\/et\/toode\/mathews-ultra-rest\/#primaryimage"},"thumbnailUrl":"https:\/\/falco.ee\/wp-content\/uploads\/2023\/08\/1_5121.jpg","datePublished":"2023-08-16T07:43:10+00:00","dateModified":"2023-08-29T13:19:22+00:00","breadcrumb":{"@id":"https:\/\/falco.ee\/et\/toode\/mathews-ultra-rest\/#breadcrumb"},"inLanguage":"et","potentialAction":[{"@type":"ReadAction","target":["https:\/\/falco.ee\/et\/toode\/mathews-ultra-rest\/"]}]},{"@type":"ImageObject","inLanguage":"et","@id":"https:\/\/falco.ee\/et\/toode\/mathews-ultra-rest\/#primaryimage","url":"https:\/\/falco.ee\/wp-content\/uploads\/2023\/08\/1_5121.jpg","contentUrl":"https:\/\/falco.ee\/wp-content\/uploads\/2023\/08\/1_5121.jpg","width":304,"height":330},{"@type":"BreadcrumbList","@id":"https:\/\/falco.ee\/et\/toode\/mathews-ultra-rest\/#breadcrumb","itemListElement":[{"@type":"ListItem","position":1,"name":"Home","item":"https:\/\/falco.ee\/et\/"},{"@type":"ListItem","position":2,"name":"Shop","item":"https:\/\/falco.ee\/shop\/"},{"@type":"ListItem","position":3,"name":"Mathews Ultra Rest"}]},{"@type":"WebSite","@id":"https:\/\/falco.ee\/et\/#website","url":"https:\/\/falco.ee\/et\/","name":"Falco vibuvarustus","description":"","potentialAction":[{"@type":"SearchAction","target":{"@type":"EntryPoint","urlTemplate":"https:\/\/falco.ee\/et\/?s={search_term_string}"},"query-input":{"@type":"PropertyValueSpecification","valueRequired":true,"valueName":"search_term_string"}}],"inLanguage":"et"}]}},"_links":{"self":[{"href":"https:\/\/falco.ee\/et\/wp-json\/wp\/v2\/product\/4386","targetHints":{"allow":["GET"]}}],"collection":[{"href":"https:\/\/falco.ee\/et\/wp-json\/wp\/v2\/product"}],"about":[{"href":"https:\/\/falco.ee\/et\/wp-json\/wp\/v2\/types\/product"}],"replies":[{"embeddable":true,"href":"https:\/\/falco.ee\/et\/wp-json\/wp\/v2\/comments?post=4386"}],"wp:featuredmedia":[{"embeddable":true,"href":"https:\/\/falco.ee\/et\/wp-json\/wp\/v2\/media\/5379"}],"wp:attachment":[{"href":"https:\/\/falco.ee\/et\/wp-json\/wp\/v2\/media?parent=4386"}],"wp:term":[{"taxonomy":"product_brand","embeddable":true,"href":"https:\/\/falco.ee\/et\/wp-json\/wp\/v2\/product_brand?post=4386"},{"taxonomy":"product_cat","embeddable":true,"href":"https:\/\/falco.ee\/et\/wp-json\/wp\/v2\/product_cat?post=4386"},{"taxonomy":"product_tag","embeddable":true,"href":"https:\/\/falco.ee\/et\/wp-json\/wp\/v2\/product_tag?post=4386"}],"curies":[{"name":"wp","href":"https:\/\/api.w.org\/{rel}","templated":true}]}}