{"id":4384,"date":"2023-08-16T10:48:23","date_gmt":"2023-08-16T07:48:23","guid":{"rendered":"https:\/\/falco.sdhost.eu\/product\/nap-apache\/"},"modified":"2023-08-29T16:27:22","modified_gmt":"2023-08-29T13:27:22","slug":"nap-apache","status":"publish","type":"product","link":"https:\/\/falco.ee\/et\/toode\/nap-apache\/","title":{"rendered":"NAP Apache"},"content":{"rendered":"<p>Apache on tipptootja NAP uusime p\u00f5lvkonna kukkuv jahialus, mis v\u00f5imaldab laskmist ka v\u00e4ga keerulistes tingimustes. Alusel on spetsiaalne pehmendatud hark, mis v\u00e4hendab tekkivad m\u00fcra. Boonuseks on ka asjaolu, et resti s\u00e4ttimiseks ei ole vaja \u00fchtegi v\u00f5tit. Apache alust on lihtne seadistada ja selle tugev ning t\u00e4pne mehhanism hoiab aluse kindlalt seatud asendis.<\/p>\n<p>&nbsp;<\/p>\n<p><strong>Falcos kohe saadaval mustana<\/strong>, tellitav ka Realtree AP ja Lost Camo toonides<\/p>\n","protected":false},"excerpt":{"rendered":"<p>Apache on tipptootja NAP uusime p\u00f5lvkonna kukkuv jahialus, mis v\u00f5imaldab laskmist ka v\u00e4ga keerulistes tingimustes. Alusel on spetsiaalne pehmendatud hark, mis v\u00e4hendab tekkivad m\u00fcra. Boonuseks on ka asjaolu, et resti s\u00e4ttimiseks ei ole vaja \u00fchtegi v\u00f5tit. Apache alust on lihtne seadistada ja selle tugev ning t\u00e4pne mehhanism hoiab aluse kindlalt seatud asendis. &nbsp; Falcos kohe [&hellip;]<\/p>\n","protected":false},"featured_media":6649,"comment_status":"closed","ping_status":"closed","template":"","meta":[],"product_brand":[],"product_cat":[186],"product_tag":[],"class_list":{"0":"post-4384","1":"product","2":"type-product","3":"status-publish","4":"has-post-thumbnail","6":"product_cat-compound-arrow-rests-et","8":"first","9":"instock","10":"shipping-taxable","11":"purchasable","12":"product-type-simple"},"acf":[],"yoast_head":"<!-- This site is optimized with the Yoast SEO plugin v27.2 - https:\/\/yoast.com\/product\/yoast-seo-wordpress\/ -->\n<title>NAP Apache - Falco vibuvarustus<\/title>\n<meta name=\"robots\" content=\"index, follow, max-snippet:-1, max-image-preview:large, max-video-preview:-1\" \/>\n<link rel=\"canonical\" href=\"https:\/\/falco.ee\/et\/toode\/nap-apache\/\" \/>\n<meta property=\"og:locale\" content=\"et_EE\" \/>\n<meta property=\"og:type\" content=\"article\" \/>\n<meta property=\"og:title\" content=\"NAP Apache - Falco vibuvarustus\" \/>\n<meta property=\"og:description\" content=\"Apache on tipptootja NAP uusime p\u00f5lvkonna kukkuv jahialus, mis v\u00f5imaldab laskmist ka v\u00e4ga keerulistes tingimustes. Alusel on spetsiaalne pehmendatud hark, mis v\u00e4hendab tekkivad m\u00fcra. Boonuseks on ka asjaolu, et resti s\u00e4ttimiseks ei ole vaja \u00fchtegi v\u00f5tit. Apache alust on lihtne seadistada ja selle tugev ning t\u00e4pne mehhanism hoiab aluse kindlalt seatud asendis. &nbsp; Falcos kohe [&hellip;]\" \/>\n<meta property=\"og:url\" content=\"https:\/\/falco.ee\/et\/toode\/nap-apache\/\" \/>\n<meta property=\"og:site_name\" content=\"Falco vibuvarustus\" \/>\n<meta property=\"article:modified_time\" content=\"2023-08-29T13:27:22+00:00\" \/>\n<meta property=\"og:image\" content=\"https:\/\/falco.ee\/wp-content\/uploads\/2023\/08\/1_4671-1.jpg\" \/>\n\t<meta property=\"og:image:width\" content=\"360\" \/>\n\t<meta property=\"og:image:height\" content=\"360\" \/>\n\t<meta property=\"og:image:type\" content=\"image\/jpeg\" \/>\n<meta name=\"twitter:card\" content=\"summary_large_image\" \/>\n<meta name=\"twitter:label1\" content=\"Est. reading time\" \/>\n\t<meta name=\"twitter:data1\" content=\"1 minut\" \/>\n<script type=\"application\/ld+json\" class=\"yoast-schema-graph\">{\"@context\":\"https:\/\/schema.org\",\"@graph\":[{\"@type\":\"WebPage\",\"@id\":\"https:\/\/falco.ee\/et\/toode\/nap-apache\/\",\"url\":\"https:\/\/falco.ee\/et\/toode\/nap-apache\/\",\"name\":\"NAP Apache - Falco vibuvarustus\",\"isPartOf\":{\"@id\":\"https:\/\/falco.ee\/et\/#website\"},\"primaryImageOfPage\":{\"@id\":\"https:\/\/falco.ee\/et\/toode\/nap-apache\/#primaryimage\"},\"image\":{\"@id\":\"https:\/\/falco.ee\/et\/toode\/nap-apache\/#primaryimage\"},\"thumbnailUrl\":\"https:\/\/falco.ee\/wp-content\/uploads\/2023\/08\/1_4671-1.jpg\",\"datePublished\":\"2023-08-16T07:48:23+00:00\",\"dateModified\":\"2023-08-29T13:27:22+00:00\",\"breadcrumb\":{\"@id\":\"https:\/\/falco.ee\/et\/toode\/nap-apache\/#breadcrumb\"},\"inLanguage\":\"et\",\"potentialAction\":[{\"@type\":\"ReadAction\",\"target\":[\"https:\/\/falco.ee\/et\/toode\/nap-apache\/\"]}]},{\"@type\":\"ImageObject\",\"inLanguage\":\"et\",\"@id\":\"https:\/\/falco.ee\/et\/toode\/nap-apache\/#primaryimage\",\"url\":\"https:\/\/falco.ee\/wp-content\/uploads\/2023\/08\/1_4671-1.jpg\",\"contentUrl\":\"https:\/\/falco.ee\/wp-content\/uploads\/2023\/08\/1_4671-1.jpg\",\"width\":360,\"height\":360},{\"@type\":\"BreadcrumbList\",\"@id\":\"https:\/\/falco.ee\/et\/toode\/nap-apache\/#breadcrumb\",\"itemListElement\":[{\"@type\":\"ListItem\",\"position\":1,\"name\":\"Home\",\"item\":\"https:\/\/falco.ee\/et\/\"},{\"@type\":\"ListItem\",\"position\":2,\"name\":\"Shop\",\"item\":\"https:\/\/falco.ee\/shop\/\"},{\"@type\":\"ListItem\",\"position\":3,\"name\":\"NAP Apache\"}]},{\"@type\":\"WebSite\",\"@id\":\"https:\/\/falco.ee\/et\/#website\",\"url\":\"https:\/\/falco.ee\/et\/\",\"name\":\"Falco vibuvarustus\",\"description\":\"\",\"potentialAction\":[{\"@type\":\"SearchAction\",\"target\":{\"@type\":\"EntryPoint\",\"urlTemplate\":\"https:\/\/falco.ee\/et\/?s={search_term_string}\"},\"query-input\":{\"@type\":\"PropertyValueSpecification\",\"valueRequired\":true,\"valueName\":\"search_term_string\"}}],\"inLanguage\":\"et\"}]}<\/script>\n<!-- \/ Yoast SEO plugin. -->","yoast_head_json":{"title":"NAP Apache - Falco vibuvarustus","robots":{"index":"index","follow":"follow","max-snippet":"max-snippet:-1","max-image-preview":"max-image-preview:large","max-video-preview":"max-video-preview:-1"},"canonical":"https:\/\/falco.ee\/et\/toode\/nap-apache\/","og_locale":"et_EE","og_type":"article","og_title":"NAP Apache - Falco vibuvarustus","og_description":"Apache on tipptootja NAP uusime p\u00f5lvkonna kukkuv jahialus, mis v\u00f5imaldab laskmist ka v\u00e4ga keerulistes tingimustes. Alusel on spetsiaalne pehmendatud hark, mis v\u00e4hendab tekkivad m\u00fcra. Boonuseks on ka asjaolu, et resti s\u00e4ttimiseks ei ole vaja \u00fchtegi v\u00f5tit. Apache alust on lihtne seadistada ja selle tugev ning t\u00e4pne mehhanism hoiab aluse kindlalt seatud asendis. &nbsp; Falcos kohe [&hellip;]","og_url":"https:\/\/falco.ee\/et\/toode\/nap-apache\/","og_site_name":"Falco vibuvarustus","article_modified_time":"2023-08-29T13:27:22+00:00","og_image":[{"width":360,"height":360,"url":"https:\/\/falco.ee\/wp-content\/uploads\/2023\/08\/1_4671-1.jpg","type":"image\/jpeg"}],"twitter_card":"summary_large_image","twitter_misc":{"Est. reading time":"1 minut"},"schema":{"@context":"https:\/\/schema.org","@graph":[{"@type":"WebPage","@id":"https:\/\/falco.ee\/et\/toode\/nap-apache\/","url":"https:\/\/falco.ee\/et\/toode\/nap-apache\/","name":"NAP Apache - Falco vibuvarustus","isPartOf":{"@id":"https:\/\/falco.ee\/et\/#website"},"primaryImageOfPage":{"@id":"https:\/\/falco.ee\/et\/toode\/nap-apache\/#primaryimage"},"image":{"@id":"https:\/\/falco.ee\/et\/toode\/nap-apache\/#primaryimage"},"thumbnailUrl":"https:\/\/falco.ee\/wp-content\/uploads\/2023\/08\/1_4671-1.jpg","datePublished":"2023-08-16T07:48:23+00:00","dateModified":"2023-08-29T13:27:22+00:00","breadcrumb":{"@id":"https:\/\/falco.ee\/et\/toode\/nap-apache\/#breadcrumb"},"inLanguage":"et","potentialAction":[{"@type":"ReadAction","target":["https:\/\/falco.ee\/et\/toode\/nap-apache\/"]}]},{"@type":"ImageObject","inLanguage":"et","@id":"https:\/\/falco.ee\/et\/toode\/nap-apache\/#primaryimage","url":"https:\/\/falco.ee\/wp-content\/uploads\/2023\/08\/1_4671-1.jpg","contentUrl":"https:\/\/falco.ee\/wp-content\/uploads\/2023\/08\/1_4671-1.jpg","width":360,"height":360},{"@type":"BreadcrumbList","@id":"https:\/\/falco.ee\/et\/toode\/nap-apache\/#breadcrumb","itemListElement":[{"@type":"ListItem","position":1,"name":"Home","item":"https:\/\/falco.ee\/et\/"},{"@type":"ListItem","position":2,"name":"Shop","item":"https:\/\/falco.ee\/shop\/"},{"@type":"ListItem","position":3,"name":"NAP Apache"}]},{"@type":"WebSite","@id":"https:\/\/falco.ee\/et\/#website","url":"https:\/\/falco.ee\/et\/","name":"Falco vibuvarustus","description":"","potentialAction":[{"@type":"SearchAction","target":{"@type":"EntryPoint","urlTemplate":"https:\/\/falco.ee\/et\/?s={search_term_string}"},"query-input":{"@type":"PropertyValueSpecification","valueRequired":true,"valueName":"search_term_string"}}],"inLanguage":"et"}]}},"_links":{"self":[{"href":"https:\/\/falco.ee\/et\/wp-json\/wp\/v2\/product\/4384","targetHints":{"allow":["GET"]}}],"collection":[{"href":"https:\/\/falco.ee\/et\/wp-json\/wp\/v2\/product"}],"about":[{"href":"https:\/\/falco.ee\/et\/wp-json\/wp\/v2\/types\/product"}],"replies":[{"embeddable":true,"href":"https:\/\/falco.ee\/et\/wp-json\/wp\/v2\/comments?post=4384"}],"wp:featuredmedia":[{"embeddable":true,"href":"https:\/\/falco.ee\/et\/wp-json\/wp\/v2\/media\/6649"}],"wp:attachment":[{"href":"https:\/\/falco.ee\/et\/wp-json\/wp\/v2\/media?parent=4384"}],"wp:term":[{"taxonomy":"product_brand","embeddable":true,"href":"https:\/\/falco.ee\/et\/wp-json\/wp\/v2\/product_brand?post=4384"},{"taxonomy":"product_cat","embeddable":true,"href":"https:\/\/falco.ee\/et\/wp-json\/wp\/v2\/product_cat?post=4384"},{"taxonomy":"product_tag","embeddable":true,"href":"https:\/\/falco.ee\/et\/wp-json\/wp\/v2\/product_tag?post=4384"}],"curies":[{"name":"wp","href":"https:\/\/api.w.org\/{rel}","templated":true}]}}