{"id":4320,"date":"2023-08-16T11:48:15","date_gmt":"2023-08-16T08:48:15","guid":{"rendered":"https:\/\/falco.sdhost.eu\/product\/tru-fire-smoke-buckle-foldback-release\/"},"modified":"2023-08-30T11:47:04","modified_gmt":"2023-08-30T08:47:04","slug":"tru-fire-smoke-buckle-foldback-release","status":"publish","type":"product","link":"https:\/\/falco.ee\/et\/toode\/tru-fire-smoke-buckle-foldback-release\/","title":{"rendered":"Tru-Fire Smoke Buckle Foldback p\u00e4\u00e4stik"},"content":{"rendered":"<ul>\n<li>Sobib nii vasaku- kui paremak\u00e4elisele<\/li>\n<li>Keermestatud pikkuse reguleerimine<\/li>\n<li>Reguleeritav p\u00e4\u00e4stik<\/li>\n<li>Mugav pandlaga rihmkinnitus<\/li>\n<\/ul>\n","protected":false},"excerpt":{"rendered":"<p>Sobib nii vasaku- kui paremak\u00e4elisele Keermestatud pikkuse reguleerimine Reguleeritav p\u00e4\u00e4stik Mugav pandlaga rihmkinnitus<\/p>\n","protected":false},"featured_media":5521,"comment_status":"closed","ping_status":"closed","template":"","meta":[],"product_brand":[],"product_cat":[222],"product_tag":[],"class_list":{"0":"post-4320","1":"product","2":"type-product","3":"status-publish","4":"has-post-thumbnail","6":"product_cat-hunting-releases-et","8":"first","9":"instock","10":"shipping-taxable","11":"purchasable","12":"product-type-simple"},"acf":[],"yoast_head":"<!-- This site is optimized with the Yoast SEO plugin v27.2 - https:\/\/yoast.com\/product\/yoast-seo-wordpress\/ -->\n<title>Tru-Fire Smoke Buckle Foldback p\u00e4\u00e4stik - Falco vibuvarustus<\/title>\n<meta name=\"robots\" content=\"index, follow, max-snippet:-1, max-image-preview:large, max-video-preview:-1\" \/>\n<link rel=\"canonical\" href=\"https:\/\/falco.ee\/et\/toode\/tru-fire-smoke-buckle-foldback-release\/\" \/>\n<meta property=\"og:locale\" content=\"et_EE\" \/>\n<meta property=\"og:type\" content=\"article\" \/>\n<meta property=\"og:title\" content=\"Tru-Fire Smoke Buckle Foldback p\u00e4\u00e4stik - Falco vibuvarustus\" \/>\n<meta property=\"og:description\" content=\"Sobib nii vasaku- kui paremak\u00e4elisele Keermestatud pikkuse reguleerimine Reguleeritav p\u00e4\u00e4stik Mugav pandlaga rihmkinnitus\" \/>\n<meta property=\"og:url\" content=\"https:\/\/falco.ee\/et\/toode\/tru-fire-smoke-buckle-foldback-release\/\" \/>\n<meta property=\"og:site_name\" content=\"Falco vibuvarustus\" \/>\n<meta property=\"article:modified_time\" content=\"2023-08-30T08:47:04+00:00\" \/>\n<meta property=\"og:image\" content=\"https:\/\/falco.ee\/wp-content\/uploads\/2023\/08\/Trufire_Smoke_SMBF_edit__15509.15251255501.jpg\" \/>\n\t<meta property=\"og:image:width\" content=\"1280\" \/>\n\t<meta property=\"og:image:height\" content=\"1280\" \/>\n\t<meta property=\"og:image:type\" content=\"image\/jpeg\" \/>\n<meta name=\"twitter:card\" content=\"summary_large_image\" \/>\n<meta name=\"twitter:label1\" content=\"Est. reading time\" \/>\n\t<meta name=\"twitter:data1\" content=\"1 minut\" \/>\n<script type=\"application\/ld+json\" class=\"yoast-schema-graph\">{\"@context\":\"https:\/\/schema.org\",\"@graph\":[{\"@type\":\"WebPage\",\"@id\":\"https:\/\/falco.ee\/et\/toode\/tru-fire-smoke-buckle-foldback-release\/\",\"url\":\"https:\/\/falco.ee\/et\/toode\/tru-fire-smoke-buckle-foldback-release\/\",\"name\":\"Tru-Fire Smoke Buckle Foldback p\u00e4\u00e4stik - Falco vibuvarustus\",\"isPartOf\":{\"@id\":\"https:\/\/falco.ee\/et\/#website\"},\"primaryImageOfPage\":{\"@id\":\"https:\/\/falco.ee\/et\/toode\/tru-fire-smoke-buckle-foldback-release\/#primaryimage\"},\"image\":{\"@id\":\"https:\/\/falco.ee\/et\/toode\/tru-fire-smoke-buckle-foldback-release\/#primaryimage\"},\"thumbnailUrl\":\"https:\/\/falco.ee\/wp-content\/uploads\/2023\/08\/Trufire_Smoke_SMBF_edit__15509.15251255501.jpg\",\"datePublished\":\"2023-08-16T08:48:15+00:00\",\"dateModified\":\"2023-08-30T08:47:04+00:00\",\"breadcrumb\":{\"@id\":\"https:\/\/falco.ee\/et\/toode\/tru-fire-smoke-buckle-foldback-release\/#breadcrumb\"},\"inLanguage\":\"et\",\"potentialAction\":[{\"@type\":\"ReadAction\",\"target\":[\"https:\/\/falco.ee\/et\/toode\/tru-fire-smoke-buckle-foldback-release\/\"]}]},{\"@type\":\"ImageObject\",\"inLanguage\":\"et\",\"@id\":\"https:\/\/falco.ee\/et\/toode\/tru-fire-smoke-buckle-foldback-release\/#primaryimage\",\"url\":\"https:\/\/falco.ee\/wp-content\/uploads\/2023\/08\/Trufire_Smoke_SMBF_edit__15509.15251255501.jpg\",\"contentUrl\":\"https:\/\/falco.ee\/wp-content\/uploads\/2023\/08\/Trufire_Smoke_SMBF_edit__15509.15251255501.jpg\",\"width\":1280,\"height\":1280},{\"@type\":\"BreadcrumbList\",\"@id\":\"https:\/\/falco.ee\/et\/toode\/tru-fire-smoke-buckle-foldback-release\/#breadcrumb\",\"itemListElement\":[{\"@type\":\"ListItem\",\"position\":1,\"name\":\"Home\",\"item\":\"https:\/\/falco.ee\/et\/\"},{\"@type\":\"ListItem\",\"position\":2,\"name\":\"Shop\",\"item\":\"https:\/\/falco.ee\/shop\/\"},{\"@type\":\"ListItem\",\"position\":3,\"name\":\"Tru-Fire Smoke Buckle Foldback p\u00e4\u00e4stik\"}]},{\"@type\":\"WebSite\",\"@id\":\"https:\/\/falco.ee\/et\/#website\",\"url\":\"https:\/\/falco.ee\/et\/\",\"name\":\"Falco vibuvarustus\",\"description\":\"\",\"potentialAction\":[{\"@type\":\"SearchAction\",\"target\":{\"@type\":\"EntryPoint\",\"urlTemplate\":\"https:\/\/falco.ee\/et\/?s={search_term_string}\"},\"query-input\":{\"@type\":\"PropertyValueSpecification\",\"valueRequired\":true,\"valueName\":\"search_term_string\"}}],\"inLanguage\":\"et\"}]}<\/script>\n<!-- \/ Yoast SEO plugin. -->","yoast_head_json":{"title":"Tru-Fire Smoke Buckle Foldback p\u00e4\u00e4stik - Falco vibuvarustus","robots":{"index":"index","follow":"follow","max-snippet":"max-snippet:-1","max-image-preview":"max-image-preview:large","max-video-preview":"max-video-preview:-1"},"canonical":"https:\/\/falco.ee\/et\/toode\/tru-fire-smoke-buckle-foldback-release\/","og_locale":"et_EE","og_type":"article","og_title":"Tru-Fire Smoke Buckle Foldback p\u00e4\u00e4stik - Falco vibuvarustus","og_description":"Sobib nii vasaku- kui paremak\u00e4elisele Keermestatud pikkuse reguleerimine Reguleeritav p\u00e4\u00e4stik Mugav pandlaga rihmkinnitus","og_url":"https:\/\/falco.ee\/et\/toode\/tru-fire-smoke-buckle-foldback-release\/","og_site_name":"Falco vibuvarustus","article_modified_time":"2023-08-30T08:47:04+00:00","og_image":[{"width":1280,"height":1280,"url":"https:\/\/falco.ee\/wp-content\/uploads\/2023\/08\/Trufire_Smoke_SMBF_edit__15509.15251255501.jpg","type":"image\/jpeg"}],"twitter_card":"summary_large_image","twitter_misc":{"Est. reading time":"1 minut"},"schema":{"@context":"https:\/\/schema.org","@graph":[{"@type":"WebPage","@id":"https:\/\/falco.ee\/et\/toode\/tru-fire-smoke-buckle-foldback-release\/","url":"https:\/\/falco.ee\/et\/toode\/tru-fire-smoke-buckle-foldback-release\/","name":"Tru-Fire Smoke Buckle Foldback p\u00e4\u00e4stik - Falco vibuvarustus","isPartOf":{"@id":"https:\/\/falco.ee\/et\/#website"},"primaryImageOfPage":{"@id":"https:\/\/falco.ee\/et\/toode\/tru-fire-smoke-buckle-foldback-release\/#primaryimage"},"image":{"@id":"https:\/\/falco.ee\/et\/toode\/tru-fire-smoke-buckle-foldback-release\/#primaryimage"},"thumbnailUrl":"https:\/\/falco.ee\/wp-content\/uploads\/2023\/08\/Trufire_Smoke_SMBF_edit__15509.15251255501.jpg","datePublished":"2023-08-16T08:48:15+00:00","dateModified":"2023-08-30T08:47:04+00:00","breadcrumb":{"@id":"https:\/\/falco.ee\/et\/toode\/tru-fire-smoke-buckle-foldback-release\/#breadcrumb"},"inLanguage":"et","potentialAction":[{"@type":"ReadAction","target":["https:\/\/falco.ee\/et\/toode\/tru-fire-smoke-buckle-foldback-release\/"]}]},{"@type":"ImageObject","inLanguage":"et","@id":"https:\/\/falco.ee\/et\/toode\/tru-fire-smoke-buckle-foldback-release\/#primaryimage","url":"https:\/\/falco.ee\/wp-content\/uploads\/2023\/08\/Trufire_Smoke_SMBF_edit__15509.15251255501.jpg","contentUrl":"https:\/\/falco.ee\/wp-content\/uploads\/2023\/08\/Trufire_Smoke_SMBF_edit__15509.15251255501.jpg","width":1280,"height":1280},{"@type":"BreadcrumbList","@id":"https:\/\/falco.ee\/et\/toode\/tru-fire-smoke-buckle-foldback-release\/#breadcrumb","itemListElement":[{"@type":"ListItem","position":1,"name":"Home","item":"https:\/\/falco.ee\/et\/"},{"@type":"ListItem","position":2,"name":"Shop","item":"https:\/\/falco.ee\/shop\/"},{"@type":"ListItem","position":3,"name":"Tru-Fire Smoke Buckle Foldback p\u00e4\u00e4stik"}]},{"@type":"WebSite","@id":"https:\/\/falco.ee\/et\/#website","url":"https:\/\/falco.ee\/et\/","name":"Falco vibuvarustus","description":"","potentialAction":[{"@type":"SearchAction","target":{"@type":"EntryPoint","urlTemplate":"https:\/\/falco.ee\/et\/?s={search_term_string}"},"query-input":{"@type":"PropertyValueSpecification","valueRequired":true,"valueName":"search_term_string"}}],"inLanguage":"et"}]}},"_links":{"self":[{"href":"https:\/\/falco.ee\/et\/wp-json\/wp\/v2\/product\/4320","targetHints":{"allow":["GET"]}}],"collection":[{"href":"https:\/\/falco.ee\/et\/wp-json\/wp\/v2\/product"}],"about":[{"href":"https:\/\/falco.ee\/et\/wp-json\/wp\/v2\/types\/product"}],"replies":[{"embeddable":true,"href":"https:\/\/falco.ee\/et\/wp-json\/wp\/v2\/comments?post=4320"}],"wp:featuredmedia":[{"embeddable":true,"href":"https:\/\/falco.ee\/et\/wp-json\/wp\/v2\/media\/5521"}],"wp:attachment":[{"href":"https:\/\/falco.ee\/et\/wp-json\/wp\/v2\/media?parent=4320"}],"wp:term":[{"taxonomy":"product_brand","embeddable":true,"href":"https:\/\/falco.ee\/et\/wp-json\/wp\/v2\/product_brand?post=4320"},{"taxonomy":"product_cat","embeddable":true,"href":"https:\/\/falco.ee\/et\/wp-json\/wp\/v2\/product_cat?post=4320"},{"taxonomy":"product_tag","embeddable":true,"href":"https:\/\/falco.ee\/et\/wp-json\/wp\/v2\/product_tag?post=4320"}],"curies":[{"name":"wp","href":"https:\/\/api.w.org\/{rel}","templated":true}]}}