{"id":4284,"date":"2023-08-16T12:34:25","date_gmt":"2023-08-16T09:34:25","guid":{"rendered":"https:\/\/falco.sdhost.eu\/product\/wns-smc-carbon\/"},"modified":"2023-08-30T13:56:02","modified_gmt":"2023-08-30T10:56:02","slug":"wns-smc-carbon","status":"publish","type":"product","link":"https:\/\/falco.ee\/et\/toode\/wns-smc-carbon\/","title":{"rendered":"WNS SMC Carbon"},"content":{"rendered":"<div class=\"node body\">\n<p>SMC v-paar on struktureeritud mitmekihilisest s\u00fcsinikust, mis parandab m\u00e4rgatavalt summutusv\u00f5imekust ja muudab laskmiskogemuse stabiilsemaks.<\/p>\n<\/div>\n","protected":false},"excerpt":{"rendered":"<p>SMC v-paar on struktureeritud mitmekihilisest s\u00fcsinikust, mis parandab m\u00e4rgatavalt summutusv\u00f5imekust ja muudab laskmiskogemuse stabiilsemaks.<\/p>\n","protected":false},"featured_media":5647,"comment_status":"closed","ping_status":"closed","template":"","meta":[],"product_brand":[],"product_cat":[236],"product_tag":[],"class_list":{"0":"post-4284","1":"product","2":"type-product","3":"status-publish","4":"has-post-thumbnail","6":"product_cat-v-bars-et","8":"first","9":"instock","10":"shipping-taxable","11":"purchasable","12":"product-type-simple"},"acf":[],"yoast_head":"<!-- This site is optimized with the Yoast SEO plugin v27.2 - https:\/\/yoast.com\/product\/yoast-seo-wordpress\/ -->\n<title>WNS SMC Carbon - Falco vibuvarustus<\/title>\n<meta name=\"robots\" content=\"index, follow, max-snippet:-1, max-image-preview:large, max-video-preview:-1\" \/>\n<link rel=\"canonical\" href=\"https:\/\/falco.ee\/et\/toode\/wns-smc-carbon\/\" \/>\n<meta property=\"og:locale\" content=\"et_EE\" \/>\n<meta property=\"og:type\" content=\"article\" \/>\n<meta property=\"og:title\" content=\"WNS SMC Carbon - Falco vibuvarustus\" \/>\n<meta property=\"og:description\" content=\"SMC v-paar on struktureeritud mitmekihilisest s\u00fcsinikust, mis parandab m\u00e4rgatavalt summutusv\u00f5imekust ja muudab laskmiskogemuse stabiilsemaks.\" \/>\n<meta property=\"og:url\" content=\"https:\/\/falco.ee\/et\/toode\/wns-smc-carbon\/\" \/>\n<meta property=\"og:site_name\" content=\"Falco vibuvarustus\" \/>\n<meta property=\"article:modified_time\" content=\"2023-08-30T10:56:02+00:00\" \/>\n<meta property=\"og:image\" content=\"https:\/\/falco.ee\/wp-content\/uploads\/2023\/08\/WNS-V-Bar-Carbon-SMC1.png\" \/>\n\t<meta property=\"og:image:width\" content=\"1000\" \/>\n\t<meta property=\"og:image:height\" content=\"1000\" \/>\n\t<meta property=\"og:image:type\" content=\"image\/png\" \/>\n<meta name=\"twitter:card\" content=\"summary_large_image\" \/>\n<meta name=\"twitter:label1\" content=\"Est. reading time\" \/>\n\t<meta name=\"twitter:data1\" content=\"1 minut\" \/>\n<script type=\"application\/ld+json\" class=\"yoast-schema-graph\">{\"@context\":\"https:\/\/schema.org\",\"@graph\":[{\"@type\":\"WebPage\",\"@id\":\"https:\/\/falco.ee\/et\/toode\/wns-smc-carbon\/\",\"url\":\"https:\/\/falco.ee\/et\/toode\/wns-smc-carbon\/\",\"name\":\"WNS SMC Carbon - Falco vibuvarustus\",\"isPartOf\":{\"@id\":\"https:\/\/falco.ee\/et\/#website\"},\"primaryImageOfPage\":{\"@id\":\"https:\/\/falco.ee\/et\/toode\/wns-smc-carbon\/#primaryimage\"},\"image\":{\"@id\":\"https:\/\/falco.ee\/et\/toode\/wns-smc-carbon\/#primaryimage\"},\"thumbnailUrl\":\"https:\/\/falco.ee\/wp-content\/uploads\/2023\/08\/WNS-V-Bar-Carbon-SMC1.png\",\"datePublished\":\"2023-08-16T09:34:25+00:00\",\"dateModified\":\"2023-08-30T10:56:02+00:00\",\"breadcrumb\":{\"@id\":\"https:\/\/falco.ee\/et\/toode\/wns-smc-carbon\/#breadcrumb\"},\"inLanguage\":\"et\",\"potentialAction\":[{\"@type\":\"ReadAction\",\"target\":[\"https:\/\/falco.ee\/et\/toode\/wns-smc-carbon\/\"]}]},{\"@type\":\"ImageObject\",\"inLanguage\":\"et\",\"@id\":\"https:\/\/falco.ee\/et\/toode\/wns-smc-carbon\/#primaryimage\",\"url\":\"https:\/\/falco.ee\/wp-content\/uploads\/2023\/08\/WNS-V-Bar-Carbon-SMC1.png\",\"contentUrl\":\"https:\/\/falco.ee\/wp-content\/uploads\/2023\/08\/WNS-V-Bar-Carbon-SMC1.png\",\"width\":1000,\"height\":1000},{\"@type\":\"BreadcrumbList\",\"@id\":\"https:\/\/falco.ee\/et\/toode\/wns-smc-carbon\/#breadcrumb\",\"itemListElement\":[{\"@type\":\"ListItem\",\"position\":1,\"name\":\"Home\",\"item\":\"https:\/\/falco.ee\/et\/\"},{\"@type\":\"ListItem\",\"position\":2,\"name\":\"Shop\",\"item\":\"https:\/\/falco.ee\/shop\/\"},{\"@type\":\"ListItem\",\"position\":3,\"name\":\"WNS SMC Carbon\"}]},{\"@type\":\"WebSite\",\"@id\":\"https:\/\/falco.ee\/et\/#website\",\"url\":\"https:\/\/falco.ee\/et\/\",\"name\":\"Falco vibuvarustus\",\"description\":\"\",\"potentialAction\":[{\"@type\":\"SearchAction\",\"target\":{\"@type\":\"EntryPoint\",\"urlTemplate\":\"https:\/\/falco.ee\/et\/?s={search_term_string}\"},\"query-input\":{\"@type\":\"PropertyValueSpecification\",\"valueRequired\":true,\"valueName\":\"search_term_string\"}}],\"inLanguage\":\"et\"}]}<\/script>\n<!-- \/ Yoast SEO plugin. -->","yoast_head_json":{"title":"WNS SMC Carbon - Falco vibuvarustus","robots":{"index":"index","follow":"follow","max-snippet":"max-snippet:-1","max-image-preview":"max-image-preview:large","max-video-preview":"max-video-preview:-1"},"canonical":"https:\/\/falco.ee\/et\/toode\/wns-smc-carbon\/","og_locale":"et_EE","og_type":"article","og_title":"WNS SMC Carbon - Falco vibuvarustus","og_description":"SMC v-paar on struktureeritud mitmekihilisest s\u00fcsinikust, mis parandab m\u00e4rgatavalt summutusv\u00f5imekust ja muudab laskmiskogemuse stabiilsemaks.","og_url":"https:\/\/falco.ee\/et\/toode\/wns-smc-carbon\/","og_site_name":"Falco vibuvarustus","article_modified_time":"2023-08-30T10:56:02+00:00","og_image":[{"width":1000,"height":1000,"url":"https:\/\/falco.ee\/wp-content\/uploads\/2023\/08\/WNS-V-Bar-Carbon-SMC1.png","type":"image\/png"}],"twitter_card":"summary_large_image","twitter_misc":{"Est. reading time":"1 minut"},"schema":{"@context":"https:\/\/schema.org","@graph":[{"@type":"WebPage","@id":"https:\/\/falco.ee\/et\/toode\/wns-smc-carbon\/","url":"https:\/\/falco.ee\/et\/toode\/wns-smc-carbon\/","name":"WNS SMC Carbon - Falco vibuvarustus","isPartOf":{"@id":"https:\/\/falco.ee\/et\/#website"},"primaryImageOfPage":{"@id":"https:\/\/falco.ee\/et\/toode\/wns-smc-carbon\/#primaryimage"},"image":{"@id":"https:\/\/falco.ee\/et\/toode\/wns-smc-carbon\/#primaryimage"},"thumbnailUrl":"https:\/\/falco.ee\/wp-content\/uploads\/2023\/08\/WNS-V-Bar-Carbon-SMC1.png","datePublished":"2023-08-16T09:34:25+00:00","dateModified":"2023-08-30T10:56:02+00:00","breadcrumb":{"@id":"https:\/\/falco.ee\/et\/toode\/wns-smc-carbon\/#breadcrumb"},"inLanguage":"et","potentialAction":[{"@type":"ReadAction","target":["https:\/\/falco.ee\/et\/toode\/wns-smc-carbon\/"]}]},{"@type":"ImageObject","inLanguage":"et","@id":"https:\/\/falco.ee\/et\/toode\/wns-smc-carbon\/#primaryimage","url":"https:\/\/falco.ee\/wp-content\/uploads\/2023\/08\/WNS-V-Bar-Carbon-SMC1.png","contentUrl":"https:\/\/falco.ee\/wp-content\/uploads\/2023\/08\/WNS-V-Bar-Carbon-SMC1.png","width":1000,"height":1000},{"@type":"BreadcrumbList","@id":"https:\/\/falco.ee\/et\/toode\/wns-smc-carbon\/#breadcrumb","itemListElement":[{"@type":"ListItem","position":1,"name":"Home","item":"https:\/\/falco.ee\/et\/"},{"@type":"ListItem","position":2,"name":"Shop","item":"https:\/\/falco.ee\/shop\/"},{"@type":"ListItem","position":3,"name":"WNS SMC Carbon"}]},{"@type":"WebSite","@id":"https:\/\/falco.ee\/et\/#website","url":"https:\/\/falco.ee\/et\/","name":"Falco vibuvarustus","description":"","potentialAction":[{"@type":"SearchAction","target":{"@type":"EntryPoint","urlTemplate":"https:\/\/falco.ee\/et\/?s={search_term_string}"},"query-input":{"@type":"PropertyValueSpecification","valueRequired":true,"valueName":"search_term_string"}}],"inLanguage":"et"}]}},"_links":{"self":[{"href":"https:\/\/falco.ee\/et\/wp-json\/wp\/v2\/product\/4284","targetHints":{"allow":["GET"]}}],"collection":[{"href":"https:\/\/falco.ee\/et\/wp-json\/wp\/v2\/product"}],"about":[{"href":"https:\/\/falco.ee\/et\/wp-json\/wp\/v2\/types\/product"}],"replies":[{"embeddable":true,"href":"https:\/\/falco.ee\/et\/wp-json\/wp\/v2\/comments?post=4284"}],"wp:featuredmedia":[{"embeddable":true,"href":"https:\/\/falco.ee\/et\/wp-json\/wp\/v2\/media\/5647"}],"wp:attachment":[{"href":"https:\/\/falco.ee\/et\/wp-json\/wp\/v2\/media?parent=4284"}],"wp:term":[{"taxonomy":"product_brand","embeddable":true,"href":"https:\/\/falco.ee\/et\/wp-json\/wp\/v2\/product_brand?post=4284"},{"taxonomy":"product_cat","embeddable":true,"href":"https:\/\/falco.ee\/et\/wp-json\/wp\/v2\/product_cat?post=4284"},{"taxonomy":"product_tag","embeddable":true,"href":"https:\/\/falco.ee\/et\/wp-json\/wp\/v2\/product_tag?post=4284"}],"curies":[{"name":"wp","href":"https:\/\/api.w.org\/{rel}","templated":true}]}}