{"id":4280,"date":"2023-08-16T12:30:57","date_gmt":"2023-08-16T09:30:57","guid":{"rendered":"https:\/\/falco.sdhost.eu\/product\/goades-sts-shock-supressor\/"},"modified":"2023-08-30T13:07:23","modified_gmt":"2023-08-30T10:07:23","slug":"goades-sts-shock-supressor","status":"publish","type":"product","link":"https:\/\/falco.ee\/et\/toode\/goades-sts-shock-supressor\/","title":{"rendered":"Goade&#8217;s STS Shock Supressor"},"content":{"rendered":"<p>Kaks kinnitusvarianti- kas ette v\u00f5i tagumisse stabilisaatoripesasse kinnitusega.<\/p>\n<p>Elimineerib praktiliselt kogu lasul tekkiva vibratisooni, samas aiatb noolele vibun\u00f6\u00f6rilt kiiremini ja puhtamalt lahti p\u00e4\u00e4seda.<\/p>\n<p>Teeb 34&#8243;-40&#8243; plokkvibud vaiksemaks<\/p>\n<p>Muudab 28&#8243;-33&#8243; plokkvibud rohkem nn &#8220;andestavaks&#8221;<\/p>\n<p>V\u00e4rv: Must<\/p>\n","protected":false},"excerpt":{"rendered":"<p>Kaks kinnitusvarianti- kas ette v\u00f5i tagumisse stabilisaatoripesasse kinnitusega. Elimineerib praktiliselt kogu lasul tekkiva vibratisooni, samas aiatb noolele vibun\u00f6\u00f6rilt kiiremini ja puhtamalt lahti p\u00e4\u00e4seda. Teeb 34&#8243;-40&#8243; plokkvibud vaiksemaks Muudab 28&#8243;-33&#8243; plokkvibud rohkem nn &#8220;andestavaks&#8221; V\u00e4rv: Must<\/p>\n","protected":false},"featured_media":5605,"comment_status":"closed","ping_status":"closed","template":"","meta":[],"product_brand":[],"product_cat":[237],"product_tag":[],"class_list":{"0":"post-4280","1":"product","2":"type-product","3":"status-publish","4":"has-post-thumbnail","6":"product_cat-weights-dampers-et","8":"first","9":"instock","10":"shipping-taxable","11":"purchasable","12":"product-type-simple"},"acf":[],"yoast_head":"<!-- This site is optimized with the Yoast SEO plugin v27.2 - https:\/\/yoast.com\/product\/yoast-seo-wordpress\/ -->\n<title>Goade&#039;s STS Shock Supressor - Falco vibuvarustus<\/title>\n<meta name=\"robots\" content=\"index, follow, max-snippet:-1, max-image-preview:large, max-video-preview:-1\" \/>\n<link rel=\"canonical\" href=\"https:\/\/falco.ee\/et\/toode\/goades-sts-shock-supressor\/\" \/>\n<meta property=\"og:locale\" content=\"et_EE\" \/>\n<meta property=\"og:type\" content=\"article\" \/>\n<meta property=\"og:title\" content=\"Goade&#039;s STS Shock Supressor - Falco vibuvarustus\" \/>\n<meta property=\"og:description\" content=\"Kaks kinnitusvarianti- kas ette v\u00f5i tagumisse stabilisaatoripesasse kinnitusega. Elimineerib praktiliselt kogu lasul tekkiva vibratisooni, samas aiatb noolele vibun\u00f6\u00f6rilt kiiremini ja puhtamalt lahti p\u00e4\u00e4seda. Teeb 34&#8243;-40&#8243; plokkvibud vaiksemaks Muudab 28&#8243;-33&#8243; plokkvibud rohkem nn &#8220;andestavaks&#8221; V\u00e4rv: Must\" \/>\n<meta property=\"og:url\" content=\"https:\/\/falco.ee\/et\/toode\/goades-sts-shock-supressor\/\" \/>\n<meta property=\"og:site_name\" content=\"Falco vibuvarustus\" \/>\n<meta property=\"article:modified_time\" content=\"2023-08-30T10:07:23+00:00\" \/>\n<meta property=\"og:image\" content=\"https:\/\/falco.ee\/wp-content\/uploads\/2023\/08\/1_3651.jpg\" \/>\n\t<meta property=\"og:image:width\" content=\"700\" \/>\n\t<meta property=\"og:image:height\" content=\"479\" \/>\n\t<meta property=\"og:image:type\" content=\"image\/jpeg\" \/>\n<meta name=\"twitter:card\" content=\"summary_large_image\" \/>\n<meta name=\"twitter:label1\" content=\"Est. reading time\" \/>\n\t<meta name=\"twitter:data1\" content=\"1 minut\" \/>\n<script type=\"application\/ld+json\" class=\"yoast-schema-graph\">{\"@context\":\"https:\/\/schema.org\",\"@graph\":[{\"@type\":\"WebPage\",\"@id\":\"https:\/\/falco.ee\/et\/toode\/goades-sts-shock-supressor\/\",\"url\":\"https:\/\/falco.ee\/et\/toode\/goades-sts-shock-supressor\/\",\"name\":\"Goade's STS Shock Supressor - Falco vibuvarustus\",\"isPartOf\":{\"@id\":\"https:\/\/falco.ee\/et\/#website\"},\"primaryImageOfPage\":{\"@id\":\"https:\/\/falco.ee\/et\/toode\/goades-sts-shock-supressor\/#primaryimage\"},\"image\":{\"@id\":\"https:\/\/falco.ee\/et\/toode\/goades-sts-shock-supressor\/#primaryimage\"},\"thumbnailUrl\":\"https:\/\/falco.ee\/wp-content\/uploads\/2023\/08\/1_3651.jpg\",\"datePublished\":\"2023-08-16T09:30:57+00:00\",\"dateModified\":\"2023-08-30T10:07:23+00:00\",\"breadcrumb\":{\"@id\":\"https:\/\/falco.ee\/et\/toode\/goades-sts-shock-supressor\/#breadcrumb\"},\"inLanguage\":\"et\",\"potentialAction\":[{\"@type\":\"ReadAction\",\"target\":[\"https:\/\/falco.ee\/et\/toode\/goades-sts-shock-supressor\/\"]}]},{\"@type\":\"ImageObject\",\"inLanguage\":\"et\",\"@id\":\"https:\/\/falco.ee\/et\/toode\/goades-sts-shock-supressor\/#primaryimage\",\"url\":\"https:\/\/falco.ee\/wp-content\/uploads\/2023\/08\/1_3651.jpg\",\"contentUrl\":\"https:\/\/falco.ee\/wp-content\/uploads\/2023\/08\/1_3651.jpg\",\"width\":700,\"height\":479,\"caption\":\"OLYMPUS DIGITAL CAMERA\"},{\"@type\":\"BreadcrumbList\",\"@id\":\"https:\/\/falco.ee\/et\/toode\/goades-sts-shock-supressor\/#breadcrumb\",\"itemListElement\":[{\"@type\":\"ListItem\",\"position\":1,\"name\":\"Home\",\"item\":\"https:\/\/falco.ee\/et\/\"},{\"@type\":\"ListItem\",\"position\":2,\"name\":\"Shop\",\"item\":\"https:\/\/falco.ee\/shop\/\"},{\"@type\":\"ListItem\",\"position\":3,\"name\":\"Goade&#8217;s STS Shock Supressor\"}]},{\"@type\":\"WebSite\",\"@id\":\"https:\/\/falco.ee\/et\/#website\",\"url\":\"https:\/\/falco.ee\/et\/\",\"name\":\"Falco vibuvarustus\",\"description\":\"\",\"potentialAction\":[{\"@type\":\"SearchAction\",\"target\":{\"@type\":\"EntryPoint\",\"urlTemplate\":\"https:\/\/falco.ee\/et\/?s={search_term_string}\"},\"query-input\":{\"@type\":\"PropertyValueSpecification\",\"valueRequired\":true,\"valueName\":\"search_term_string\"}}],\"inLanguage\":\"et\"}]}<\/script>\n<!-- \/ Yoast SEO plugin. -->","yoast_head_json":{"title":"Goade's STS Shock Supressor - Falco vibuvarustus","robots":{"index":"index","follow":"follow","max-snippet":"max-snippet:-1","max-image-preview":"max-image-preview:large","max-video-preview":"max-video-preview:-1"},"canonical":"https:\/\/falco.ee\/et\/toode\/goades-sts-shock-supressor\/","og_locale":"et_EE","og_type":"article","og_title":"Goade's STS Shock Supressor - Falco vibuvarustus","og_description":"Kaks kinnitusvarianti- kas ette v\u00f5i tagumisse stabilisaatoripesasse kinnitusega. Elimineerib praktiliselt kogu lasul tekkiva vibratisooni, samas aiatb noolele vibun\u00f6\u00f6rilt kiiremini ja puhtamalt lahti p\u00e4\u00e4seda. Teeb 34&#8243;-40&#8243; plokkvibud vaiksemaks Muudab 28&#8243;-33&#8243; plokkvibud rohkem nn &#8220;andestavaks&#8221; V\u00e4rv: Must","og_url":"https:\/\/falco.ee\/et\/toode\/goades-sts-shock-supressor\/","og_site_name":"Falco vibuvarustus","article_modified_time":"2023-08-30T10:07:23+00:00","og_image":[{"width":700,"height":479,"url":"https:\/\/falco.ee\/wp-content\/uploads\/2023\/08\/1_3651.jpg","type":"image\/jpeg"}],"twitter_card":"summary_large_image","twitter_misc":{"Est. reading time":"1 minut"},"schema":{"@context":"https:\/\/schema.org","@graph":[{"@type":"WebPage","@id":"https:\/\/falco.ee\/et\/toode\/goades-sts-shock-supressor\/","url":"https:\/\/falco.ee\/et\/toode\/goades-sts-shock-supressor\/","name":"Goade's STS Shock Supressor - Falco vibuvarustus","isPartOf":{"@id":"https:\/\/falco.ee\/et\/#website"},"primaryImageOfPage":{"@id":"https:\/\/falco.ee\/et\/toode\/goades-sts-shock-supressor\/#primaryimage"},"image":{"@id":"https:\/\/falco.ee\/et\/toode\/goades-sts-shock-supressor\/#primaryimage"},"thumbnailUrl":"https:\/\/falco.ee\/wp-content\/uploads\/2023\/08\/1_3651.jpg","datePublished":"2023-08-16T09:30:57+00:00","dateModified":"2023-08-30T10:07:23+00:00","breadcrumb":{"@id":"https:\/\/falco.ee\/et\/toode\/goades-sts-shock-supressor\/#breadcrumb"},"inLanguage":"et","potentialAction":[{"@type":"ReadAction","target":["https:\/\/falco.ee\/et\/toode\/goades-sts-shock-supressor\/"]}]},{"@type":"ImageObject","inLanguage":"et","@id":"https:\/\/falco.ee\/et\/toode\/goades-sts-shock-supressor\/#primaryimage","url":"https:\/\/falco.ee\/wp-content\/uploads\/2023\/08\/1_3651.jpg","contentUrl":"https:\/\/falco.ee\/wp-content\/uploads\/2023\/08\/1_3651.jpg","width":700,"height":479,"caption":"OLYMPUS DIGITAL CAMERA"},{"@type":"BreadcrumbList","@id":"https:\/\/falco.ee\/et\/toode\/goades-sts-shock-supressor\/#breadcrumb","itemListElement":[{"@type":"ListItem","position":1,"name":"Home","item":"https:\/\/falco.ee\/et\/"},{"@type":"ListItem","position":2,"name":"Shop","item":"https:\/\/falco.ee\/shop\/"},{"@type":"ListItem","position":3,"name":"Goade&#8217;s STS Shock Supressor"}]},{"@type":"WebSite","@id":"https:\/\/falco.ee\/et\/#website","url":"https:\/\/falco.ee\/et\/","name":"Falco vibuvarustus","description":"","potentialAction":[{"@type":"SearchAction","target":{"@type":"EntryPoint","urlTemplate":"https:\/\/falco.ee\/et\/?s={search_term_string}"},"query-input":{"@type":"PropertyValueSpecification","valueRequired":true,"valueName":"search_term_string"}}],"inLanguage":"et"}]}},"_links":{"self":[{"href":"https:\/\/falco.ee\/et\/wp-json\/wp\/v2\/product\/4280","targetHints":{"allow":["GET"]}}],"collection":[{"href":"https:\/\/falco.ee\/et\/wp-json\/wp\/v2\/product"}],"about":[{"href":"https:\/\/falco.ee\/et\/wp-json\/wp\/v2\/types\/product"}],"replies":[{"embeddable":true,"href":"https:\/\/falco.ee\/et\/wp-json\/wp\/v2\/comments?post=4280"}],"wp:featuredmedia":[{"embeddable":true,"href":"https:\/\/falco.ee\/et\/wp-json\/wp\/v2\/media\/5605"}],"wp:attachment":[{"href":"https:\/\/falco.ee\/et\/wp-json\/wp\/v2\/media?parent=4280"}],"wp:term":[{"taxonomy":"product_brand","embeddable":true,"href":"https:\/\/falco.ee\/et\/wp-json\/wp\/v2\/product_brand?post=4280"},{"taxonomy":"product_cat","embeddable":true,"href":"https:\/\/falco.ee\/et\/wp-json\/wp\/v2\/product_cat?post=4280"},{"taxonomy":"product_tag","embeddable":true,"href":"https:\/\/falco.ee\/et\/wp-json\/wp\/v2\/product_tag?post=4280"}],"curies":[{"name":"wp","href":"https:\/\/api.w.org\/{rel}","templated":true}]}}