{"id":4090,"date":"2023-08-16T16:11:53","date_gmt":"2023-08-16T13:11:53","guid":{"rendered":"https:\/\/falco.sdhost.eu\/product\/core-air-25-ilf\/"},"modified":"2023-08-31T12:32:38","modified_gmt":"2023-08-31T09:32:38","slug":"core-air-25-ilf","status":"publish","type":"product","link":"https:\/\/falco.ee\/et\/toode\/core-air-25-ilf\/","title":{"rendered":"Core Air 25 ILF"},"content":{"rendered":"<p>Suurep\u00e4rase hinnaga ILF s\u00fcsteemi k\u00e4epide, mida pakume v\u00e4rvitud versioonina\u00a0k\u00fcmnes eri toonis. K\u00e4epideme pikkus 25&#8243; ja kaal 903 grammi, nii parema- kui ka vasakuk\u00e4elisena. K\u00e4epidemes kasutatavate vibu\u00f5lgade t\u00f5mbetugevus ei tohiks \u00fcletada 30#.<\/p>\n<p>Valdav enamik v\u00e4rvitoone on koheselt saadaval\u00a0 Falco laost ( RH versioonid)<\/p>\n<p>V\u00e4rvitoonide valik: Teal-rohekassinine, Koobaltsinine, Hall, Roheline, Valge, Vask, Must, H\u00f5be, Kollane, Oranz ja Lilla.<\/p>\n","protected":false},"excerpt":{"rendered":"<p>Suurep\u00e4rase hinnaga ILF s\u00fcsteemi k\u00e4epide, mida pakume v\u00e4rvitud versioonina\u00a0k\u00fcmnes eri toonis. K\u00e4epideme pikkus 25&#8243; ja kaal 903 grammi, nii parema- kui ka vasakuk\u00e4elisena. K\u00e4epidemes kasutatavate vibu\u00f5lgade t\u00f5mbetugevus ei tohiks \u00fcletada 30#. Valdav enamik v\u00e4rvitoone on koheselt saadaval\u00a0 Falco laost ( RH versioonid) V\u00e4rvitoonide valik: Teal-rohekassinine, Koobaltsinine, Hall, Roheline, Valge, Vask, Must, H\u00f5be, Kollane, Oranz ja [&hellip;]<\/p>\n","protected":false},"featured_media":6099,"comment_status":"closed","ping_status":"closed","template":"","meta":[],"product_brand":[],"product_cat":[315],"product_tag":[],"class_list":{"0":"post-4090","1":"product","2":"type-product","3":"status-publish","4":"has-post-thumbnail","6":"product_cat-risers-et","8":"first","9":"instock","10":"shipping-taxable","11":"purchasable","12":"product-type-simple"},"acf":[],"yoast_head":"<!-- This site is optimized with the Yoast SEO plugin v27.2 - https:\/\/yoast.com\/product\/yoast-seo-wordpress\/ -->\n<title>Core Air 25 ILF - Falco vibuvarustus<\/title>\n<meta name=\"robots\" content=\"index, follow, max-snippet:-1, max-image-preview:large, max-video-preview:-1\" \/>\n<link rel=\"canonical\" href=\"https:\/\/falco.ee\/et\/toode\/core-air-25-ilf\/\" \/>\n<meta property=\"og:locale\" content=\"et_EE\" \/>\n<meta property=\"og:type\" content=\"article\" \/>\n<meta property=\"og:title\" content=\"Core Air 25 ILF - Falco vibuvarustus\" \/>\n<meta property=\"og:description\" content=\"Suurep\u00e4rase hinnaga ILF s\u00fcsteemi k\u00e4epide, mida pakume v\u00e4rvitud versioonina\u00a0k\u00fcmnes eri toonis. K\u00e4epideme pikkus 25&#8243; ja kaal 903 grammi, nii parema- kui ka vasakuk\u00e4elisena. K\u00e4epidemes kasutatavate vibu\u00f5lgade t\u00f5mbetugevus ei tohiks \u00fcletada 30#. Valdav enamik v\u00e4rvitoone on koheselt saadaval\u00a0 Falco laost ( RH versioonid) V\u00e4rvitoonide valik: Teal-rohekassinine, Koobaltsinine, Hall, Roheline, Valge, Vask, Must, H\u00f5be, Kollane, Oranz ja [&hellip;]\" \/>\n<meta property=\"og:url\" content=\"https:\/\/falco.ee\/et\/toode\/core-air-25-ilf\/\" \/>\n<meta property=\"og:site_name\" content=\"Falco vibuvarustus\" \/>\n<meta property=\"article:modified_time\" content=\"2023-08-31T09:32:38+00:00\" \/>\n<meta property=\"og:image\" content=\"https:\/\/falco.ee\/wp-content\/uploads\/2023\/08\/coreair_kollane1.jpg\" \/>\n\t<meta property=\"og:image:width\" content=\"1000\" \/>\n\t<meta property=\"og:image:height\" content=\"780\" \/>\n\t<meta property=\"og:image:type\" content=\"image\/jpeg\" \/>\n<meta name=\"twitter:card\" content=\"summary_large_image\" \/>\n<meta name=\"twitter:label1\" content=\"Est. reading time\" \/>\n\t<meta name=\"twitter:data1\" content=\"1 minut\" \/>\n<script type=\"application\/ld+json\" class=\"yoast-schema-graph\">{\"@context\":\"https:\/\/schema.org\",\"@graph\":[{\"@type\":\"WebPage\",\"@id\":\"https:\/\/falco.ee\/et\/toode\/core-air-25-ilf\/\",\"url\":\"https:\/\/falco.ee\/et\/toode\/core-air-25-ilf\/\",\"name\":\"Core Air 25 ILF - Falco vibuvarustus\",\"isPartOf\":{\"@id\":\"https:\/\/falco.ee\/et\/#website\"},\"primaryImageOfPage\":{\"@id\":\"https:\/\/falco.ee\/et\/toode\/core-air-25-ilf\/#primaryimage\"},\"image\":{\"@id\":\"https:\/\/falco.ee\/et\/toode\/core-air-25-ilf\/#primaryimage\"},\"thumbnailUrl\":\"https:\/\/falco.ee\/wp-content\/uploads\/2023\/08\/coreair_kollane1.jpg\",\"datePublished\":\"2023-08-16T13:11:53+00:00\",\"dateModified\":\"2023-08-31T09:32:38+00:00\",\"breadcrumb\":{\"@id\":\"https:\/\/falco.ee\/et\/toode\/core-air-25-ilf\/#breadcrumb\"},\"inLanguage\":\"et\",\"potentialAction\":[{\"@type\":\"ReadAction\",\"target\":[\"https:\/\/falco.ee\/et\/toode\/core-air-25-ilf\/\"]}]},{\"@type\":\"ImageObject\",\"inLanguage\":\"et\",\"@id\":\"https:\/\/falco.ee\/et\/toode\/core-air-25-ilf\/#primaryimage\",\"url\":\"https:\/\/falco.ee\/wp-content\/uploads\/2023\/08\/coreair_kollane1.jpg\",\"contentUrl\":\"https:\/\/falco.ee\/wp-content\/uploads\/2023\/08\/coreair_kollane1.jpg\",\"width\":1000,\"height\":780,\"caption\":\"OLYMPUS DIGITAL CAMERA\"},{\"@type\":\"BreadcrumbList\",\"@id\":\"https:\/\/falco.ee\/et\/toode\/core-air-25-ilf\/#breadcrumb\",\"itemListElement\":[{\"@type\":\"ListItem\",\"position\":1,\"name\":\"Home\",\"item\":\"https:\/\/falco.ee\/et\/\"},{\"@type\":\"ListItem\",\"position\":2,\"name\":\"Shop\",\"item\":\"https:\/\/falco.ee\/shop\/\"},{\"@type\":\"ListItem\",\"position\":3,\"name\":\"Core Air 25 ILF\"}]},{\"@type\":\"WebSite\",\"@id\":\"https:\/\/falco.ee\/et\/#website\",\"url\":\"https:\/\/falco.ee\/et\/\",\"name\":\"Falco vibuvarustus\",\"description\":\"\",\"potentialAction\":[{\"@type\":\"SearchAction\",\"target\":{\"@type\":\"EntryPoint\",\"urlTemplate\":\"https:\/\/falco.ee\/et\/?s={search_term_string}\"},\"query-input\":{\"@type\":\"PropertyValueSpecification\",\"valueRequired\":true,\"valueName\":\"search_term_string\"}}],\"inLanguage\":\"et\"}]}<\/script>\n<!-- \/ Yoast SEO plugin. -->","yoast_head_json":{"title":"Core Air 25 ILF - Falco vibuvarustus","robots":{"index":"index","follow":"follow","max-snippet":"max-snippet:-1","max-image-preview":"max-image-preview:large","max-video-preview":"max-video-preview:-1"},"canonical":"https:\/\/falco.ee\/et\/toode\/core-air-25-ilf\/","og_locale":"et_EE","og_type":"article","og_title":"Core Air 25 ILF - Falco vibuvarustus","og_description":"Suurep\u00e4rase hinnaga ILF s\u00fcsteemi k\u00e4epide, mida pakume v\u00e4rvitud versioonina\u00a0k\u00fcmnes eri toonis. K\u00e4epideme pikkus 25&#8243; ja kaal 903 grammi, nii parema- kui ka vasakuk\u00e4elisena. K\u00e4epidemes kasutatavate vibu\u00f5lgade t\u00f5mbetugevus ei tohiks \u00fcletada 30#. Valdav enamik v\u00e4rvitoone on koheselt saadaval\u00a0 Falco laost ( RH versioonid) V\u00e4rvitoonide valik: Teal-rohekassinine, Koobaltsinine, Hall, Roheline, Valge, Vask, Must, H\u00f5be, Kollane, Oranz ja [&hellip;]","og_url":"https:\/\/falco.ee\/et\/toode\/core-air-25-ilf\/","og_site_name":"Falco vibuvarustus","article_modified_time":"2023-08-31T09:32:38+00:00","og_image":[{"width":1000,"height":780,"url":"https:\/\/falco.ee\/wp-content\/uploads\/2023\/08\/coreair_kollane1.jpg","type":"image\/jpeg"}],"twitter_card":"summary_large_image","twitter_misc":{"Est. reading time":"1 minut"},"schema":{"@context":"https:\/\/schema.org","@graph":[{"@type":"WebPage","@id":"https:\/\/falco.ee\/et\/toode\/core-air-25-ilf\/","url":"https:\/\/falco.ee\/et\/toode\/core-air-25-ilf\/","name":"Core Air 25 ILF - Falco vibuvarustus","isPartOf":{"@id":"https:\/\/falco.ee\/et\/#website"},"primaryImageOfPage":{"@id":"https:\/\/falco.ee\/et\/toode\/core-air-25-ilf\/#primaryimage"},"image":{"@id":"https:\/\/falco.ee\/et\/toode\/core-air-25-ilf\/#primaryimage"},"thumbnailUrl":"https:\/\/falco.ee\/wp-content\/uploads\/2023\/08\/coreair_kollane1.jpg","datePublished":"2023-08-16T13:11:53+00:00","dateModified":"2023-08-31T09:32:38+00:00","breadcrumb":{"@id":"https:\/\/falco.ee\/et\/toode\/core-air-25-ilf\/#breadcrumb"},"inLanguage":"et","potentialAction":[{"@type":"ReadAction","target":["https:\/\/falco.ee\/et\/toode\/core-air-25-ilf\/"]}]},{"@type":"ImageObject","inLanguage":"et","@id":"https:\/\/falco.ee\/et\/toode\/core-air-25-ilf\/#primaryimage","url":"https:\/\/falco.ee\/wp-content\/uploads\/2023\/08\/coreair_kollane1.jpg","contentUrl":"https:\/\/falco.ee\/wp-content\/uploads\/2023\/08\/coreair_kollane1.jpg","width":1000,"height":780,"caption":"OLYMPUS DIGITAL CAMERA"},{"@type":"BreadcrumbList","@id":"https:\/\/falco.ee\/et\/toode\/core-air-25-ilf\/#breadcrumb","itemListElement":[{"@type":"ListItem","position":1,"name":"Home","item":"https:\/\/falco.ee\/et\/"},{"@type":"ListItem","position":2,"name":"Shop","item":"https:\/\/falco.ee\/shop\/"},{"@type":"ListItem","position":3,"name":"Core Air 25 ILF"}]},{"@type":"WebSite","@id":"https:\/\/falco.ee\/et\/#website","url":"https:\/\/falco.ee\/et\/","name":"Falco vibuvarustus","description":"","potentialAction":[{"@type":"SearchAction","target":{"@type":"EntryPoint","urlTemplate":"https:\/\/falco.ee\/et\/?s={search_term_string}"},"query-input":{"@type":"PropertyValueSpecification","valueRequired":true,"valueName":"search_term_string"}}],"inLanguage":"et"}]}},"_links":{"self":[{"href":"https:\/\/falco.ee\/et\/wp-json\/wp\/v2\/product\/4090","targetHints":{"allow":["GET"]}}],"collection":[{"href":"https:\/\/falco.ee\/et\/wp-json\/wp\/v2\/product"}],"about":[{"href":"https:\/\/falco.ee\/et\/wp-json\/wp\/v2\/types\/product"}],"replies":[{"embeddable":true,"href":"https:\/\/falco.ee\/et\/wp-json\/wp\/v2\/comments?post=4090"}],"wp:featuredmedia":[{"embeddable":true,"href":"https:\/\/falco.ee\/et\/wp-json\/wp\/v2\/media\/6099"}],"wp:attachment":[{"href":"https:\/\/falco.ee\/et\/wp-json\/wp\/v2\/media?parent=4090"}],"wp:term":[{"taxonomy":"product_brand","embeddable":true,"href":"https:\/\/falco.ee\/et\/wp-json\/wp\/v2\/product_brand?post=4090"},{"taxonomy":"product_cat","embeddable":true,"href":"https:\/\/falco.ee\/et\/wp-json\/wp\/v2\/product_cat?post=4090"},{"taxonomy":"product_tag","embeddable":true,"href":"https:\/\/falco.ee\/et\/wp-json\/wp\/v2\/product_tag?post=4090"}],"curies":[{"name":"wp","href":"https:\/\/api.w.org\/{rel}","templated":true}]}}