{"id":4037,"date":"2023-08-17T10:57:55","date_gmt":"2023-08-17T07:57:55","guid":{"rendered":"https:\/\/falco.sdhost.eu\/product\/chill-x\/"},"modified":"2023-08-31T14:02:48","modified_gmt":"2023-08-31T11:02:48","slug":"chill-x","status":"publish","type":"product","link":"https:\/\/falco.ee\/et\/toode\/chill-x\/","title":{"rendered":"Chill X"},"content":{"rendered":"<p>Chill\u00ae\u00a0X pakub suurep\u00e4rast mitmekesisust laskurile, kes soovib vibuga k\u00e4ia nii jahil kui 3D-v\u00f5istlustel. \u00dcheaegselt stabiilsuse ja noole suure algkiirenduse (kuni 336 fps) tagavad 35&#8243; t\u00f5mme ja uus AVS\u00ae\u00a0DYAD\u2122\u00a0camide s\u00fcsteem.<\/p>\n<p>Standardpaketti kuuluvad 85% ROCK moodulid.<\/p>\n<p>Originaalhind: 1050,-\u20ac<\/p>\n","protected":false},"excerpt":{"rendered":"<ul>\n<li>IBO rating:up to 336 fps (w\/75% let-off)<\/li>\n<li>Axle-to-axle:35&#8243;<\/li>\n<li>Draw weight:70#<\/li>\n<li>Draw length:25-31&#8243;<\/li>\n<li>Letoff:75% &amp; 85%<\/li>\n<\/ul>\n","protected":false},"featured_media":3170,"comment_status":"closed","ping_status":"closed","template":"","meta":[],"product_brand":[],"product_cat":[288],"product_tag":[],"class_list":{"0":"post-4037","1":"product","2":"type-product","3":"status-publish","4":"has-post-thumbnail","6":"product_cat-mathews-et","8":"first","9":"instock","10":"sale","11":"shipping-taxable","12":"purchasable","13":"product-type-simple"},"acf":[],"yoast_head":"<!-- This site is optimized with the Yoast SEO plugin v27.2 - https:\/\/yoast.com\/product\/yoast-seo-wordpress\/ -->\n<title>Chill X - Falco vibuvarustus<\/title>\n<meta name=\"robots\" content=\"index, follow, max-snippet:-1, max-image-preview:large, max-video-preview:-1\" \/>\n<link rel=\"canonical\" href=\"https:\/\/falco.ee\/et\/toode\/chill-x\/\" \/>\n<meta property=\"og:locale\" content=\"et_EE\" \/>\n<meta property=\"og:type\" content=\"article\" \/>\n<meta property=\"og:title\" content=\"Chill X - Falco vibuvarustus\" \/>\n<meta property=\"og:description\" content=\"IBO rating:up to 336 fps (w\/75% let-off)  Axle-to-axle:35&quot;  Draw weight:70#  Draw length:25-31&quot;  Letoff:75% &amp; 85%\" \/>\n<meta property=\"og:url\" content=\"https:\/\/falco.ee\/et\/toode\/chill-x\/\" \/>\n<meta property=\"og:site_name\" content=\"Falco vibuvarustus\" \/>\n<meta property=\"article:modified_time\" content=\"2023-08-31T11:02:48+00:00\" \/>\n<meta property=\"og:image\" content=\"https:\/\/falco.ee\/wp-content\/uploads\/2023\/08\/1_1151.png\" \/>\n\t<meta property=\"og:image:width\" content=\"544\" \/>\n\t<meta property=\"og:image:height\" content=\"1200\" \/>\n\t<meta property=\"og:image:type\" content=\"image\/png\" \/>\n<meta name=\"twitter:card\" content=\"summary_large_image\" \/>\n<meta name=\"twitter:label1\" content=\"Est. reading time\" \/>\n\t<meta name=\"twitter:data1\" content=\"1 minut\" \/>\n<script type=\"application\/ld+json\" class=\"yoast-schema-graph\">{\"@context\":\"https:\/\/schema.org\",\"@graph\":[{\"@type\":\"WebPage\",\"@id\":\"https:\/\/falco.ee\/et\/toode\/chill-x\/\",\"url\":\"https:\/\/falco.ee\/et\/toode\/chill-x\/\",\"name\":\"Chill X - Falco vibuvarustus\",\"isPartOf\":{\"@id\":\"https:\/\/falco.ee\/et\/#website\"},\"primaryImageOfPage\":{\"@id\":\"https:\/\/falco.ee\/et\/toode\/chill-x\/#primaryimage\"},\"image\":{\"@id\":\"https:\/\/falco.ee\/et\/toode\/chill-x\/#primaryimage\"},\"thumbnailUrl\":\"https:\/\/falco.ee\/wp-content\/uploads\/2023\/08\/1_1151.png\",\"datePublished\":\"2023-08-17T07:57:55+00:00\",\"dateModified\":\"2023-08-31T11:02:48+00:00\",\"breadcrumb\":{\"@id\":\"https:\/\/falco.ee\/et\/toode\/chill-x\/#breadcrumb\"},\"inLanguage\":\"et\",\"potentialAction\":[{\"@type\":\"ReadAction\",\"target\":[\"https:\/\/falco.ee\/et\/toode\/chill-x\/\"]}]},{\"@type\":\"ImageObject\",\"inLanguage\":\"et\",\"@id\":\"https:\/\/falco.ee\/et\/toode\/chill-x\/#primaryimage\",\"url\":\"https:\/\/falco.ee\/wp-content\/uploads\/2023\/08\/1_1151.png\",\"contentUrl\":\"https:\/\/falco.ee\/wp-content\/uploads\/2023\/08\/1_1151.png\",\"width\":544,\"height\":1200},{\"@type\":\"BreadcrumbList\",\"@id\":\"https:\/\/falco.ee\/et\/toode\/chill-x\/#breadcrumb\",\"itemListElement\":[{\"@type\":\"ListItem\",\"position\":1,\"name\":\"Home\",\"item\":\"https:\/\/falco.ee\/et\/\"},{\"@type\":\"ListItem\",\"position\":2,\"name\":\"Shop\",\"item\":\"https:\/\/falco.ee\/shop\/\"},{\"@type\":\"ListItem\",\"position\":3,\"name\":\"Chill X\"}]},{\"@type\":\"WebSite\",\"@id\":\"https:\/\/falco.ee\/et\/#website\",\"url\":\"https:\/\/falco.ee\/et\/\",\"name\":\"Falco vibuvarustus\",\"description\":\"\",\"potentialAction\":[{\"@type\":\"SearchAction\",\"target\":{\"@type\":\"EntryPoint\",\"urlTemplate\":\"https:\/\/falco.ee\/et\/?s={search_term_string}\"},\"query-input\":{\"@type\":\"PropertyValueSpecification\",\"valueRequired\":true,\"valueName\":\"search_term_string\"}}],\"inLanguage\":\"et\"}]}<\/script>\n<!-- \/ Yoast SEO plugin. -->","yoast_head_json":{"title":"Chill X - Falco vibuvarustus","robots":{"index":"index","follow":"follow","max-snippet":"max-snippet:-1","max-image-preview":"max-image-preview:large","max-video-preview":"max-video-preview:-1"},"canonical":"https:\/\/falco.ee\/et\/toode\/chill-x\/","og_locale":"et_EE","og_type":"article","og_title":"Chill X - Falco vibuvarustus","og_description":"IBO rating:up to 336 fps (w\/75% let-off)  Axle-to-axle:35\"  Draw weight:70#  Draw length:25-31\"  Letoff:75% &amp; 85%","og_url":"https:\/\/falco.ee\/et\/toode\/chill-x\/","og_site_name":"Falco vibuvarustus","article_modified_time":"2023-08-31T11:02:48+00:00","og_image":[{"width":544,"height":1200,"url":"https:\/\/falco.ee\/wp-content\/uploads\/2023\/08\/1_1151.png","type":"image\/png"}],"twitter_card":"summary_large_image","twitter_misc":{"Est. reading time":"1 minut"},"schema":{"@context":"https:\/\/schema.org","@graph":[{"@type":"WebPage","@id":"https:\/\/falco.ee\/et\/toode\/chill-x\/","url":"https:\/\/falco.ee\/et\/toode\/chill-x\/","name":"Chill X - Falco vibuvarustus","isPartOf":{"@id":"https:\/\/falco.ee\/et\/#website"},"primaryImageOfPage":{"@id":"https:\/\/falco.ee\/et\/toode\/chill-x\/#primaryimage"},"image":{"@id":"https:\/\/falco.ee\/et\/toode\/chill-x\/#primaryimage"},"thumbnailUrl":"https:\/\/falco.ee\/wp-content\/uploads\/2023\/08\/1_1151.png","datePublished":"2023-08-17T07:57:55+00:00","dateModified":"2023-08-31T11:02:48+00:00","breadcrumb":{"@id":"https:\/\/falco.ee\/et\/toode\/chill-x\/#breadcrumb"},"inLanguage":"et","potentialAction":[{"@type":"ReadAction","target":["https:\/\/falco.ee\/et\/toode\/chill-x\/"]}]},{"@type":"ImageObject","inLanguage":"et","@id":"https:\/\/falco.ee\/et\/toode\/chill-x\/#primaryimage","url":"https:\/\/falco.ee\/wp-content\/uploads\/2023\/08\/1_1151.png","contentUrl":"https:\/\/falco.ee\/wp-content\/uploads\/2023\/08\/1_1151.png","width":544,"height":1200},{"@type":"BreadcrumbList","@id":"https:\/\/falco.ee\/et\/toode\/chill-x\/#breadcrumb","itemListElement":[{"@type":"ListItem","position":1,"name":"Home","item":"https:\/\/falco.ee\/et\/"},{"@type":"ListItem","position":2,"name":"Shop","item":"https:\/\/falco.ee\/shop\/"},{"@type":"ListItem","position":3,"name":"Chill X"}]},{"@type":"WebSite","@id":"https:\/\/falco.ee\/et\/#website","url":"https:\/\/falco.ee\/et\/","name":"Falco vibuvarustus","description":"","potentialAction":[{"@type":"SearchAction","target":{"@type":"EntryPoint","urlTemplate":"https:\/\/falco.ee\/et\/?s={search_term_string}"},"query-input":{"@type":"PropertyValueSpecification","valueRequired":true,"valueName":"search_term_string"}}],"inLanguage":"et"}]}},"_links":{"self":[{"href":"https:\/\/falco.ee\/et\/wp-json\/wp\/v2\/product\/4037","targetHints":{"allow":["GET"]}}],"collection":[{"href":"https:\/\/falco.ee\/et\/wp-json\/wp\/v2\/product"}],"about":[{"href":"https:\/\/falco.ee\/et\/wp-json\/wp\/v2\/types\/product"}],"replies":[{"embeddable":true,"href":"https:\/\/falco.ee\/et\/wp-json\/wp\/v2\/comments?post=4037"}],"wp:featuredmedia":[{"embeddable":true,"href":"https:\/\/falco.ee\/et\/wp-json\/wp\/v2\/media\/3170"}],"wp:attachment":[{"href":"https:\/\/falco.ee\/et\/wp-json\/wp\/v2\/media?parent=4037"}],"wp:term":[{"taxonomy":"product_brand","embeddable":true,"href":"https:\/\/falco.ee\/et\/wp-json\/wp\/v2\/product_brand?post=4037"},{"taxonomy":"product_cat","embeddable":true,"href":"https:\/\/falco.ee\/et\/wp-json\/wp\/v2\/product_cat?post=4037"},{"taxonomy":"product_tag","embeddable":true,"href":"https:\/\/falco.ee\/et\/wp-json\/wp\/v2\/product_tag?post=4037"}],"curies":[{"name":"wp","href":"https:\/\/api.w.org\/{rel}","templated":true}]}}