{"id":4036,"date":"2023-08-17T10:59:40","date_gmt":"2023-08-17T07:59:40","guid":{"rendered":"https:\/\/falco.sdhost.eu\/product\/chill-sdx\/"},"modified":"2023-08-31T14:01:01","modified_gmt":"2023-08-31T11:01:01","slug":"chill-sdx","status":"publish","type":"product","link":"https:\/\/falco.ee\/et\/toode\/chill-sdx\/","title":{"rendered":"Chill SDX"},"content":{"rendered":"<p>Chill SDX on spetsiaalselt naistele disainitud kahenukiline jahisuunitlusega plokkvibu. \u00dchtviisi supersujuva t\u00f5mbega ja v\u00e4ga suure noolekiirusega (kuni 330 fps), on tegemist naistele suunatud vibudest hetkel ilmselt turu parima pakkumisega.<\/p>\n<p><strong>TOODE ON FALCOS LAOS<\/strong><\/p>\n<p><strong>Originaalhind: 995,-\u20ac<\/strong><\/p>\n<p><strong>L\u00f5pum\u00fc\u00fcgihind: 649,-\u20ac<\/strong><\/p>\n","protected":false},"excerpt":{"rendered":"<ul>\n<li>IBO rating:up to 330 fps<\/li>\n<li>Axle-to-axle:30.5&#8243;<\/li>\n<li>Draw weight:40, 50, and 60 lbs<\/li>\n<li>Draw length:22&#8243; &#8211; 29&#8243;<\/li>\n<li>Letoff:80%<\/li>\n<\/ul>\n","protected":false},"featured_media":3171,"comment_status":"closed","ping_status":"closed","template":"","meta":[],"product_brand":[],"product_cat":[288],"product_tag":[],"class_list":{"0":"post-4036","1":"product","2":"type-product","3":"status-publish","4":"has-post-thumbnail","6":"product_cat-mathews-et","8":"first","9":"instock","10":"sale","11":"shipping-taxable","12":"purchasable","13":"product-type-simple"},"acf":[],"yoast_head":"<!-- This site is optimized with the Yoast SEO plugin v27.2 - https:\/\/yoast.com\/product\/yoast-seo-wordpress\/ -->\n<title>Chill SDX - Falco vibuvarustus<\/title>\n<meta name=\"robots\" content=\"index, follow, max-snippet:-1, max-image-preview:large, max-video-preview:-1\" \/>\n<link rel=\"canonical\" href=\"https:\/\/falco.ee\/et\/toode\/chill-sdx\/\" \/>\n<meta property=\"og:locale\" content=\"et_EE\" \/>\n<meta property=\"og:type\" content=\"article\" \/>\n<meta property=\"og:title\" content=\"Chill SDX - Falco vibuvarustus\" \/>\n<meta property=\"og:description\" content=\"IBO rating:up to 330 fps  Axle-to-axle:30.5&quot;  Draw weight:40, 50, and 60 lbs  Draw length:22&quot; - 29&quot;  Letoff:80%\" \/>\n<meta property=\"og:url\" content=\"https:\/\/falco.ee\/et\/toode\/chill-sdx\/\" \/>\n<meta property=\"og:site_name\" content=\"Falco vibuvarustus\" \/>\n<meta property=\"article:modified_time\" content=\"2023-08-31T11:01:01+00:00\" \/>\n<meta property=\"og:image\" content=\"https:\/\/falco.ee\/wp-content\/uploads\/2023\/08\/2_431.png\" \/>\n\t<meta property=\"og:image:width\" content=\"1078\" \/>\n\t<meta property=\"og:image:height\" content=\"2380\" \/>\n\t<meta property=\"og:image:type\" content=\"image\/png\" \/>\n<meta name=\"twitter:card\" content=\"summary_large_image\" \/>\n<meta name=\"twitter:label1\" content=\"Est. reading time\" \/>\n\t<meta name=\"twitter:data1\" content=\"1 minut\" \/>\n<script type=\"application\/ld+json\" class=\"yoast-schema-graph\">{\"@context\":\"https:\/\/schema.org\",\"@graph\":[{\"@type\":\"WebPage\",\"@id\":\"https:\/\/falco.ee\/et\/toode\/chill-sdx\/\",\"url\":\"https:\/\/falco.ee\/et\/toode\/chill-sdx\/\",\"name\":\"Chill SDX - Falco vibuvarustus\",\"isPartOf\":{\"@id\":\"https:\/\/falco.ee\/et\/#website\"},\"primaryImageOfPage\":{\"@id\":\"https:\/\/falco.ee\/et\/toode\/chill-sdx\/#primaryimage\"},\"image\":{\"@id\":\"https:\/\/falco.ee\/et\/toode\/chill-sdx\/#primaryimage\"},\"thumbnailUrl\":\"https:\/\/falco.ee\/wp-content\/uploads\/2023\/08\/2_431.png\",\"datePublished\":\"2023-08-17T07:59:40+00:00\",\"dateModified\":\"2023-08-31T11:01:01+00:00\",\"breadcrumb\":{\"@id\":\"https:\/\/falco.ee\/et\/toode\/chill-sdx\/#breadcrumb\"},\"inLanguage\":\"et\",\"potentialAction\":[{\"@type\":\"ReadAction\",\"target\":[\"https:\/\/falco.ee\/et\/toode\/chill-sdx\/\"]}]},{\"@type\":\"ImageObject\",\"inLanguage\":\"et\",\"@id\":\"https:\/\/falco.ee\/et\/toode\/chill-sdx\/#primaryimage\",\"url\":\"https:\/\/falco.ee\/wp-content\/uploads\/2023\/08\/2_431.png\",\"contentUrl\":\"https:\/\/falco.ee\/wp-content\/uploads\/2023\/08\/2_431.png\",\"width\":1078,\"height\":2380},{\"@type\":\"BreadcrumbList\",\"@id\":\"https:\/\/falco.ee\/et\/toode\/chill-sdx\/#breadcrumb\",\"itemListElement\":[{\"@type\":\"ListItem\",\"position\":1,\"name\":\"Home\",\"item\":\"https:\/\/falco.ee\/et\/\"},{\"@type\":\"ListItem\",\"position\":2,\"name\":\"Shop\",\"item\":\"https:\/\/falco.ee\/shop\/\"},{\"@type\":\"ListItem\",\"position\":3,\"name\":\"Chill SDX\"}]},{\"@type\":\"WebSite\",\"@id\":\"https:\/\/falco.ee\/et\/#website\",\"url\":\"https:\/\/falco.ee\/et\/\",\"name\":\"Falco vibuvarustus\",\"description\":\"\",\"potentialAction\":[{\"@type\":\"SearchAction\",\"target\":{\"@type\":\"EntryPoint\",\"urlTemplate\":\"https:\/\/falco.ee\/et\/?s={search_term_string}\"},\"query-input\":{\"@type\":\"PropertyValueSpecification\",\"valueRequired\":true,\"valueName\":\"search_term_string\"}}],\"inLanguage\":\"et\"}]}<\/script>\n<!-- \/ Yoast SEO plugin. -->","yoast_head_json":{"title":"Chill SDX - Falco vibuvarustus","robots":{"index":"index","follow":"follow","max-snippet":"max-snippet:-1","max-image-preview":"max-image-preview:large","max-video-preview":"max-video-preview:-1"},"canonical":"https:\/\/falco.ee\/et\/toode\/chill-sdx\/","og_locale":"et_EE","og_type":"article","og_title":"Chill SDX - Falco vibuvarustus","og_description":"IBO rating:up to 330 fps  Axle-to-axle:30.5\"  Draw weight:40, 50, and 60 lbs  Draw length:22\" - 29\"  Letoff:80%","og_url":"https:\/\/falco.ee\/et\/toode\/chill-sdx\/","og_site_name":"Falco vibuvarustus","article_modified_time":"2023-08-31T11:01:01+00:00","og_image":[{"width":1078,"height":2380,"url":"https:\/\/falco.ee\/wp-content\/uploads\/2023\/08\/2_431.png","type":"image\/png"}],"twitter_card":"summary_large_image","twitter_misc":{"Est. reading time":"1 minut"},"schema":{"@context":"https:\/\/schema.org","@graph":[{"@type":"WebPage","@id":"https:\/\/falco.ee\/et\/toode\/chill-sdx\/","url":"https:\/\/falco.ee\/et\/toode\/chill-sdx\/","name":"Chill SDX - Falco vibuvarustus","isPartOf":{"@id":"https:\/\/falco.ee\/et\/#website"},"primaryImageOfPage":{"@id":"https:\/\/falco.ee\/et\/toode\/chill-sdx\/#primaryimage"},"image":{"@id":"https:\/\/falco.ee\/et\/toode\/chill-sdx\/#primaryimage"},"thumbnailUrl":"https:\/\/falco.ee\/wp-content\/uploads\/2023\/08\/2_431.png","datePublished":"2023-08-17T07:59:40+00:00","dateModified":"2023-08-31T11:01:01+00:00","breadcrumb":{"@id":"https:\/\/falco.ee\/et\/toode\/chill-sdx\/#breadcrumb"},"inLanguage":"et","potentialAction":[{"@type":"ReadAction","target":["https:\/\/falco.ee\/et\/toode\/chill-sdx\/"]}]},{"@type":"ImageObject","inLanguage":"et","@id":"https:\/\/falco.ee\/et\/toode\/chill-sdx\/#primaryimage","url":"https:\/\/falco.ee\/wp-content\/uploads\/2023\/08\/2_431.png","contentUrl":"https:\/\/falco.ee\/wp-content\/uploads\/2023\/08\/2_431.png","width":1078,"height":2380},{"@type":"BreadcrumbList","@id":"https:\/\/falco.ee\/et\/toode\/chill-sdx\/#breadcrumb","itemListElement":[{"@type":"ListItem","position":1,"name":"Home","item":"https:\/\/falco.ee\/et\/"},{"@type":"ListItem","position":2,"name":"Shop","item":"https:\/\/falco.ee\/shop\/"},{"@type":"ListItem","position":3,"name":"Chill SDX"}]},{"@type":"WebSite","@id":"https:\/\/falco.ee\/et\/#website","url":"https:\/\/falco.ee\/et\/","name":"Falco vibuvarustus","description":"","potentialAction":[{"@type":"SearchAction","target":{"@type":"EntryPoint","urlTemplate":"https:\/\/falco.ee\/et\/?s={search_term_string}"},"query-input":{"@type":"PropertyValueSpecification","valueRequired":true,"valueName":"search_term_string"}}],"inLanguage":"et"}]}},"_links":{"self":[{"href":"https:\/\/falco.ee\/et\/wp-json\/wp\/v2\/product\/4036","targetHints":{"allow":["GET"]}}],"collection":[{"href":"https:\/\/falco.ee\/et\/wp-json\/wp\/v2\/product"}],"about":[{"href":"https:\/\/falco.ee\/et\/wp-json\/wp\/v2\/types\/product"}],"replies":[{"embeddable":true,"href":"https:\/\/falco.ee\/et\/wp-json\/wp\/v2\/comments?post=4036"}],"wp:featuredmedia":[{"embeddable":true,"href":"https:\/\/falco.ee\/et\/wp-json\/wp\/v2\/media\/3171"}],"wp:attachment":[{"href":"https:\/\/falco.ee\/et\/wp-json\/wp\/v2\/media?parent=4036"}],"wp:term":[{"taxonomy":"product_brand","embeddable":true,"href":"https:\/\/falco.ee\/et\/wp-json\/wp\/v2\/product_brand?post=4036"},{"taxonomy":"product_cat","embeddable":true,"href":"https:\/\/falco.ee\/et\/wp-json\/wp\/v2\/product_cat?post=4036"},{"taxonomy":"product_tag","embeddable":true,"href":"https:\/\/falco.ee\/et\/wp-json\/wp\/v2\/product_tag?post=4036"}],"curies":[{"name":"wp","href":"https:\/\/api.w.org\/{rel}","templated":true}]}}