{"id":4033,"date":"2023-08-17T11:05:42","date_gmt":"2023-08-17T08:05:42","guid":{"rendered":"https:\/\/falco.sdhost.eu\/product\/z7-magnum\/"},"modified":"2023-08-31T13:58:07","modified_gmt":"2023-08-31T10:58:07","slug":"z7-magnum","status":"publish","type":"product","link":"https:\/\/falco.ee\/et\/toode\/z7-magnum\/","title":{"rendered":"Z7 Magnum"},"content":{"rendered":"<p><strong>Suunitlus:\u00a0<\/strong>jahivibu<\/p>\n<p><strong>Kirjeldus:\u00a0<\/strong>Z7 Magnum on ehitatud eriti kiireks vibuks. 80% let-offi juures suudab Z7 Magnum arendada noole kiirust kuni 340 jalga sekundis ning seda k\u00f5ike eksimuste suhtes andestava loomuga 6 3\/8 tollise n\u00f6\u00f6rikauguse juures. Kui otsite kombinatsiooni kiirusest ja k\u00f5igist \u00fche cam-iga vibu eelistest, on Z7 Magnum kindlasti teile meelep\u00e4rane laskeriist.<\/p>\n<div>\n<p><strong>Disain:\u00a0<\/strong>camo v\u00f5i must<\/p>\n<\/div>\n","protected":false},"excerpt":{"rendered":"<ul>\n<li>IBO rating:340 fps<\/li>\n<li>Axle-to-axle:32&#8243;<\/li>\n<li>Draw weight:40, 50, 60, 65, 70 lbs<\/li>\n<li>Draw length:24&#8243; &#8211; 30&#8243;<\/li>\n<li>Letoff:80%<\/li>\n<\/ul>\n","protected":false},"featured_media":3175,"comment_status":"closed","ping_status":"closed","template":"","meta":[],"product_brand":[],"product_cat":[288],"product_tag":[],"class_list":{"0":"post-4033","1":"product","2":"type-product","3":"status-publish","4":"has-post-thumbnail","6":"product_cat-mathews-et","8":"first","9":"instock","10":"shipping-taxable","11":"purchasable","12":"product-type-simple"},"acf":[],"yoast_head":"<!-- This site is optimized with the Yoast SEO plugin v27.2 - https:\/\/yoast.com\/product\/yoast-seo-wordpress\/ -->\n<title>Z7 Magnum - Falco vibuvarustus<\/title>\n<meta name=\"robots\" content=\"index, follow, max-snippet:-1, max-image-preview:large, max-video-preview:-1\" \/>\n<link rel=\"canonical\" href=\"https:\/\/falco.ee\/et\/toode\/z7-magnum\/\" \/>\n<meta property=\"og:locale\" content=\"et_EE\" \/>\n<meta property=\"og:type\" content=\"article\" \/>\n<meta property=\"og:title\" content=\"Z7 Magnum - Falco vibuvarustus\" \/>\n<meta property=\"og:description\" content=\"IBO rating:340 fps  Axle-to-axle:32&quot;  Draw weight:40, 50, 60, 65, 70 lbs  Draw length:24&quot; - 30&quot;  Letoff:80%\" \/>\n<meta property=\"og:url\" content=\"https:\/\/falco.ee\/et\/toode\/z7-magnum\/\" \/>\n<meta property=\"og:site_name\" content=\"Falco vibuvarustus\" \/>\n<meta property=\"article:modified_time\" content=\"2023-08-31T10:58:07+00:00\" \/>\n<meta property=\"og:image\" content=\"https:\/\/falco.ee\/wp-content\/uploads\/2023\/08\/1_4361.jpg\" \/>\n\t<meta property=\"og:image:width\" content=\"396\" \/>\n\t<meta property=\"og:image:height\" content=\"1024\" \/>\n\t<meta property=\"og:image:type\" content=\"image\/jpeg\" \/>\n<meta name=\"twitter:card\" content=\"summary_large_image\" \/>\n<meta name=\"twitter:label1\" content=\"Est. reading time\" \/>\n\t<meta name=\"twitter:data1\" content=\"1 minut\" \/>\n<script type=\"application\/ld+json\" class=\"yoast-schema-graph\">{\"@context\":\"https:\/\/schema.org\",\"@graph\":[{\"@type\":\"WebPage\",\"@id\":\"https:\/\/falco.ee\/et\/toode\/z7-magnum\/\",\"url\":\"https:\/\/falco.ee\/et\/toode\/z7-magnum\/\",\"name\":\"Z7 Magnum - Falco vibuvarustus\",\"isPartOf\":{\"@id\":\"https:\/\/falco.ee\/et\/#website\"},\"primaryImageOfPage\":{\"@id\":\"https:\/\/falco.ee\/et\/toode\/z7-magnum\/#primaryimage\"},\"image\":{\"@id\":\"https:\/\/falco.ee\/et\/toode\/z7-magnum\/#primaryimage\"},\"thumbnailUrl\":\"https:\/\/falco.ee\/wp-content\/uploads\/2023\/08\/1_4361.jpg\",\"datePublished\":\"2023-08-17T08:05:42+00:00\",\"dateModified\":\"2023-08-31T10:58:07+00:00\",\"breadcrumb\":{\"@id\":\"https:\/\/falco.ee\/et\/toode\/z7-magnum\/#breadcrumb\"},\"inLanguage\":\"et\",\"potentialAction\":[{\"@type\":\"ReadAction\",\"target\":[\"https:\/\/falco.ee\/et\/toode\/z7-magnum\/\"]}]},{\"@type\":\"ImageObject\",\"inLanguage\":\"et\",\"@id\":\"https:\/\/falco.ee\/et\/toode\/z7-magnum\/#primaryimage\",\"url\":\"https:\/\/falco.ee\/wp-content\/uploads\/2023\/08\/1_4361.jpg\",\"contentUrl\":\"https:\/\/falco.ee\/wp-content\/uploads\/2023\/08\/1_4361.jpg\",\"width\":396,\"height\":1024},{\"@type\":\"BreadcrumbList\",\"@id\":\"https:\/\/falco.ee\/et\/toode\/z7-magnum\/#breadcrumb\",\"itemListElement\":[{\"@type\":\"ListItem\",\"position\":1,\"name\":\"Home\",\"item\":\"https:\/\/falco.ee\/et\/\"},{\"@type\":\"ListItem\",\"position\":2,\"name\":\"Shop\",\"item\":\"https:\/\/falco.ee\/shop\/\"},{\"@type\":\"ListItem\",\"position\":3,\"name\":\"Z7 Magnum\"}]},{\"@type\":\"WebSite\",\"@id\":\"https:\/\/falco.ee\/et\/#website\",\"url\":\"https:\/\/falco.ee\/et\/\",\"name\":\"Falco vibuvarustus\",\"description\":\"\",\"potentialAction\":[{\"@type\":\"SearchAction\",\"target\":{\"@type\":\"EntryPoint\",\"urlTemplate\":\"https:\/\/falco.ee\/et\/?s={search_term_string}\"},\"query-input\":{\"@type\":\"PropertyValueSpecification\",\"valueRequired\":true,\"valueName\":\"search_term_string\"}}],\"inLanguage\":\"et\"}]}<\/script>\n<!-- \/ Yoast SEO plugin. -->","yoast_head_json":{"title":"Z7 Magnum - Falco vibuvarustus","robots":{"index":"index","follow":"follow","max-snippet":"max-snippet:-1","max-image-preview":"max-image-preview:large","max-video-preview":"max-video-preview:-1"},"canonical":"https:\/\/falco.ee\/et\/toode\/z7-magnum\/","og_locale":"et_EE","og_type":"article","og_title":"Z7 Magnum - Falco vibuvarustus","og_description":"IBO rating:340 fps  Axle-to-axle:32\"  Draw weight:40, 50, 60, 65, 70 lbs  Draw length:24\" - 30\"  Letoff:80%","og_url":"https:\/\/falco.ee\/et\/toode\/z7-magnum\/","og_site_name":"Falco vibuvarustus","article_modified_time":"2023-08-31T10:58:07+00:00","og_image":[{"width":396,"height":1024,"url":"https:\/\/falco.ee\/wp-content\/uploads\/2023\/08\/1_4361.jpg","type":"image\/jpeg"}],"twitter_card":"summary_large_image","twitter_misc":{"Est. reading time":"1 minut"},"schema":{"@context":"https:\/\/schema.org","@graph":[{"@type":"WebPage","@id":"https:\/\/falco.ee\/et\/toode\/z7-magnum\/","url":"https:\/\/falco.ee\/et\/toode\/z7-magnum\/","name":"Z7 Magnum - Falco vibuvarustus","isPartOf":{"@id":"https:\/\/falco.ee\/et\/#website"},"primaryImageOfPage":{"@id":"https:\/\/falco.ee\/et\/toode\/z7-magnum\/#primaryimage"},"image":{"@id":"https:\/\/falco.ee\/et\/toode\/z7-magnum\/#primaryimage"},"thumbnailUrl":"https:\/\/falco.ee\/wp-content\/uploads\/2023\/08\/1_4361.jpg","datePublished":"2023-08-17T08:05:42+00:00","dateModified":"2023-08-31T10:58:07+00:00","breadcrumb":{"@id":"https:\/\/falco.ee\/et\/toode\/z7-magnum\/#breadcrumb"},"inLanguage":"et","potentialAction":[{"@type":"ReadAction","target":["https:\/\/falco.ee\/et\/toode\/z7-magnum\/"]}]},{"@type":"ImageObject","inLanguage":"et","@id":"https:\/\/falco.ee\/et\/toode\/z7-magnum\/#primaryimage","url":"https:\/\/falco.ee\/wp-content\/uploads\/2023\/08\/1_4361.jpg","contentUrl":"https:\/\/falco.ee\/wp-content\/uploads\/2023\/08\/1_4361.jpg","width":396,"height":1024},{"@type":"BreadcrumbList","@id":"https:\/\/falco.ee\/et\/toode\/z7-magnum\/#breadcrumb","itemListElement":[{"@type":"ListItem","position":1,"name":"Home","item":"https:\/\/falco.ee\/et\/"},{"@type":"ListItem","position":2,"name":"Shop","item":"https:\/\/falco.ee\/shop\/"},{"@type":"ListItem","position":3,"name":"Z7 Magnum"}]},{"@type":"WebSite","@id":"https:\/\/falco.ee\/et\/#website","url":"https:\/\/falco.ee\/et\/","name":"Falco vibuvarustus","description":"","potentialAction":[{"@type":"SearchAction","target":{"@type":"EntryPoint","urlTemplate":"https:\/\/falco.ee\/et\/?s={search_term_string}"},"query-input":{"@type":"PropertyValueSpecification","valueRequired":true,"valueName":"search_term_string"}}],"inLanguage":"et"}]}},"_links":{"self":[{"href":"https:\/\/falco.ee\/et\/wp-json\/wp\/v2\/product\/4033","targetHints":{"allow":["GET"]}}],"collection":[{"href":"https:\/\/falco.ee\/et\/wp-json\/wp\/v2\/product"}],"about":[{"href":"https:\/\/falco.ee\/et\/wp-json\/wp\/v2\/types\/product"}],"replies":[{"embeddable":true,"href":"https:\/\/falco.ee\/et\/wp-json\/wp\/v2\/comments?post=4033"}],"wp:featuredmedia":[{"embeddable":true,"href":"https:\/\/falco.ee\/et\/wp-json\/wp\/v2\/media\/3175"}],"wp:attachment":[{"href":"https:\/\/falco.ee\/et\/wp-json\/wp\/v2\/media?parent=4033"}],"wp:term":[{"taxonomy":"product_brand","embeddable":true,"href":"https:\/\/falco.ee\/et\/wp-json\/wp\/v2\/product_brand?post=4033"},{"taxonomy":"product_cat","embeddable":true,"href":"https:\/\/falco.ee\/et\/wp-json\/wp\/v2\/product_cat?post=4033"},{"taxonomy":"product_tag","embeddable":true,"href":"https:\/\/falco.ee\/et\/wp-json\/wp\/v2\/product_tag?post=4033"}],"curies":[{"name":"wp","href":"https:\/\/api.w.org\/{rel}","templated":true}]}}