{"id":4030,"date":"2023-08-17T11:16:53","date_gmt":"2023-08-17T08:16:53","guid":{"rendered":"https:\/\/falco.sdhost.eu\/product\/genesis\/"},"modified":"2023-08-31T14:19:43","modified_gmt":"2023-08-31T11:19:43","slug":"genesis","status":"publish","type":"product","link":"https:\/\/falco.ee\/et\/toode\/genesis\/","title":{"rendered":"Genesis"},"content":{"rendered":"<p><strong>Suunitlus:<\/strong>\u00a0algajate vibu<\/p>\n<p><strong>Kirjeldus:\u00a0<\/strong>Genesis on unikaalne s\u00fcsteemiga plokkvibu, millel puudub let-off, mis t\u00f5ttu saab selle vibuga lasta v\u00e4ga erinevate t\u00f5mbepikkuste juures ilma igasuguse seadistuseta.<strong>\u00a0<\/strong>Vibu sobib k\u00f5igile laskuritele ka t\u00f5mbetugevuse t\u00f5ttu (10 &#8211; 20 naela) samal ajal kui\u00a0energia, millega nool teele lastakse, on aga v\u00f5rdne 35-naelase rekurvi omaga. Null let-offi t\u00f5ttu on vibu ise\u00e4ranis h\u00f5lbus lasta. USAs kasutatakse Genesist\u00a0kui peamist laskeriista\u00a0k\u00fcmnete koolide vibulaskmistundides.<\/p>\n<p>Saadaval ka komplektina, kuhu kuulub:<\/p>\n<ul>\n<li>Genesis vibu<\/li>\n<li>5 alumiiniumnoolt<\/li>\n<li>V\u00f6\u00f6 nooletupp<\/li>\n<li>K\u00e4ekaitse<\/li>\n<li>Kaks m\u00e4rklehte<\/li>\n<li>Manuaal<\/li>\n<\/ul>\n<div><strong>Disain:<\/strong>\u00a0sinine, laim, kollane, oran\u017e, roosa, camo, punane, tumeroosa, must<\/div>\n","protected":false},"excerpt":{"rendered":"<ul>\n<li>Axle-to-axle:35,5&#8243;<\/li>\n<li>Draw weight:10 &#8211; 20 lbs<\/li>\n<li>Draw length:up to 30&#8243;<\/li>\n<li>Letoff:0%<\/li>\n<\/ul>\n","protected":false},"featured_media":3179,"comment_status":"closed","ping_status":"closed","template":"","meta":[],"product_brand":[],"product_cat":[288],"product_tag":[],"class_list":{"0":"post-4030","1":"product","2":"type-product","3":"status-publish","4":"has-post-thumbnail","6":"product_cat-mathews-et","8":"first","9":"instock","10":"shipping-taxable","11":"purchasable","12":"product-type-simple"},"acf":[],"yoast_head":"<!-- This site is optimized with the Yoast SEO plugin v27.2 - https:\/\/yoast.com\/product\/yoast-seo-wordpress\/ -->\n<title>Genesis - Falco vibuvarustus<\/title>\n<meta name=\"robots\" content=\"index, follow, max-snippet:-1, max-image-preview:large, max-video-preview:-1\" \/>\n<link rel=\"canonical\" href=\"https:\/\/falco.ee\/et\/toode\/genesis\/\" \/>\n<meta property=\"og:locale\" content=\"et_EE\" \/>\n<meta property=\"og:type\" content=\"article\" \/>\n<meta property=\"og:title\" content=\"Genesis - Falco vibuvarustus\" \/>\n<meta property=\"og:description\" content=\"Axle-to-axle:35,5&quot;  Draw weight:10 - 20 lbs  Draw length:up to 30&quot;  Letoff:0%\" \/>\n<meta property=\"og:url\" content=\"https:\/\/falco.ee\/et\/toode\/genesis\/\" \/>\n<meta property=\"og:site_name\" content=\"Falco vibuvarustus\" \/>\n<meta property=\"article:modified_time\" content=\"2023-08-31T11:19:43+00:00\" \/>\n<meta property=\"og:image\" content=\"https:\/\/falco.ee\/wp-content\/uploads\/2023\/08\/1_81.png\" \/>\n\t<meta property=\"og:image:width\" content=\"341\" \/>\n\t<meta property=\"og:image:height\" content=\"615\" \/>\n\t<meta property=\"og:image:type\" content=\"image\/png\" \/>\n<meta name=\"twitter:card\" content=\"summary_large_image\" \/>\n<meta name=\"twitter:label1\" content=\"Est. reading time\" \/>\n\t<meta name=\"twitter:data1\" content=\"1 minut\" \/>\n<script type=\"application\/ld+json\" class=\"yoast-schema-graph\">{\"@context\":\"https:\/\/schema.org\",\"@graph\":[{\"@type\":\"WebPage\",\"@id\":\"https:\/\/falco.ee\/et\/toode\/genesis\/\",\"url\":\"https:\/\/falco.ee\/et\/toode\/genesis\/\",\"name\":\"Genesis - Falco vibuvarustus\",\"isPartOf\":{\"@id\":\"https:\/\/falco.ee\/et\/#website\"},\"primaryImageOfPage\":{\"@id\":\"https:\/\/falco.ee\/et\/toode\/genesis\/#primaryimage\"},\"image\":{\"@id\":\"https:\/\/falco.ee\/et\/toode\/genesis\/#primaryimage\"},\"thumbnailUrl\":\"https:\/\/falco.ee\/wp-content\/uploads\/2023\/08\/1_81.png\",\"datePublished\":\"2023-08-17T08:16:53+00:00\",\"dateModified\":\"2023-08-31T11:19:43+00:00\",\"breadcrumb\":{\"@id\":\"https:\/\/falco.ee\/et\/toode\/genesis\/#breadcrumb\"},\"inLanguage\":\"et\",\"potentialAction\":[{\"@type\":\"ReadAction\",\"target\":[\"https:\/\/falco.ee\/et\/toode\/genesis\/\"]}]},{\"@type\":\"ImageObject\",\"inLanguage\":\"et\",\"@id\":\"https:\/\/falco.ee\/et\/toode\/genesis\/#primaryimage\",\"url\":\"https:\/\/falco.ee\/wp-content\/uploads\/2023\/08\/1_81.png\",\"contentUrl\":\"https:\/\/falco.ee\/wp-content\/uploads\/2023\/08\/1_81.png\",\"width\":341,\"height\":615},{\"@type\":\"BreadcrumbList\",\"@id\":\"https:\/\/falco.ee\/et\/toode\/genesis\/#breadcrumb\",\"itemListElement\":[{\"@type\":\"ListItem\",\"position\":1,\"name\":\"Home\",\"item\":\"https:\/\/falco.ee\/et\/\"},{\"@type\":\"ListItem\",\"position\":2,\"name\":\"Shop\",\"item\":\"https:\/\/falco.ee\/shop\/\"},{\"@type\":\"ListItem\",\"position\":3,\"name\":\"Genesis\"}]},{\"@type\":\"WebSite\",\"@id\":\"https:\/\/falco.ee\/et\/#website\",\"url\":\"https:\/\/falco.ee\/et\/\",\"name\":\"Falco vibuvarustus\",\"description\":\"\",\"potentialAction\":[{\"@type\":\"SearchAction\",\"target\":{\"@type\":\"EntryPoint\",\"urlTemplate\":\"https:\/\/falco.ee\/et\/?s={search_term_string}\"},\"query-input\":{\"@type\":\"PropertyValueSpecification\",\"valueRequired\":true,\"valueName\":\"search_term_string\"}}],\"inLanguage\":\"et\"}]}<\/script>\n<!-- \/ Yoast SEO plugin. -->","yoast_head_json":{"title":"Genesis - Falco vibuvarustus","robots":{"index":"index","follow":"follow","max-snippet":"max-snippet:-1","max-image-preview":"max-image-preview:large","max-video-preview":"max-video-preview:-1"},"canonical":"https:\/\/falco.ee\/et\/toode\/genesis\/","og_locale":"et_EE","og_type":"article","og_title":"Genesis - Falco vibuvarustus","og_description":"Axle-to-axle:35,5\"  Draw weight:10 - 20 lbs  Draw length:up to 30\"  Letoff:0%","og_url":"https:\/\/falco.ee\/et\/toode\/genesis\/","og_site_name":"Falco vibuvarustus","article_modified_time":"2023-08-31T11:19:43+00:00","og_image":[{"width":341,"height":615,"url":"https:\/\/falco.ee\/wp-content\/uploads\/2023\/08\/1_81.png","type":"image\/png"}],"twitter_card":"summary_large_image","twitter_misc":{"Est. reading time":"1 minut"},"schema":{"@context":"https:\/\/schema.org","@graph":[{"@type":"WebPage","@id":"https:\/\/falco.ee\/et\/toode\/genesis\/","url":"https:\/\/falco.ee\/et\/toode\/genesis\/","name":"Genesis - Falco vibuvarustus","isPartOf":{"@id":"https:\/\/falco.ee\/et\/#website"},"primaryImageOfPage":{"@id":"https:\/\/falco.ee\/et\/toode\/genesis\/#primaryimage"},"image":{"@id":"https:\/\/falco.ee\/et\/toode\/genesis\/#primaryimage"},"thumbnailUrl":"https:\/\/falco.ee\/wp-content\/uploads\/2023\/08\/1_81.png","datePublished":"2023-08-17T08:16:53+00:00","dateModified":"2023-08-31T11:19:43+00:00","breadcrumb":{"@id":"https:\/\/falco.ee\/et\/toode\/genesis\/#breadcrumb"},"inLanguage":"et","potentialAction":[{"@type":"ReadAction","target":["https:\/\/falco.ee\/et\/toode\/genesis\/"]}]},{"@type":"ImageObject","inLanguage":"et","@id":"https:\/\/falco.ee\/et\/toode\/genesis\/#primaryimage","url":"https:\/\/falco.ee\/wp-content\/uploads\/2023\/08\/1_81.png","contentUrl":"https:\/\/falco.ee\/wp-content\/uploads\/2023\/08\/1_81.png","width":341,"height":615},{"@type":"BreadcrumbList","@id":"https:\/\/falco.ee\/et\/toode\/genesis\/#breadcrumb","itemListElement":[{"@type":"ListItem","position":1,"name":"Home","item":"https:\/\/falco.ee\/et\/"},{"@type":"ListItem","position":2,"name":"Shop","item":"https:\/\/falco.ee\/shop\/"},{"@type":"ListItem","position":3,"name":"Genesis"}]},{"@type":"WebSite","@id":"https:\/\/falco.ee\/et\/#website","url":"https:\/\/falco.ee\/et\/","name":"Falco vibuvarustus","description":"","potentialAction":[{"@type":"SearchAction","target":{"@type":"EntryPoint","urlTemplate":"https:\/\/falco.ee\/et\/?s={search_term_string}"},"query-input":{"@type":"PropertyValueSpecification","valueRequired":true,"valueName":"search_term_string"}}],"inLanguage":"et"}]}},"_links":{"self":[{"href":"https:\/\/falco.ee\/et\/wp-json\/wp\/v2\/product\/4030","targetHints":{"allow":["GET"]}}],"collection":[{"href":"https:\/\/falco.ee\/et\/wp-json\/wp\/v2\/product"}],"about":[{"href":"https:\/\/falco.ee\/et\/wp-json\/wp\/v2\/types\/product"}],"replies":[{"embeddable":true,"href":"https:\/\/falco.ee\/et\/wp-json\/wp\/v2\/comments?post=4030"}],"wp:featuredmedia":[{"embeddable":true,"href":"https:\/\/falco.ee\/et\/wp-json\/wp\/v2\/media\/3179"}],"wp:attachment":[{"href":"https:\/\/falco.ee\/et\/wp-json\/wp\/v2\/media?parent=4030"}],"wp:term":[{"taxonomy":"product_brand","embeddable":true,"href":"https:\/\/falco.ee\/et\/wp-json\/wp\/v2\/product_brand?post=4030"},{"taxonomy":"product_cat","embeddable":true,"href":"https:\/\/falco.ee\/et\/wp-json\/wp\/v2\/product_cat?post=4030"},{"taxonomy":"product_tag","embeddable":true,"href":"https:\/\/falco.ee\/et\/wp-json\/wp\/v2\/product_tag?post=4030"}],"curies":[{"name":"wp","href":"https:\/\/api.w.org\/{rel}","templated":true}]}}