{"id":4026,"date":"2023-08-17T11:29:26","date_gmt":"2023-08-17T08:29:26","guid":{"rendered":"https:\/\/falco.sdhost.eu\/product\/flare\/"},"modified":"2023-08-31T14:25:51","modified_gmt":"2023-08-31T11:25:51","slug":"flare","status":"publish","type":"product","link":"https:\/\/falco.ee\/et\/toode\/flare\/","title":{"rendered":"Flare"},"content":{"rendered":"<p>L\u00f5puks ometi on Mission disaininud spetsiaalselt naisterahvastele suunatud vibumudeli. Flare on \u00fchtviisi kerge kaasas kanda, sujuv ja mugav lasta ning lihtne reguleerida. Samal ajal ei j\u00e4\u00e4 vajaka aga kiirusest ja t\u00e4psusest. Tegemist on ideaalse daamide laskeriistaga, millega passib minna nii jahile kui v\u00f5istlustele. Falcos on vibu saadaval eksklusiivse s\u00e4delev-roosa v\u00e4rviga!<\/p>\n<p>&nbsp;<\/p>\n<p><strong>Saadavus: LAOS !<\/strong><\/p>\n<p><strong>Hind:<\/strong><\/p>\n<p><strong>425,- \u20ac (Lost Camo or Must)<\/strong><\/p>\n<p><strong>350,- \u20ac (Pink Sparkle)<\/strong><\/p>\n","protected":false},"excerpt":{"rendered":"<ul>\n<li>IBO rating:up to 315 fps<\/li>\n<li>Axle-to-axle:30.25&#8243;<\/li>\n<li>Draw weight:30-60 #<\/li>\n<li>Draw length:23&#8243; &#8211; 30&#8243;<\/li>\n<li>Letoff:80%<\/li>\n<\/ul>\n","protected":false},"featured_media":3205,"comment_status":"closed","ping_status":"closed","template":"","meta":[],"product_brand":[],"product_cat":[289],"product_tag":[],"class_list":{"0":"post-4026","1":"product","2":"type-product","3":"status-publish","4":"has-post-thumbnail","6":"product_cat-mission-et","8":"first","9":"instock","10":"sale","11":"shipping-taxable","12":"purchasable","13":"product-type-simple"},"acf":[],"yoast_head":"<!-- This site is optimized with the Yoast SEO plugin v27.2 - https:\/\/yoast.com\/product\/yoast-seo-wordpress\/ -->\n<title>Flare - Falco vibuvarustus<\/title>\n<meta name=\"robots\" content=\"index, follow, max-snippet:-1, max-image-preview:large, max-video-preview:-1\" \/>\n<link rel=\"canonical\" href=\"https:\/\/falco.ee\/et\/toode\/flare\/\" \/>\n<meta property=\"og:locale\" content=\"et_EE\" \/>\n<meta property=\"og:type\" content=\"article\" \/>\n<meta property=\"og:title\" content=\"Flare - Falco vibuvarustus\" \/>\n<meta property=\"og:description\" content=\"IBO rating:up to 315 fps  Axle-to-axle:30.25&quot;  Draw weight:30-60 #  Draw length:23&quot; - 30&quot;  Letoff:80%\" \/>\n<meta property=\"og:url\" content=\"https:\/\/falco.ee\/et\/toode\/flare\/\" \/>\n<meta property=\"og:site_name\" content=\"Falco vibuvarustus\" \/>\n<meta property=\"article:modified_time\" content=\"2023-08-31T11:25:51+00:00\" \/>\n<meta property=\"og:image\" content=\"https:\/\/falco.ee\/wp-content\/uploads\/2023\/08\/1_4941.jpg\" \/>\n\t<meta property=\"og:image:width\" content=\"406\" \/>\n\t<meta property=\"og:image:height\" content=\"918\" \/>\n\t<meta property=\"og:image:type\" content=\"image\/jpeg\" \/>\n<meta name=\"twitter:card\" content=\"summary_large_image\" \/>\n<meta name=\"twitter:label1\" content=\"Est. reading time\" \/>\n\t<meta name=\"twitter:data1\" content=\"1 minut\" \/>\n<script type=\"application\/ld+json\" class=\"yoast-schema-graph\">{\"@context\":\"https:\/\/schema.org\",\"@graph\":[{\"@type\":\"WebPage\",\"@id\":\"https:\/\/falco.ee\/et\/toode\/flare\/\",\"url\":\"https:\/\/falco.ee\/et\/toode\/flare\/\",\"name\":\"Flare - Falco vibuvarustus\",\"isPartOf\":{\"@id\":\"https:\/\/falco.ee\/et\/#website\"},\"primaryImageOfPage\":{\"@id\":\"https:\/\/falco.ee\/et\/toode\/flare\/#primaryimage\"},\"image\":{\"@id\":\"https:\/\/falco.ee\/et\/toode\/flare\/#primaryimage\"},\"thumbnailUrl\":\"https:\/\/falco.ee\/wp-content\/uploads\/2023\/08\/1_4941.jpg\",\"datePublished\":\"2023-08-17T08:29:26+00:00\",\"dateModified\":\"2023-08-31T11:25:51+00:00\",\"breadcrumb\":{\"@id\":\"https:\/\/falco.ee\/et\/toode\/flare\/#breadcrumb\"},\"inLanguage\":\"et\",\"potentialAction\":[{\"@type\":\"ReadAction\",\"target\":[\"https:\/\/falco.ee\/et\/toode\/flare\/\"]}]},{\"@type\":\"ImageObject\",\"inLanguage\":\"et\",\"@id\":\"https:\/\/falco.ee\/et\/toode\/flare\/#primaryimage\",\"url\":\"https:\/\/falco.ee\/wp-content\/uploads\/2023\/08\/1_4941.jpg\",\"contentUrl\":\"https:\/\/falco.ee\/wp-content\/uploads\/2023\/08\/1_4941.jpg\",\"width\":406,\"height\":918},{\"@type\":\"BreadcrumbList\",\"@id\":\"https:\/\/falco.ee\/et\/toode\/flare\/#breadcrumb\",\"itemListElement\":[{\"@type\":\"ListItem\",\"position\":1,\"name\":\"Home\",\"item\":\"https:\/\/falco.ee\/et\/\"},{\"@type\":\"ListItem\",\"position\":2,\"name\":\"Shop\",\"item\":\"https:\/\/falco.ee\/shop\/\"},{\"@type\":\"ListItem\",\"position\":3,\"name\":\"Flare\"}]},{\"@type\":\"WebSite\",\"@id\":\"https:\/\/falco.ee\/et\/#website\",\"url\":\"https:\/\/falco.ee\/et\/\",\"name\":\"Falco vibuvarustus\",\"description\":\"\",\"potentialAction\":[{\"@type\":\"SearchAction\",\"target\":{\"@type\":\"EntryPoint\",\"urlTemplate\":\"https:\/\/falco.ee\/et\/?s={search_term_string}\"},\"query-input\":{\"@type\":\"PropertyValueSpecification\",\"valueRequired\":true,\"valueName\":\"search_term_string\"}}],\"inLanguage\":\"et\"}]}<\/script>\n<!-- \/ Yoast SEO plugin. -->","yoast_head_json":{"title":"Flare - Falco vibuvarustus","robots":{"index":"index","follow":"follow","max-snippet":"max-snippet:-1","max-image-preview":"max-image-preview:large","max-video-preview":"max-video-preview:-1"},"canonical":"https:\/\/falco.ee\/et\/toode\/flare\/","og_locale":"et_EE","og_type":"article","og_title":"Flare - Falco vibuvarustus","og_description":"IBO rating:up to 315 fps  Axle-to-axle:30.25\"  Draw weight:30-60 #  Draw length:23\" - 30\"  Letoff:80%","og_url":"https:\/\/falco.ee\/et\/toode\/flare\/","og_site_name":"Falco vibuvarustus","article_modified_time":"2023-08-31T11:25:51+00:00","og_image":[{"width":406,"height":918,"url":"https:\/\/falco.ee\/wp-content\/uploads\/2023\/08\/1_4941.jpg","type":"image\/jpeg"}],"twitter_card":"summary_large_image","twitter_misc":{"Est. reading time":"1 minut"},"schema":{"@context":"https:\/\/schema.org","@graph":[{"@type":"WebPage","@id":"https:\/\/falco.ee\/et\/toode\/flare\/","url":"https:\/\/falco.ee\/et\/toode\/flare\/","name":"Flare - Falco vibuvarustus","isPartOf":{"@id":"https:\/\/falco.ee\/et\/#website"},"primaryImageOfPage":{"@id":"https:\/\/falco.ee\/et\/toode\/flare\/#primaryimage"},"image":{"@id":"https:\/\/falco.ee\/et\/toode\/flare\/#primaryimage"},"thumbnailUrl":"https:\/\/falco.ee\/wp-content\/uploads\/2023\/08\/1_4941.jpg","datePublished":"2023-08-17T08:29:26+00:00","dateModified":"2023-08-31T11:25:51+00:00","breadcrumb":{"@id":"https:\/\/falco.ee\/et\/toode\/flare\/#breadcrumb"},"inLanguage":"et","potentialAction":[{"@type":"ReadAction","target":["https:\/\/falco.ee\/et\/toode\/flare\/"]}]},{"@type":"ImageObject","inLanguage":"et","@id":"https:\/\/falco.ee\/et\/toode\/flare\/#primaryimage","url":"https:\/\/falco.ee\/wp-content\/uploads\/2023\/08\/1_4941.jpg","contentUrl":"https:\/\/falco.ee\/wp-content\/uploads\/2023\/08\/1_4941.jpg","width":406,"height":918},{"@type":"BreadcrumbList","@id":"https:\/\/falco.ee\/et\/toode\/flare\/#breadcrumb","itemListElement":[{"@type":"ListItem","position":1,"name":"Home","item":"https:\/\/falco.ee\/et\/"},{"@type":"ListItem","position":2,"name":"Shop","item":"https:\/\/falco.ee\/shop\/"},{"@type":"ListItem","position":3,"name":"Flare"}]},{"@type":"WebSite","@id":"https:\/\/falco.ee\/et\/#website","url":"https:\/\/falco.ee\/et\/","name":"Falco vibuvarustus","description":"","potentialAction":[{"@type":"SearchAction","target":{"@type":"EntryPoint","urlTemplate":"https:\/\/falco.ee\/et\/?s={search_term_string}"},"query-input":{"@type":"PropertyValueSpecification","valueRequired":true,"valueName":"search_term_string"}}],"inLanguage":"et"}]}},"_links":{"self":[{"href":"https:\/\/falco.ee\/et\/wp-json\/wp\/v2\/product\/4026","targetHints":{"allow":["GET"]}}],"collection":[{"href":"https:\/\/falco.ee\/et\/wp-json\/wp\/v2\/product"}],"about":[{"href":"https:\/\/falco.ee\/et\/wp-json\/wp\/v2\/types\/product"}],"replies":[{"embeddable":true,"href":"https:\/\/falco.ee\/et\/wp-json\/wp\/v2\/comments?post=4026"}],"wp:featuredmedia":[{"embeddable":true,"href":"https:\/\/falco.ee\/et\/wp-json\/wp\/v2\/media\/3205"}],"wp:attachment":[{"href":"https:\/\/falco.ee\/et\/wp-json\/wp\/v2\/media?parent=4026"}],"wp:term":[{"taxonomy":"product_brand","embeddable":true,"href":"https:\/\/falco.ee\/et\/wp-json\/wp\/v2\/product_brand?post=4026"},{"taxonomy":"product_cat","embeddable":true,"href":"https:\/\/falco.ee\/et\/wp-json\/wp\/v2\/product_cat?post=4026"},{"taxonomy":"product_tag","embeddable":true,"href":"https:\/\/falco.ee\/et\/wp-json\/wp\/v2\/product_tag?post=4026"}],"curies":[{"name":"wp","href":"https:\/\/api.w.org\/{rel}","templated":true}]}}