{"id":3933,"date":"2023-08-17T14:12:32","date_gmt":"2023-08-17T11:12:32","guid":{"rendered":"https:\/\/falco.sdhost.eu\/product\/gas-pro-vanes-olympic-1-75\/"},"modified":"2023-08-31T16:40:17","modified_gmt":"2023-08-31T13:40:17","slug":"gas-pro-vanes-olympic-1-75","status":"publish","type":"product","link":"https:\/\/falco.ee\/et\/toode\/gas-pro-vanes-olympic-1-75\/","title":{"rendered":"Gas Pro Vanes Olympic 1.75&#8243;"},"content":{"rendered":"<div class=\"node body\">\n<p>V\u00e4rvid: must, valge, sinine, punane, kollane, laimiroheline, taevasinine, roosa, oran\u017e, l\u00e4bipaistev<\/p>\n<\/div>\n","protected":false},"excerpt":{"rendered":"<ul>\n<li><small>\u20ac<\/small>24.00 \/ 50 Pcs.<\/li>\n<\/ul>\n","protected":false},"featured_media":6339,"comment_status":"closed","ping_status":"closed","template":"","meta":[],"product_brand":[],"product_cat":[273],"product_tag":[],"class_list":{"0":"post-3933","1":"product","2":"type-product","3":"status-publish","4":"has-post-thumbnail","6":"product_cat-plastic-vanes","8":"first","9":"instock","10":"shipping-taxable","11":"purchasable","12":"product-type-simple"},"acf":[],"yoast_head":"<!-- This site is optimized with the Yoast SEO plugin v27.2 - https:\/\/yoast.com\/product\/yoast-seo-wordpress\/ -->\n<title>Gas Pro Vanes Olympic 1.75&quot; - Falco vibuvarustus<\/title>\n<meta name=\"robots\" content=\"index, follow, max-snippet:-1, max-image-preview:large, max-video-preview:-1\" \/>\n<link rel=\"canonical\" href=\"https:\/\/falco.ee\/et\/toode\/gas-pro-vanes-olympic-1-75\/\" \/>\n<meta property=\"og:locale\" content=\"et_EE\" \/>\n<meta property=\"og:type\" content=\"article\" \/>\n<meta property=\"og:title\" content=\"Gas Pro Vanes Olympic 1.75&quot; - Falco vibuvarustus\" \/>\n<meta property=\"og:description\" content=\"\u20ac24.00 \/ 50 Pcs.\" \/>\n<meta property=\"og:url\" content=\"https:\/\/falco.ee\/et\/toode\/gas-pro-vanes-olympic-1-75\/\" \/>\n<meta property=\"og:site_name\" content=\"Falco vibuvarustus\" \/>\n<meta property=\"article:modified_time\" content=\"2023-08-31T13:40:17+00:00\" \/>\n<meta property=\"og:image\" content=\"https:\/\/falco.ee\/wp-content\/uploads\/2023\/08\/gas-pro-vanes-red2011-scaled.jpg\" \/>\n\t<meta property=\"og:image:width\" content=\"2560\" \/>\n\t<meta property=\"og:image:height\" content=\"510\" \/>\n\t<meta property=\"og:image:type\" content=\"image\/jpeg\" \/>\n<meta name=\"twitter:card\" content=\"summary_large_image\" \/>\n<meta name=\"twitter:label1\" content=\"Est. reading time\" \/>\n\t<meta name=\"twitter:data1\" content=\"1 minut\" \/>\n<script type=\"application\/ld+json\" class=\"yoast-schema-graph\">{\"@context\":\"https:\/\/schema.org\",\"@graph\":[{\"@type\":\"WebPage\",\"@id\":\"https:\/\/falco.ee\/et\/toode\/gas-pro-vanes-olympic-1-75\/\",\"url\":\"https:\/\/falco.ee\/et\/toode\/gas-pro-vanes-olympic-1-75\/\",\"name\":\"Gas Pro Vanes Olympic 1.75\\\" - Falco vibuvarustus\",\"isPartOf\":{\"@id\":\"https:\/\/falco.ee\/et\/#website\"},\"primaryImageOfPage\":{\"@id\":\"https:\/\/falco.ee\/et\/toode\/gas-pro-vanes-olympic-1-75\/#primaryimage\"},\"image\":{\"@id\":\"https:\/\/falco.ee\/et\/toode\/gas-pro-vanes-olympic-1-75\/#primaryimage\"},\"thumbnailUrl\":\"https:\/\/falco.ee\/wp-content\/uploads\/2023\/08\/gas-pro-vanes-red2011-scaled.jpg\",\"datePublished\":\"2023-08-17T11:12:32+00:00\",\"dateModified\":\"2023-08-31T13:40:17+00:00\",\"breadcrumb\":{\"@id\":\"https:\/\/falco.ee\/et\/toode\/gas-pro-vanes-olympic-1-75\/#breadcrumb\"},\"inLanguage\":\"et\",\"potentialAction\":[{\"@type\":\"ReadAction\",\"target\":[\"https:\/\/falco.ee\/et\/toode\/gas-pro-vanes-olympic-1-75\/\"]}]},{\"@type\":\"ImageObject\",\"inLanguage\":\"et\",\"@id\":\"https:\/\/falco.ee\/et\/toode\/gas-pro-vanes-olympic-1-75\/#primaryimage\",\"url\":\"https:\/\/falco.ee\/wp-content\/uploads\/2023\/08\/gas-pro-vanes-red2011-scaled.jpg\",\"contentUrl\":\"https:\/\/falco.ee\/wp-content\/uploads\/2023\/08\/gas-pro-vanes-red2011-scaled.jpg\",\"width\":2560,\"height\":510},{\"@type\":\"BreadcrumbList\",\"@id\":\"https:\/\/falco.ee\/et\/toode\/gas-pro-vanes-olympic-1-75\/#breadcrumb\",\"itemListElement\":[{\"@type\":\"ListItem\",\"position\":1,\"name\":\"Home\",\"item\":\"https:\/\/falco.ee\/et\/\"},{\"@type\":\"ListItem\",\"position\":2,\"name\":\"Shop\",\"item\":\"https:\/\/falco.ee\/shop\/\"},{\"@type\":\"ListItem\",\"position\":3,\"name\":\"Gas Pro Vanes Olympic 1.75&#8243;\"}]},{\"@type\":\"WebSite\",\"@id\":\"https:\/\/falco.ee\/et\/#website\",\"url\":\"https:\/\/falco.ee\/et\/\",\"name\":\"Falco vibuvarustus\",\"description\":\"\",\"potentialAction\":[{\"@type\":\"SearchAction\",\"target\":{\"@type\":\"EntryPoint\",\"urlTemplate\":\"https:\/\/falco.ee\/et\/?s={search_term_string}\"},\"query-input\":{\"@type\":\"PropertyValueSpecification\",\"valueRequired\":true,\"valueName\":\"search_term_string\"}}],\"inLanguage\":\"et\"}]}<\/script>\n<!-- \/ Yoast SEO plugin. -->","yoast_head_json":{"title":"Gas Pro Vanes Olympic 1.75\" - Falco vibuvarustus","robots":{"index":"index","follow":"follow","max-snippet":"max-snippet:-1","max-image-preview":"max-image-preview:large","max-video-preview":"max-video-preview:-1"},"canonical":"https:\/\/falco.ee\/et\/toode\/gas-pro-vanes-olympic-1-75\/","og_locale":"et_EE","og_type":"article","og_title":"Gas Pro Vanes Olympic 1.75\" - Falco vibuvarustus","og_description":"\u20ac24.00 \/ 50 Pcs.","og_url":"https:\/\/falco.ee\/et\/toode\/gas-pro-vanes-olympic-1-75\/","og_site_name":"Falco vibuvarustus","article_modified_time":"2023-08-31T13:40:17+00:00","og_image":[{"width":2560,"height":510,"url":"https:\/\/falco.ee\/wp-content\/uploads\/2023\/08\/gas-pro-vanes-red2011-scaled.jpg","type":"image\/jpeg"}],"twitter_card":"summary_large_image","twitter_misc":{"Est. reading time":"1 minut"},"schema":{"@context":"https:\/\/schema.org","@graph":[{"@type":"WebPage","@id":"https:\/\/falco.ee\/et\/toode\/gas-pro-vanes-olympic-1-75\/","url":"https:\/\/falco.ee\/et\/toode\/gas-pro-vanes-olympic-1-75\/","name":"Gas Pro Vanes Olympic 1.75\" - Falco vibuvarustus","isPartOf":{"@id":"https:\/\/falco.ee\/et\/#website"},"primaryImageOfPage":{"@id":"https:\/\/falco.ee\/et\/toode\/gas-pro-vanes-olympic-1-75\/#primaryimage"},"image":{"@id":"https:\/\/falco.ee\/et\/toode\/gas-pro-vanes-olympic-1-75\/#primaryimage"},"thumbnailUrl":"https:\/\/falco.ee\/wp-content\/uploads\/2023\/08\/gas-pro-vanes-red2011-scaled.jpg","datePublished":"2023-08-17T11:12:32+00:00","dateModified":"2023-08-31T13:40:17+00:00","breadcrumb":{"@id":"https:\/\/falco.ee\/et\/toode\/gas-pro-vanes-olympic-1-75\/#breadcrumb"},"inLanguage":"et","potentialAction":[{"@type":"ReadAction","target":["https:\/\/falco.ee\/et\/toode\/gas-pro-vanes-olympic-1-75\/"]}]},{"@type":"ImageObject","inLanguage":"et","@id":"https:\/\/falco.ee\/et\/toode\/gas-pro-vanes-olympic-1-75\/#primaryimage","url":"https:\/\/falco.ee\/wp-content\/uploads\/2023\/08\/gas-pro-vanes-red2011-scaled.jpg","contentUrl":"https:\/\/falco.ee\/wp-content\/uploads\/2023\/08\/gas-pro-vanes-red2011-scaled.jpg","width":2560,"height":510},{"@type":"BreadcrumbList","@id":"https:\/\/falco.ee\/et\/toode\/gas-pro-vanes-olympic-1-75\/#breadcrumb","itemListElement":[{"@type":"ListItem","position":1,"name":"Home","item":"https:\/\/falco.ee\/et\/"},{"@type":"ListItem","position":2,"name":"Shop","item":"https:\/\/falco.ee\/shop\/"},{"@type":"ListItem","position":3,"name":"Gas Pro Vanes Olympic 1.75&#8243;"}]},{"@type":"WebSite","@id":"https:\/\/falco.ee\/et\/#website","url":"https:\/\/falco.ee\/et\/","name":"Falco vibuvarustus","description":"","potentialAction":[{"@type":"SearchAction","target":{"@type":"EntryPoint","urlTemplate":"https:\/\/falco.ee\/et\/?s={search_term_string}"},"query-input":{"@type":"PropertyValueSpecification","valueRequired":true,"valueName":"search_term_string"}}],"inLanguage":"et"}]}},"_links":{"self":[{"href":"https:\/\/falco.ee\/et\/wp-json\/wp\/v2\/product\/3933","targetHints":{"allow":["GET"]}}],"collection":[{"href":"https:\/\/falco.ee\/et\/wp-json\/wp\/v2\/product"}],"about":[{"href":"https:\/\/falco.ee\/et\/wp-json\/wp\/v2\/types\/product"}],"replies":[{"embeddable":true,"href":"https:\/\/falco.ee\/et\/wp-json\/wp\/v2\/comments?post=3933"}],"wp:featuredmedia":[{"embeddable":true,"href":"https:\/\/falco.ee\/et\/wp-json\/wp\/v2\/media\/6339"}],"wp:attachment":[{"href":"https:\/\/falco.ee\/et\/wp-json\/wp\/v2\/media?parent=3933"}],"wp:term":[{"taxonomy":"product_brand","embeddable":true,"href":"https:\/\/falco.ee\/et\/wp-json\/wp\/v2\/product_brand?post=3933"},{"taxonomy":"product_cat","embeddable":true,"href":"https:\/\/falco.ee\/et\/wp-json\/wp\/v2\/product_cat?post=3933"},{"taxonomy":"product_tag","embeddable":true,"href":"https:\/\/falco.ee\/et\/wp-json\/wp\/v2\/product_tag?post=3933"}],"curies":[{"name":"wp","href":"https:\/\/api.w.org\/{rel}","templated":true}]}}