{"id":3893,"date":"2023-08-17T15:16:34","date_gmt":"2023-08-17T12:16:34","guid":{"rendered":"https:\/\/falco.sdhost.eu\/product\/carbon-express-mayhem-ext\/"},"modified":"2023-09-01T10:09:04","modified_gmt":"2023-09-01T07:09:04","slug":"carbon-express-mayhem-ext","status":"publish","type":"product","link":"https:\/\/falco.ee\/et\/toode\/carbon-express-mayhem-ext\/","title":{"rendered":"Carbon Express Mayhem EXT"},"content":{"rendered":"<div class=\"node body\">\n<div class=\"node body\">\n<p>Fikseeritud teradega 3-teraline l\u00f5ikurots, mille lennutrajektoor on t\u00e4nu madalale profiilile l\u00e4hedane tavaliste filed-t\u00fc\u00fcpi otstega.<\/p>\n<p>L\u00f5ikediameeter 1&#8243;<\/p>\n<p>Kaal 100 graini<\/p>\n<p>Hind<\/p>\n<p>Mayhem EXT 100, 3-pakk\u00a0<strong>19,95 \u20ac<\/strong><\/p>\n<\/div>\n<\/div>\n","protected":false},"excerpt":{"rendered":"<p>Fikseeritud teradega 3-teraline l\u00f5ikurots, mille lennutrajektoor on t\u00e4nu madalale profiilile l\u00e4hedane tavaliste filed-t\u00fc\u00fcpi otstega. L\u00f5ikediameeter 1&#8243; Kaal 100 graini Hind Mayhem EXT 100, 3-pakk\u00a019,95 \u20ac<\/p>\n","protected":false},"featured_media":6520,"comment_status":"closed","ping_status":"closed","template":"","meta":[],"product_brand":[],"product_cat":[264],"product_tag":[],"class_list":{"0":"post-3893","1":"product","2":"type-product","3":"status-publish","4":"has-post-thumbnail","6":"product_cat-broad-heads","8":"first","9":"instock","10":"shipping-taxable","11":"purchasable","12":"product-type-simple"},"acf":[],"yoast_head":"<!-- This site is optimized with the Yoast SEO plugin v27.2 - https:\/\/yoast.com\/product\/yoast-seo-wordpress\/ -->\n<title>Carbon Express Mayhem EXT - Falco vibuvarustus<\/title>\n<meta name=\"robots\" content=\"index, follow, max-snippet:-1, max-image-preview:large, max-video-preview:-1\" \/>\n<link rel=\"canonical\" href=\"https:\/\/falco.ee\/et\/toode\/carbon-express-mayhem-ext\/\" \/>\n<meta property=\"og:locale\" content=\"et_EE\" \/>\n<meta property=\"og:type\" content=\"article\" \/>\n<meta property=\"og:title\" content=\"Carbon Express Mayhem EXT - Falco vibuvarustus\" \/>\n<meta property=\"og:description\" content=\"Fikseeritud teradega 3-teraline l\u00f5ikurots, mille lennutrajektoor on t\u00e4nu madalale profiilile l\u00e4hedane tavaliste filed-t\u00fc\u00fcpi otstega. L\u00f5ikediameeter 1&#8243; Kaal 100 graini Hind Mayhem EXT 100, 3-pakk\u00a019,95 \u20ac\" \/>\n<meta property=\"og:url\" content=\"https:\/\/falco.ee\/et\/toode\/carbon-express-mayhem-ext\/\" \/>\n<meta property=\"og:site_name\" content=\"Falco vibuvarustus\" \/>\n<meta property=\"article:modified_time\" content=\"2023-09-01T07:09:04+00:00\" \/>\n<meta name=\"twitter:card\" content=\"summary_large_image\" \/>\n<meta name=\"twitter:label1\" content=\"Est. reading time\" \/>\n\t<meta name=\"twitter:data1\" content=\"1 minut\" \/>\n<script type=\"application\/ld+json\" class=\"yoast-schema-graph\">{\"@context\":\"https:\/\/schema.org\",\"@graph\":[{\"@type\":\"WebPage\",\"@id\":\"https:\/\/falco.ee\/et\/toode\/carbon-express-mayhem-ext\/\",\"url\":\"https:\/\/falco.ee\/et\/toode\/carbon-express-mayhem-ext\/\",\"name\":\"Carbon Express Mayhem EXT - Falco vibuvarustus\",\"isPartOf\":{\"@id\":\"https:\/\/falco.ee\/et\/#website\"},\"primaryImageOfPage\":{\"@id\":\"https:\/\/falco.ee\/et\/toode\/carbon-express-mayhem-ext\/#primaryimage\"},\"image\":{\"@id\":\"https:\/\/falco.ee\/et\/toode\/carbon-express-mayhem-ext\/#primaryimage\"},\"thumbnailUrl\":\"https:\/\/falco.ee\/wp-content\/uploads\/2023\/08\/1_831-1.png\",\"datePublished\":\"2023-08-17T12:16:34+00:00\",\"dateModified\":\"2023-09-01T07:09:04+00:00\",\"breadcrumb\":{\"@id\":\"https:\/\/falco.ee\/et\/toode\/carbon-express-mayhem-ext\/#breadcrumb\"},\"inLanguage\":\"et\",\"potentialAction\":[{\"@type\":\"ReadAction\",\"target\":[\"https:\/\/falco.ee\/et\/toode\/carbon-express-mayhem-ext\/\"]}]},{\"@type\":\"ImageObject\",\"inLanguage\":\"et\",\"@id\":\"https:\/\/falco.ee\/et\/toode\/carbon-express-mayhem-ext\/#primaryimage\",\"url\":\"https:\/\/falco.ee\/wp-content\/uploads\/2023\/08\/1_831-1.png\",\"contentUrl\":\"https:\/\/falco.ee\/wp-content\/uploads\/2023\/08\/1_831-1.png\",\"width\":238,\"height\":238},{\"@type\":\"BreadcrumbList\",\"@id\":\"https:\/\/falco.ee\/et\/toode\/carbon-express-mayhem-ext\/#breadcrumb\",\"itemListElement\":[{\"@type\":\"ListItem\",\"position\":1,\"name\":\"Home\",\"item\":\"https:\/\/falco.ee\/et\/\"},{\"@type\":\"ListItem\",\"position\":2,\"name\":\"Shop\",\"item\":\"https:\/\/falco.ee\/shop\/\"},{\"@type\":\"ListItem\",\"position\":3,\"name\":\"Carbon Express Mayhem EXT\"}]},{\"@type\":\"WebSite\",\"@id\":\"https:\/\/falco.ee\/et\/#website\",\"url\":\"https:\/\/falco.ee\/et\/\",\"name\":\"Falco vibuvarustus\",\"description\":\"\",\"potentialAction\":[{\"@type\":\"SearchAction\",\"target\":{\"@type\":\"EntryPoint\",\"urlTemplate\":\"https:\/\/falco.ee\/et\/?s={search_term_string}\"},\"query-input\":{\"@type\":\"PropertyValueSpecification\",\"valueRequired\":true,\"valueName\":\"search_term_string\"}}],\"inLanguage\":\"et\"}]}<\/script>\n<!-- \/ Yoast SEO plugin. -->","yoast_head_json":{"title":"Carbon Express Mayhem EXT - Falco vibuvarustus","robots":{"index":"index","follow":"follow","max-snippet":"max-snippet:-1","max-image-preview":"max-image-preview:large","max-video-preview":"max-video-preview:-1"},"canonical":"https:\/\/falco.ee\/et\/toode\/carbon-express-mayhem-ext\/","og_locale":"et_EE","og_type":"article","og_title":"Carbon Express Mayhem EXT - Falco vibuvarustus","og_description":"Fikseeritud teradega 3-teraline l\u00f5ikurots, mille lennutrajektoor on t\u00e4nu madalale profiilile l\u00e4hedane tavaliste filed-t\u00fc\u00fcpi otstega. L\u00f5ikediameeter 1&#8243; Kaal 100 graini Hind Mayhem EXT 100, 3-pakk\u00a019,95 \u20ac","og_url":"https:\/\/falco.ee\/et\/toode\/carbon-express-mayhem-ext\/","og_site_name":"Falco vibuvarustus","article_modified_time":"2023-09-01T07:09:04+00:00","twitter_card":"summary_large_image","twitter_misc":{"Est. reading time":"1 minut"},"schema":{"@context":"https:\/\/schema.org","@graph":[{"@type":"WebPage","@id":"https:\/\/falco.ee\/et\/toode\/carbon-express-mayhem-ext\/","url":"https:\/\/falco.ee\/et\/toode\/carbon-express-mayhem-ext\/","name":"Carbon Express Mayhem EXT - Falco vibuvarustus","isPartOf":{"@id":"https:\/\/falco.ee\/et\/#website"},"primaryImageOfPage":{"@id":"https:\/\/falco.ee\/et\/toode\/carbon-express-mayhem-ext\/#primaryimage"},"image":{"@id":"https:\/\/falco.ee\/et\/toode\/carbon-express-mayhem-ext\/#primaryimage"},"thumbnailUrl":"https:\/\/falco.ee\/wp-content\/uploads\/2023\/08\/1_831-1.png","datePublished":"2023-08-17T12:16:34+00:00","dateModified":"2023-09-01T07:09:04+00:00","breadcrumb":{"@id":"https:\/\/falco.ee\/et\/toode\/carbon-express-mayhem-ext\/#breadcrumb"},"inLanguage":"et","potentialAction":[{"@type":"ReadAction","target":["https:\/\/falco.ee\/et\/toode\/carbon-express-mayhem-ext\/"]}]},{"@type":"ImageObject","inLanguage":"et","@id":"https:\/\/falco.ee\/et\/toode\/carbon-express-mayhem-ext\/#primaryimage","url":"https:\/\/falco.ee\/wp-content\/uploads\/2023\/08\/1_831-1.png","contentUrl":"https:\/\/falco.ee\/wp-content\/uploads\/2023\/08\/1_831-1.png","width":238,"height":238},{"@type":"BreadcrumbList","@id":"https:\/\/falco.ee\/et\/toode\/carbon-express-mayhem-ext\/#breadcrumb","itemListElement":[{"@type":"ListItem","position":1,"name":"Home","item":"https:\/\/falco.ee\/et\/"},{"@type":"ListItem","position":2,"name":"Shop","item":"https:\/\/falco.ee\/shop\/"},{"@type":"ListItem","position":3,"name":"Carbon Express Mayhem EXT"}]},{"@type":"WebSite","@id":"https:\/\/falco.ee\/et\/#website","url":"https:\/\/falco.ee\/et\/","name":"Falco vibuvarustus","description":"","potentialAction":[{"@type":"SearchAction","target":{"@type":"EntryPoint","urlTemplate":"https:\/\/falco.ee\/et\/?s={search_term_string}"},"query-input":{"@type":"PropertyValueSpecification","valueRequired":true,"valueName":"search_term_string"}}],"inLanguage":"et"}]}},"_links":{"self":[{"href":"https:\/\/falco.ee\/et\/wp-json\/wp\/v2\/product\/3893","targetHints":{"allow":["GET"]}}],"collection":[{"href":"https:\/\/falco.ee\/et\/wp-json\/wp\/v2\/product"}],"about":[{"href":"https:\/\/falco.ee\/et\/wp-json\/wp\/v2\/types\/product"}],"replies":[{"embeddable":true,"href":"https:\/\/falco.ee\/et\/wp-json\/wp\/v2\/comments?post=3893"}],"wp:featuredmedia":[{"embeddable":true,"href":"https:\/\/falco.ee\/et\/wp-json\/wp\/v2\/media\/6520"}],"wp:attachment":[{"href":"https:\/\/falco.ee\/et\/wp-json\/wp\/v2\/media?parent=3893"}],"wp:term":[{"taxonomy":"product_brand","embeddable":true,"href":"https:\/\/falco.ee\/et\/wp-json\/wp\/v2\/product_brand?post=3893"},{"taxonomy":"product_cat","embeddable":true,"href":"https:\/\/falco.ee\/et\/wp-json\/wp\/v2\/product_cat?post=3893"},{"taxonomy":"product_tag","embeddable":true,"href":"https:\/\/falco.ee\/et\/wp-json\/wp\/v2\/product_tag?post=3893"}],"curies":[{"name":"wp","href":"https:\/\/api.w.org\/{rel}","templated":true}]}}