{"id":3891,"date":"2023-08-17T15:17:29","date_gmt":"2023-08-17T12:17:29","guid":{"rendered":"https:\/\/falco.sdhost.eu\/product\/carbon-express-nativ-100\/"},"modified":"2023-09-01T10:07:27","modified_gmt":"2023-09-01T07:07:27","slug":"carbon-express-nativ-100","status":"publish","type":"product","link":"https:\/\/falco.ee\/et\/toode\/carbon-express-nativ-100\/","title":{"rendered":"Carbon Express Nativ 100"},"content":{"rendered":"<div class=\"node body\">\n<div class=\"node body\">\n<p>Traditsiooniline 2-teraline l\u00f5ikurots, mis sobib kasutamiseks ka v\u00e4iksema t\u00f5mbetugevusega vibudel.<\/p>\n<p>L\u00f5ikediameeter 1-1\/8&#8243;<\/p>\n<p>Weight 100 grains<\/p>\n<p>&nbsp;<\/p>\n<p>Hind<\/p>\n<p>Nativ 100, 3-pakk\u00a0<strong>19,95 \u20ac<\/strong><\/p>\n<\/div>\n<\/div>\n","protected":false},"excerpt":{"rendered":"<p>Traditsiooniline 2-teraline l\u00f5ikurots, mis sobib kasutamiseks ka v\u00e4iksema t\u00f5mbetugevusega vibudel. L\u00f5ikediameeter 1-1\/8&#8243; Weight 100 grains &nbsp; Hind Nativ 100, 3-pakk\u00a019,95 \u20ac<\/p>\n","protected":false},"featured_media":6522,"comment_status":"closed","ping_status":"closed","template":"","meta":[],"product_brand":[],"product_cat":[264],"product_tag":[],"class_list":{"0":"post-3891","1":"product","2":"type-product","3":"status-publish","4":"has-post-thumbnail","6":"product_cat-broad-heads","8":"first","9":"instock","10":"shipping-taxable","11":"purchasable","12":"product-type-simple"},"acf":[],"yoast_head":"<!-- This site is optimized with the Yoast SEO plugin v27.2 - https:\/\/yoast.com\/product\/yoast-seo-wordpress\/ -->\n<title>Carbon Express Nativ 100 - Falco vibuvarustus<\/title>\n<meta name=\"robots\" content=\"index, follow, max-snippet:-1, max-image-preview:large, max-video-preview:-1\" \/>\n<link rel=\"canonical\" href=\"https:\/\/falco.ee\/et\/toode\/carbon-express-nativ-100\/\" \/>\n<meta property=\"og:locale\" content=\"et_EE\" \/>\n<meta property=\"og:type\" content=\"article\" \/>\n<meta property=\"og:title\" content=\"Carbon Express Nativ 100 - Falco vibuvarustus\" \/>\n<meta property=\"og:description\" content=\"Traditsiooniline 2-teraline l\u00f5ikurots, mis sobib kasutamiseks ka v\u00e4iksema t\u00f5mbetugevusega vibudel. L\u00f5ikediameeter 1-1\/8&#8243; Weight 100 grains &nbsp; Hind Nativ 100, 3-pakk\u00a019,95 \u20ac\" \/>\n<meta property=\"og:url\" content=\"https:\/\/falco.ee\/et\/toode\/carbon-express-nativ-100\/\" \/>\n<meta property=\"og:site_name\" content=\"Falco vibuvarustus\" \/>\n<meta property=\"article:modified_time\" content=\"2023-09-01T07:07:27+00:00\" \/>\n<meta property=\"og:image\" content=\"https:\/\/falco.ee\/wp-content\/uploads\/2023\/08\/1_841-1.png\" \/>\n\t<meta property=\"og:image:width\" content=\"365\" \/>\n\t<meta property=\"og:image:height\" content=\"365\" \/>\n\t<meta property=\"og:image:type\" content=\"image\/png\" \/>\n<meta name=\"twitter:card\" content=\"summary_large_image\" \/>\n<meta name=\"twitter:label1\" content=\"Est. reading time\" \/>\n\t<meta name=\"twitter:data1\" content=\"1 minut\" \/>\n<script type=\"application\/ld+json\" class=\"yoast-schema-graph\">{\"@context\":\"https:\/\/schema.org\",\"@graph\":[{\"@type\":\"WebPage\",\"@id\":\"https:\/\/falco.ee\/et\/toode\/carbon-express-nativ-100\/\",\"url\":\"https:\/\/falco.ee\/et\/toode\/carbon-express-nativ-100\/\",\"name\":\"Carbon Express Nativ 100 - Falco vibuvarustus\",\"isPartOf\":{\"@id\":\"https:\/\/falco.ee\/et\/#website\"},\"primaryImageOfPage\":{\"@id\":\"https:\/\/falco.ee\/et\/toode\/carbon-express-nativ-100\/#primaryimage\"},\"image\":{\"@id\":\"https:\/\/falco.ee\/et\/toode\/carbon-express-nativ-100\/#primaryimage\"},\"thumbnailUrl\":\"https:\/\/falco.ee\/wp-content\/uploads\/2023\/08\/1_841-1.png\",\"datePublished\":\"2023-08-17T12:17:29+00:00\",\"dateModified\":\"2023-09-01T07:07:27+00:00\",\"breadcrumb\":{\"@id\":\"https:\/\/falco.ee\/et\/toode\/carbon-express-nativ-100\/#breadcrumb\"},\"inLanguage\":\"et\",\"potentialAction\":[{\"@type\":\"ReadAction\",\"target\":[\"https:\/\/falco.ee\/et\/toode\/carbon-express-nativ-100\/\"]}]},{\"@type\":\"ImageObject\",\"inLanguage\":\"et\",\"@id\":\"https:\/\/falco.ee\/et\/toode\/carbon-express-nativ-100\/#primaryimage\",\"url\":\"https:\/\/falco.ee\/wp-content\/uploads\/2023\/08\/1_841-1.png\",\"contentUrl\":\"https:\/\/falco.ee\/wp-content\/uploads\/2023\/08\/1_841-1.png\",\"width\":365,\"height\":365},{\"@type\":\"BreadcrumbList\",\"@id\":\"https:\/\/falco.ee\/et\/toode\/carbon-express-nativ-100\/#breadcrumb\",\"itemListElement\":[{\"@type\":\"ListItem\",\"position\":1,\"name\":\"Home\",\"item\":\"https:\/\/falco.ee\/et\/\"},{\"@type\":\"ListItem\",\"position\":2,\"name\":\"Shop\",\"item\":\"https:\/\/falco.ee\/shop\/\"},{\"@type\":\"ListItem\",\"position\":3,\"name\":\"Carbon Express Nativ 100\"}]},{\"@type\":\"WebSite\",\"@id\":\"https:\/\/falco.ee\/et\/#website\",\"url\":\"https:\/\/falco.ee\/et\/\",\"name\":\"Falco vibuvarustus\",\"description\":\"\",\"potentialAction\":[{\"@type\":\"SearchAction\",\"target\":{\"@type\":\"EntryPoint\",\"urlTemplate\":\"https:\/\/falco.ee\/et\/?s={search_term_string}\"},\"query-input\":{\"@type\":\"PropertyValueSpecification\",\"valueRequired\":true,\"valueName\":\"search_term_string\"}}],\"inLanguage\":\"et\"}]}<\/script>\n<!-- \/ Yoast SEO plugin. -->","yoast_head_json":{"title":"Carbon Express Nativ 100 - Falco vibuvarustus","robots":{"index":"index","follow":"follow","max-snippet":"max-snippet:-1","max-image-preview":"max-image-preview:large","max-video-preview":"max-video-preview:-1"},"canonical":"https:\/\/falco.ee\/et\/toode\/carbon-express-nativ-100\/","og_locale":"et_EE","og_type":"article","og_title":"Carbon Express Nativ 100 - Falco vibuvarustus","og_description":"Traditsiooniline 2-teraline l\u00f5ikurots, mis sobib kasutamiseks ka v\u00e4iksema t\u00f5mbetugevusega vibudel. L\u00f5ikediameeter 1-1\/8&#8243; Weight 100 grains &nbsp; Hind Nativ 100, 3-pakk\u00a019,95 \u20ac","og_url":"https:\/\/falco.ee\/et\/toode\/carbon-express-nativ-100\/","og_site_name":"Falco vibuvarustus","article_modified_time":"2023-09-01T07:07:27+00:00","og_image":[{"width":365,"height":365,"url":"https:\/\/falco.ee\/wp-content\/uploads\/2023\/08\/1_841-1.png","type":"image\/png"}],"twitter_card":"summary_large_image","twitter_misc":{"Est. reading time":"1 minut"},"schema":{"@context":"https:\/\/schema.org","@graph":[{"@type":"WebPage","@id":"https:\/\/falco.ee\/et\/toode\/carbon-express-nativ-100\/","url":"https:\/\/falco.ee\/et\/toode\/carbon-express-nativ-100\/","name":"Carbon Express Nativ 100 - Falco vibuvarustus","isPartOf":{"@id":"https:\/\/falco.ee\/et\/#website"},"primaryImageOfPage":{"@id":"https:\/\/falco.ee\/et\/toode\/carbon-express-nativ-100\/#primaryimage"},"image":{"@id":"https:\/\/falco.ee\/et\/toode\/carbon-express-nativ-100\/#primaryimage"},"thumbnailUrl":"https:\/\/falco.ee\/wp-content\/uploads\/2023\/08\/1_841-1.png","datePublished":"2023-08-17T12:17:29+00:00","dateModified":"2023-09-01T07:07:27+00:00","breadcrumb":{"@id":"https:\/\/falco.ee\/et\/toode\/carbon-express-nativ-100\/#breadcrumb"},"inLanguage":"et","potentialAction":[{"@type":"ReadAction","target":["https:\/\/falco.ee\/et\/toode\/carbon-express-nativ-100\/"]}]},{"@type":"ImageObject","inLanguage":"et","@id":"https:\/\/falco.ee\/et\/toode\/carbon-express-nativ-100\/#primaryimage","url":"https:\/\/falco.ee\/wp-content\/uploads\/2023\/08\/1_841-1.png","contentUrl":"https:\/\/falco.ee\/wp-content\/uploads\/2023\/08\/1_841-1.png","width":365,"height":365},{"@type":"BreadcrumbList","@id":"https:\/\/falco.ee\/et\/toode\/carbon-express-nativ-100\/#breadcrumb","itemListElement":[{"@type":"ListItem","position":1,"name":"Home","item":"https:\/\/falco.ee\/et\/"},{"@type":"ListItem","position":2,"name":"Shop","item":"https:\/\/falco.ee\/shop\/"},{"@type":"ListItem","position":3,"name":"Carbon Express Nativ 100"}]},{"@type":"WebSite","@id":"https:\/\/falco.ee\/et\/#website","url":"https:\/\/falco.ee\/et\/","name":"Falco vibuvarustus","description":"","potentialAction":[{"@type":"SearchAction","target":{"@type":"EntryPoint","urlTemplate":"https:\/\/falco.ee\/et\/?s={search_term_string}"},"query-input":{"@type":"PropertyValueSpecification","valueRequired":true,"valueName":"search_term_string"}}],"inLanguage":"et"}]}},"_links":{"self":[{"href":"https:\/\/falco.ee\/et\/wp-json\/wp\/v2\/product\/3891","targetHints":{"allow":["GET"]}}],"collection":[{"href":"https:\/\/falco.ee\/et\/wp-json\/wp\/v2\/product"}],"about":[{"href":"https:\/\/falco.ee\/et\/wp-json\/wp\/v2\/types\/product"}],"replies":[{"embeddable":true,"href":"https:\/\/falco.ee\/et\/wp-json\/wp\/v2\/comments?post=3891"}],"wp:featuredmedia":[{"embeddable":true,"href":"https:\/\/falco.ee\/et\/wp-json\/wp\/v2\/media\/6522"}],"wp:attachment":[{"href":"https:\/\/falco.ee\/et\/wp-json\/wp\/v2\/media?parent=3891"}],"wp:term":[{"taxonomy":"product_brand","embeddable":true,"href":"https:\/\/falco.ee\/et\/wp-json\/wp\/v2\/product_brand?post=3891"},{"taxonomy":"product_cat","embeddable":true,"href":"https:\/\/falco.ee\/et\/wp-json\/wp\/v2\/product_cat?post=3891"},{"taxonomy":"product_tag","embeddable":true,"href":"https:\/\/falco.ee\/et\/wp-json\/wp\/v2\/product_tag?post=3891"}],"curies":[{"name":"wp","href":"https:\/\/api.w.org\/{rel}","templated":true}]}}