{"id":3878,"date":"2023-08-17T16:04:54","date_gmt":"2023-08-17T13:04:54","guid":{"rendered":"https:\/\/falco.sdhost.eu\/product\/trophy-vintage\/"},"modified":"2025-01-23T19:08:20","modified_gmt":"2025-01-23T17:08:20","slug":"trophy-vintage","status":"publish","type":"product","link":"https:\/\/falco.ee\/et\/toode\/trophy-vintage\/","title":{"rendered":"Trophy Vintage"},"content":{"rendered":"<div class=\"node body\">\n<h2><strong>LISAHINNAD, V\u00d5RRELDES TAVAMUDELIGA:<\/strong><\/h2>\n<table border=\"0\" cellspacing=\"1\" cellpadding=\"1\">\n<tbody>\n<tr>\n<td>Bamboo core\u00a0(<a href=\"http:\/\/home.falco.ee\/products_eng\/falco_longbows\/#bamboo\" target=\"_blank\" rel=\"noopener\">what is this?<\/a>)<\/td>\n<td><strong>40\u20ac (replaces the maple core)<\/strong>\u00a0UUS<strong>!<\/strong><\/td>\n<\/tr>\n<tr>\n<td>S\u00fcsinik-tugevduslaminaat<\/td>\n<td><strong>30 \u20ac\/kiht<\/strong><\/td>\n<\/tr>\n<tr>\n<td>Diamond Carbon on front (<a href=\"http:\/\/home.falco.ee\/products_eng\/falco_longbows\/#diamondcarbon\" target=\"_blank\" rel=\"noopener\">what is this?<\/a>)<\/td>\n<td><strong>60 \u20ac<\/strong><\/td>\n<\/tr>\n<tr>\n<td>P\u00fcstolk\u00e4epide<\/td>\n<td><strong>30 \u20ac<\/strong><\/td>\n<\/tr>\n<tr>\n<td>L\u00e4iklakk &amp; poleerimine<\/td>\n<td><strong>40 \u20ac<\/strong><\/td>\n<\/tr>\n<\/tbody>\n<\/table>\n<p><strong>Together with the Trophy bow, the Falco T-shirt at a discount price of 14\u20ac.\u00a0<a href=\"http:\/\/home.falco.ee\/products_eng\/clothing\/shirts\/falco_tshirt_unisex\/\">SEE MORE HERE<\/a><\/strong><\/p>\n<p><strong>Eripakkumine: ostes selle vibu, saate Falco pikkvibu koti vaid 25\u20ac eest (<a href=\"http:\/\/home.falco.ee\/bowcases_and_covers\/longbow_bags\/falco_longbow_bag_feltleather_by_bykink\/\">see here<\/a>)<\/strong><\/p>\n<h4><img loading=\"lazy\" decoding=\"async\" class=\"alignnone size-full wp-image-6451\" src=\"https:\/\/falco.ee\/wp-content\/uploads\/2023\/08\/falco-most-wanted1.png\" alt=\"\" width=\"200\" height=\"275\" srcset=\"https:\/\/falco.ee\/wp-content\/uploads\/2023\/08\/falco-most-wanted1.png 200w, https:\/\/falco.ee\/wp-content\/uploads\/2023\/08\/falco-most-wanted1-160x220.png 160w\" sizes=\"auto, (max-width: 200px) 100vw, 200px\" \/><\/h4>\n<h4>Falco Trophy on juba aastaid olnud meie kollektsiooni lipulaevaks- see on vibu, mille v\u00e4ljapaistvatele laskeomadustele on lootnud ja millesse usuvad paljud\u00a0t\u00f5sised v\u00f5istluslaskurid ja vibuk\u00fctid\u00a0\u00fcle terve Euroopa ja kaugemalgi. Trophy on vibu, mis praktiliselt alati valmib tellimust\u00f6\u00f6na, arvestades tema uue omaniku erisoove ja taotlusi, ning mille valmistamiseks kasutatud materjalide valik on v\u00e4ga mitmekesine. Kasutame v\u00e4ga erinevaid ja eksklusiivseid v\u00e4\u00e4rispuite, neid omavahel kombineerides\u00a0on eesm\u00e4rgiks v\u00f5imalikult ainulaadne ja pilkup\u00fc\u00fcdev l\u00f5pptulemus.<\/h4>\n<h4>Samas\u00a0pole v\u00e4het\u00e4htis, et mitmed troopilised puiduliigid nagu palisander, eeben jt. on\u00a0tiheduselt\u00a0\u00fched maailma raskeimad ja seet\u00f5ttu lisavad neid vibuk\u00e4epidemena kasutades Trophyle nii stabiilsust kui ka kindlust.\u00a0Lisaks pakume koost\u00f6\u00f6s soome firmaga CWP puidu s\u00fcgavv\u00e4rvimise meetodil saavutatud\u00a0<em>colorwood<\/em>\u00a0kahe v\u00f5i kolmev\u00e4rvilisi puidukombinatsioone 12-nest eri v\u00e4rvitoonist.<\/h4>\n<p>Vibuk\u00e4pidemele anname k\u00e4sitsi t\u00f6\u00f6deldes sobiva, mugavalt istuva vormi, kusjuures valida on kahe p\u00f5hilise kujuvariandi vahel &#8211; pakume nii standartset madalamat\u00a0k\u00e4epidemekuju koos selle juurde kuuluva &#8220;Falco s\u00f5rmel\u00f5ikega&#8221; kui ka k\u00f5rgemat randmetuge pakkuvat \u00a0nn. p\u00fcstolk\u00e4epidet.<\/p>\n<p>Neile, kelle eesm\u00e4rgiks on vibu maksimaalne efektiivsus ning noole v\u00f5imalikult suur l\u00e4htekiirus, saame lisada ka s\u00fcsinikplasti ehk\u00a0<em>Carboni<\/em>\u00a0kihid. Ja neile, kes taotlevad maksimaalset eksklusiivsust, on \u00fcheks v\u00f5imaluseks ehtsa l\u00f5gismaonaha lisamine vibu esik\u00fclejele.<\/p>\n<p><strong>Profiil<\/strong><strong>:<\/strong>\u00a0Reflex-deflex<\/p>\n<p><strong>K\u00e4epideme puiduliigid:\u00a0<\/strong>Palisander, macassar eeben, karjala kask, padouk, zebrano, ameerika p\u00e4hkel, bocote, cocobolo, wenge, bubinga, lacewood jne.<\/p>\n<p>Colorwood 2- v\u00f5i 3-v\u00e4rvilised k\u00e4epidemekombinatsioonid.<\/p>\n<p><strong>Vibu esi- ja tagak\u00fclg<\/strong><strong>:<\/strong>\u00a0L\u00e4bipaistva klaasplastlaminaadi all kasutatavad iluspoonid: palisander, zebrano, karjala kask, linnusilmavaher, oliivisaar jne.<\/p>\n<p><strong>K\u00e4elisus:<\/strong>\u00a0Paremak\u00e4eline RH v\u00f5i vasakuk\u00e4eline LH mudel (hind sama kui RH)<\/p>\n<p><strong>Viimistluslakk:\u00a0<\/strong>Satiinmatt, eritellimusel k\u00f5rgl\u00e4ige<\/p>\n<p><strong>Vibun\u00f6\u00f6r:\u00a0<\/strong>Spectra Flemish (Fast Flight)<\/p>\n<p><strong>Nooleriiul<\/strong><strong>:<\/strong>\u00a0Naturaalne karusnahk<\/p>\n<h2><strong>PRICE ADDITIONS, COMPARED TO STANDARD MODEL:<\/strong><\/h2>\n<table border=\"0\" cellspacing=\"1\" cellpadding=\"1\">\n<tbody>\n<tr>\n<td>Bamboo core<\/td>\n<td><strong>40\u20ac (replaces the maple core)<\/strong>\u00a0<strong>NEW!<\/strong><\/td>\n<\/tr>\n<tr>\n<td>Carbon reinforcement<\/td>\n<td><strong>30 \u20ac\/layer<\/strong><\/td>\n<\/tr>\n<tr>\n<td>Diamond Carbon on front (extra high density carbon)<\/td>\n<td><strong>60 \u20ac<\/strong><\/td>\n<\/tr>\n<tr>\n<td>High wrist &#8220;pistol&#8221; grip<\/td>\n<td><strong>30 \u20ac<\/strong><\/td>\n<\/tr>\n<tr>\n<td>High gloss polished surface<\/td>\n<td><strong>40 \u20ac<\/strong><\/td>\n<\/tr>\n<tr>\n<td>Khan cut (for shooting off the thumb)<\/td>\n<td><strong>25\u20ac<\/strong><\/td>\n<\/tr>\n<\/tbody>\n<\/table>\n<p><strong>Profile:<\/strong>\u00a0Reflex-deflex<\/p>\n<p><strong>Riser wood choice:\u00a0<\/strong>Palisander, curly birch, padouk, zebrano, american walnut, bocote, cocobolo, wenge, lacewood etc.<\/p>\n<p>Also Colorwood 2- or 3-colored combinations<\/p>\n<p><strong>Front and back side of the bow:<\/strong>\u00a0Under the transparent lamination we can use decorative lamination of any of the following \u00a0wood type: palisander, macassar ebony, bubinga, zebrano, curly birch, bird&#8217;s eye maple, olive ash etc.<\/p>\n<p><strong>Handedness:<\/strong>\u00a0RH or LH<\/p>\n<p><strong>Finish laquer:\u00a0<\/strong>Satin matt, high gloss at special order (see below)<\/p>\n<p><strong>Bowstring:\u00a0<\/strong>Spectra Flemish (Fast Flight) &#8211; included in the price<\/p>\n<p><strong>Arrow shelf:<\/strong>\u00a0Natural fur<\/p>\n<h2><strong>FAQ ABOUT THIS MODEL<\/strong><\/h2>\n<ul>\n<li><strong>What is the recommended brace height for this model?<\/strong><br \/>\nWe suggest starting to test arrow flight at around brace height 7.5&#8243; but optimal arrow flight is what will determine the best brace height. On this bow, you are most likely to find optimal flight between 7&#8243; &#8211; 8&#8243;, but may experiment also with longer (up to 8.5&#8243;)<\/li>\n<li><strong>Is string included? What sort of a string?<\/strong><br \/>\nYes, the model comes with a Spectra Flemish string. The number of string strands depends on the weight of the bow (14, 16 or 18)<\/li>\n<li><strong>Is this model IFAA\/NFAA legal?<\/strong><br \/>\nYes<\/li>\n<li><strong>Is this model WA legal?<\/strong><br \/>\nYes<\/li>\n<li><strong>Can this model be cut past centre?<\/strong><br \/>\nThis model can only be cut past centre if the bow is light in draw weight. The Trophy has a slim handle that is designed to comply with IFAA rules where cutting past centre is prohibited so it is done only upon special request and on bows below 40#. Price addition may apply. As default, the model comes with a rest cut almost to centre.<\/li>\n<li><strong>What arrows would you recommend for this bow?<\/strong>`<br \/>\nAlthough all main types of arrows (wooden, aluminum, carbon) could be used with this bow, the authentic choice would be to use wooden arrows. For optimum performance and highest quality, we suggest our hand-picked\u00a0<a href=\"http:\/\/www.falco.ee\/arrow\/eng\/\">Premium model arrows<\/a>\u00a0which are the choice for many European and World Champions and medalists. The choice of wooden arrows depends on your bowand your own personal characteristics (write email@falco.ee in case of questions).<\/li>\n<\/ul>\n<\/div>\n","protected":false},"excerpt":{"rendered":"<ul>\n<li>Alates \u20ac430<\/li>\n<li>T\u00f5mbetugevus: <span style=\"color: #844d2b;\"><em><strong>25#-60#<\/strong><\/em><\/span><\/li>\n<li>Vibu pikkus: <span style=\"color: #844d2b;\"><em><strong>64&#8243; 66&#8243; 68&#8243; 70<\/strong><\/em><\/span><em><strong><span style=\"color: #844d2b;\">&#8220;<\/span><\/strong><\/em><em><strong><span style=\"color: #844d2b;\">\u00a0<\/span><\/strong><\/em><\/li>\n<li>Hind sisaldab 22% KM<\/li>\n<\/ul>\n","protected":false},"featured_media":3405,"comment_status":"open","ping_status":"closed","template":"","meta":[],"product_brand":[],"product_cat":[304],"product_tag":[],"class_list":{"0":"post-3878","1":"product","2":"type-product","3":"status-publish","4":"has-post-thumbnail","6":"product_cat-falco-longbows-et","8":"first","9":"instock","10":"shipping-taxable","11":"purchasable","12":"product-type-simple"},"acf":[],"yoast_head":"<!-- This site is optimized with the Yoast SEO plugin v27.2 - https:\/\/yoast.com\/product\/yoast-seo-wordpress\/ -->\n<title>Trophy Vintage - Falco vibuvarustus<\/title>\n<meta name=\"robots\" content=\"index, follow, max-snippet:-1, max-image-preview:large, max-video-preview:-1\" \/>\n<link rel=\"canonical\" href=\"https:\/\/falco.ee\/et\/toode\/trophy-vintage\/\" \/>\n<meta property=\"og:locale\" content=\"et_EE\" \/>\n<meta property=\"og:type\" content=\"article\" \/>\n<meta property=\"og:title\" content=\"Trophy Vintage - Falco vibuvarustus\" \/>\n<meta property=\"og:description\" content=\"Alates \u20ac430  T\u00f5mbetugevus: 25#-60#  Vibu pikkus: 64&quot; 66&quot; 68&quot; 70&quot;\u00a0  Hind sisaldab 22% KM\" \/>\n<meta property=\"og:url\" content=\"https:\/\/falco.ee\/et\/toode\/trophy-vintage\/\" \/>\n<meta property=\"og:site_name\" content=\"Falco vibuvarustus\" \/>\n<meta property=\"article:modified_time\" content=\"2025-01-23T17:08:20+00:00\" \/>\n<meta property=\"og:image\" content=\"https:\/\/falco.ee\/wp-content\/uploads\/2023\/08\/trophy-vintage-001_31.png\" \/>\n\t<meta property=\"og:image:width\" content=\"571\" \/>\n\t<meta property=\"og:image:height\" content=\"800\" \/>\n\t<meta property=\"og:image:type\" content=\"image\/png\" \/>\n<meta name=\"twitter:card\" content=\"summary_large_image\" \/>\n<meta name=\"twitter:label1\" content=\"Est. reading time\" \/>\n\t<meta name=\"twitter:data1\" content=\"4 minutit\" \/>\n<script type=\"application\/ld+json\" class=\"yoast-schema-graph\">{\"@context\":\"https:\/\/schema.org\",\"@graph\":[{\"@type\":\"WebPage\",\"@id\":\"https:\/\/falco.ee\/et\/toode\/trophy-vintage\/\",\"url\":\"https:\/\/falco.ee\/et\/toode\/trophy-vintage\/\",\"name\":\"Trophy Vintage - Falco vibuvarustus\",\"isPartOf\":{\"@id\":\"https:\/\/falco.ee\/et\/#website\"},\"primaryImageOfPage\":{\"@id\":\"https:\/\/falco.ee\/et\/toode\/trophy-vintage\/#primaryimage\"},\"image\":{\"@id\":\"https:\/\/falco.ee\/et\/toode\/trophy-vintage\/#primaryimage\"},\"thumbnailUrl\":\"https:\/\/falco.ee\/wp-content\/uploads\/2023\/08\/trophy-vintage-001_31.png\",\"datePublished\":\"2023-08-17T13:04:54+00:00\",\"dateModified\":\"2025-01-23T17:08:20+00:00\",\"breadcrumb\":{\"@id\":\"https:\/\/falco.ee\/et\/toode\/trophy-vintage\/#breadcrumb\"},\"inLanguage\":\"et\",\"potentialAction\":[{\"@type\":\"ReadAction\",\"target\":[\"https:\/\/falco.ee\/et\/toode\/trophy-vintage\/\"]}]},{\"@type\":\"ImageObject\",\"inLanguage\":\"et\",\"@id\":\"https:\/\/falco.ee\/et\/toode\/trophy-vintage\/#primaryimage\",\"url\":\"https:\/\/falco.ee\/wp-content\/uploads\/2023\/08\/trophy-vintage-001_31.png\",\"contentUrl\":\"https:\/\/falco.ee\/wp-content\/uploads\/2023\/08\/trophy-vintage-001_31.png\",\"width\":571,\"height\":800},{\"@type\":\"BreadcrumbList\",\"@id\":\"https:\/\/falco.ee\/et\/toode\/trophy-vintage\/#breadcrumb\",\"itemListElement\":[{\"@type\":\"ListItem\",\"position\":1,\"name\":\"Home\",\"item\":\"https:\/\/falco.ee\/et\/\"},{\"@type\":\"ListItem\",\"position\":2,\"name\":\"Shop\",\"item\":\"https:\/\/falco.ee\/shop\/\"},{\"@type\":\"ListItem\",\"position\":3,\"name\":\"Trophy Vintage\"}]},{\"@type\":\"WebSite\",\"@id\":\"https:\/\/falco.ee\/et\/#website\",\"url\":\"https:\/\/falco.ee\/et\/\",\"name\":\"Falco vibuvarustus\",\"description\":\"\",\"potentialAction\":[{\"@type\":\"SearchAction\",\"target\":{\"@type\":\"EntryPoint\",\"urlTemplate\":\"https:\/\/falco.ee\/et\/?s={search_term_string}\"},\"query-input\":{\"@type\":\"PropertyValueSpecification\",\"valueRequired\":true,\"valueName\":\"search_term_string\"}}],\"inLanguage\":\"et\"}]}<\/script>\n<!-- \/ Yoast SEO plugin. -->","yoast_head_json":{"title":"Trophy Vintage - Falco vibuvarustus","robots":{"index":"index","follow":"follow","max-snippet":"max-snippet:-1","max-image-preview":"max-image-preview:large","max-video-preview":"max-video-preview:-1"},"canonical":"https:\/\/falco.ee\/et\/toode\/trophy-vintage\/","og_locale":"et_EE","og_type":"article","og_title":"Trophy Vintage - Falco vibuvarustus","og_description":"Alates \u20ac430  T\u00f5mbetugevus: 25#-60#  Vibu pikkus: 64\" 66\" 68\" 70\"\u00a0  Hind sisaldab 22% KM","og_url":"https:\/\/falco.ee\/et\/toode\/trophy-vintage\/","og_site_name":"Falco vibuvarustus","article_modified_time":"2025-01-23T17:08:20+00:00","og_image":[{"width":571,"height":800,"url":"https:\/\/falco.ee\/wp-content\/uploads\/2023\/08\/trophy-vintage-001_31.png","type":"image\/png"}],"twitter_card":"summary_large_image","twitter_misc":{"Est. reading time":"4 minutit"},"schema":{"@context":"https:\/\/schema.org","@graph":[{"@type":"WebPage","@id":"https:\/\/falco.ee\/et\/toode\/trophy-vintage\/","url":"https:\/\/falco.ee\/et\/toode\/trophy-vintage\/","name":"Trophy Vintage - Falco vibuvarustus","isPartOf":{"@id":"https:\/\/falco.ee\/et\/#website"},"primaryImageOfPage":{"@id":"https:\/\/falco.ee\/et\/toode\/trophy-vintage\/#primaryimage"},"image":{"@id":"https:\/\/falco.ee\/et\/toode\/trophy-vintage\/#primaryimage"},"thumbnailUrl":"https:\/\/falco.ee\/wp-content\/uploads\/2023\/08\/trophy-vintage-001_31.png","datePublished":"2023-08-17T13:04:54+00:00","dateModified":"2025-01-23T17:08:20+00:00","breadcrumb":{"@id":"https:\/\/falco.ee\/et\/toode\/trophy-vintage\/#breadcrumb"},"inLanguage":"et","potentialAction":[{"@type":"ReadAction","target":["https:\/\/falco.ee\/et\/toode\/trophy-vintage\/"]}]},{"@type":"ImageObject","inLanguage":"et","@id":"https:\/\/falco.ee\/et\/toode\/trophy-vintage\/#primaryimage","url":"https:\/\/falco.ee\/wp-content\/uploads\/2023\/08\/trophy-vintage-001_31.png","contentUrl":"https:\/\/falco.ee\/wp-content\/uploads\/2023\/08\/trophy-vintage-001_31.png","width":571,"height":800},{"@type":"BreadcrumbList","@id":"https:\/\/falco.ee\/et\/toode\/trophy-vintage\/#breadcrumb","itemListElement":[{"@type":"ListItem","position":1,"name":"Home","item":"https:\/\/falco.ee\/et\/"},{"@type":"ListItem","position":2,"name":"Shop","item":"https:\/\/falco.ee\/shop\/"},{"@type":"ListItem","position":3,"name":"Trophy Vintage"}]},{"@type":"WebSite","@id":"https:\/\/falco.ee\/et\/#website","url":"https:\/\/falco.ee\/et\/","name":"Falco vibuvarustus","description":"","potentialAction":[{"@type":"SearchAction","target":{"@type":"EntryPoint","urlTemplate":"https:\/\/falco.ee\/et\/?s={search_term_string}"},"query-input":{"@type":"PropertyValueSpecification","valueRequired":true,"valueName":"search_term_string"}}],"inLanguage":"et"}]}},"_links":{"self":[{"href":"https:\/\/falco.ee\/et\/wp-json\/wp\/v2\/product\/3878","targetHints":{"allow":["GET"]}}],"collection":[{"href":"https:\/\/falco.ee\/et\/wp-json\/wp\/v2\/product"}],"about":[{"href":"https:\/\/falco.ee\/et\/wp-json\/wp\/v2\/types\/product"}],"replies":[{"embeddable":true,"href":"https:\/\/falco.ee\/et\/wp-json\/wp\/v2\/comments?post=3878"}],"wp:featuredmedia":[{"embeddable":true,"href":"https:\/\/falco.ee\/et\/wp-json\/wp\/v2\/media\/3405"}],"wp:attachment":[{"href":"https:\/\/falco.ee\/et\/wp-json\/wp\/v2\/media?parent=3878"}],"wp:term":[{"taxonomy":"product_brand","embeddable":true,"href":"https:\/\/falco.ee\/et\/wp-json\/wp\/v2\/product_brand?post=3878"},{"taxonomy":"product_cat","embeddable":true,"href":"https:\/\/falco.ee\/et\/wp-json\/wp\/v2\/product_cat?post=3878"},{"taxonomy":"product_tag","embeddable":true,"href":"https:\/\/falco.ee\/et\/wp-json\/wp\/v2\/product_tag?post=3878"}],"curies":[{"name":"wp","href":"https:\/\/api.w.org\/{rel}","templated":true}]}}