{"id":3877,"date":"2023-08-17T15:59:20","date_gmt":"2023-08-17T12:59:20","guid":{"rendered":"https:\/\/falco.sdhost.eu\/product\/force-vintage\/"},"modified":"2025-12-21T12:14:38","modified_gmt":"2025-12-21T10:14:38","slug":"force-vintage","status":"publish","type":"product","link":"https:\/\/falco.ee\/et\/toode\/force-vintage\/","title":{"rendered":"Force Vintage"},"content":{"rendered":"<div class=\"node body\">\n<h2><b><strong>LISAHINNAD, V\u00d5RRELDES TAVAMUDELIGA:<\/strong><\/b><\/h2>\n<table style=\"font-weight: 400;\">\n<tbody>\n<tr>\n<td>Bambusliistud (<a href=\"http:\/\/home.falco.ee\/products_eng\/falco_longbows\/#bamboo\">what is this?<\/a>)<\/td>\n<td><b><strong>40\u20ac (asendab vahtraliiste)<\/strong><\/b><\/td>\n<\/tr>\n<tr>\n<td>S\u00fcsinik-tugevduslaminaat<\/td>\n<td><b><strong>30 \u20ac (Standardina \u00fcks kiht)<\/strong><\/b><\/td>\n<\/tr>\n<tr>\n<td>100% teemant-s\u00fcsinik (<a href=\"http:\/\/home.falco.ee\/products_eng\/falco_longbows\/#diamondcarbon\">what is this?<\/a>)<\/td>\n<td><b><strong>60 \u20ac<\/strong><\/b><\/td>\n<\/tr>\n<tr>\n<td>L\u00e4iklakk &amp; poleerimine<\/td>\n<td><b><strong>40 \u20ac<\/strong><\/b><\/td>\n<\/tr>\n<\/tbody>\n<\/table>\n<p style=\"font-weight: 400;\"><b><strong>Eripakkumine: ostes selle vibu, saate Falco ekslusiivse pikkvibu koti vaid 25\u20ac eest (<a href=\"https:\/\/falco.ee\/product\/falco-longbow-cover-felt-by-must-mood\/\">vaata siia<\/a>)<\/strong><\/b><\/p>\n<p style=\"font-weight: 400;\"><b><strong>Profiil:\u00a0<\/strong><\/b>S\u00fcgav reflex-deflex, standardina nn. p\u00fcstolk\u00e4epide, mis on v\u00f5rreldes traditsioonilisega kaarte suhtes ettepoole siirdatud<\/p>\n<p style=\"font-weight: 400;\"><b><strong>K\u00e4epideme puiduliigid:\u00a0<\/strong><\/b>Palisander, karjala kask, padouk, zebrano, ameerika p\u00e4hkel, bocote, cocobolo, wenge, lacewood jne.<\/p>\n<p style=\"font-weight: 400;\"><b><strong>Vibu esi- ja tagak\u00fclg:\u00a0<\/strong><\/b>L\u00e4bipaistva klaasplastlaminaadi all kasutatavad iluspoonid (vt v\u00f5imalusi galeriis)<\/p>\n<p style=\"font-weight: 400;\"><b><strong>K\u00e4elisus:\u00a0<\/strong><\/b>Paremak\u00e4eline RH v\u00f5i vasakuk\u00e4eline LH mudel (hind sama kui RH)<\/p>\n<p style=\"font-weight: 400;\"><b><strong>S\u00fcsinik-tugevduslaminaat:\u00a0<\/strong><\/b>Standardina \u00fcks kiht<\/p>\n<p style=\"font-weight: 400;\"><b><strong>Viimistluslakk:\u00a0<\/strong><\/b>Satiinmatt, eritellimusel k\u00f5rgl\u00e4ige<\/p>\n<p style=\"font-weight: 400;\"><b><strong>Vibun\u00f6\u00f6r:\u00a0<\/strong><\/b>K\u00e4sitsi punutud Spectra Flemish (Fast Flight)<\/p>\n<p style=\"font-weight: 400;\"><b><strong>Nooleriiul:\u00a0<\/strong><\/b>Naturaalne karusnahk<\/p>\n<h2><b><strong>FAQ ABOUT THIS MODEL<\/strong><\/b><\/h2>\n<ul style=\"font-weight: 400;\">\n<li style=\"list-style-type: none;\">\n<ul style=\"font-weight: 400;\">\n<li><b><strong>What is the recommended brace height for this model?<\/strong><\/b><br \/>\nWe suggest starting to test arrow flight at around brace height 7.5&#8243; but optimal arrow flight is what will determine the best brace height. On this bow, you are most likely to find optimal flight between 7&#8243; &#8211; 8&#8243;, but may experiment also with longer (up to 8.5&#8243;)<\/li>\n<li><b><strong>Is string included? What sort of a string?<\/strong><\/b><br \/>\nYes, the model comes with a Spectra Flemish string. The number of string strands depends on the weight of the bow (14, 16 or 18)<\/li>\n<li><b><strong>Is this model IFAA\/NFAA legal?<\/strong><\/b><br \/>\nYes<\/li>\n<li><b><strong>Is this model WA legal?<\/strong><\/b><br \/>\nYes<\/li>\n<li><b><strong>Can this model be cut past centre?<\/strong><\/b><br \/>\nThis model can only be cut past centre if the bow is light in draw weight. The Force has a slim handle that is designed to comply with IFAA rules where cutting past centre is prohibited so it is done only upon special request and on bows below 40#. Price addition may apply. As default, the model comes with a rest cut almost to centre.<\/li>\n<\/ul>\n<\/li>\n<\/ul>\n<ul style=\"font-weight: 400;\">\n<li><b><strong>What arrows would you recommend for this bow?<\/strong><\/b><br \/>\nAlthough all main types of arrows (wooden, aluminum, carbon) could be used with this bow, the authentic choice would be to use wooden arrows. For optimum performance and highest quality, we suggest our hand-picked\u00a0<a href=\"http:\/\/www.falco.ee\/arrow\/eng\/\">Premium model arrows<\/a>\u00a0which are the choice for many European and World Champions and medalists. The choice of wooden arrows depends on your bowand your own personal characteristics (write email@falco.ee in case of questions).<\/li>\n<\/ul>\n<\/div>\n","protected":false},"excerpt":{"rendered":"<ul>\n<li>Alates \u20ac549.00<\/li>\n<li>T\u00f5mbetugevus: <span style=\"color: #844d2b;\"><em><strong>25#-60#<\/strong><\/em><\/span><\/li>\n<li>Vibu pikkus: <span style=\"color: #844d2b;\"><em><strong>64&#8243; 66&#8243; 68&#8243; v\u00f5i 70<\/strong><\/em><\/span><em><strong><span style=\"color: #844d2b;\">&#8220;<\/span><\/strong><\/em><em><strong><span style=\"color: #844d2b;\">\u00a0<\/span><\/strong><\/em><\/li>\n<li>Hind sisaldab 22% KM<\/li>\n<\/ul>\n","protected":false},"featured_media":3354,"comment_status":"open","ping_status":"closed","template":"","meta":[],"product_brand":[],"product_cat":[304],"product_tag":[],"class_list":{"0":"post-3877","1":"product","2":"type-product","3":"status-publish","4":"has-post-thumbnail","6":"product_cat-falco-longbows-et","8":"first","9":"instock","10":"shipping-taxable","11":"purchasable","12":"product-type-simple"},"acf":[],"yoast_head":"<!-- This site is optimized with the Yoast SEO plugin v27.2 - https:\/\/yoast.com\/product\/yoast-seo-wordpress\/ -->\n<title>Force Vintage - Falco vibuvarustus<\/title>\n<meta name=\"robots\" content=\"index, follow, max-snippet:-1, max-image-preview:large, max-video-preview:-1\" \/>\n<link rel=\"canonical\" href=\"https:\/\/falco.ee\/et\/toode\/force-vintage\/\" \/>\n<meta property=\"og:locale\" content=\"et_EE\" \/>\n<meta property=\"og:type\" content=\"article\" \/>\n<meta property=\"og:title\" content=\"Force Vintage - Falco vibuvarustus\" \/>\n<meta property=\"og:description\" content=\"Alates \u20ac549.00  T\u00f5mbetugevus: 25#-60#  Vibu pikkus: 64&quot; 66&quot; 68&quot; v\u00f5i 70&quot;\u00a0  Hind sisaldab 22% KM\" \/>\n<meta property=\"og:url\" content=\"https:\/\/falco.ee\/et\/toode\/force-vintage\/\" \/>\n<meta property=\"og:site_name\" content=\"Falco vibuvarustus\" \/>\n<meta property=\"article:modified_time\" content=\"2025-12-21T10:14:38+00:00\" \/>\n<meta property=\"og:image\" content=\"https:\/\/falco.ee\/wp-content\/uploads\/2023\/08\/force-vintage001_11.png\" \/>\n\t<meta property=\"og:image:width\" content=\"571\" \/>\n\t<meta property=\"og:image:height\" content=\"800\" \/>\n\t<meta property=\"og:image:type\" content=\"image\/png\" \/>\n<meta name=\"twitter:card\" content=\"summary_large_image\" \/>\n<meta name=\"twitter:label1\" content=\"Est. reading time\" \/>\n\t<meta name=\"twitter:data1\" content=\"2 minutit\" \/>\n<script type=\"application\/ld+json\" class=\"yoast-schema-graph\">{\"@context\":\"https:\/\/schema.org\",\"@graph\":[{\"@type\":\"WebPage\",\"@id\":\"https:\/\/falco.ee\/et\/toode\/force-vintage\/\",\"url\":\"https:\/\/falco.ee\/et\/toode\/force-vintage\/\",\"name\":\"Force Vintage - Falco vibuvarustus\",\"isPartOf\":{\"@id\":\"https:\/\/falco.ee\/et\/#website\"},\"primaryImageOfPage\":{\"@id\":\"https:\/\/falco.ee\/et\/toode\/force-vintage\/#primaryimage\"},\"image\":{\"@id\":\"https:\/\/falco.ee\/et\/toode\/force-vintage\/#primaryimage\"},\"thumbnailUrl\":\"https:\/\/falco.ee\/wp-content\/uploads\/2023\/08\/force-vintage001_11.png\",\"datePublished\":\"2023-08-17T12:59:20+00:00\",\"dateModified\":\"2025-12-21T10:14:38+00:00\",\"breadcrumb\":{\"@id\":\"https:\/\/falco.ee\/et\/toode\/force-vintage\/#breadcrumb\"},\"inLanguage\":\"et\",\"potentialAction\":[{\"@type\":\"ReadAction\",\"target\":[\"https:\/\/falco.ee\/et\/toode\/force-vintage\/\"]}]},{\"@type\":\"ImageObject\",\"inLanguage\":\"et\",\"@id\":\"https:\/\/falco.ee\/et\/toode\/force-vintage\/#primaryimage\",\"url\":\"https:\/\/falco.ee\/wp-content\/uploads\/2023\/08\/force-vintage001_11.png\",\"contentUrl\":\"https:\/\/falco.ee\/wp-content\/uploads\/2023\/08\/force-vintage001_11.png\",\"width\":571,\"height\":800},{\"@type\":\"BreadcrumbList\",\"@id\":\"https:\/\/falco.ee\/et\/toode\/force-vintage\/#breadcrumb\",\"itemListElement\":[{\"@type\":\"ListItem\",\"position\":1,\"name\":\"Home\",\"item\":\"https:\/\/falco.ee\/et\/\"},{\"@type\":\"ListItem\",\"position\":2,\"name\":\"Shop\",\"item\":\"https:\/\/falco.ee\/shop\/\"},{\"@type\":\"ListItem\",\"position\":3,\"name\":\"Force Vintage\"}]},{\"@type\":\"WebSite\",\"@id\":\"https:\/\/falco.ee\/et\/#website\",\"url\":\"https:\/\/falco.ee\/et\/\",\"name\":\"Falco vibuvarustus\",\"description\":\"\",\"potentialAction\":[{\"@type\":\"SearchAction\",\"target\":{\"@type\":\"EntryPoint\",\"urlTemplate\":\"https:\/\/falco.ee\/et\/?s={search_term_string}\"},\"query-input\":{\"@type\":\"PropertyValueSpecification\",\"valueRequired\":true,\"valueName\":\"search_term_string\"}}],\"inLanguage\":\"et\"}]}<\/script>\n<!-- \/ Yoast SEO plugin. -->","yoast_head_json":{"title":"Force Vintage - Falco vibuvarustus","robots":{"index":"index","follow":"follow","max-snippet":"max-snippet:-1","max-image-preview":"max-image-preview:large","max-video-preview":"max-video-preview:-1"},"canonical":"https:\/\/falco.ee\/et\/toode\/force-vintage\/","og_locale":"et_EE","og_type":"article","og_title":"Force Vintage - Falco vibuvarustus","og_description":"Alates \u20ac549.00  T\u00f5mbetugevus: 25#-60#  Vibu pikkus: 64\" 66\" 68\" v\u00f5i 70\"\u00a0  Hind sisaldab 22% KM","og_url":"https:\/\/falco.ee\/et\/toode\/force-vintage\/","og_site_name":"Falco vibuvarustus","article_modified_time":"2025-12-21T10:14:38+00:00","og_image":[{"width":571,"height":800,"url":"https:\/\/falco.ee\/wp-content\/uploads\/2023\/08\/force-vintage001_11.png","type":"image\/png"}],"twitter_card":"summary_large_image","twitter_misc":{"Est. reading time":"2 minutit"},"schema":{"@context":"https:\/\/schema.org","@graph":[{"@type":"WebPage","@id":"https:\/\/falco.ee\/et\/toode\/force-vintage\/","url":"https:\/\/falco.ee\/et\/toode\/force-vintage\/","name":"Force Vintage - Falco vibuvarustus","isPartOf":{"@id":"https:\/\/falco.ee\/et\/#website"},"primaryImageOfPage":{"@id":"https:\/\/falco.ee\/et\/toode\/force-vintage\/#primaryimage"},"image":{"@id":"https:\/\/falco.ee\/et\/toode\/force-vintage\/#primaryimage"},"thumbnailUrl":"https:\/\/falco.ee\/wp-content\/uploads\/2023\/08\/force-vintage001_11.png","datePublished":"2023-08-17T12:59:20+00:00","dateModified":"2025-12-21T10:14:38+00:00","breadcrumb":{"@id":"https:\/\/falco.ee\/et\/toode\/force-vintage\/#breadcrumb"},"inLanguage":"et","potentialAction":[{"@type":"ReadAction","target":["https:\/\/falco.ee\/et\/toode\/force-vintage\/"]}]},{"@type":"ImageObject","inLanguage":"et","@id":"https:\/\/falco.ee\/et\/toode\/force-vintage\/#primaryimage","url":"https:\/\/falco.ee\/wp-content\/uploads\/2023\/08\/force-vintage001_11.png","contentUrl":"https:\/\/falco.ee\/wp-content\/uploads\/2023\/08\/force-vintage001_11.png","width":571,"height":800},{"@type":"BreadcrumbList","@id":"https:\/\/falco.ee\/et\/toode\/force-vintage\/#breadcrumb","itemListElement":[{"@type":"ListItem","position":1,"name":"Home","item":"https:\/\/falco.ee\/et\/"},{"@type":"ListItem","position":2,"name":"Shop","item":"https:\/\/falco.ee\/shop\/"},{"@type":"ListItem","position":3,"name":"Force Vintage"}]},{"@type":"WebSite","@id":"https:\/\/falco.ee\/et\/#website","url":"https:\/\/falco.ee\/et\/","name":"Falco vibuvarustus","description":"","potentialAction":[{"@type":"SearchAction","target":{"@type":"EntryPoint","urlTemplate":"https:\/\/falco.ee\/et\/?s={search_term_string}"},"query-input":{"@type":"PropertyValueSpecification","valueRequired":true,"valueName":"search_term_string"}}],"inLanguage":"et"}]}},"_links":{"self":[{"href":"https:\/\/falco.ee\/et\/wp-json\/wp\/v2\/product\/3877","targetHints":{"allow":["GET"]}}],"collection":[{"href":"https:\/\/falco.ee\/et\/wp-json\/wp\/v2\/product"}],"about":[{"href":"https:\/\/falco.ee\/et\/wp-json\/wp\/v2\/types\/product"}],"replies":[{"embeddable":true,"href":"https:\/\/falco.ee\/et\/wp-json\/wp\/v2\/comments?post=3877"}],"wp:featuredmedia":[{"embeddable":true,"href":"https:\/\/falco.ee\/et\/wp-json\/wp\/v2\/media\/3354"}],"wp:attachment":[{"href":"https:\/\/falco.ee\/et\/wp-json\/wp\/v2\/media?parent=3877"}],"wp:term":[{"taxonomy":"product_brand","embeddable":true,"href":"https:\/\/falco.ee\/et\/wp-json\/wp\/v2\/product_brand?post=3877"},{"taxonomy":"product_cat","embeddable":true,"href":"https:\/\/falco.ee\/et\/wp-json\/wp\/v2\/product_cat?post=3877"},{"taxonomy":"product_tag","embeddable":true,"href":"https:\/\/falco.ee\/et\/wp-json\/wp\/v2\/product_tag?post=3877"}],"curies":[{"name":"wp","href":"https:\/\/api.w.org\/{rel}","templated":true}]}}