{"id":3873,"date":"2023-08-18T09:28:44","date_gmt":"2023-08-18T06:28:44","guid":{"rendered":"https:\/\/falco.sdhost.eu\/product\/spirit-2\/"},"modified":"2026-01-17T10:07:04","modified_gmt":"2026-01-17T08:07:04","slug":"spirit-2","status":"publish","type":"product","link":"https:\/\/falco.ee\/et\/toode\/spirit-2\/","title":{"rendered":"Spirit"},"content":{"rendered":"<p><strong>245\u00a0\u20ac, t\u00f5mbetugevus\u00a025-40# ( 11,3- 18,1 kg)<\/strong><\/p>\n<p><strong>255\u00a0\u20ac, t\u00f5mbetugevus\u00a0 41-50# ( 18,6- 22,7 kg)<\/strong><\/p>\n<p><strong>265\u00a0\u20ac, t\u00f5mbetugevus\u00a0 51-60# ( 23,0- 27,0 kg)<\/strong><\/p>\n<p><strong>275\u00a0\u20ac for draw weights over 60#<\/strong><\/p>\n<h2><strong>LISAHINNAD, V\u00d5RRELDES TAVAMUDELIGA:<\/strong><\/h2>\n<table class=\"table\" border=\"0\" cellspacing=\"1\" cellpadding=\"1\">\n<tbody>\n<tr>\n<td>Bambusliistud (<a href=\"http:\/\/home.falco.ee\/products_eng\/falco_longbows\/#bamboo\" target=\"_blank\" rel=\"noopener\">what is this?<\/a>)<\/td>\n<td><strong>40 \u20ac (asendab vahtraliiste)<\/strong><\/td>\n<\/tr>\n<tr>\n<td>S\u00fcsinik-tugevduslaminaat<\/td>\n<td><strong>30 \u20ac\/kiht<\/strong><\/td>\n<\/tr>\n<tr>\n<td>100% teemants\u00fcsinik (<a href=\"http:\/\/home.falco.ee\/products_eng\/falco_longbows\/#diamondcarbon\" target=\"_blank\" rel=\"noopener\">what is this?<\/a>)<\/td>\n<td><strong>60 \u20ac<\/strong><\/td>\n<\/tr>\n<tr>\n<td>P\u00fcstolk\u00e4epide<\/td>\n<td><strong>30 \u20ac<\/strong><\/td>\n<\/tr>\n<tr>\n<td>L\u00e4iklakk &amp; poleerimine<\/td>\n<td><strong>40 \u20ac<\/strong><\/td>\n<\/tr>\n<\/tbody>\n<\/table>\n<p><strong>Eripakkumine: ostes selle vibu, saate Falco ekslusiivse pikkvibu koti vaid 25\u20ac eest\u00a0(<a href=\"https:\/\/falco.ee\/product\/falco-longbow-cover-felt-by-must-mood\/\">vt siin<\/a>)<\/strong><\/p>\n<p>Falco Spirit on vibumudel, mida kasutavad\u00a0nii paljud v\u00f5istlejad\u00a0kui ka t\u00f5sised harrastajad. T\u00e4nu soodsale hinnatasemele, kuid hoolimata sellest ikkagi v\u00e4ga h\u00e4id laskmisomadusi pakkuvale konstruktsioonile, on Spirit laskurite seas t\u00f5eliselt soositud. Vibu deflex-reflex profiil ja saledad, kiirusele orienteeritud\u00a0kujuga\u00a0vibukaarte otsad tagavad\u00a0noolele suure l\u00e4htekiiruse.<\/p>\n<p>Samas on vibu mugav k\u00e4es hoida ja toimib t\u00f5mmates pehmelt ning on lasu hetkel praktiliselt ilma\u00a0<em>handshocki<\/em>\u00a0ehk p\u00f5rutuseta. Spiritit on v\u00f5imalik tellida ka veelgi kiirema versioonina, kus lisaks\u00a0 klaasplastikule\u00a0lisame ka s\u00fcsinik- ehk\u00a0<em>carbon<\/em>-laminaate.<\/p>\n<p>Falco vibudele omaselt on ka Spiriti k\u00e4epide s\u00fcvistatud s\u00f5rmel\u00f5ikega, mis annab laskurile v\u00f5imaluse paremini vibuhaaret kontrollida.<\/p>\n<p><strong>Profiil:\u00a0<\/strong>Reflex-deflex<\/p>\n<p><strong>V\u00e4rvivalik:<\/strong>\u00a0Erinevad peitsitoonid nagu teak, palisander, vask, p\u00e4hkel, veinipunane, metsaroheline, oliiv, oranz, must, sinine jne.<\/p>\n<p><strong>K\u00e4elisus:\u00a0<\/strong>Paremak\u00e4eline RH v\u00f5i vasakuk\u00e4eline LH mudel (hind sama kui RH)<\/p>\n<p><strong>Vibun\u00f6\u00f6r:\u00a0<\/strong>Spectra Flemish (Fast Flight)<\/p>\n<p><strong>Nooleriiul:<\/strong><strong>\u00a0<\/strong>Naturaalne karusnahk<\/p>\n<h2><strong>FAQ ABOUT THIS MODEL<\/strong><\/h2>\n<ul>\n<li><strong>What is the recommended brace height for this model?<\/strong><br \/>\nWe suggest starting to test arrow flight at around brace height 7.5&#8243; but optimal arrow flight is what will determine the best brace height. On this bow, you are most likely to find optimal flight between 7&#8243; &#8211; 8&#8243;, but may experiment also with longer (up to 8.5&#8243;)<\/li>\n<li><strong>Is string included? What sort of a string?<\/strong><br \/>\nYes, the model comes with a Spectra Flemish string. The number of string strands depends on the weight of the bow (14, 16 or 18)<\/li>\n<li><strong>Is this model IFAA\/NFAA legal?<\/strong><br \/>\nYes<\/li>\n<li><strong>Is this model WA legal?<\/strong><br \/>\nYes<\/li>\n<li><strong>Can this model be cut past centre?<\/strong><br \/>\nThis model can only be cut past centre if the bow is light in draw weight. The Trophy has a slim handle that is designed to comply with IFAA rules where cutting past centre is prohibited so it is done only upon special request and on bows below 40#. Price addition may apply. As default, the model comes with a rest cut almost to centre.<\/li>\n<li><strong>What arrows would you recommend for this bow?<\/strong>`<br \/>\nAlthough all main types of arrows (wooden, aluminum, carbon) could be used with this bow, the authentic choice would be to use wooden arrows. For optimum performance and highest quality, we suggest our hand-picked\u00a0<a href=\"http:\/\/www.falco.ee\/arrow\/eng\/\">Premium model arrows<\/a>\u00a0which are the choice for many European and World Champions and medalists. The choice of wooden arrows depends on your bowand your own personal characteristics (write email@falco.ee in case of questions).<\/li>\n<\/ul>\n","protected":false},"excerpt":{"rendered":"<ul>\n<li>Alates \u20ac250<\/li>\n<li>Draw length: <span style=\"color: #844d2b;\"><em><strong>20#-60#<\/strong><\/em><\/span><\/li>\n<li>Bow length: <span style=\"color: #844d2b;\"><em><strong>64&#8243; 66&#8243; 68&#8243; 70<\/strong><\/em><\/span><em><strong><span style=\"color: #844d2b;\">&#8220;<\/span><\/strong><\/em><em><strong><span style=\"color: #844d2b;\">\u00a0<\/span><\/strong><\/em><\/li>\n<li>Hind sisaldab 22% KM<\/li>\n<\/ul>\n","protected":false},"featured_media":3507,"comment_status":"open","ping_status":"closed","template":"","meta":[],"product_brand":[],"product_cat":[304],"product_tag":[],"class_list":{"0":"post-3873","1":"product","2":"type-product","3":"status-publish","4":"has-post-thumbnail","6":"product_cat-falco-longbows-et","8":"first","9":"instock","10":"shipping-taxable","11":"purchasable","12":"product-type-simple"},"acf":[],"yoast_head":"<!-- This site is optimized with the Yoast SEO plugin v27.2 - https:\/\/yoast.com\/product\/yoast-seo-wordpress\/ -->\n<title>Spirit - Falco vibuvarustus<\/title>\n<meta name=\"robots\" content=\"index, follow, max-snippet:-1, max-image-preview:large, max-video-preview:-1\" \/>\n<link rel=\"canonical\" href=\"https:\/\/falco.ee\/et\/toode\/spirit-2\/\" \/>\n<meta property=\"og:locale\" content=\"et_EE\" \/>\n<meta property=\"og:type\" content=\"article\" \/>\n<meta property=\"og:title\" content=\"Spirit - Falco vibuvarustus\" \/>\n<meta property=\"og:description\" content=\"Alates \u20ac250  Draw length: 20#-60#  Bow length: 64&quot; 66&quot; 68&quot; 70&quot;\u00a0  Hind sisaldab 22% KM\" \/>\n<meta property=\"og:url\" content=\"https:\/\/falco.ee\/et\/toode\/spirit-2\/\" \/>\n<meta property=\"og:site_name\" content=\"Falco vibuvarustus\" \/>\n<meta property=\"article:modified_time\" content=\"2026-01-17T08:07:04+00:00\" \/>\n<meta property=\"og:image\" content=\"https:\/\/falco.ee\/wp-content\/uploads\/2023\/08\/spirit1.png\" \/>\n\t<meta property=\"og:image:width\" content=\"400\" \/>\n\t<meta property=\"og:image:height\" content=\"560\" \/>\n\t<meta property=\"og:image:type\" content=\"image\/png\" \/>\n<meta name=\"twitter:card\" content=\"summary_large_image\" \/>\n<meta name=\"twitter:label1\" content=\"Est. reading time\" \/>\n\t<meta name=\"twitter:data1\" content=\"3 minutit\" \/>\n<script type=\"application\/ld+json\" class=\"yoast-schema-graph\">{\"@context\":\"https:\/\/schema.org\",\"@graph\":[{\"@type\":\"WebPage\",\"@id\":\"https:\/\/falco.ee\/et\/toode\/spirit-2\/\",\"url\":\"https:\/\/falco.ee\/et\/toode\/spirit-2\/\",\"name\":\"Spirit - Falco vibuvarustus\",\"isPartOf\":{\"@id\":\"https:\/\/falco.ee\/et\/#website\"},\"primaryImageOfPage\":{\"@id\":\"https:\/\/falco.ee\/et\/toode\/spirit-2\/#primaryimage\"},\"image\":{\"@id\":\"https:\/\/falco.ee\/et\/toode\/spirit-2\/#primaryimage\"},\"thumbnailUrl\":\"https:\/\/falco.ee\/wp-content\/uploads\/2023\/08\/spirit1.png\",\"datePublished\":\"2023-08-18T06:28:44+00:00\",\"dateModified\":\"2026-01-17T08:07:04+00:00\",\"breadcrumb\":{\"@id\":\"https:\/\/falco.ee\/et\/toode\/spirit-2\/#breadcrumb\"},\"inLanguage\":\"et\",\"potentialAction\":[{\"@type\":\"ReadAction\",\"target\":[\"https:\/\/falco.ee\/et\/toode\/spirit-2\/\"]}]},{\"@type\":\"ImageObject\",\"inLanguage\":\"et\",\"@id\":\"https:\/\/falco.ee\/et\/toode\/spirit-2\/#primaryimage\",\"url\":\"https:\/\/falco.ee\/wp-content\/uploads\/2023\/08\/spirit1.png\",\"contentUrl\":\"https:\/\/falco.ee\/wp-content\/uploads\/2023\/08\/spirit1.png\",\"width\":400,\"height\":560},{\"@type\":\"BreadcrumbList\",\"@id\":\"https:\/\/falco.ee\/et\/toode\/spirit-2\/#breadcrumb\",\"itemListElement\":[{\"@type\":\"ListItem\",\"position\":1,\"name\":\"Home\",\"item\":\"https:\/\/falco.ee\/et\/\"},{\"@type\":\"ListItem\",\"position\":2,\"name\":\"Shop\",\"item\":\"https:\/\/falco.ee\/shop\/\"},{\"@type\":\"ListItem\",\"position\":3,\"name\":\"Spirit\"}]},{\"@type\":\"WebSite\",\"@id\":\"https:\/\/falco.ee\/et\/#website\",\"url\":\"https:\/\/falco.ee\/et\/\",\"name\":\"Falco vibuvarustus\",\"description\":\"\",\"potentialAction\":[{\"@type\":\"SearchAction\",\"target\":{\"@type\":\"EntryPoint\",\"urlTemplate\":\"https:\/\/falco.ee\/et\/?s={search_term_string}\"},\"query-input\":{\"@type\":\"PropertyValueSpecification\",\"valueRequired\":true,\"valueName\":\"search_term_string\"}}],\"inLanguage\":\"et\"}]}<\/script>\n<!-- \/ Yoast SEO plugin. -->","yoast_head_json":{"title":"Spirit - Falco vibuvarustus","robots":{"index":"index","follow":"follow","max-snippet":"max-snippet:-1","max-image-preview":"max-image-preview:large","max-video-preview":"max-video-preview:-1"},"canonical":"https:\/\/falco.ee\/et\/toode\/spirit-2\/","og_locale":"et_EE","og_type":"article","og_title":"Spirit - Falco vibuvarustus","og_description":"Alates \u20ac250  Draw length: 20#-60#  Bow length: 64\" 66\" 68\" 70\"\u00a0  Hind sisaldab 22% KM","og_url":"https:\/\/falco.ee\/et\/toode\/spirit-2\/","og_site_name":"Falco vibuvarustus","article_modified_time":"2026-01-17T08:07:04+00:00","og_image":[{"width":400,"height":560,"url":"https:\/\/falco.ee\/wp-content\/uploads\/2023\/08\/spirit1.png","type":"image\/png"}],"twitter_card":"summary_large_image","twitter_misc":{"Est. reading time":"3 minutit"},"schema":{"@context":"https:\/\/schema.org","@graph":[{"@type":"WebPage","@id":"https:\/\/falco.ee\/et\/toode\/spirit-2\/","url":"https:\/\/falco.ee\/et\/toode\/spirit-2\/","name":"Spirit - Falco vibuvarustus","isPartOf":{"@id":"https:\/\/falco.ee\/et\/#website"},"primaryImageOfPage":{"@id":"https:\/\/falco.ee\/et\/toode\/spirit-2\/#primaryimage"},"image":{"@id":"https:\/\/falco.ee\/et\/toode\/spirit-2\/#primaryimage"},"thumbnailUrl":"https:\/\/falco.ee\/wp-content\/uploads\/2023\/08\/spirit1.png","datePublished":"2023-08-18T06:28:44+00:00","dateModified":"2026-01-17T08:07:04+00:00","breadcrumb":{"@id":"https:\/\/falco.ee\/et\/toode\/spirit-2\/#breadcrumb"},"inLanguage":"et","potentialAction":[{"@type":"ReadAction","target":["https:\/\/falco.ee\/et\/toode\/spirit-2\/"]}]},{"@type":"ImageObject","inLanguage":"et","@id":"https:\/\/falco.ee\/et\/toode\/spirit-2\/#primaryimage","url":"https:\/\/falco.ee\/wp-content\/uploads\/2023\/08\/spirit1.png","contentUrl":"https:\/\/falco.ee\/wp-content\/uploads\/2023\/08\/spirit1.png","width":400,"height":560},{"@type":"BreadcrumbList","@id":"https:\/\/falco.ee\/et\/toode\/spirit-2\/#breadcrumb","itemListElement":[{"@type":"ListItem","position":1,"name":"Home","item":"https:\/\/falco.ee\/et\/"},{"@type":"ListItem","position":2,"name":"Shop","item":"https:\/\/falco.ee\/shop\/"},{"@type":"ListItem","position":3,"name":"Spirit"}]},{"@type":"WebSite","@id":"https:\/\/falco.ee\/et\/#website","url":"https:\/\/falco.ee\/et\/","name":"Falco vibuvarustus","description":"","potentialAction":[{"@type":"SearchAction","target":{"@type":"EntryPoint","urlTemplate":"https:\/\/falco.ee\/et\/?s={search_term_string}"},"query-input":{"@type":"PropertyValueSpecification","valueRequired":true,"valueName":"search_term_string"}}],"inLanguage":"et"}]}},"_links":{"self":[{"href":"https:\/\/falco.ee\/et\/wp-json\/wp\/v2\/product\/3873","targetHints":{"allow":["GET"]}}],"collection":[{"href":"https:\/\/falco.ee\/et\/wp-json\/wp\/v2\/product"}],"about":[{"href":"https:\/\/falco.ee\/et\/wp-json\/wp\/v2\/types\/product"}],"replies":[{"embeddable":true,"href":"https:\/\/falco.ee\/et\/wp-json\/wp\/v2\/comments?post=3873"}],"wp:featuredmedia":[{"embeddable":true,"href":"https:\/\/falco.ee\/et\/wp-json\/wp\/v2\/media\/3507"}],"wp:attachment":[{"href":"https:\/\/falco.ee\/et\/wp-json\/wp\/v2\/media?parent=3873"}],"wp:term":[{"taxonomy":"product_brand","embeddable":true,"href":"https:\/\/falco.ee\/et\/wp-json\/wp\/v2\/product_brand?post=3873"},{"taxonomy":"product_cat","embeddable":true,"href":"https:\/\/falco.ee\/et\/wp-json\/wp\/v2\/product_cat?post=3873"},{"taxonomy":"product_tag","embeddable":true,"href":"https:\/\/falco.ee\/et\/wp-json\/wp\/v2\/product_tag?post=3873"}],"curies":[{"name":"wp","href":"https:\/\/api.w.org\/{rel}","templated":true}]}}