{"id":3872,"date":"2023-08-18T09:21:51","date_gmt":"2023-08-18T06:21:51","guid":{"rendered":"https:\/\/falco.sdhost.eu\/product\/legend\/"},"modified":"2025-04-11T18:22:59","modified_gmt":"2025-04-11T15:22:59","slug":"legend","status":"publish","type":"product","link":"https:\/\/falco.ee\/et\/toode\/legend\/","title":{"rendered":"Legend"},"content":{"rendered":"<div class=\"node body\">\n<p><strong>185\u20ac, t\u00f5mbetugevus 20-30# (9,1-13,6 kg)<\/strong><\/p>\n<p><strong>195\u20ac, t\u00f5mbetugevus 31-40# (14,0-18,1 kg)<\/strong><\/p>\n<p><strong>205\u20ac, t\u00f5mbetugevus 41-50# (18,6 -22,7 kg)<\/strong><\/p>\n<p><strong>215\u20ac, t\u00f5mbetugevus 51-60# (23,0-27,0 kg)<\/strong><\/p>\n<p><strong>Eripakkumine: ostes selle vibu, saate Falco ekslusiivse pikkvibu koti vaid 25\u20ac eest (<a href=\"https:\/\/falco.ee\/product\/falco-longbow-cover-felt-by-must-mood\/\">vaata siia<\/a>)<\/strong><\/p>\n<p>Falco Legend on\u00a0k\u00f5ige enam toodetud Falco pikkvibumudel, mis \u00f5igustades oma nime on t\u00f5epoolest muutunud juba oma eluajal legendaarseks. Olid ju Legendi protot\u00fc\u00fcbid esimesed eestimaised tootmisse v\u00f5etud longbow-vibud kui aastal 1997 tegime Tartusse Emaj\u00f5e Suveteatrile Robin Hoodi etenduse tarbeks k\u00fcmmekond vibu. Fakt, millest \u00f5igupoolest saigi alguse eestlaste t\u00f5sisem huvi traditsioonilise vibulaskmise vastu, mis t\u00e4naseks p\u00e4evaks on muutunud vibumaailmas juba \u00fcldtuntuks ja teatud m\u00f5ttes isegi fenomeniks.<\/p>\n<p>Samuti tuli esimene\u00a0Euroopa meistritiitel Falcole just Legend vibuga kui Tapani S\u00e4ila krooniti 1999 a. IFAA meistriks.\u00a0\u00a0Aastate jooksul on meie kollektsioon t\u00e4ienenud mitmete t\u00f5husamate\u00a0laskeriistadega,\u00a0aga\u00a0Falco\u00a0Legend pole oma t\u00e4htsust harrastusvibuna kaotanud-\u00a0pigem vastupidi.\u00a0 Aasta-aastalt on toodetud kogused kasvanud ja m\u00fc\u00fck ulatub kaugelt \u00fcle piiride,\u00a0levitades\u00a0seni praktiliselt tundmatut longbow-harrastust l\u00e4hiregiooni riikides nagu Leedu, L\u00e4ti ja n\u00fc\u00fcdseks isegi Venemaa.<\/p>\n<p>Tehniliselt on Legend reflex-profiiliga ehk kaareotsad on vibu vabas olekus kergelt ettepoole painutatud. K\u00e4epidemeosa on sirge, k\u00e4epide ise on k\u00e4sit\u00f6\u00f6na\u00a0 ergonooliselt kujundatud ning\u00a0 Falco vibudele omaselt s\u00fcvistatud s\u00f5rmel\u00f5ikega, mis annab laskurile v\u00f5imaluse paremini vibuhaaret kontrollida.<\/p>\n<p><strong>Profile:<\/strong>\u00a0Reflex<\/p>\n<p><strong>V\u00e4rvivalik:<\/strong>\u00a0Erinevad peitsitoonid nagu teak, palisander, vask, p\u00e4hkel, veinipunane, metsaroheline, oliiv, oranz, must, sinine jne<\/p>\n<p><strong>K\u00e4elisus:<\/strong>\u00a0Paremak\u00e4eline RH v\u00f5i vasakuk\u00e4eline LH mudel (hind sama kui RH)<\/p>\n<p><strong>Vibun\u00f6\u00f6r:<\/strong>\u00a0Dacron<\/p>\n<p><strong>Nooleriiul<\/strong><strong>:<\/strong>\u00a0Tehismaterjal<\/p>\n<h2><strong>FAQ ABOUT THIS MODEL<\/strong><\/h2>\n<ul>\n<li><strong>What is the recommended brace height for this model?<\/strong><br \/>\nWe suggest starting to test arrow flight at around brace height 7.5&#8243; but optimal arrow flight is what will determine the best brace height. On this bow, you are most likely to find optimal flight between 7&#8243; &#8211; 8&#8243;, but may experiment also with longer (up to 8.5&#8243;)<\/li>\n<li><strong>Is string included? What sort of a string?<\/strong><br \/>\nYes, the model comes with a Dacron string. The number of string strands depends on the weight of the bow (14, 16 or 18)<\/li>\n<li><strong>Is this model IFAA\/NFAA legal?<\/strong><br \/>\nNo<\/li>\n<li><strong>Is this model WA legal?<\/strong><br \/>\nYes<\/li>\n<li><strong>Can this model be cut past centre?<\/strong><br \/>\nNo, this is a basic recreational model which is not customizable to centre or past centre cut<\/li>\n<li><strong>What arrows would you recommend for this bow?<\/strong><br \/>\nAlthough all main types of arrows (wooden, aluminum, carbon) could be used with this bow, the authentic choice would be to use wooden arrows. For optimum performance and highest quality, we suggest our hand-picked\u00a0<a href=\"http:\/\/www.falco.ee\/arrow\/eng\/\">Premium model arrows<\/a> which are the choice for many European and World Champions and medalists. The choice of wooden arrows depends on your bow and your own personal characteristics (write email@falco.ee in case of questions).<\/li>\n<\/ul>\n<p>&nbsp;<\/p>\n<\/div>\n","protected":false},"excerpt":{"rendered":"<ul>\n<li>Alates \u20ac185<\/li>\n<li>T\u00f5mbetugevus: <span style=\"color: #844d2b;\"><em><strong>20#-60#<\/strong><\/em><\/span><\/li>\n<li>Vibu pikkus: <span style=\"color: #844d2b;\"><em><strong>64&#8243; 66&#8243; 68&#8243; 70<\/strong><\/em><\/span><em><strong><span style=\"color: #844d2b;\">&#8220;<\/span><\/strong><\/em><em><strong><span style=\"color: #844d2b;\">\u00a0<\/span><\/strong><\/em><\/li>\n<li>Hind sisaldab 22% KM<\/li>\n<\/ul>\n","protected":false},"featured_media":3500,"comment_status":"open","ping_status":"closed","template":"","meta":[],"product_brand":[],"product_cat":[304],"product_tag":[],"class_list":{"0":"post-3872","1":"product","2":"type-product","3":"status-publish","4":"has-post-thumbnail","6":"product_cat-falco-longbows-et","8":"first","9":"instock","10":"shipping-taxable","11":"purchasable","12":"product-type-simple"},"acf":[],"yoast_head":"<!-- This site is optimized with the Yoast SEO plugin v27.2 - https:\/\/yoast.com\/product\/yoast-seo-wordpress\/ -->\n<title>Legend - Falco vibuvarustus<\/title>\n<meta name=\"robots\" content=\"index, follow, max-snippet:-1, max-image-preview:large, max-video-preview:-1\" \/>\n<link rel=\"canonical\" href=\"https:\/\/falco.ee\/et\/toode\/legend\/\" \/>\n<meta property=\"og:locale\" content=\"et_EE\" \/>\n<meta property=\"og:type\" content=\"article\" \/>\n<meta property=\"og:title\" content=\"Legend - Falco vibuvarustus\" \/>\n<meta property=\"og:description\" content=\"Alates \u20ac185  T\u00f5mbetugevus: 20#-60#  Vibu pikkus: 64&quot; 66&quot; 68&quot; 70&quot;\u00a0  Hind sisaldab 22% KM\" \/>\n<meta property=\"og:url\" content=\"https:\/\/falco.ee\/et\/toode\/legend\/\" \/>\n<meta property=\"og:site_name\" content=\"Falco vibuvarustus\" \/>\n<meta property=\"article:modified_time\" content=\"2025-04-11T15:22:59+00:00\" \/>\n<meta property=\"og:image\" content=\"https:\/\/falco.ee\/wp-content\/uploads\/2023\/08\/legend1.png\" \/>\n\t<meta property=\"og:image:width\" content=\"400\" \/>\n\t<meta property=\"og:image:height\" content=\"560\" \/>\n\t<meta property=\"og:image:type\" content=\"image\/png\" \/>\n<meta name=\"twitter:card\" content=\"summary_large_image\" \/>\n<meta name=\"twitter:label1\" content=\"Est. reading time\" \/>\n\t<meta name=\"twitter:data1\" content=\"2 minutit\" \/>\n<script type=\"application\/ld+json\" class=\"yoast-schema-graph\">{\"@context\":\"https:\/\/schema.org\",\"@graph\":[{\"@type\":\"WebPage\",\"@id\":\"https:\/\/falco.ee\/et\/toode\/legend\/\",\"url\":\"https:\/\/falco.ee\/et\/toode\/legend\/\",\"name\":\"Legend - Falco vibuvarustus\",\"isPartOf\":{\"@id\":\"https:\/\/falco.ee\/et\/#website\"},\"primaryImageOfPage\":{\"@id\":\"https:\/\/falco.ee\/et\/toode\/legend\/#primaryimage\"},\"image\":{\"@id\":\"https:\/\/falco.ee\/et\/toode\/legend\/#primaryimage\"},\"thumbnailUrl\":\"https:\/\/falco.ee\/wp-content\/uploads\/2023\/08\/legend1.png\",\"datePublished\":\"2023-08-18T06:21:51+00:00\",\"dateModified\":\"2025-04-11T15:22:59+00:00\",\"breadcrumb\":{\"@id\":\"https:\/\/falco.ee\/et\/toode\/legend\/#breadcrumb\"},\"inLanguage\":\"et\",\"potentialAction\":[{\"@type\":\"ReadAction\",\"target\":[\"https:\/\/falco.ee\/et\/toode\/legend\/\"]}]},{\"@type\":\"ImageObject\",\"inLanguage\":\"et\",\"@id\":\"https:\/\/falco.ee\/et\/toode\/legend\/#primaryimage\",\"url\":\"https:\/\/falco.ee\/wp-content\/uploads\/2023\/08\/legend1.png\",\"contentUrl\":\"https:\/\/falco.ee\/wp-content\/uploads\/2023\/08\/legend1.png\",\"width\":400,\"height\":560},{\"@type\":\"BreadcrumbList\",\"@id\":\"https:\/\/falco.ee\/et\/toode\/legend\/#breadcrumb\",\"itemListElement\":[{\"@type\":\"ListItem\",\"position\":1,\"name\":\"Home\",\"item\":\"https:\/\/falco.ee\/et\/\"},{\"@type\":\"ListItem\",\"position\":2,\"name\":\"Shop\",\"item\":\"https:\/\/falco.ee\/shop\/\"},{\"@type\":\"ListItem\",\"position\":3,\"name\":\"Legend\"}]},{\"@type\":\"WebSite\",\"@id\":\"https:\/\/falco.ee\/et\/#website\",\"url\":\"https:\/\/falco.ee\/et\/\",\"name\":\"Falco vibuvarustus\",\"description\":\"\",\"potentialAction\":[{\"@type\":\"SearchAction\",\"target\":{\"@type\":\"EntryPoint\",\"urlTemplate\":\"https:\/\/falco.ee\/et\/?s={search_term_string}\"},\"query-input\":{\"@type\":\"PropertyValueSpecification\",\"valueRequired\":true,\"valueName\":\"search_term_string\"}}],\"inLanguage\":\"et\"}]}<\/script>\n<!-- \/ Yoast SEO plugin. -->","yoast_head_json":{"title":"Legend - Falco vibuvarustus","robots":{"index":"index","follow":"follow","max-snippet":"max-snippet:-1","max-image-preview":"max-image-preview:large","max-video-preview":"max-video-preview:-1"},"canonical":"https:\/\/falco.ee\/et\/toode\/legend\/","og_locale":"et_EE","og_type":"article","og_title":"Legend - Falco vibuvarustus","og_description":"Alates \u20ac185  T\u00f5mbetugevus: 20#-60#  Vibu pikkus: 64\" 66\" 68\" 70\"\u00a0  Hind sisaldab 22% KM","og_url":"https:\/\/falco.ee\/et\/toode\/legend\/","og_site_name":"Falco vibuvarustus","article_modified_time":"2025-04-11T15:22:59+00:00","og_image":[{"width":400,"height":560,"url":"https:\/\/falco.ee\/wp-content\/uploads\/2023\/08\/legend1.png","type":"image\/png"}],"twitter_card":"summary_large_image","twitter_misc":{"Est. reading time":"2 minutit"},"schema":{"@context":"https:\/\/schema.org","@graph":[{"@type":"WebPage","@id":"https:\/\/falco.ee\/et\/toode\/legend\/","url":"https:\/\/falco.ee\/et\/toode\/legend\/","name":"Legend - Falco vibuvarustus","isPartOf":{"@id":"https:\/\/falco.ee\/et\/#website"},"primaryImageOfPage":{"@id":"https:\/\/falco.ee\/et\/toode\/legend\/#primaryimage"},"image":{"@id":"https:\/\/falco.ee\/et\/toode\/legend\/#primaryimage"},"thumbnailUrl":"https:\/\/falco.ee\/wp-content\/uploads\/2023\/08\/legend1.png","datePublished":"2023-08-18T06:21:51+00:00","dateModified":"2025-04-11T15:22:59+00:00","breadcrumb":{"@id":"https:\/\/falco.ee\/et\/toode\/legend\/#breadcrumb"},"inLanguage":"et","potentialAction":[{"@type":"ReadAction","target":["https:\/\/falco.ee\/et\/toode\/legend\/"]}]},{"@type":"ImageObject","inLanguage":"et","@id":"https:\/\/falco.ee\/et\/toode\/legend\/#primaryimage","url":"https:\/\/falco.ee\/wp-content\/uploads\/2023\/08\/legend1.png","contentUrl":"https:\/\/falco.ee\/wp-content\/uploads\/2023\/08\/legend1.png","width":400,"height":560},{"@type":"BreadcrumbList","@id":"https:\/\/falco.ee\/et\/toode\/legend\/#breadcrumb","itemListElement":[{"@type":"ListItem","position":1,"name":"Home","item":"https:\/\/falco.ee\/et\/"},{"@type":"ListItem","position":2,"name":"Shop","item":"https:\/\/falco.ee\/shop\/"},{"@type":"ListItem","position":3,"name":"Legend"}]},{"@type":"WebSite","@id":"https:\/\/falco.ee\/et\/#website","url":"https:\/\/falco.ee\/et\/","name":"Falco vibuvarustus","description":"","potentialAction":[{"@type":"SearchAction","target":{"@type":"EntryPoint","urlTemplate":"https:\/\/falco.ee\/et\/?s={search_term_string}"},"query-input":{"@type":"PropertyValueSpecification","valueRequired":true,"valueName":"search_term_string"}}],"inLanguage":"et"}]}},"_links":{"self":[{"href":"https:\/\/falco.ee\/et\/wp-json\/wp\/v2\/product\/3872","targetHints":{"allow":["GET"]}}],"collection":[{"href":"https:\/\/falco.ee\/et\/wp-json\/wp\/v2\/product"}],"about":[{"href":"https:\/\/falco.ee\/et\/wp-json\/wp\/v2\/types\/product"}],"replies":[{"embeddable":true,"href":"https:\/\/falco.ee\/et\/wp-json\/wp\/v2\/comments?post=3872"}],"wp:featuredmedia":[{"embeddable":true,"href":"https:\/\/falco.ee\/et\/wp-json\/wp\/v2\/media\/3500"}],"wp:attachment":[{"href":"https:\/\/falco.ee\/et\/wp-json\/wp\/v2\/media?parent=3872"}],"wp:term":[{"taxonomy":"product_brand","embeddable":true,"href":"https:\/\/falco.ee\/et\/wp-json\/wp\/v2\/product_brand?post=3872"},{"taxonomy":"product_cat","embeddable":true,"href":"https:\/\/falco.ee\/et\/wp-json\/wp\/v2\/product_cat?post=3872"},{"taxonomy":"product_tag","embeddable":true,"href":"https:\/\/falco.ee\/et\/wp-json\/wp\/v2\/product_tag?post=3872"}],"curies":[{"name":"wp","href":"https:\/\/api.w.org\/{rel}","templated":true}]}}