{"id":3871,"date":"2023-08-18T08:58:50","date_gmt":"2023-08-18T05:58:50","guid":{"rendered":"https:\/\/falco.sdhost.eu\/product\/twin\/"},"modified":"2026-01-15T16:23:19","modified_gmt":"2026-01-15T14:23:19","slug":"twin","status":"publish","type":"product","link":"https:\/\/falco.ee\/et\/toode\/twin\/","title":{"rendered":"Twin"},"content":{"rendered":"<div class=\"node body\">\n<p><strong>Eripakkumine: ostes selle vibu, saate Falco ekslusiivse pikkvibu koti vaid 25\u20ac eest (<a href=\"https:\/\/falco.ee\/product\/falco-longbow-cover-felt-by-must-mood\/\">vaata siia<\/a>)<\/strong><\/p>\n<p>Falco Twin sai populaarseks koheselt sellest hetkest kui otsustasime sellise universaalvibu oma kollektsiooni lisada. Nagu teada, \u00fcle 90% laskureist kasutab paremak\u00e4elist vibu ja seet\u00f5ttu oli paljude klubide, vibutiirude jne. varustuses paraku valdav enamik vibusid just paremak\u00e4elistele laskureile. Seet\u00f5ttu juhtus sageli, et need huvilised, kellele sobiks ainult vasakuk\u00e4eline vibu, pidid j\u00e4\u00e4ma k\u00f5rvalvaatajaks. Hetkega see probleem lahenes\u00a0 &#8211; Falco Twin teeb sama vibuga laskmise k\u00f5igile v\u00f5imalikuks.<\/p>\n<p>Profiililt, kasutatud materjalidelt, v\u00e4rvidelt jne. on tegemist p\u00f5him\u00f5tteliselt Falco Legendi analoogiga , ainult et nooleriiuleid on \u00fche asemel s\u00fcmmeetriliselt kaks.<\/p>\n<p><strong>Profiil:<\/strong>\u00a0Reflex<\/p>\n<p><strong>V\u00e4rvivalik:<\/strong>\u00a0Erinevad peitsitoonid nagu teak, palisander, vask, p\u00e4hkel, veinipunane, metsaroheline, oliiv, oranz, must, sinine jne.<\/p>\n<p><strong>K\u00e4elisus:<\/strong>\u00a0Universaal<\/p>\n<p><strong>Vibun\u00f6\u00f6r:<\/strong>\u00a0Dacron<\/p>\n<p><strong>Nooleriiul:\u00a0<\/strong>M\u00f5lemal nooleriiulil naturaalne karusnahk<\/p>\n<p>&nbsp;<\/p>\n<h2><strong>FAQ ABOUT THIS MODEL<\/strong><\/h2>\n<ul>\n<li><strong>What is the recommended brace height for this model?<\/strong><br \/>\nWe suggest starting to test arrow flight at around brace height 7.5&#8243; but optimal arrow flight is what will determine the best brace height. On this bow, you are most likely to find optimal flight between 7&#8243; &#8211; 8&#8243;, but may experiment also with longer (up to 8.5&#8243;)<\/li>\n<li><strong>Is string included? What sort of a string?<\/strong><br \/>\nYes, the model comes with a Dacron string. The number of string strands depends on the weight of the bow (14, 16 or 18)<\/li>\n<li><strong>Is this model IFAA\/NFAA legal?<\/strong><br \/>\nNo<\/li>\n<li><strong>Is this model WA legal?<\/strong><br \/>\nNo<\/li>\n<li><strong>Can this model be cut past centre?<\/strong><br \/>\nNo, this is a basic recreational model which has two sides already so cannot be cut deeper than standard.<\/li>\n<li><strong>What arrows would you recommend for this bow?<\/strong><br \/>\nAlthough all main types of arrows (wooden, aluminum, carbon) could be used with this bow, the authentic choice would be to use wooden arrows. For optimum performance and highest quality, we suggest our hand-picked\u00a0<a href=\"http:\/\/www.falco.ee\/arrow\/eng\/\">Premium model arrows<\/a>\u00a0which are the choice for many European and World Champions and medalists. The choice of wooden arrows depends on your bowand your own personal characteristics (write email@falco.ee in case of questions).<\/li>\n<\/ul>\n<\/div>\n","protected":false},"excerpt":{"rendered":"<ul>\n<li>T\u00f5mbetugevus: <span style=\"color: #844d2b;\"><em><strong>kuni 35#<\/strong><\/em><\/span><\/li>\n<li>Vibu pikkus: <span style=\"color: #844d2b;\"><em><strong>64&#8243;, <\/strong><\/em><\/span><span style=\"color: #844d2b;\"><em><strong>66&#8243;, 68&#8243;, 70<\/strong><\/em><\/span><span style=\"color: #844d2b;\"><em><strong>&#8221; <\/strong><\/em><\/span><em><strong><span style=\"color: #844d2b;\">\u00a0<\/span><\/strong><\/em><\/li>\n<li>Hind sisaldab 22% KM<\/li>\n<\/ul>\n","protected":false},"featured_media":3493,"comment_status":"open","ping_status":"closed","template":"","meta":[],"product_brand":[],"product_cat":[304],"product_tag":[],"class_list":{"0":"post-3871","1":"product","2":"type-product","3":"status-publish","4":"has-post-thumbnail","6":"product_cat-falco-longbows-et","8":"first","9":"instock","10":"shipping-taxable","11":"purchasable","12":"product-type-simple"},"acf":[],"yoast_head":"<!-- This site is optimized with the Yoast SEO plugin v27.2 - https:\/\/yoast.com\/product\/yoast-seo-wordpress\/ -->\n<title>Twin - Falco vibuvarustus<\/title>\n<meta name=\"robots\" content=\"index, follow, max-snippet:-1, max-image-preview:large, max-video-preview:-1\" \/>\n<link rel=\"canonical\" href=\"https:\/\/falco.ee\/et\/toode\/twin\/\" \/>\n<meta property=\"og:locale\" content=\"et_EE\" \/>\n<meta property=\"og:type\" content=\"article\" \/>\n<meta property=\"og:title\" content=\"Twin - Falco vibuvarustus\" \/>\n<meta property=\"og:description\" content=\"T\u00f5mbetugevus: kuni 35#  Vibu pikkus: 64&quot;, 66&quot;, 68&quot;, 70&quot; \u00a0  Hind sisaldab 22% KM\" \/>\n<meta property=\"og:url\" content=\"https:\/\/falco.ee\/et\/toode\/twin\/\" \/>\n<meta property=\"og:site_name\" content=\"Falco vibuvarustus\" \/>\n<meta property=\"article:modified_time\" content=\"2026-01-15T14:23:19+00:00\" \/>\n<meta property=\"og:image\" content=\"https:\/\/falco.ee\/wp-content\/uploads\/2023\/08\/twin-011.png\" \/>\n\t<meta property=\"og:image:width\" content=\"571\" \/>\n\t<meta property=\"og:image:height\" content=\"800\" \/>\n\t<meta property=\"og:image:type\" content=\"image\/png\" \/>\n<meta name=\"twitter:card\" content=\"summary_large_image\" \/>\n<meta name=\"twitter:label1\" content=\"Est. reading time\" \/>\n\t<meta name=\"twitter:data1\" content=\"2 minutit\" \/>\n<script type=\"application\/ld+json\" class=\"yoast-schema-graph\">{\"@context\":\"https:\/\/schema.org\",\"@graph\":[{\"@type\":\"WebPage\",\"@id\":\"https:\/\/falco.ee\/et\/toode\/twin\/\",\"url\":\"https:\/\/falco.ee\/et\/toode\/twin\/\",\"name\":\"Twin - Falco vibuvarustus\",\"isPartOf\":{\"@id\":\"https:\/\/falco.ee\/et\/#website\"},\"primaryImageOfPage\":{\"@id\":\"https:\/\/falco.ee\/et\/toode\/twin\/#primaryimage\"},\"image\":{\"@id\":\"https:\/\/falco.ee\/et\/toode\/twin\/#primaryimage\"},\"thumbnailUrl\":\"https:\/\/falco.ee\/wp-content\/uploads\/2023\/08\/twin-011.png\",\"datePublished\":\"2023-08-18T05:58:50+00:00\",\"dateModified\":\"2026-01-15T14:23:19+00:00\",\"breadcrumb\":{\"@id\":\"https:\/\/falco.ee\/et\/toode\/twin\/#breadcrumb\"},\"inLanguage\":\"et\",\"potentialAction\":[{\"@type\":\"ReadAction\",\"target\":[\"https:\/\/falco.ee\/et\/toode\/twin\/\"]}]},{\"@type\":\"ImageObject\",\"inLanguage\":\"et\",\"@id\":\"https:\/\/falco.ee\/et\/toode\/twin\/#primaryimage\",\"url\":\"https:\/\/falco.ee\/wp-content\/uploads\/2023\/08\/twin-011.png\",\"contentUrl\":\"https:\/\/falco.ee\/wp-content\/uploads\/2023\/08\/twin-011.png\",\"width\":571,\"height\":800},{\"@type\":\"BreadcrumbList\",\"@id\":\"https:\/\/falco.ee\/et\/toode\/twin\/#breadcrumb\",\"itemListElement\":[{\"@type\":\"ListItem\",\"position\":1,\"name\":\"Home\",\"item\":\"https:\/\/falco.ee\/et\/\"},{\"@type\":\"ListItem\",\"position\":2,\"name\":\"Shop\",\"item\":\"https:\/\/falco.ee\/shop\/\"},{\"@type\":\"ListItem\",\"position\":3,\"name\":\"Twin\"}]},{\"@type\":\"WebSite\",\"@id\":\"https:\/\/falco.ee\/et\/#website\",\"url\":\"https:\/\/falco.ee\/et\/\",\"name\":\"Falco vibuvarustus\",\"description\":\"\",\"potentialAction\":[{\"@type\":\"SearchAction\",\"target\":{\"@type\":\"EntryPoint\",\"urlTemplate\":\"https:\/\/falco.ee\/et\/?s={search_term_string}\"},\"query-input\":{\"@type\":\"PropertyValueSpecification\",\"valueRequired\":true,\"valueName\":\"search_term_string\"}}],\"inLanguage\":\"et\"}]}<\/script>\n<!-- \/ Yoast SEO plugin. -->","yoast_head_json":{"title":"Twin - Falco vibuvarustus","robots":{"index":"index","follow":"follow","max-snippet":"max-snippet:-1","max-image-preview":"max-image-preview:large","max-video-preview":"max-video-preview:-1"},"canonical":"https:\/\/falco.ee\/et\/toode\/twin\/","og_locale":"et_EE","og_type":"article","og_title":"Twin - Falco vibuvarustus","og_description":"T\u00f5mbetugevus: kuni 35#  Vibu pikkus: 64\", 66\", 68\", 70\" \u00a0  Hind sisaldab 22% KM","og_url":"https:\/\/falco.ee\/et\/toode\/twin\/","og_site_name":"Falco vibuvarustus","article_modified_time":"2026-01-15T14:23:19+00:00","og_image":[{"width":571,"height":800,"url":"https:\/\/falco.ee\/wp-content\/uploads\/2023\/08\/twin-011.png","type":"image\/png"}],"twitter_card":"summary_large_image","twitter_misc":{"Est. reading time":"2 minutit"},"schema":{"@context":"https:\/\/schema.org","@graph":[{"@type":"WebPage","@id":"https:\/\/falco.ee\/et\/toode\/twin\/","url":"https:\/\/falco.ee\/et\/toode\/twin\/","name":"Twin - Falco vibuvarustus","isPartOf":{"@id":"https:\/\/falco.ee\/et\/#website"},"primaryImageOfPage":{"@id":"https:\/\/falco.ee\/et\/toode\/twin\/#primaryimage"},"image":{"@id":"https:\/\/falco.ee\/et\/toode\/twin\/#primaryimage"},"thumbnailUrl":"https:\/\/falco.ee\/wp-content\/uploads\/2023\/08\/twin-011.png","datePublished":"2023-08-18T05:58:50+00:00","dateModified":"2026-01-15T14:23:19+00:00","breadcrumb":{"@id":"https:\/\/falco.ee\/et\/toode\/twin\/#breadcrumb"},"inLanguage":"et","potentialAction":[{"@type":"ReadAction","target":["https:\/\/falco.ee\/et\/toode\/twin\/"]}]},{"@type":"ImageObject","inLanguage":"et","@id":"https:\/\/falco.ee\/et\/toode\/twin\/#primaryimage","url":"https:\/\/falco.ee\/wp-content\/uploads\/2023\/08\/twin-011.png","contentUrl":"https:\/\/falco.ee\/wp-content\/uploads\/2023\/08\/twin-011.png","width":571,"height":800},{"@type":"BreadcrumbList","@id":"https:\/\/falco.ee\/et\/toode\/twin\/#breadcrumb","itemListElement":[{"@type":"ListItem","position":1,"name":"Home","item":"https:\/\/falco.ee\/et\/"},{"@type":"ListItem","position":2,"name":"Shop","item":"https:\/\/falco.ee\/shop\/"},{"@type":"ListItem","position":3,"name":"Twin"}]},{"@type":"WebSite","@id":"https:\/\/falco.ee\/et\/#website","url":"https:\/\/falco.ee\/et\/","name":"Falco vibuvarustus","description":"","potentialAction":[{"@type":"SearchAction","target":{"@type":"EntryPoint","urlTemplate":"https:\/\/falco.ee\/et\/?s={search_term_string}"},"query-input":{"@type":"PropertyValueSpecification","valueRequired":true,"valueName":"search_term_string"}}],"inLanguage":"et"}]}},"_links":{"self":[{"href":"https:\/\/falco.ee\/et\/wp-json\/wp\/v2\/product\/3871","targetHints":{"allow":["GET"]}}],"collection":[{"href":"https:\/\/falco.ee\/et\/wp-json\/wp\/v2\/product"}],"about":[{"href":"https:\/\/falco.ee\/et\/wp-json\/wp\/v2\/types\/product"}],"replies":[{"embeddable":true,"href":"https:\/\/falco.ee\/et\/wp-json\/wp\/v2\/comments?post=3871"}],"wp:featuredmedia":[{"embeddable":true,"href":"https:\/\/falco.ee\/et\/wp-json\/wp\/v2\/media\/3493"}],"wp:attachment":[{"href":"https:\/\/falco.ee\/et\/wp-json\/wp\/v2\/media?parent=3871"}],"wp:term":[{"taxonomy":"product_brand","embeddable":true,"href":"https:\/\/falco.ee\/et\/wp-json\/wp\/v2\/product_brand?post=3871"},{"taxonomy":"product_cat","embeddable":true,"href":"https:\/\/falco.ee\/et\/wp-json\/wp\/v2\/product_cat?post=3871"},{"taxonomy":"product_tag","embeddable":true,"href":"https:\/\/falco.ee\/et\/wp-json\/wp\/v2\/product_tag?post=3871"}],"curies":[{"name":"wp","href":"https:\/\/api.w.org\/{rel}","templated":true}]}}