{"id":3870,"date":"2023-08-17T16:38:12","date_gmt":"2023-08-17T13:38:12","guid":{"rendered":"https:\/\/falco.sdhost.eu\/product\/robin\/"},"modified":"2025-03-11T00:55:43","modified_gmt":"2025-03-10T22:55:43","slug":"robin","status":"publish","type":"product","link":"https:\/\/falco.ee\/et\/toode\/robin\/","title":{"rendered":"Robin"},"content":{"rendered":"<div class=\"node body\">\n<div>\n<p><strong>Robin 90 \u20ac (peitsitud k\u00e4epidemega)<\/strong><\/p>\n<p><strong>Robin Vintage 90 \u20ac (v\u00e4\u00e4rispuust v\u00f5i v\u00e4rvivineerist k\u00e4epidemega)<\/strong><\/p>\n<\/div>\n<p>Robin on Falco k\u00f5ige populaarsem ja enimm\u00fc\u00fcdud lastevibumudel, mille kasutajate sobiv iga on eelkooliealistest 12-13 eluaastani.\u00a0 Standardmudelid valmistame kasepuidust kiiluga ja peitsituna, veidi kallimad Robin Vintage mudelid aga kas v\u00e4\u00e4rispuidust v\u00f5i siis spetsiaalsest <em>colorwood<\/em>\u00a0ehk v\u00e4rvitud puidust kiiluga. Samuti on Vintage mudelitel musta\u00a0plastiku \u00a0asemel vibukaartes l\u00e4bipaistvad klaasplastikukihid.<\/p>\n<p>Vibul on nooleriiulil katteplaat ja vibu on kompklekteeritud Dacron vibun\u00f6\u00f6riga.<\/p>\n<p><strong>V\u00e4rvivalik:<\/strong><\/p>\n<div>\n<p><strong>Robin &#8211; erinevad peitsitoonid nagu teak, metsaroheline, tumepunane, oranz, sinine, must jne. (vt galeriid)<\/strong><\/p>\n<p><strong>Robin Vintage &#8211; v\u00e4\u00e4rispuidust k\u00e4epide: p\u00e4hkel, zebrano, padouk, palisander, karjala kask jne;<em>colorwood<\/em>-k\u00e4epide: erinevad kombinatsioonid, n\u00e4iteks sinine\/oranz, kollane\/sinine, must\/punane, kollane\/roheline jne.<\/strong><\/p>\n<p><strong>K\u00e4elisus:\u00a0Paremak\u00e4eline RH v\u00f5i vasakuk\u00e4eline LH mudel ( hind sama kui RH)<\/strong><\/p>\n<p><strong>Vibun\u00f6\u00f6r: Dacron<\/strong><\/p>\n<\/div>\n<h2><b><strong>FAQ ABOUT THIS MODEL<\/strong><\/b><\/h2>\n<ul>\n<li><b><strong>What is the recommended brace height for this model?<\/strong><\/b><br \/>\nWe suggest brace height 5.5&#8243; &#8211; 6&#8243; but feel free to test around as long as your arrows fly nicely<\/li>\n<li><b><strong>Is string included? What sort of a string?<\/strong><\/b><br \/>\nYes, the model comes with a Dacron string.<\/li>\n<li><b><strong>Is this model IFAA\/NFAA legal?<\/strong><\/b><br \/>\nNo but at children&#8217;s competitions, rules are usually not enforced very strictly.<\/li>\n<\/ul>\n<\/div>\n","protected":false},"excerpt":{"rendered":"<ul>\n<li>Alates \u20ac90<\/li>\n<li>T\u00f5mbetugevus: <span style=\"color: #844d2b;\"><em><strong>10-30#@28&#8243;<\/strong><\/em><\/span><\/li>\n<li>T\u00f5mbepikkus: <span style=\"color: #844d2b;\"><em><strong>kuni 27#<\/strong><\/em><\/span><\/li>\n<li>Vibu pikkus: <span style=\"color: #844d2b;\"><em><strong>54&#8243; <\/strong><\/em><\/span><em><strong><span style=\"color: #844d2b;\">\u00a0<\/span><\/strong><\/em><\/li>\n<li>Hind sisaldab 22% KM<\/li>\n<\/ul>\n","protected":false},"featured_media":3479,"comment_status":"open","ping_status":"closed","template":"","meta":[],"product_brand":[],"product_cat":[304],"product_tag":[],"class_list":{"0":"post-3870","1":"product","2":"type-product","3":"status-publish","4":"has-post-thumbnail","6":"product_cat-falco-longbows-et","8":"first","9":"instock","10":"shipping-taxable","11":"purchasable","12":"product-type-simple"},"acf":[],"yoast_head":"<!-- This site is optimized with the Yoast SEO plugin v27.2 - https:\/\/yoast.com\/product\/yoast-seo-wordpress\/ -->\n<title>Robin - Falco vibuvarustus<\/title>\n<meta name=\"robots\" content=\"index, follow, max-snippet:-1, max-image-preview:large, max-video-preview:-1\" \/>\n<link rel=\"canonical\" href=\"https:\/\/falco.ee\/et\/toode\/robin\/\" \/>\n<meta property=\"og:locale\" content=\"et_EE\" \/>\n<meta property=\"og:type\" content=\"article\" \/>\n<meta property=\"og:title\" content=\"Robin - Falco vibuvarustus\" \/>\n<meta property=\"og:description\" content=\"Alates \u20ac90  T\u00f5mbetugevus: 10-30#@28&quot;  T\u00f5mbepikkus: kuni 27#  Vibu pikkus: 54&quot; \u00a0  Hind sisaldab 22% KM\" \/>\n<meta property=\"og:url\" content=\"https:\/\/falco.ee\/et\/toode\/robin\/\" \/>\n<meta property=\"og:site_name\" content=\"Falco vibuvarustus\" \/>\n<meta property=\"article:modified_time\" content=\"2025-03-10T22:55:43+00:00\" \/>\n<meta property=\"og:image\" content=\"https:\/\/falco.ee\/wp-content\/uploads\/2023\/08\/robin1.png\" \/>\n\t<meta property=\"og:image:width\" content=\"571\" \/>\n\t<meta property=\"og:image:height\" content=\"800\" \/>\n\t<meta property=\"og:image:type\" content=\"image\/png\" \/>\n<meta name=\"twitter:card\" content=\"summary_large_image\" \/>\n<meta name=\"twitter:label1\" content=\"Est. reading time\" \/>\n\t<meta name=\"twitter:data1\" content=\"1 minut\" \/>\n<script type=\"application\/ld+json\" class=\"yoast-schema-graph\">{\"@context\":\"https:\/\/schema.org\",\"@graph\":[{\"@type\":\"WebPage\",\"@id\":\"https:\/\/falco.ee\/et\/toode\/robin\/\",\"url\":\"https:\/\/falco.ee\/et\/toode\/robin\/\",\"name\":\"Robin - Falco vibuvarustus\",\"isPartOf\":{\"@id\":\"https:\/\/falco.ee\/et\/#website\"},\"primaryImageOfPage\":{\"@id\":\"https:\/\/falco.ee\/et\/toode\/robin\/#primaryimage\"},\"image\":{\"@id\":\"https:\/\/falco.ee\/et\/toode\/robin\/#primaryimage\"},\"thumbnailUrl\":\"https:\/\/falco.ee\/wp-content\/uploads\/2023\/08\/robin1.png\",\"datePublished\":\"2023-08-17T13:38:12+00:00\",\"dateModified\":\"2025-03-10T22:55:43+00:00\",\"breadcrumb\":{\"@id\":\"https:\/\/falco.ee\/et\/toode\/robin\/#breadcrumb\"},\"inLanguage\":\"et\",\"potentialAction\":[{\"@type\":\"ReadAction\",\"target\":[\"https:\/\/falco.ee\/et\/toode\/robin\/\"]}]},{\"@type\":\"ImageObject\",\"inLanguage\":\"et\",\"@id\":\"https:\/\/falco.ee\/et\/toode\/robin\/#primaryimage\",\"url\":\"https:\/\/falco.ee\/wp-content\/uploads\/2023\/08\/robin1.png\",\"contentUrl\":\"https:\/\/falco.ee\/wp-content\/uploads\/2023\/08\/robin1.png\",\"width\":571,\"height\":800},{\"@type\":\"BreadcrumbList\",\"@id\":\"https:\/\/falco.ee\/et\/toode\/robin\/#breadcrumb\",\"itemListElement\":[{\"@type\":\"ListItem\",\"position\":1,\"name\":\"Home\",\"item\":\"https:\/\/falco.ee\/et\/\"},{\"@type\":\"ListItem\",\"position\":2,\"name\":\"Shop\",\"item\":\"https:\/\/falco.ee\/shop\/\"},{\"@type\":\"ListItem\",\"position\":3,\"name\":\"Robin\"}]},{\"@type\":\"WebSite\",\"@id\":\"https:\/\/falco.ee\/et\/#website\",\"url\":\"https:\/\/falco.ee\/et\/\",\"name\":\"Falco vibuvarustus\",\"description\":\"\",\"potentialAction\":[{\"@type\":\"SearchAction\",\"target\":{\"@type\":\"EntryPoint\",\"urlTemplate\":\"https:\/\/falco.ee\/et\/?s={search_term_string}\"},\"query-input\":{\"@type\":\"PropertyValueSpecification\",\"valueRequired\":true,\"valueName\":\"search_term_string\"}}],\"inLanguage\":\"et\"}]}<\/script>\n<!-- \/ Yoast SEO plugin. -->","yoast_head_json":{"title":"Robin - Falco vibuvarustus","robots":{"index":"index","follow":"follow","max-snippet":"max-snippet:-1","max-image-preview":"max-image-preview:large","max-video-preview":"max-video-preview:-1"},"canonical":"https:\/\/falco.ee\/et\/toode\/robin\/","og_locale":"et_EE","og_type":"article","og_title":"Robin - Falco vibuvarustus","og_description":"Alates \u20ac90  T\u00f5mbetugevus: 10-30#@28\"  T\u00f5mbepikkus: kuni 27#  Vibu pikkus: 54\" \u00a0  Hind sisaldab 22% KM","og_url":"https:\/\/falco.ee\/et\/toode\/robin\/","og_site_name":"Falco vibuvarustus","article_modified_time":"2025-03-10T22:55:43+00:00","og_image":[{"width":571,"height":800,"url":"https:\/\/falco.ee\/wp-content\/uploads\/2023\/08\/robin1.png","type":"image\/png"}],"twitter_card":"summary_large_image","twitter_misc":{"Est. reading time":"1 minut"},"schema":{"@context":"https:\/\/schema.org","@graph":[{"@type":"WebPage","@id":"https:\/\/falco.ee\/et\/toode\/robin\/","url":"https:\/\/falco.ee\/et\/toode\/robin\/","name":"Robin - Falco vibuvarustus","isPartOf":{"@id":"https:\/\/falco.ee\/et\/#website"},"primaryImageOfPage":{"@id":"https:\/\/falco.ee\/et\/toode\/robin\/#primaryimage"},"image":{"@id":"https:\/\/falco.ee\/et\/toode\/robin\/#primaryimage"},"thumbnailUrl":"https:\/\/falco.ee\/wp-content\/uploads\/2023\/08\/robin1.png","datePublished":"2023-08-17T13:38:12+00:00","dateModified":"2025-03-10T22:55:43+00:00","breadcrumb":{"@id":"https:\/\/falco.ee\/et\/toode\/robin\/#breadcrumb"},"inLanguage":"et","potentialAction":[{"@type":"ReadAction","target":["https:\/\/falco.ee\/et\/toode\/robin\/"]}]},{"@type":"ImageObject","inLanguage":"et","@id":"https:\/\/falco.ee\/et\/toode\/robin\/#primaryimage","url":"https:\/\/falco.ee\/wp-content\/uploads\/2023\/08\/robin1.png","contentUrl":"https:\/\/falco.ee\/wp-content\/uploads\/2023\/08\/robin1.png","width":571,"height":800},{"@type":"BreadcrumbList","@id":"https:\/\/falco.ee\/et\/toode\/robin\/#breadcrumb","itemListElement":[{"@type":"ListItem","position":1,"name":"Home","item":"https:\/\/falco.ee\/et\/"},{"@type":"ListItem","position":2,"name":"Shop","item":"https:\/\/falco.ee\/shop\/"},{"@type":"ListItem","position":3,"name":"Robin"}]},{"@type":"WebSite","@id":"https:\/\/falco.ee\/et\/#website","url":"https:\/\/falco.ee\/et\/","name":"Falco vibuvarustus","description":"","potentialAction":[{"@type":"SearchAction","target":{"@type":"EntryPoint","urlTemplate":"https:\/\/falco.ee\/et\/?s={search_term_string}"},"query-input":{"@type":"PropertyValueSpecification","valueRequired":true,"valueName":"search_term_string"}}],"inLanguage":"et"}]}},"_links":{"self":[{"href":"https:\/\/falco.ee\/et\/wp-json\/wp\/v2\/product\/3870","targetHints":{"allow":["GET"]}}],"collection":[{"href":"https:\/\/falco.ee\/et\/wp-json\/wp\/v2\/product"}],"about":[{"href":"https:\/\/falco.ee\/et\/wp-json\/wp\/v2\/types\/product"}],"replies":[{"embeddable":true,"href":"https:\/\/falco.ee\/et\/wp-json\/wp\/v2\/comments?post=3870"}],"wp:featuredmedia":[{"embeddable":true,"href":"https:\/\/falco.ee\/et\/wp-json\/wp\/v2\/media\/3479"}],"wp:attachment":[{"href":"https:\/\/falco.ee\/et\/wp-json\/wp\/v2\/media?parent=3870"}],"wp:term":[{"taxonomy":"product_brand","embeddable":true,"href":"https:\/\/falco.ee\/et\/wp-json\/wp\/v2\/product_brand?post=3870"},{"taxonomy":"product_cat","embeddable":true,"href":"https:\/\/falco.ee\/et\/wp-json\/wp\/v2\/product_cat?post=3870"},{"taxonomy":"product_tag","embeddable":true,"href":"https:\/\/falco.ee\/et\/wp-json\/wp\/v2\/product_tag?post=3870"}],"curies":[{"name":"wp","href":"https:\/\/api.w.org\/{rel}","templated":true}]}}