{"id":3866,"date":"2023-08-18T09:58:02","date_gmt":"2023-08-18T06:58:02","guid":{"rendered":"https:\/\/falco.sdhost.eu\/product\/falco-socks\/"},"modified":"2023-08-28T14:19:47","modified_gmt":"2023-08-28T11:19:47","slug":"falco-socks","status":"publish","type":"product","link":"https:\/\/falco.ee\/et\/toode\/falco-socks\/","title":{"rendered":"Falco sokid"},"content":{"rendered":"<p>Falco m\u00e4rklehe v\u00e4rvides sokid:<\/p>\n<div>* Materjal: 40% Coolmax, 40% puuvill, 15% pol\u00fcamiid, 5% elastik<\/div>\n<div>* Kolmes suuruses: 35-38 \/ 39-42 \/ 43-46<\/div>\n<div>* Pakituna \u00fche v\u00f5i kahe paari kaupa<\/div>\n<div><\/div>\n<div>\u00dche paari hind on\u00a06\u20ac. Kahe samast suurusest paari hind on 11\u20ac.<\/div>\n","protected":false},"excerpt":{"rendered":"<p>Falco m\u00e4rklehe v\u00e4rvides sokid: * Materjal: 40% Coolmax, 40% puuvill, 15% pol\u00fcamiid, 5% elastik * Kolmes suuruses: 35-38 \/ 39-42 \/ 43-46 * Pakituna \u00fche v\u00f5i kahe paari kaupa \u00dche paari hind on\u00a06\u20ac. Kahe samast suurusest paari hind on 11\u20ac.<\/p>\n","protected":false},"featured_media":3519,"comment_status":"closed","ping_status":"closed","template":"","meta":[],"product_brand":[],"product_cat":[281],"product_tag":[],"class_list":{"0":"post-3866","1":"product","2":"type-product","3":"status-publish","4":"has-post-thumbnail","6":"product_cat-falco-socks-et","8":"first","9":"instock","10":"shipping-taxable","11":"purchasable","12":"product-type-simple"},"acf":[],"yoast_head":"<!-- This site is optimized with the Yoast SEO plugin v27.2 - https:\/\/yoast.com\/product\/yoast-seo-wordpress\/ -->\n<title>Falco sokid - Falco vibuvarustus<\/title>\n<meta name=\"robots\" content=\"index, follow, max-snippet:-1, max-image-preview:large, max-video-preview:-1\" \/>\n<link rel=\"canonical\" href=\"https:\/\/falco.ee\/et\/toode\/falco-socks\/\" \/>\n<meta property=\"og:locale\" content=\"et_EE\" \/>\n<meta property=\"og:type\" content=\"article\" \/>\n<meta property=\"og:title\" content=\"Falco sokid - Falco vibuvarustus\" \/>\n<meta property=\"og:description\" content=\"Falco m\u00e4rklehe v\u00e4rvides sokid: * Materjal: 40% Coolmax, 40% puuvill, 15% pol\u00fcamiid, 5% elastik * Kolmes suuruses: 35-38 \/ 39-42 \/ 43-46 * Pakituna \u00fche v\u00f5i kahe paari kaupa \u00dche paari hind on\u00a06\u20ac. Kahe samast suurusest paari hind on 11\u20ac.\" \/>\n<meta property=\"og:url\" content=\"https:\/\/falco.ee\/et\/toode\/falco-socks\/\" \/>\n<meta property=\"og:site_name\" content=\"Falco vibuvarustus\" \/>\n<meta property=\"article:modified_time\" content=\"2023-08-28T11:19:47+00:00\" \/>\n<meta property=\"og:image\" content=\"https:\/\/falco.ee\/wp-content\/uploads\/2023\/08\/Falco20socks_12011.jpg\" \/>\n\t<meta property=\"og:image:width\" content=\"1500\" \/>\n\t<meta property=\"og:image:height\" content=\"1206\" \/>\n\t<meta property=\"og:image:type\" content=\"image\/jpeg\" \/>\n<meta name=\"twitter:card\" content=\"summary_large_image\" \/>\n<meta name=\"twitter:label1\" content=\"Est. reading time\" \/>\n\t<meta name=\"twitter:data1\" content=\"1 minut\" \/>\n<script type=\"application\/ld+json\" class=\"yoast-schema-graph\">{\"@context\":\"https:\/\/schema.org\",\"@graph\":[{\"@type\":\"WebPage\",\"@id\":\"https:\/\/falco.ee\/et\/toode\/falco-socks\/\",\"url\":\"https:\/\/falco.ee\/et\/toode\/falco-socks\/\",\"name\":\"Falco sokid - Falco vibuvarustus\",\"isPartOf\":{\"@id\":\"https:\/\/falco.ee\/et\/#website\"},\"primaryImageOfPage\":{\"@id\":\"https:\/\/falco.ee\/et\/toode\/falco-socks\/#primaryimage\"},\"image\":{\"@id\":\"https:\/\/falco.ee\/et\/toode\/falco-socks\/#primaryimage\"},\"thumbnailUrl\":\"https:\/\/falco.ee\/wp-content\/uploads\/2023\/08\/Falco20socks_12011.jpg\",\"datePublished\":\"2023-08-18T06:58:02+00:00\",\"dateModified\":\"2023-08-28T11:19:47+00:00\",\"breadcrumb\":{\"@id\":\"https:\/\/falco.ee\/et\/toode\/falco-socks\/#breadcrumb\"},\"inLanguage\":\"et\",\"potentialAction\":[{\"@type\":\"ReadAction\",\"target\":[\"https:\/\/falco.ee\/et\/toode\/falco-socks\/\"]}]},{\"@type\":\"ImageObject\",\"inLanguage\":\"et\",\"@id\":\"https:\/\/falco.ee\/et\/toode\/falco-socks\/#primaryimage\",\"url\":\"https:\/\/falco.ee\/wp-content\/uploads\/2023\/08\/Falco20socks_12011.jpg\",\"contentUrl\":\"https:\/\/falco.ee\/wp-content\/uploads\/2023\/08\/Falco20socks_12011.jpg\",\"width\":1500,\"height\":1206,\"caption\":\"OLYMPUS DIGITAL CAMERA\"},{\"@type\":\"BreadcrumbList\",\"@id\":\"https:\/\/falco.ee\/et\/toode\/falco-socks\/#breadcrumb\",\"itemListElement\":[{\"@type\":\"ListItem\",\"position\":1,\"name\":\"Home\",\"item\":\"https:\/\/falco.ee\/et\/\"},{\"@type\":\"ListItem\",\"position\":2,\"name\":\"Shop\",\"item\":\"https:\/\/falco.ee\/shop\/\"},{\"@type\":\"ListItem\",\"position\":3,\"name\":\"Falco sokid\"}]},{\"@type\":\"WebSite\",\"@id\":\"https:\/\/falco.ee\/et\/#website\",\"url\":\"https:\/\/falco.ee\/et\/\",\"name\":\"Falco vibuvarustus\",\"description\":\"\",\"potentialAction\":[{\"@type\":\"SearchAction\",\"target\":{\"@type\":\"EntryPoint\",\"urlTemplate\":\"https:\/\/falco.ee\/et\/?s={search_term_string}\"},\"query-input\":{\"@type\":\"PropertyValueSpecification\",\"valueRequired\":true,\"valueName\":\"search_term_string\"}}],\"inLanguage\":\"et\"}]}<\/script>\n<!-- \/ Yoast SEO plugin. -->","yoast_head_json":{"title":"Falco sokid - Falco vibuvarustus","robots":{"index":"index","follow":"follow","max-snippet":"max-snippet:-1","max-image-preview":"max-image-preview:large","max-video-preview":"max-video-preview:-1"},"canonical":"https:\/\/falco.ee\/et\/toode\/falco-socks\/","og_locale":"et_EE","og_type":"article","og_title":"Falco sokid - Falco vibuvarustus","og_description":"Falco m\u00e4rklehe v\u00e4rvides sokid: * Materjal: 40% Coolmax, 40% puuvill, 15% pol\u00fcamiid, 5% elastik * Kolmes suuruses: 35-38 \/ 39-42 \/ 43-46 * Pakituna \u00fche v\u00f5i kahe paari kaupa \u00dche paari hind on\u00a06\u20ac. Kahe samast suurusest paari hind on 11\u20ac.","og_url":"https:\/\/falco.ee\/et\/toode\/falco-socks\/","og_site_name":"Falco vibuvarustus","article_modified_time":"2023-08-28T11:19:47+00:00","og_image":[{"width":1500,"height":1206,"url":"https:\/\/falco.ee\/wp-content\/uploads\/2023\/08\/Falco20socks_12011.jpg","type":"image\/jpeg"}],"twitter_card":"summary_large_image","twitter_misc":{"Est. reading time":"1 minut"},"schema":{"@context":"https:\/\/schema.org","@graph":[{"@type":"WebPage","@id":"https:\/\/falco.ee\/et\/toode\/falco-socks\/","url":"https:\/\/falco.ee\/et\/toode\/falco-socks\/","name":"Falco sokid - Falco vibuvarustus","isPartOf":{"@id":"https:\/\/falco.ee\/et\/#website"},"primaryImageOfPage":{"@id":"https:\/\/falco.ee\/et\/toode\/falco-socks\/#primaryimage"},"image":{"@id":"https:\/\/falco.ee\/et\/toode\/falco-socks\/#primaryimage"},"thumbnailUrl":"https:\/\/falco.ee\/wp-content\/uploads\/2023\/08\/Falco20socks_12011.jpg","datePublished":"2023-08-18T06:58:02+00:00","dateModified":"2023-08-28T11:19:47+00:00","breadcrumb":{"@id":"https:\/\/falco.ee\/et\/toode\/falco-socks\/#breadcrumb"},"inLanguage":"et","potentialAction":[{"@type":"ReadAction","target":["https:\/\/falco.ee\/et\/toode\/falco-socks\/"]}]},{"@type":"ImageObject","inLanguage":"et","@id":"https:\/\/falco.ee\/et\/toode\/falco-socks\/#primaryimage","url":"https:\/\/falco.ee\/wp-content\/uploads\/2023\/08\/Falco20socks_12011.jpg","contentUrl":"https:\/\/falco.ee\/wp-content\/uploads\/2023\/08\/Falco20socks_12011.jpg","width":1500,"height":1206,"caption":"OLYMPUS DIGITAL CAMERA"},{"@type":"BreadcrumbList","@id":"https:\/\/falco.ee\/et\/toode\/falco-socks\/#breadcrumb","itemListElement":[{"@type":"ListItem","position":1,"name":"Home","item":"https:\/\/falco.ee\/et\/"},{"@type":"ListItem","position":2,"name":"Shop","item":"https:\/\/falco.ee\/shop\/"},{"@type":"ListItem","position":3,"name":"Falco sokid"}]},{"@type":"WebSite","@id":"https:\/\/falco.ee\/et\/#website","url":"https:\/\/falco.ee\/et\/","name":"Falco vibuvarustus","description":"","potentialAction":[{"@type":"SearchAction","target":{"@type":"EntryPoint","urlTemplate":"https:\/\/falco.ee\/et\/?s={search_term_string}"},"query-input":{"@type":"PropertyValueSpecification","valueRequired":true,"valueName":"search_term_string"}}],"inLanguage":"et"}]}},"_links":{"self":[{"href":"https:\/\/falco.ee\/et\/wp-json\/wp\/v2\/product\/3866","targetHints":{"allow":["GET"]}}],"collection":[{"href":"https:\/\/falco.ee\/et\/wp-json\/wp\/v2\/product"}],"about":[{"href":"https:\/\/falco.ee\/et\/wp-json\/wp\/v2\/types\/product"}],"replies":[{"embeddable":true,"href":"https:\/\/falco.ee\/et\/wp-json\/wp\/v2\/comments?post=3866"}],"wp:featuredmedia":[{"embeddable":true,"href":"https:\/\/falco.ee\/et\/wp-json\/wp\/v2\/media\/3519"}],"wp:attachment":[{"href":"https:\/\/falco.ee\/et\/wp-json\/wp\/v2\/media?parent=3866"}],"wp:term":[{"taxonomy":"product_brand","embeddable":true,"href":"https:\/\/falco.ee\/et\/wp-json\/wp\/v2\/product_brand?post=3866"},{"taxonomy":"product_cat","embeddable":true,"href":"https:\/\/falco.ee\/et\/wp-json\/wp\/v2\/product_cat?post=3866"},{"taxonomy":"product_tag","embeddable":true,"href":"https:\/\/falco.ee\/et\/wp-json\/wp\/v2\/product_tag?post=3866"}],"curies":[{"name":"wp","href":"https:\/\/api.w.org\/{rel}","templated":true}]}}