{"id":3853,"date":"2023-08-18T13:27:22","date_gmt":"2023-08-18T10:27:22","guid":{"rendered":"https:\/\/falco.sdhost.eu\/product\/carbon-express-maxima-red-sd\/"},"modified":"2023-08-31T15:30:40","modified_gmt":"2023-08-31T12:30:40","slug":"carbon-express-maxima-red-sd","status":"publish","type":"product","link":"https:\/\/falco.ee\/et\/toode\/carbon-express-maxima-red-sd\/","title":{"rendered":"Carbon Express Maxima Red SD"},"content":{"rendered":"<div class=\"node body\">\n<p>Maxima Red SD \u00a0puhul on tegemist Carbon Expressi tippklassi jahinooltega nn. v\u00e4iksema diameetriga noolte kategoorias. Toru sisediameetriks on 0,203&#8243;. Analoogselt nn. tavadiameetriga Maxima Red nooltega, on ka Maxima Red SD nooletorude puhul kasutatud d\u00fcnaamilise j\u00e4ikuse (<em>\u00a0dynamic spine<\/em>) tehnoloogiat, kus nooletoru on otstest j\u00e4igem ja toru keskosas on pehmem nn. punane tsoon ( Red Zone). Selline kolmeosalise j\u00e4ikusejaotusega s\u00fcsiniktoru konstruktsioon aitab tunduvalt\u00a0 parandada noole lennuomadusi ja seda eriti l\u00f5ikurotstega lastes. Maxima Red noolte tuunimine on tehtud erakordselt lihtsaks ja seet\u00f5ttu katavad ainult kaks j\u00e4ikust ( 250 ja 350) praktiliselt k\u00f5ik vibutugevused alates 40-st kuni 90 naelani. T\u00e4nu noolte v\u00e4iksemale diameetrile on ka k\u00fcljelt puhuva tuule m\u00f5ju noole lennutrajektoorile v\u00e4iksem<\/p>\n<p>Maxima Red SD nooled on kahes spainis ( j\u00e4ikuses) :<strong>\u00a0250 ja 350\u00a0<\/strong>( toru kaal vastavalt siis 8,3 v\u00f5i 9,4 graini tolli kohta)<\/p>\n<p>Komponentidest on nooled varustatud Carbon Expressi Launchpad nokide ja Bulldog punaste\u00a0nokikaelustega, esiotsa kinnituse jaoks on tulenevalt v\u00e4ikesest 0,203&#8243; diameetrist kasutusel nn.\u00a0<em>Half-Out<\/em>\u00a0h\u00fclsid ning tavaotsikutena 19\/64&#8243; diameeriga 100gr Field v\u00f5i Combo\u00a0otsikud.<\/p>\n<\/div>\n","protected":false},"excerpt":{"rendered":"<p>Maxima Red SD \u00a0puhul on tegemist Carbon Expressi tippklassi jahinooltega nn. v\u00e4iksema diameetriga noolte kategoorias. Toru sisediameetriks on 0,203&#8243;. Analoogselt nn. tavadiameetriga Maxima Red nooltega, on ka Maxima Red SD nooletorude puhul kasutatud d\u00fcnaamilise j\u00e4ikuse (\u00a0dynamic spine) tehnoloogiat, kus nooletoru on otstest j\u00e4igem ja toru keskosas on pehmem nn. punane tsoon ( Red Zone). Selline [&hellip;]<\/p>\n","protected":false},"featured_media":3532,"comment_status":"closed","ping_status":"closed","template":"","meta":[],"product_brand":[],"product_cat":[268],"product_tag":[],"class_list":{"0":"post-3853","1":"product","2":"type-product","3":"status-publish","4":"has-post-thumbnail","6":"product_cat-complete-carb-arrows-et","8":"first","9":"instock","10":"shipping-taxable","11":"purchasable","12":"product-type-simple"},"acf":[],"yoast_head":"<!-- This site is optimized with the Yoast SEO plugin v27.2 - https:\/\/yoast.com\/product\/yoast-seo-wordpress\/ -->\n<title>Carbon Express Maxima Red SD - Falco vibuvarustus<\/title>\n<meta name=\"robots\" content=\"index, follow, max-snippet:-1, max-image-preview:large, max-video-preview:-1\" \/>\n<link rel=\"canonical\" href=\"https:\/\/falco.ee\/et\/toode\/carbon-express-maxima-red-sd\/\" \/>\n<meta property=\"og:locale\" content=\"et_EE\" \/>\n<meta property=\"og:type\" content=\"article\" \/>\n<meta property=\"og:title\" content=\"Carbon Express Maxima Red SD - Falco vibuvarustus\" \/>\n<meta property=\"og:description\" content=\"Maxima Red SD \u00a0puhul on tegemist Carbon Expressi tippklassi jahinooltega nn. v\u00e4iksema diameetriga noolte kategoorias. Toru sisediameetriks on 0,203&#8243;. Analoogselt nn. tavadiameetriga Maxima Red nooltega, on ka Maxima Red SD nooletorude puhul kasutatud d\u00fcnaamilise j\u00e4ikuse (\u00a0dynamic spine) tehnoloogiat, kus nooletoru on otstest j\u00e4igem ja toru keskosas on pehmem nn. punane tsoon ( Red Zone). Selline [&hellip;]\" \/>\n<meta property=\"og:url\" content=\"https:\/\/falco.ee\/et\/toode\/carbon-express-maxima-red-sd\/\" \/>\n<meta property=\"og:site_name\" content=\"Falco vibuvarustus\" \/>\n<meta property=\"article:modified_time\" content=\"2023-08-31T12:30:40+00:00\" \/>\n<meta property=\"og:image\" content=\"https:\/\/falco.ee\/wp-content\/uploads\/2023\/08\/maxima20red20sd1.jpg\" \/>\n\t<meta property=\"og:image:width\" content=\"1428\" \/>\n\t<meta property=\"og:image:height\" content=\"1093\" \/>\n\t<meta property=\"og:image:type\" content=\"image\/jpeg\" \/>\n<meta name=\"twitter:card\" content=\"summary_large_image\" \/>\n<meta name=\"twitter:label1\" content=\"Est. reading time\" \/>\n\t<meta name=\"twitter:data1\" content=\"1 minut\" \/>\n<script type=\"application\/ld+json\" class=\"yoast-schema-graph\">{\"@context\":\"https:\/\/schema.org\",\"@graph\":[{\"@type\":\"WebPage\",\"@id\":\"https:\/\/falco.ee\/et\/toode\/carbon-express-maxima-red-sd\/\",\"url\":\"https:\/\/falco.ee\/et\/toode\/carbon-express-maxima-red-sd\/\",\"name\":\"Carbon Express Maxima Red SD - Falco vibuvarustus\",\"isPartOf\":{\"@id\":\"https:\/\/falco.ee\/et\/#website\"},\"primaryImageOfPage\":{\"@id\":\"https:\/\/falco.ee\/et\/toode\/carbon-express-maxima-red-sd\/#primaryimage\"},\"image\":{\"@id\":\"https:\/\/falco.ee\/et\/toode\/carbon-express-maxima-red-sd\/#primaryimage\"},\"thumbnailUrl\":\"https:\/\/falco.ee\/wp-content\/uploads\/2023\/08\/maxima20red20sd1.jpg\",\"datePublished\":\"2023-08-18T10:27:22+00:00\",\"dateModified\":\"2023-08-31T12:30:40+00:00\",\"breadcrumb\":{\"@id\":\"https:\/\/falco.ee\/et\/toode\/carbon-express-maxima-red-sd\/#breadcrumb\"},\"inLanguage\":\"et\",\"potentialAction\":[{\"@type\":\"ReadAction\",\"target\":[\"https:\/\/falco.ee\/et\/toode\/carbon-express-maxima-red-sd\/\"]}]},{\"@type\":\"ImageObject\",\"inLanguage\":\"et\",\"@id\":\"https:\/\/falco.ee\/et\/toode\/carbon-express-maxima-red-sd\/#primaryimage\",\"url\":\"https:\/\/falco.ee\/wp-content\/uploads\/2023\/08\/maxima20red20sd1.jpg\",\"contentUrl\":\"https:\/\/falco.ee\/wp-content\/uploads\/2023\/08\/maxima20red20sd1.jpg\",\"width\":1428,\"height\":1093,\"caption\":\"OLYMPUS DIGITAL CAMERA\"},{\"@type\":\"BreadcrumbList\",\"@id\":\"https:\/\/falco.ee\/et\/toode\/carbon-express-maxima-red-sd\/#breadcrumb\",\"itemListElement\":[{\"@type\":\"ListItem\",\"position\":1,\"name\":\"Home\",\"item\":\"https:\/\/falco.ee\/et\/\"},{\"@type\":\"ListItem\",\"position\":2,\"name\":\"Shop\",\"item\":\"https:\/\/falco.ee\/shop\/\"},{\"@type\":\"ListItem\",\"position\":3,\"name\":\"Carbon Express Maxima Red SD\"}]},{\"@type\":\"WebSite\",\"@id\":\"https:\/\/falco.ee\/et\/#website\",\"url\":\"https:\/\/falco.ee\/et\/\",\"name\":\"Falco vibuvarustus\",\"description\":\"\",\"potentialAction\":[{\"@type\":\"SearchAction\",\"target\":{\"@type\":\"EntryPoint\",\"urlTemplate\":\"https:\/\/falco.ee\/et\/?s={search_term_string}\"},\"query-input\":{\"@type\":\"PropertyValueSpecification\",\"valueRequired\":true,\"valueName\":\"search_term_string\"}}],\"inLanguage\":\"et\"}]}<\/script>\n<!-- \/ Yoast SEO plugin. -->","yoast_head_json":{"title":"Carbon Express Maxima Red SD - Falco vibuvarustus","robots":{"index":"index","follow":"follow","max-snippet":"max-snippet:-1","max-image-preview":"max-image-preview:large","max-video-preview":"max-video-preview:-1"},"canonical":"https:\/\/falco.ee\/et\/toode\/carbon-express-maxima-red-sd\/","og_locale":"et_EE","og_type":"article","og_title":"Carbon Express Maxima Red SD - Falco vibuvarustus","og_description":"Maxima Red SD \u00a0puhul on tegemist Carbon Expressi tippklassi jahinooltega nn. v\u00e4iksema diameetriga noolte kategoorias. Toru sisediameetriks on 0,203&#8243;. Analoogselt nn. tavadiameetriga Maxima Red nooltega, on ka Maxima Red SD nooletorude puhul kasutatud d\u00fcnaamilise j\u00e4ikuse (\u00a0dynamic spine) tehnoloogiat, kus nooletoru on otstest j\u00e4igem ja toru keskosas on pehmem nn. punane tsoon ( Red Zone). Selline [&hellip;]","og_url":"https:\/\/falco.ee\/et\/toode\/carbon-express-maxima-red-sd\/","og_site_name":"Falco vibuvarustus","article_modified_time":"2023-08-31T12:30:40+00:00","og_image":[{"width":1428,"height":1093,"url":"https:\/\/falco.ee\/wp-content\/uploads\/2023\/08\/maxima20red20sd1.jpg","type":"image\/jpeg"}],"twitter_card":"summary_large_image","twitter_misc":{"Est. reading time":"1 minut"},"schema":{"@context":"https:\/\/schema.org","@graph":[{"@type":"WebPage","@id":"https:\/\/falco.ee\/et\/toode\/carbon-express-maxima-red-sd\/","url":"https:\/\/falco.ee\/et\/toode\/carbon-express-maxima-red-sd\/","name":"Carbon Express Maxima Red SD - Falco vibuvarustus","isPartOf":{"@id":"https:\/\/falco.ee\/et\/#website"},"primaryImageOfPage":{"@id":"https:\/\/falco.ee\/et\/toode\/carbon-express-maxima-red-sd\/#primaryimage"},"image":{"@id":"https:\/\/falco.ee\/et\/toode\/carbon-express-maxima-red-sd\/#primaryimage"},"thumbnailUrl":"https:\/\/falco.ee\/wp-content\/uploads\/2023\/08\/maxima20red20sd1.jpg","datePublished":"2023-08-18T10:27:22+00:00","dateModified":"2023-08-31T12:30:40+00:00","breadcrumb":{"@id":"https:\/\/falco.ee\/et\/toode\/carbon-express-maxima-red-sd\/#breadcrumb"},"inLanguage":"et","potentialAction":[{"@type":"ReadAction","target":["https:\/\/falco.ee\/et\/toode\/carbon-express-maxima-red-sd\/"]}]},{"@type":"ImageObject","inLanguage":"et","@id":"https:\/\/falco.ee\/et\/toode\/carbon-express-maxima-red-sd\/#primaryimage","url":"https:\/\/falco.ee\/wp-content\/uploads\/2023\/08\/maxima20red20sd1.jpg","contentUrl":"https:\/\/falco.ee\/wp-content\/uploads\/2023\/08\/maxima20red20sd1.jpg","width":1428,"height":1093,"caption":"OLYMPUS DIGITAL CAMERA"},{"@type":"BreadcrumbList","@id":"https:\/\/falco.ee\/et\/toode\/carbon-express-maxima-red-sd\/#breadcrumb","itemListElement":[{"@type":"ListItem","position":1,"name":"Home","item":"https:\/\/falco.ee\/et\/"},{"@type":"ListItem","position":2,"name":"Shop","item":"https:\/\/falco.ee\/shop\/"},{"@type":"ListItem","position":3,"name":"Carbon Express Maxima Red SD"}]},{"@type":"WebSite","@id":"https:\/\/falco.ee\/et\/#website","url":"https:\/\/falco.ee\/et\/","name":"Falco vibuvarustus","description":"","potentialAction":[{"@type":"SearchAction","target":{"@type":"EntryPoint","urlTemplate":"https:\/\/falco.ee\/et\/?s={search_term_string}"},"query-input":{"@type":"PropertyValueSpecification","valueRequired":true,"valueName":"search_term_string"}}],"inLanguage":"et"}]}},"_links":{"self":[{"href":"https:\/\/falco.ee\/et\/wp-json\/wp\/v2\/product\/3853","targetHints":{"allow":["GET"]}}],"collection":[{"href":"https:\/\/falco.ee\/et\/wp-json\/wp\/v2\/product"}],"about":[{"href":"https:\/\/falco.ee\/et\/wp-json\/wp\/v2\/types\/product"}],"replies":[{"embeddable":true,"href":"https:\/\/falco.ee\/et\/wp-json\/wp\/v2\/comments?post=3853"}],"wp:featuredmedia":[{"embeddable":true,"href":"https:\/\/falco.ee\/et\/wp-json\/wp\/v2\/media\/3532"}],"wp:attachment":[{"href":"https:\/\/falco.ee\/et\/wp-json\/wp\/v2\/media?parent=3853"}],"wp:term":[{"taxonomy":"product_brand","embeddable":true,"href":"https:\/\/falco.ee\/et\/wp-json\/wp\/v2\/product_brand?post=3853"},{"taxonomy":"product_cat","embeddable":true,"href":"https:\/\/falco.ee\/et\/wp-json\/wp\/v2\/product_cat?post=3853"},{"taxonomy":"product_tag","embeddable":true,"href":"https:\/\/falco.ee\/et\/wp-json\/wp\/v2\/product_tag?post=3853"}],"curies":[{"name":"wp","href":"https:\/\/api.w.org\/{rel}","templated":true}]}}