{"id":6776,"date":"2023-09-27T02:17:25","date_gmt":"2023-09-26T23:17:25","guid":{"rendered":"https:\/\/falco.sdhost.eu\/history\/"},"modified":"2023-09-27T07:31:29","modified_gmt":"2023-09-27T04:31:29","slug":"ajalugu","status":"publish","type":"page","link":"https:\/\/falco.ee\/et\/ajalugu\/","title":{"rendered":"Ajalugu"},"content":{"rendered":"<h2>1987<\/h2>\n<div>\n<p>&#8211; 1.juulil liimime Visu suusavabriku eksperimentaaltsehhis esimesed sportvibukaared. Innustajaks ja idee tagantt\u00f5ukajaks on eesti vibulaskmise &#8220;isa&#8221; Aksel Randmer.<\/p>\n<h2>1988<\/h2>\n<p>&#8211; 22.jaanuaril registreerib P\u00e4rnu Linna T\u00e4itevkomitee Spordiinventari tootmise kooperatiivi Falco, seda \u00fche esimese P\u00e4rnu eraettev\u00f5tttena. Seda daatumit peame Falco\u00a0s\u00fcnnip\u00e4evaks.<\/p>\n<h2>1989<\/h2>\n<p>&#8211; Taanis toimunud World Masters Game spordim\u00e4ngudel v\u00f5idab Eve Suits Falco vibuga lastes esikoha FITA-1 harjutuses 1189 silmaga.<\/p>\n<p>&#8211; \u00d5nnestub m\u00fc\u00fca esimesed vibud Soome \u00a0katsetuste eesm\u00e4rgil<\/p>\n<p>&#8211; M\u00fc\u00fcme regulaarselt sportvibukaari teistesse liiduvabariikidesse- Armeeniasse, Aserbaidzaani, Gruusiasse, Usbekistani.<\/p>\n<h2>1990<\/h2>\n<p>&#8211; Veebruaris alustame sportammu kaarte katsetuste ja tootmisega.<\/p>\n<h2>1991<\/h2>\n<p>&#8211; Septembris Saadame esimese suurema ekspordipartiina Soome firmale ES Archery OY ( Sherwood Shop) Falco FB-100 sportvibukaari. Tehing toimub oludele vastavalt l\u00e4bi Estimpex agentuuri.<\/p>\n<p>&#8211; Falco eestvedamisel toimuvad P\u00e4rnus Tammiste vibuv\u00e4ljaku \u00fcmbruses esimesed mitteametlikud Eesti Mesitriv\u00f5istlused maastikulaskmises ( tollal veel nimetusega &#8220;metsalaskmises&#8221;)<\/p>\n<h2>1993<\/h2>\n<p>&#8211; Ain J\u00e4rvesaar v\u00f5idab Inglismaal Lilleshall&#8217;s ammulaskmise EM-v\u00f5sitlustel Falco kaartega lastes juunioride pronksmedali ja laseb 35 m disatntsilt maailmarekordi 294 s.<\/p>\n<h2>1994<\/h2>\n<p>&#8211; Eesti juunioride meeskond v\u00f5idab ammulaskmise MM-l Saksamaal Wiesbadenis pronksmedalid.<\/p>\n<h2>1995<\/h2>\n<p>&#8211; S\u00f5lmime koost\u00f6\u00f6lepingu Venemaa Ammuspordi Liiduga Falco ammukaarte tarnimiseks riigi \u00a0koondv\u00f5istkonnale.<\/p>\n<p>&#8211; Eesti juunioride v\u00f5istkond ( A.J\u00e4rvesaar, K.P\u00e4rnoja, A.L\u00f5hmus) tuleb Portugalis ammulaskmise EM-v\u00f5sitlustel kuldmedalitele ning Kaido P\u00e4rnoja individuaalselt pronksile.<\/p>\n<h2>1996<\/h2>\n<p>&#8211; Kaido P\u00e4rnoja v\u00f5idab \u00a0Ungaris ammulaskmise MM-v\u00f5istlusetl juunioride maailmameistritiitli.<\/p>\n<p>&#8211; \u00dcle 30% MM-l osalenud ammulaskuritest kasutab Falco ammukaari.<\/p>\n<h2>1997<\/h2>\n<p>&#8211; Tartus etandab Emaj\u00f5e Suveteater Robin Hoodi lavastust, mille tarbeks tellib Falcolt esimesed \u00a0longbow-vibud. \u00a0Fakt, mis osutub nii Falco kui ka eesti vibulaskmise ajaloos murranguliseks.<\/p>\n<h2>1999<\/h2>\n<p>&#8211; Soomlane Tapani S\u00e4ila tuleb Falco vibuga IFAA maastikuvibulaskmise EM-v\u00f5istlustel meeste pikkvibuklassis Euroopa meistriks. Samal v\u00f5istlusel p\u00fcstitab Tapani IFAA ulukiringi maailmarekordi 478 s., mis p\u00fcsib j\u00e4rgnevad 7 aastat.<\/p>\n<h2>2002<\/h2>\n<p>&#8211; Esmaklordne maailma suurima ATA- vibumessi k\u00fclastamine Nashville&#8217;s, mille tulemusena realiseerub mitmete tuntud vibuvarustuse firmade \u00a0esindamine eesti turul.<\/p>\n<h2>2003<\/h2>\n<p>&#8211; Luuakse Eesti Maastikuvibu Liit ja eestlased osalevad esmakordselt Soomes Luhankal EFAC-l , kus v\u00f5idavad pikkvibuklassis 6 medalit, need k\u00f5ik Falco vibudega. Madis Talmar p\u00fcstitab samadel v\u00f5istlusetel juunioride IFAA maastikuringi maailmarekordi.<\/p>\n<p>&#8211; Tootmisest tulevad esimesed Falco Trophy longbow-mudelid.<\/p>\n<h2>2004<\/h2>\n<p>&#8211; Osalemine koost\u00f6\u00f6s \u00a0Sherwood Shop OY-ga Riihim\u00e4el p\u00f5hjamaade suurimal jahinduse, kalanduse ning vaba-aja mesesil Er\u00e4messut 2004.<\/p>\n<p>&#8211; Austrias Planneralmis EBHC -l v\u00f5idab \u00a0vibujahi juunioride Euroopa meistritiitli Kirsti Aarniste, laskeriistaks Falco Trophy.<\/p>\n<p>&#8211; USA-s Watkins Glenis tuleb WFAC-l juunioride maailmameistriks ning p\u00fcstitab k\u00f5igil distantsidel maailmarekordid Helena Eesmets, lastes samuti Falco Trophyga.<\/p>\n<p>&#8211; Augustis korraldab Falco Otep\u00e4\u00e4l Suverulli programmi raames esimesed 3D vibuv\u00f5istlused Eestis.<\/p>\n<h2>2005<\/h2>\n<p>&#8211; Jaanuaris Indianapolises toimunud ATA messil esitleme esmakordselt Falco tootekollektsiooni, selle tulemusena s\u00f5lmine esimesed tellimused Louisianas paikneva firmaga Bowie Outfitters.<\/p>\n<p>&#8211; Esmakordne IFAA tiitliv\u00f5istlus Eestimaa pinnal- J\u00f5ulum\u00e4e EFAC2005 \u00f5nnestub suurep\u00e4raselt. T\u00e4iskasvanute longbow-klassis v\u00f5idavad Falco vibudega 3 medalit Heikki Kotiranta (h\u00f5be), Margus Haaring (pronks), Margrit K\u00e4rp (h\u00f5be). Juuniorite Euroopa meistriteks tulevad Mats-Joonas Kulla ning Helena Eesmets, \u00fcldse v\u00f5idetakse 16-st longbow-medalist 12 Falco vibudega. Falco on ka v\u00f5istluste \u00fcheks sponsoriks.<\/p>\n<h2>2006<\/h2>\n<p>&#8211; Juunis Austraalias Hervey Bay&#8217;s toimunud WFAC2006-l tuleb Falco vibuga pikkvibu juunioride maailmameistriks Mats-Joonas Kulla ning naisteklassis v\u00f5idab h\u00f5bemedali Anu Uusmaa.<\/p>\n<p>&#8211; Augustis Soomes Siuntios peetud EFAC-l langeb 7- aastane T.S\u00e4il\u00e4 IFAA ulukiringi maailmarekord. Uued rekordinumbrid on 480 ja autoriks W\u00e4in\u00f6 R\u00e4iskil\u00e4, kelle laskeriistaks Falco Trophy.<\/p>\n<p>&#8211; Septembris v\u00f5\u00f5rustab Falco kaasaja \u00fchte tuntumat vibutreenerit, publitsisti ja vibulaskmiseksperti Dave Holt&#8217;i USA-st. \u00a0Dave tegutseb \u00a0Bowhunter ajakirja korrespondendina ja tema sulest on ilmunud \u00fcks paremaid vibulaskmist kajastavaid raamatuid &#8220;Balanced Bowhunting II&#8221;.<\/p>\n<h2>2007<\/h2>\n<p>&#8211; Falco uuteks vibumudeliteks on universaalne pikkvibu Falco Twin ning rekurvvibu Falco Wild.<\/p>\n<p>&#8211; Rootsis G\u00f6teborgis toimunud EFAC2007-l v\u00f5idab Euroopa meistritiitli \u00dclar Teppo, seda eritellimusena valminud Falco Premium Vintage nooli kasutades.<\/p>\n<h2>2008<\/h2>\n<p>&#8211; Tarnime esimesed suuremad vibupartiid Hollandi firmale J.V.D. Distribution, kes on Falco Triumph longbowmudelite ametlikuks edasim\u00fc\u00fcjaks.<\/p>\n<p>&#8211; Aprillis Namiibias WFAC-l v\u00f5idab \u00dclar Teppo Falco Premium Vintage nooli kasutades \u00a0oma esimese maailmameistritiitli.<\/p>\n<p>&#8211; Oktoobris EMAU esimestel 3D Euroopa meistriv\u00f5istlustel v\u00f5idab meeste longbow klassi Bj\u00f6rn Kallhult, kes tegutseb ka Falco toodete Rootsi maaletoojana. Bj\u00f6rn kasutab samuti Falco Premium Vintage nooli.<\/p>\n<\/div>\n","protected":false},"excerpt":{"rendered":"<p>1987 &#8211; 1.juulil liimime Visu suusavabriku eksperimentaaltsehhis esimesed sportvibukaared. Innustajaks ja idee tagantt\u00f5ukajaks on eesti vibulaskmise &#8220;isa&#8221; Aksel Randmer. 1988 &#8211; 22.jaanuaril registreerib P\u00e4rnu Linna T\u00e4itevkomitee Spordiinventari tootmise kooperatiivi Falco, seda \u00fche esimese P\u00e4rnu eraettev\u00f5tttena. Seda daatumit peame Falco\u00a0s\u00fcnnip\u00e4evaks. 1989 &#8211; Taanis toimunud World Masters Game spordim\u00e4ngudel v\u00f5idab Eve Suits Falco vibuga lastes esikoha FITA-1 [&hellip;]<\/p>\n","protected":false},"author":1,"featured_media":0,"parent":0,"menu_order":0,"comment_status":"closed","ping_status":"closed","template":"","meta":{"footnotes":""},"class_list":["post-6776","page","type-page","status-publish","hentry"],"acf":[],"yoast_head":"<!-- This site is optimized with the Yoast SEO plugin v27.2 - https:\/\/yoast.com\/product\/yoast-seo-wordpress\/ -->\n<title>Ajalugu - Falco vibuvarustus<\/title>\n<meta name=\"robots\" content=\"index, follow, max-snippet:-1, max-image-preview:large, max-video-preview:-1\" \/>\n<link rel=\"canonical\" href=\"https:\/\/falco.ee\/et\/ajalugu\/\" \/>\n<meta property=\"og:locale\" content=\"et_EE\" \/>\n<meta property=\"og:type\" content=\"article\" \/>\n<meta property=\"og:title\" content=\"Ajalugu - Falco vibuvarustus\" \/>\n<meta property=\"og:description\" content=\"1987 &#8211; 1.juulil liimime Visu suusavabriku eksperimentaaltsehhis esimesed sportvibukaared. Innustajaks ja idee tagantt\u00f5ukajaks on eesti vibulaskmise &#8220;isa&#8221; Aksel Randmer. 1988 &#8211; 22.jaanuaril registreerib P\u00e4rnu Linna T\u00e4itevkomitee Spordiinventari tootmise kooperatiivi Falco, seda \u00fche esimese P\u00e4rnu eraettev\u00f5tttena. Seda daatumit peame Falco\u00a0s\u00fcnnip\u00e4evaks. 1989 &#8211; Taanis toimunud World Masters Game spordim\u00e4ngudel v\u00f5idab Eve Suits Falco vibuga lastes esikoha FITA-1 [&hellip;]\" \/>\n<meta property=\"og:url\" content=\"https:\/\/falco.ee\/et\/ajalugu\/\" \/>\n<meta property=\"og:site_name\" content=\"Falco vibuvarustus\" \/>\n<meta property=\"article:modified_time\" content=\"2023-09-27T04:31:29+00:00\" \/>\n<meta name=\"twitter:card\" content=\"summary_large_image\" \/>\n<meta name=\"twitter:label1\" content=\"Est. reading time\" \/>\n\t<meta name=\"twitter:data1\" content=\"3 minutit\" \/>\n<script type=\"application\/ld+json\" class=\"yoast-schema-graph\">{\"@context\":\"https:\/\/schema.org\",\"@graph\":[{\"@type\":\"WebPage\",\"@id\":\"https:\/\/falco.ee\/et\/ajalugu\/\",\"url\":\"https:\/\/falco.ee\/et\/ajalugu\/\",\"name\":\"Ajalugu - Falco vibuvarustus\",\"isPartOf\":{\"@id\":\"https:\/\/falco.ee\/et\/#website\"},\"datePublished\":\"2023-09-26T23:17:25+00:00\",\"dateModified\":\"2023-09-27T04:31:29+00:00\",\"breadcrumb\":{\"@id\":\"https:\/\/falco.ee\/et\/ajalugu\/#breadcrumb\"},\"inLanguage\":\"et\",\"potentialAction\":[{\"@type\":\"ReadAction\",\"target\":[\"https:\/\/falco.ee\/et\/ajalugu\/\"]}]},{\"@type\":\"BreadcrumbList\",\"@id\":\"https:\/\/falco.ee\/et\/ajalugu\/#breadcrumb\",\"itemListElement\":[{\"@type\":\"ListItem\",\"position\":1,\"name\":\"Home\",\"item\":\"https:\/\/falco.ee\/et\/\"},{\"@type\":\"ListItem\",\"position\":2,\"name\":\"Ajalugu\"}]},{\"@type\":\"WebSite\",\"@id\":\"https:\/\/falco.ee\/et\/#website\",\"url\":\"https:\/\/falco.ee\/et\/\",\"name\":\"Falco vibuvarustus\",\"description\":\"\",\"potentialAction\":[{\"@type\":\"SearchAction\",\"target\":{\"@type\":\"EntryPoint\",\"urlTemplate\":\"https:\/\/falco.ee\/et\/?s={search_term_string}\"},\"query-input\":{\"@type\":\"PropertyValueSpecification\",\"valueRequired\":true,\"valueName\":\"search_term_string\"}}],\"inLanguage\":\"et\"}]}<\/script>\n<!-- \/ Yoast SEO plugin. -->","yoast_head_json":{"title":"Ajalugu - Falco vibuvarustus","robots":{"index":"index","follow":"follow","max-snippet":"max-snippet:-1","max-image-preview":"max-image-preview:large","max-video-preview":"max-video-preview:-1"},"canonical":"https:\/\/falco.ee\/et\/ajalugu\/","og_locale":"et_EE","og_type":"article","og_title":"Ajalugu - Falco vibuvarustus","og_description":"1987 &#8211; 1.juulil liimime Visu suusavabriku eksperimentaaltsehhis esimesed sportvibukaared. Innustajaks ja idee tagantt\u00f5ukajaks on eesti vibulaskmise &#8220;isa&#8221; Aksel Randmer. 1988 &#8211; 22.jaanuaril registreerib P\u00e4rnu Linna T\u00e4itevkomitee Spordiinventari tootmise kooperatiivi Falco, seda \u00fche esimese P\u00e4rnu eraettev\u00f5tttena. Seda daatumit peame Falco\u00a0s\u00fcnnip\u00e4evaks. 1989 &#8211; Taanis toimunud World Masters Game spordim\u00e4ngudel v\u00f5idab Eve Suits Falco vibuga lastes esikoha FITA-1 [&hellip;]","og_url":"https:\/\/falco.ee\/et\/ajalugu\/","og_site_name":"Falco vibuvarustus","article_modified_time":"2023-09-27T04:31:29+00:00","twitter_card":"summary_large_image","twitter_misc":{"Est. reading time":"3 minutit"},"schema":{"@context":"https:\/\/schema.org","@graph":[{"@type":"WebPage","@id":"https:\/\/falco.ee\/et\/ajalugu\/","url":"https:\/\/falco.ee\/et\/ajalugu\/","name":"Ajalugu - Falco vibuvarustus","isPartOf":{"@id":"https:\/\/falco.ee\/et\/#website"},"datePublished":"2023-09-26T23:17:25+00:00","dateModified":"2023-09-27T04:31:29+00:00","breadcrumb":{"@id":"https:\/\/falco.ee\/et\/ajalugu\/#breadcrumb"},"inLanguage":"et","potentialAction":[{"@type":"ReadAction","target":["https:\/\/falco.ee\/et\/ajalugu\/"]}]},{"@type":"BreadcrumbList","@id":"https:\/\/falco.ee\/et\/ajalugu\/#breadcrumb","itemListElement":[{"@type":"ListItem","position":1,"name":"Home","item":"https:\/\/falco.ee\/et\/"},{"@type":"ListItem","position":2,"name":"Ajalugu"}]},{"@type":"WebSite","@id":"https:\/\/falco.ee\/et\/#website","url":"https:\/\/falco.ee\/et\/","name":"Falco vibuvarustus","description":"","potentialAction":[{"@type":"SearchAction","target":{"@type":"EntryPoint","urlTemplate":"https:\/\/falco.ee\/et\/?s={search_term_string}"},"query-input":{"@type":"PropertyValueSpecification","valueRequired":true,"valueName":"search_term_string"}}],"inLanguage":"et"}]}},"_links":{"self":[{"href":"https:\/\/falco.ee\/et\/wp-json\/wp\/v2\/pages\/6776","targetHints":{"allow":["GET"]}}],"collection":[{"href":"https:\/\/falco.ee\/et\/wp-json\/wp\/v2\/pages"}],"about":[{"href":"https:\/\/falco.ee\/et\/wp-json\/wp\/v2\/types\/page"}],"author":[{"embeddable":true,"href":"https:\/\/falco.ee\/et\/wp-json\/wp\/v2\/users\/1"}],"replies":[{"embeddable":true,"href":"https:\/\/falco.ee\/et\/wp-json\/wp\/v2\/comments?post=6776"}],"version-history":[{"count":1,"href":"https:\/\/falco.ee\/et\/wp-json\/wp\/v2\/pages\/6776\/revisions"}],"predecessor-version":[{"id":6777,"href":"https:\/\/falco.ee\/et\/wp-json\/wp\/v2\/pages\/6776\/revisions\/6777"}],"wp:attachment":[{"href":"https:\/\/falco.ee\/et\/wp-json\/wp\/v2\/media?parent=6776"}],"curies":[{"name":"wp","href":"https:\/\/api.w.org\/{rel}","templated":true}]}}