{"id":3588,"date":"2023-08-14T12:26:12","date_gmt":"2023-08-14T09:26:12","guid":{"rendered":"https:\/\/falco.sdhost.eu\/dealers\/finland\/"},"modified":"2023-08-23T10:00:16","modified_gmt":"2023-08-23T07:00:16","slug":"finland","status":"publish","type":"page","link":"https:\/\/falco.ee\/et\/edasimuujad\/finland\/","title":{"rendered":"Finland"},"content":{"rendered":"<section class=\"wpb-content-wrapper\"><p>[vc_row][vc_column][vc_column_text]<\/p>\n<h2 class=\"page-header\"><strong>Eskils Archery Oy<\/strong><\/h2>\n<p>Mannilantie 6 P 27<br \/>\n04400 J\u00e4rvenp\u00e4\u00e4<br \/>\nTel: 0505113834<br \/>\n<a href=\"mailto:esko.salminen@eskils.fi\" data-lightbox=\"gallery\">esko.salminen@eskils.fi<\/a>[\/vc_column_text][\/vc_column][\/vc_row]<\/p>\n<\/section>","protected":false},"excerpt":{"rendered":"<p>[vc_row][vc_column][vc_column_text] Eskils Archery Oy Mannilantie 6 P 27 04400 J\u00e4rvenp\u00e4\u00e4 Tel: 0505113834 esko.salminen@eskils.fi[\/vc_column_text][\/vc_column][\/vc_row]<\/p>\n","protected":false},"author":1,"featured_media":0,"parent":3562,"menu_order":0,"comment_status":"closed","ping_status":"closed","template":"","meta":{"footnotes":""},"class_list":["post-3588","page","type-page","status-publish","hentry"],"acf":[],"yoast_head":"<!-- This site is optimized with the Yoast SEO plugin v27.2 - https:\/\/yoast.com\/product\/yoast-seo-wordpress\/ -->\n<title>Finland - Falco vibuvarustus<\/title>\n<meta name=\"robots\" content=\"index, follow, max-snippet:-1, max-image-preview:large, max-video-preview:-1\" \/>\n<link rel=\"canonical\" href=\"https:\/\/falco.ee\/et\/edasimuujad\/finland\/\" \/>\n<meta property=\"og:locale\" content=\"et_EE\" \/>\n<meta property=\"og:type\" content=\"article\" \/>\n<meta property=\"og:title\" content=\"Finland - Falco vibuvarustus\" \/>\n<meta property=\"og:description\" content=\"[vc_row][vc_column][vc_column_text] Eskils Archery Oy Mannilantie 6 P 27 04400 J\u00e4rvenp\u00e4\u00e4 Tel: 0505113834 esko.salminen@eskils.fi[\/vc_column_text][\/vc_column][\/vc_row]\" \/>\n<meta property=\"og:url\" content=\"https:\/\/falco.ee\/et\/edasimuujad\/finland\/\" \/>\n<meta property=\"og:site_name\" content=\"Falco vibuvarustus\" \/>\n<meta property=\"article:modified_time\" content=\"2023-08-23T07:00:16+00:00\" \/>\n<meta name=\"twitter:card\" content=\"summary_large_image\" \/>\n<meta name=\"twitter:label1\" content=\"Est. reading time\" \/>\n\t<meta name=\"twitter:data1\" content=\"1 minut\" \/>\n<script type=\"application\/ld+json\" class=\"yoast-schema-graph\">{\"@context\":\"https:\/\/schema.org\",\"@graph\":[{\"@type\":\"WebPage\",\"@id\":\"https:\/\/falco.ee\/et\/edasimuujad\/finland\/\",\"url\":\"https:\/\/falco.ee\/et\/edasimuujad\/finland\/\",\"name\":\"Finland - Falco vibuvarustus\",\"isPartOf\":{\"@id\":\"https:\/\/falco.ee\/et\/#website\"},\"datePublished\":\"2023-08-14T09:26:12+00:00\",\"dateModified\":\"2023-08-23T07:00:16+00:00\",\"breadcrumb\":{\"@id\":\"https:\/\/falco.ee\/et\/edasimuujad\/finland\/#breadcrumb\"},\"inLanguage\":\"et\",\"potentialAction\":[{\"@type\":\"ReadAction\",\"target\":[\"https:\/\/falco.ee\/et\/edasimuujad\/finland\/\"]}]},{\"@type\":\"BreadcrumbList\",\"@id\":\"https:\/\/falco.ee\/et\/edasimuujad\/finland\/#breadcrumb\",\"itemListElement\":[{\"@type\":\"ListItem\",\"position\":1,\"name\":\"Home\",\"item\":\"https:\/\/falco.ee\/et\/\"},{\"@type\":\"ListItem\",\"position\":2,\"name\":\"M\u00fc\u00fcjad\",\"item\":\"https:\/\/falco.ee\/et\/edasimuujad\/\"},{\"@type\":\"ListItem\",\"position\":3,\"name\":\"Finland\"}]},{\"@type\":\"WebSite\",\"@id\":\"https:\/\/falco.ee\/et\/#website\",\"url\":\"https:\/\/falco.ee\/et\/\",\"name\":\"Falco vibuvarustus\",\"description\":\"\",\"potentialAction\":[{\"@type\":\"SearchAction\",\"target\":{\"@type\":\"EntryPoint\",\"urlTemplate\":\"https:\/\/falco.ee\/et\/?s={search_term_string}\"},\"query-input\":{\"@type\":\"PropertyValueSpecification\",\"valueRequired\":true,\"valueName\":\"search_term_string\"}}],\"inLanguage\":\"et\"}]}<\/script>\n<!-- \/ Yoast SEO plugin. -->","yoast_head_json":{"title":"Finland - Falco vibuvarustus","robots":{"index":"index","follow":"follow","max-snippet":"max-snippet:-1","max-image-preview":"max-image-preview:large","max-video-preview":"max-video-preview:-1"},"canonical":"https:\/\/falco.ee\/et\/edasimuujad\/finland\/","og_locale":"et_EE","og_type":"article","og_title":"Finland - Falco vibuvarustus","og_description":"[vc_row][vc_column][vc_column_text] Eskils Archery Oy Mannilantie 6 P 27 04400 J\u00e4rvenp\u00e4\u00e4 Tel: 0505113834 esko.salminen@eskils.fi[\/vc_column_text][\/vc_column][\/vc_row]","og_url":"https:\/\/falco.ee\/et\/edasimuujad\/finland\/","og_site_name":"Falco vibuvarustus","article_modified_time":"2023-08-23T07:00:16+00:00","twitter_card":"summary_large_image","twitter_misc":{"Est. reading time":"1 minut"},"schema":{"@context":"https:\/\/schema.org","@graph":[{"@type":"WebPage","@id":"https:\/\/falco.ee\/et\/edasimuujad\/finland\/","url":"https:\/\/falco.ee\/et\/edasimuujad\/finland\/","name":"Finland - Falco vibuvarustus","isPartOf":{"@id":"https:\/\/falco.ee\/et\/#website"},"datePublished":"2023-08-14T09:26:12+00:00","dateModified":"2023-08-23T07:00:16+00:00","breadcrumb":{"@id":"https:\/\/falco.ee\/et\/edasimuujad\/finland\/#breadcrumb"},"inLanguage":"et","potentialAction":[{"@type":"ReadAction","target":["https:\/\/falco.ee\/et\/edasimuujad\/finland\/"]}]},{"@type":"BreadcrumbList","@id":"https:\/\/falco.ee\/et\/edasimuujad\/finland\/#breadcrumb","itemListElement":[{"@type":"ListItem","position":1,"name":"Home","item":"https:\/\/falco.ee\/et\/"},{"@type":"ListItem","position":2,"name":"M\u00fc\u00fcjad","item":"https:\/\/falco.ee\/et\/edasimuujad\/"},{"@type":"ListItem","position":3,"name":"Finland"}]},{"@type":"WebSite","@id":"https:\/\/falco.ee\/et\/#website","url":"https:\/\/falco.ee\/et\/","name":"Falco vibuvarustus","description":"","potentialAction":[{"@type":"SearchAction","target":{"@type":"EntryPoint","urlTemplate":"https:\/\/falco.ee\/et\/?s={search_term_string}"},"query-input":{"@type":"PropertyValueSpecification","valueRequired":true,"valueName":"search_term_string"}}],"inLanguage":"et"}]}},"_links":{"self":[{"href":"https:\/\/falco.ee\/et\/wp-json\/wp\/v2\/pages\/3588","targetHints":{"allow":["GET"]}}],"collection":[{"href":"https:\/\/falco.ee\/et\/wp-json\/wp\/v2\/pages"}],"about":[{"href":"https:\/\/falco.ee\/et\/wp-json\/wp\/v2\/types\/page"}],"author":[{"embeddable":true,"href":"https:\/\/falco.ee\/et\/wp-json\/wp\/v2\/users\/1"}],"replies":[{"embeddable":true,"href":"https:\/\/falco.ee\/et\/wp-json\/wp\/v2\/comments?post=3588"}],"version-history":[{"count":1,"href":"https:\/\/falco.ee\/et\/wp-json\/wp\/v2\/pages\/3588\/revisions"}],"predecessor-version":[{"id":3590,"href":"https:\/\/falco.ee\/et\/wp-json\/wp\/v2\/pages\/3588\/revisions\/3590"}],"up":[{"embeddable":true,"href":"https:\/\/falco.ee\/et\/wp-json\/wp\/v2\/pages\/3562"}],"wp:attachment":[{"href":"https:\/\/falco.ee\/et\/wp-json\/wp\/v2\/media?parent=3588"}],"curies":[{"name":"wp","href":"https:\/\/api.w.org\/{rel}","templated":true}]}}