{"id":3585,"date":"2023-08-14T12:17:31","date_gmt":"2023-08-14T09:17:31","guid":{"rendered":"https:\/\/falco.sdhost.eu\/dealers\/estonia\/"},"modified":"2023-08-23T09:58:52","modified_gmt":"2023-08-23T06:58:52","slug":"estonia","status":"publish","type":"page","link":"https:\/\/falco.ee\/et\/edasimuujad\/estonia\/","title":{"rendered":"Estonia"},"content":{"rendered":"<section class=\"wpb-content-wrapper\"><p>[vc_row][vc_column][vc_column_text]<\/p>\n<h2 class=\"page-header\">T<strong>allinn<\/strong><\/h2>\n<p>Jahipaun\u00a0 Sikupilli<br \/>\nJahipaun \u00a0Rocca al Mare<br \/>\nSportland \u00dclemiste<br \/>\nSportland J\u00e4rve<\/p>\n<p>&nbsp;<\/p>\n<h2 class=\"page-header\">T<strong>artu<\/strong><\/h2>\n<p>Jahipaun L\u00f5unakeskus<br \/>\nSportland L\u00f5unakeskus<br \/>\nSportland Zeppelin<\/p>\n<p>&nbsp;<\/p>\n<h2 class=\"page-header\">P\u00e4rnu<\/h2>\n<p>Petersport<br \/>\nJahipaun Kaubamajakas<\/p>\n<p>&nbsp;<\/p>\n<h2 class=\"page-header\">Rakvere<\/h2>\n<p>Anome<\/p>\n<p>&nbsp;<\/p>\n<h2 class=\"page-header\">Narva<\/h2>\n<p>Fish \u00a0Hunter<\/p>\n<p>&nbsp;<\/p>\n<h2 class=\"page-header\">Viljandi<\/h2>\n<p>Baltic Hunter<\/p>\n<p>&nbsp;<\/p>\n<h2 class=\"page-header\">Kuressaare<\/h2>\n<p>K\u00fcti \u00c4ri<\/p>\n<p>&nbsp;<\/p>\n<h2 class=\"page-header\">Valga<\/h2>\n<p>Maratonsport[\/vc_column_text][\/vc_column][\/vc_row]<\/p>\n<\/section>","protected":false},"excerpt":{"rendered":"<p>[vc_row][vc_column][vc_column_text] Tallinn Jahipaun\u00a0 Sikupilli Jahipaun \u00a0Rocca al Mare Sportland \u00dclemiste Sportland J\u00e4rve &nbsp; Tartu Jahipaun L\u00f5unakeskus Sportland L\u00f5unakeskus Sportland Zeppelin &nbsp; P\u00e4rnu Petersport Jahipaun Kaubamajakas &nbsp; Rakvere Anome &nbsp; Narva Fish \u00a0Hunter &nbsp; Viljandi Baltic Hunter &nbsp; Kuressaare K\u00fcti \u00c4ri &nbsp; Valga Maratonsport[\/vc_column_text][\/vc_column][\/vc_row]<\/p>\n","protected":false},"author":1,"featured_media":0,"parent":3562,"menu_order":0,"comment_status":"closed","ping_status":"closed","template":"","meta":{"footnotes":""},"class_list":["post-3585","page","type-page","status-publish","hentry"],"acf":[],"yoast_head":"<!-- This site is optimized with the Yoast SEO plugin v27.2 - https:\/\/yoast.com\/product\/yoast-seo-wordpress\/ -->\n<title>Estonia - Falco vibuvarustus<\/title>\n<meta name=\"robots\" content=\"index, follow, max-snippet:-1, max-image-preview:large, max-video-preview:-1\" \/>\n<link rel=\"canonical\" href=\"https:\/\/falco.ee\/et\/edasimuujad\/estonia\/\" \/>\n<meta property=\"og:locale\" content=\"et_EE\" \/>\n<meta property=\"og:type\" content=\"article\" \/>\n<meta property=\"og:title\" content=\"Estonia - Falco vibuvarustus\" \/>\n<meta property=\"og:description\" content=\"[vc_row][vc_column][vc_column_text] Tallinn Jahipaun\u00a0 Sikupilli Jahipaun \u00a0Rocca al Mare Sportland \u00dclemiste Sportland J\u00e4rve &nbsp; Tartu Jahipaun L\u00f5unakeskus Sportland L\u00f5unakeskus Sportland Zeppelin &nbsp; P\u00e4rnu Petersport Jahipaun Kaubamajakas &nbsp; Rakvere Anome &nbsp; Narva Fish \u00a0Hunter &nbsp; Viljandi Baltic Hunter &nbsp; Kuressaare K\u00fcti \u00c4ri &nbsp; Valga Maratonsport[\/vc_column_text][\/vc_column][\/vc_row]\" \/>\n<meta property=\"og:url\" content=\"https:\/\/falco.ee\/et\/edasimuujad\/estonia\/\" \/>\n<meta property=\"og:site_name\" content=\"Falco vibuvarustus\" \/>\n<meta property=\"article:modified_time\" content=\"2023-08-23T06:58:52+00:00\" \/>\n<meta name=\"twitter:card\" content=\"summary_large_image\" \/>\n<meta name=\"twitter:label1\" content=\"Est. reading time\" \/>\n\t<meta name=\"twitter:data1\" content=\"1 minut\" \/>\n<script type=\"application\/ld+json\" class=\"yoast-schema-graph\">{\"@context\":\"https:\/\/schema.org\",\"@graph\":[{\"@type\":\"WebPage\",\"@id\":\"https:\/\/falco.ee\/et\/edasimuujad\/estonia\/\",\"url\":\"https:\/\/falco.ee\/et\/edasimuujad\/estonia\/\",\"name\":\"Estonia - Falco vibuvarustus\",\"isPartOf\":{\"@id\":\"https:\/\/falco.ee\/et\/#website\"},\"datePublished\":\"2023-08-14T09:17:31+00:00\",\"dateModified\":\"2023-08-23T06:58:52+00:00\",\"breadcrumb\":{\"@id\":\"https:\/\/falco.ee\/et\/edasimuujad\/estonia\/#breadcrumb\"},\"inLanguage\":\"et\",\"potentialAction\":[{\"@type\":\"ReadAction\",\"target\":[\"https:\/\/falco.ee\/et\/edasimuujad\/estonia\/\"]}]},{\"@type\":\"BreadcrumbList\",\"@id\":\"https:\/\/falco.ee\/et\/edasimuujad\/estonia\/#breadcrumb\",\"itemListElement\":[{\"@type\":\"ListItem\",\"position\":1,\"name\":\"Home\",\"item\":\"https:\/\/falco.ee\/et\/\"},{\"@type\":\"ListItem\",\"position\":2,\"name\":\"M\u00fc\u00fcjad\",\"item\":\"https:\/\/falco.ee\/et\/edasimuujad\/\"},{\"@type\":\"ListItem\",\"position\":3,\"name\":\"Estonia\"}]},{\"@type\":\"WebSite\",\"@id\":\"https:\/\/falco.ee\/et\/#website\",\"url\":\"https:\/\/falco.ee\/et\/\",\"name\":\"Falco vibuvarustus\",\"description\":\"\",\"potentialAction\":[{\"@type\":\"SearchAction\",\"target\":{\"@type\":\"EntryPoint\",\"urlTemplate\":\"https:\/\/falco.ee\/et\/?s={search_term_string}\"},\"query-input\":{\"@type\":\"PropertyValueSpecification\",\"valueRequired\":true,\"valueName\":\"search_term_string\"}}],\"inLanguage\":\"et\"}]}<\/script>\n<!-- \/ Yoast SEO plugin. -->","yoast_head_json":{"title":"Estonia - Falco vibuvarustus","robots":{"index":"index","follow":"follow","max-snippet":"max-snippet:-1","max-image-preview":"max-image-preview:large","max-video-preview":"max-video-preview:-1"},"canonical":"https:\/\/falco.ee\/et\/edasimuujad\/estonia\/","og_locale":"et_EE","og_type":"article","og_title":"Estonia - Falco vibuvarustus","og_description":"[vc_row][vc_column][vc_column_text] Tallinn Jahipaun\u00a0 Sikupilli Jahipaun \u00a0Rocca al Mare Sportland \u00dclemiste Sportland J\u00e4rve &nbsp; Tartu Jahipaun L\u00f5unakeskus Sportland L\u00f5unakeskus Sportland Zeppelin &nbsp; P\u00e4rnu Petersport Jahipaun Kaubamajakas &nbsp; Rakvere Anome &nbsp; Narva Fish \u00a0Hunter &nbsp; Viljandi Baltic Hunter &nbsp; Kuressaare K\u00fcti \u00c4ri &nbsp; Valga Maratonsport[\/vc_column_text][\/vc_column][\/vc_row]","og_url":"https:\/\/falco.ee\/et\/edasimuujad\/estonia\/","og_site_name":"Falco vibuvarustus","article_modified_time":"2023-08-23T06:58:52+00:00","twitter_card":"summary_large_image","twitter_misc":{"Est. reading time":"1 minut"},"schema":{"@context":"https:\/\/schema.org","@graph":[{"@type":"WebPage","@id":"https:\/\/falco.ee\/et\/edasimuujad\/estonia\/","url":"https:\/\/falco.ee\/et\/edasimuujad\/estonia\/","name":"Estonia - Falco vibuvarustus","isPartOf":{"@id":"https:\/\/falco.ee\/et\/#website"},"datePublished":"2023-08-14T09:17:31+00:00","dateModified":"2023-08-23T06:58:52+00:00","breadcrumb":{"@id":"https:\/\/falco.ee\/et\/edasimuujad\/estonia\/#breadcrumb"},"inLanguage":"et","potentialAction":[{"@type":"ReadAction","target":["https:\/\/falco.ee\/et\/edasimuujad\/estonia\/"]}]},{"@type":"BreadcrumbList","@id":"https:\/\/falco.ee\/et\/edasimuujad\/estonia\/#breadcrumb","itemListElement":[{"@type":"ListItem","position":1,"name":"Home","item":"https:\/\/falco.ee\/et\/"},{"@type":"ListItem","position":2,"name":"M\u00fc\u00fcjad","item":"https:\/\/falco.ee\/et\/edasimuujad\/"},{"@type":"ListItem","position":3,"name":"Estonia"}]},{"@type":"WebSite","@id":"https:\/\/falco.ee\/et\/#website","url":"https:\/\/falco.ee\/et\/","name":"Falco vibuvarustus","description":"","potentialAction":[{"@type":"SearchAction","target":{"@type":"EntryPoint","urlTemplate":"https:\/\/falco.ee\/et\/?s={search_term_string}"},"query-input":{"@type":"PropertyValueSpecification","valueRequired":true,"valueName":"search_term_string"}}],"inLanguage":"et"}]}},"_links":{"self":[{"href":"https:\/\/falco.ee\/et\/wp-json\/wp\/v2\/pages\/3585","targetHints":{"allow":["GET"]}}],"collection":[{"href":"https:\/\/falco.ee\/et\/wp-json\/wp\/v2\/pages"}],"about":[{"href":"https:\/\/falco.ee\/et\/wp-json\/wp\/v2\/types\/page"}],"author":[{"embeddable":true,"href":"https:\/\/falco.ee\/et\/wp-json\/wp\/v2\/users\/1"}],"replies":[{"embeddable":true,"href":"https:\/\/falco.ee\/et\/wp-json\/wp\/v2\/comments?post=3585"}],"version-history":[{"count":1,"href":"https:\/\/falco.ee\/et\/wp-json\/wp\/v2\/pages\/3585\/revisions"}],"predecessor-version":[{"id":3587,"href":"https:\/\/falco.ee\/et\/wp-json\/wp\/v2\/pages\/3585\/revisions\/3587"}],"up":[{"embeddable":true,"href":"https:\/\/falco.ee\/et\/wp-json\/wp\/v2\/pages\/3562"}],"wp:attachment":[{"href":"https:\/\/falco.ee\/et\/wp-json\/wp\/v2\/media?parent=3585"}],"curies":[{"name":"wp","href":"https:\/\/api.w.org\/{rel}","templated":true}]}}