{"id":3555,"date":"2023-08-11T07:38:05","date_gmt":"2023-08-11T04:38:05","guid":{"rendered":"https:\/\/falco.sdhost.eu\/about\/"},"modified":"2023-08-23T10:43:04","modified_gmt":"2023-08-23T07:43:04","slug":"about","status":"publish","type":"page","link":"https:\/\/falco.ee\/et\/about\/","title":{"rendered":"Firmast"},"content":{"rendered":"<section class=\"wpb-content-wrapper\"><p>[vc_row][vc_column width=&#8221;1\/5&#8243;][vc_single_image image=&#8221;3664&#8243; img_size=&#8221;full&#8221;][\/vc_column][vc_column width=&#8221;4\/5&#8243;][vc_column_text]<\/p>\n<h2 class=\"page-header\">FALCO ON 30-AASTASE KOGEMUSEGA VIBUVARUSTUSE JA AMMUVARUSTUSE TOOTJA JA EDASIM\u00dc\u00dcJAR.<\/h2>\n<p>P\u00e4rnus paiknev Falco T\u00dc asutati \u00fchena paarik\u00fcmnest esimest taasiseseisvunud Eesti eraettev\u00f5ttest aasta 1988 jaanuaris. Alustati sportvibuvarustuse tootmisega, mida tarbiti nii Eesti kui l\u00e4hiriikide laskurite seas ohtralt eesk\u00e4tt 90ndate alguses. Sellel ajal lisandus Falco kollektsiooni ka sportammukaarte tootmine, mille osas on Falco t\u00e4naseks saavutanud u 35% turuosa terves maailmas, olles paljude maailmameistrite ja maailmarekordiomanike laskeriistaks. Esimesel perioodil (1988 \u2013 1997) p\u00fcsis Falco peamiselt sportvibu- ja sportammuvarustuse tootjana.<\/p>\n<p>P\u00f6\u00f6rdeliseks kujunes Falcole a 1997. kui pooleldi juhuse tahtel valmistati esimesed longbow&#8217;d ehk pikkvibud \u201eRobin Hoodi\u201c nimelise teatrit\u00fcki tarvis, mida lavastas Ain M\u00e4eots Emaj\u00f5e Suveteatris. Neid esimesi pikkvibusid v\u00f5ib julgelt nimetada eestimaise traditsioonilise vibulaskmise alguseks. Sealtpeale on areng olnud lausa tormiline, tuues kaasa uued spordialad nagu maastikuvibulaskmise ning vibujaht (loomakujudesse) \u2013 r\u00e4\u00e4kimata sellest, et eesti vibuk\u00fcttidest on saanud kardetud vastased mis tahes maailmas korraldataval vibuturniiril. Falco poolt toodetud varustusega v\u00f5idetakse pikkvibu klassis Euroopa meistriv\u00f5istluste tasandil umbes iga teine medal (maailmameistriv\u00f5istlustel on osakaal m\u00f5nev\u00f5rra v\u00e4iksem) ja lastud on ka arvukaid Euroopa ja maailma rekordeid \u2013 kusjuures on valdav osa viimase aja tipptulemustest saavutatud mitte-eestlaste poolt. Falco tiitliv\u00f5istluste medalite arvu saab lugeda k\u00fcmnetes \u2013 sh arvukad Euroopa ning maailmameistritiitlid, seda nii Falco vibu, ammukaarte kui nooltega.<\/p>\n<p>Falco p\u00f5hitoodeteks on viimasel aastak\u00fcmnel olnud traditsioonilised pikkvibud ja nooled ning lai valik sinna juurde kuuluvat varustust. Sportvibuvarustuse tootmine on ajapikku j\u00e4\u00e4nud tagaplaanile ning oleme selgelt keskendunud \u00fchelt poolt enda toodetud traditsioonilise vibuvarustuse ja ammuvarustuse m\u00fc\u00fcgile ning teiselt poolt mitmete maailma tipptootjate esindamisele Baltikumis. Olles sedav\u00f5rd tihedalt seotud k\u00f5igega, mida s\u00f5na vibulaskmine endas k\u00e4tkeb, alustasime esimestena Eestis ka plokkvibude pakkumist ning enesestm\u00f5istetavalt saab Falco kaudu hankida praktiliselt k\u00f5ike, mida vibu- ning ammulaskmisvarutuse all t\u00e4nasel p\u00e4eval maailmas pakutakse. Oleme paljude tuntud firmade nagu Mathews, PSE, Hoyt, Ten Point, W&amp;W, Easton, Samick jne. toodete maaletoojaks.<\/p>\n<p>Falco eksporditegevus algas varsti p\u00e4rast ettev\u00f5tte asutamist veel N\u00f5ukogude ajal, kui esialgu eskporditi meie toodetud sportvibuvarustust nii N\u00f5ukogude Liitu kui Soome. Ka Falco eksport sai uue hoo sisse traditsioonilise vibuvarustuse kollektsiooni loomisega aastal 1997,mis ajast alates oleme pikkvibusid ja nooli m\u00fc\u00fcnud enam kui kahek\u00fcmnesse riiki ning leidnud endale litsentseerinud ametlikud esindajad lisaks Eestile veel pea kahek\u00fcmnes riigis, mille hulka kuuluvad ka n\u00e4iteks Inglismaa, Prantsusmaa, Rootsi, Saksamaa, Hispaania, USA, Austraalia, Hispaania, Itaalia jne. T\u00e4nasel p\u00e4eval ekspordib Falco enam kui 90% oma toodangust.<\/p>\n<p>Alates 13. oktoobrist 2009 on Falco Eestis registreeritud kaubam\u00e4rk vibu- ja ammulaskmisvarustuse kategoorias ning spordialases tegevuses ehk klassides 28 ja 41.<\/p>\n<p>Vaatamata tootmismahtude kiirele kasvule valmivad k\u00f5ik Falco vibud j\u00e4tkuvalt autentse k\u00e4sit\u00f6\u00f6na meie P\u00e4rnu t\u00f6\u00f6kojas.<\/p>\n<p>Teie vibuvarustus Falcost!<\/p>\n<p>Maaletoojana on Falco j\u00e4rgmiste kaubam\u00e4rkide ametlik esindaja P\u00f5hja- Euroopas:[\/vc_column_text][\/vc_column][\/vc_row][vc_row][vc_column][vc_gallery type=&#8221;image_grid&#8221; images=&#8221;3666,3668,3670,3672,3674,3676,3678,3680,3682,3684&#8243; img_size=&#8221;medium&#8221; onclick=&#8221;&#8221;][\/vc_column][\/vc_row]<\/p>\n<\/section>","protected":false},"excerpt":{"rendered":"<p>[vc_row][vc_column width=&#8221;1\/5&#8243;][vc_single_image image=&#8221;3664&#8243; img_size=&#8221;full&#8221;][\/vc_column][vc_column width=&#8221;4\/5&#8243;][vc_column_text] FALCO ON 30-AASTASE KOGEMUSEGA VIBUVARUSTUSE JA AMMUVARUSTUSE TOOTJA JA EDASIM\u00dc\u00dcJAR. P\u00e4rnus paiknev Falco T\u00dc asutati \u00fchena paarik\u00fcmnest esimest taasiseseisvunud Eesti eraettev\u00f5ttest aasta 1988 jaanuaris. Alustati sportvibuvarustuse tootmisega, mida tarbiti nii Eesti kui l\u00e4hiriikide laskurite seas ohtralt eesk\u00e4tt 90ndate alguses. Sellel ajal lisandus Falco kollektsiooni ka sportammukaarte tootmine, mille osas on [&hellip;]<\/p>\n","protected":false},"author":1,"featured_media":0,"parent":0,"menu_order":0,"comment_status":"closed","ping_status":"closed","template":"","meta":{"footnotes":""},"class_list":["post-3555","page","type-page","status-publish","hentry"],"acf":[],"yoast_head":"<!-- This site is optimized with the Yoast SEO plugin v27.2 - https:\/\/yoast.com\/product\/yoast-seo-wordpress\/ -->\n<title>Firmast - Falco vibuvarustus<\/title>\n<meta name=\"robots\" content=\"index, follow, max-snippet:-1, max-image-preview:large, max-video-preview:-1\" \/>\n<link rel=\"canonical\" href=\"https:\/\/falco.ee\/et\/about\/\" \/>\n<meta property=\"og:locale\" content=\"et_EE\" \/>\n<meta property=\"og:type\" content=\"article\" \/>\n<meta property=\"og:title\" content=\"Firmast - Falco vibuvarustus\" \/>\n<meta property=\"og:description\" content=\"[vc_row][vc_column width=&#8221;1\/5&#8243;][vc_single_image image=&#8221;3664&#8243; img_size=&#8221;full&#8221;][\/vc_column][vc_column width=&#8221;4\/5&#8243;][vc_column_text] FALCO ON 30-AASTASE KOGEMUSEGA VIBUVARUSTUSE JA AMMUVARUSTUSE TOOTJA JA EDASIM\u00dc\u00dcJAR. P\u00e4rnus paiknev Falco T\u00dc asutati \u00fchena paarik\u00fcmnest esimest taasiseseisvunud Eesti eraettev\u00f5ttest aasta 1988 jaanuaris. Alustati sportvibuvarustuse tootmisega, mida tarbiti nii Eesti kui l\u00e4hiriikide laskurite seas ohtralt eesk\u00e4tt 90ndate alguses. Sellel ajal lisandus Falco kollektsiooni ka sportammukaarte tootmine, mille osas on [&hellip;]\" \/>\n<meta property=\"og:url\" content=\"https:\/\/falco.ee\/et\/about\/\" \/>\n<meta property=\"og:site_name\" content=\"Falco vibuvarustus\" \/>\n<meta property=\"article:modified_time\" content=\"2023-08-23T07:43:04+00:00\" \/>\n<meta name=\"twitter:card\" content=\"summary_large_image\" \/>\n<meta name=\"twitter:label1\" content=\"Est. reading time\" \/>\n\t<meta name=\"twitter:data1\" content=\"2 minutit\" \/>\n<script type=\"application\/ld+json\" class=\"yoast-schema-graph\">{\"@context\":\"https:\/\/schema.org\",\"@graph\":[{\"@type\":\"WebPage\",\"@id\":\"https:\/\/falco.ee\/et\/about\/\",\"url\":\"https:\/\/falco.ee\/et\/about\/\",\"name\":\"Firmast - Falco vibuvarustus\",\"isPartOf\":{\"@id\":\"https:\/\/falco.ee\/et\/#website\"},\"datePublished\":\"2023-08-11T04:38:05+00:00\",\"dateModified\":\"2023-08-23T07:43:04+00:00\",\"breadcrumb\":{\"@id\":\"https:\/\/falco.ee\/et\/about\/#breadcrumb\"},\"inLanguage\":\"et\",\"potentialAction\":[{\"@type\":\"ReadAction\",\"target\":[\"https:\/\/falco.ee\/et\/about\/\"]}]},{\"@type\":\"BreadcrumbList\",\"@id\":\"https:\/\/falco.ee\/et\/about\/#breadcrumb\",\"itemListElement\":[{\"@type\":\"ListItem\",\"position\":1,\"name\":\"Home\",\"item\":\"https:\/\/falco.ee\/et\/\"},{\"@type\":\"ListItem\",\"position\":2,\"name\":\"Firmast\"}]},{\"@type\":\"WebSite\",\"@id\":\"https:\/\/falco.ee\/et\/#website\",\"url\":\"https:\/\/falco.ee\/et\/\",\"name\":\"Falco vibuvarustus\",\"description\":\"\",\"potentialAction\":[{\"@type\":\"SearchAction\",\"target\":{\"@type\":\"EntryPoint\",\"urlTemplate\":\"https:\/\/falco.ee\/et\/?s={search_term_string}\"},\"query-input\":{\"@type\":\"PropertyValueSpecification\",\"valueRequired\":true,\"valueName\":\"search_term_string\"}}],\"inLanguage\":\"et\"}]}<\/script>\n<!-- \/ Yoast SEO plugin. -->","yoast_head_json":{"title":"Firmast - Falco vibuvarustus","robots":{"index":"index","follow":"follow","max-snippet":"max-snippet:-1","max-image-preview":"max-image-preview:large","max-video-preview":"max-video-preview:-1"},"canonical":"https:\/\/falco.ee\/et\/about\/","og_locale":"et_EE","og_type":"article","og_title":"Firmast - Falco vibuvarustus","og_description":"[vc_row][vc_column width=&#8221;1\/5&#8243;][vc_single_image image=&#8221;3664&#8243; img_size=&#8221;full&#8221;][\/vc_column][vc_column width=&#8221;4\/5&#8243;][vc_column_text] FALCO ON 30-AASTASE KOGEMUSEGA VIBUVARUSTUSE JA AMMUVARUSTUSE TOOTJA JA EDASIM\u00dc\u00dcJAR. P\u00e4rnus paiknev Falco T\u00dc asutati \u00fchena paarik\u00fcmnest esimest taasiseseisvunud Eesti eraettev\u00f5ttest aasta 1988 jaanuaris. Alustati sportvibuvarustuse tootmisega, mida tarbiti nii Eesti kui l\u00e4hiriikide laskurite seas ohtralt eesk\u00e4tt 90ndate alguses. Sellel ajal lisandus Falco kollektsiooni ka sportammukaarte tootmine, mille osas on [&hellip;]","og_url":"https:\/\/falco.ee\/et\/about\/","og_site_name":"Falco vibuvarustus","article_modified_time":"2023-08-23T07:43:04+00:00","twitter_card":"summary_large_image","twitter_misc":{"Est. reading time":"2 minutit"},"schema":{"@context":"https:\/\/schema.org","@graph":[{"@type":"WebPage","@id":"https:\/\/falco.ee\/et\/about\/","url":"https:\/\/falco.ee\/et\/about\/","name":"Firmast - Falco vibuvarustus","isPartOf":{"@id":"https:\/\/falco.ee\/et\/#website"},"datePublished":"2023-08-11T04:38:05+00:00","dateModified":"2023-08-23T07:43:04+00:00","breadcrumb":{"@id":"https:\/\/falco.ee\/et\/about\/#breadcrumb"},"inLanguage":"et","potentialAction":[{"@type":"ReadAction","target":["https:\/\/falco.ee\/et\/about\/"]}]},{"@type":"BreadcrumbList","@id":"https:\/\/falco.ee\/et\/about\/#breadcrumb","itemListElement":[{"@type":"ListItem","position":1,"name":"Home","item":"https:\/\/falco.ee\/et\/"},{"@type":"ListItem","position":2,"name":"Firmast"}]},{"@type":"WebSite","@id":"https:\/\/falco.ee\/et\/#website","url":"https:\/\/falco.ee\/et\/","name":"Falco vibuvarustus","description":"","potentialAction":[{"@type":"SearchAction","target":{"@type":"EntryPoint","urlTemplate":"https:\/\/falco.ee\/et\/?s={search_term_string}"},"query-input":{"@type":"PropertyValueSpecification","valueRequired":true,"valueName":"search_term_string"}}],"inLanguage":"et"}]}},"_links":{"self":[{"href":"https:\/\/falco.ee\/et\/wp-json\/wp\/v2\/pages\/3555","targetHints":{"allow":["GET"]}}],"collection":[{"href":"https:\/\/falco.ee\/et\/wp-json\/wp\/v2\/pages"}],"about":[{"href":"https:\/\/falco.ee\/et\/wp-json\/wp\/v2\/types\/page"}],"author":[{"embeddable":true,"href":"https:\/\/falco.ee\/et\/wp-json\/wp\/v2\/users\/1"}],"replies":[{"embeddable":true,"href":"https:\/\/falco.ee\/et\/wp-json\/wp\/v2\/comments?post=3555"}],"version-history":[{"count":5,"href":"https:\/\/falco.ee\/et\/wp-json\/wp\/v2\/pages\/3555\/revisions"}],"predecessor-version":[{"id":3557,"href":"https:\/\/falco.ee\/et\/wp-json\/wp\/v2\/pages\/3555\/revisions\/3557"}],"wp:attachment":[{"href":"https:\/\/falco.ee\/et\/wp-json\/wp\/v2\/media?parent=3555"}],"curies":[{"name":"wp","href":"https:\/\/api.w.org\/{rel}","templated":true}]}}